{"id":35359,"date":"2026-02-23T15:29:50","date_gmt":"2026-02-23T15:29:50","guid":{"rendered":"https:\/\/euromotion.lu\/marques\/samiflex\/"},"modified":"2026-05-04T08:14:44","modified_gmt":"2026-05-04T08:14:44","slug":"samiflex","status":"publish","type":"page","link":"https:\/\/euromotion.lu\/fr\/marques\/samiflex\/","title":{"rendered":"SAMIFLEX"},"content":{"rendered":"\t\t<div data-elementor-type=\"wp-page\" data-elementor-id=\"35359\" class=\"elementor elementor-35359 elementor-30965\">\n\t\t\t\t\r\n\t\t<div class=\"default no-position show_shadow rs-sticky-default elementor-element elementor-element-cd807e6 e-flex e-con-boxed e-con e-parent\" data-id=\"cd807e6\" data-element_type=\"container\" data-e-type=\"container\">\n\t\t\t\t\t<div class=\"e-con-inner\">\n\t\t\r\n\t\t<div class=\"default no-position show_shadow rs-sticky-default elementor-element elementor-element-7d93e59 e-con-full e-flex e-con e-child\" data-id=\"7d93e59\" data-element_type=\"container\" data-e-type=\"container\">\n\t\t\r\n\t\t\t\t<div class=\"elementor-element elementor-element-851b9da elementor-widget elementor-widget-image\" data-id=\"851b9da\" data-element_type=\"widget\" data-e-type=\"widget\" data-widget_type=\"image.default\">\n\t\t\t\t<div class=\"elementor-widget-container\">\n\t\t\t\t\t\t\t\t\t\t\t\t\t\t\t<img decoding=\"async\" width=\"300\" height=\"70\" src=\"https:\/\/euromotion.lu\/wp-content\/uploads\/2026\/02\/Samiflex-logo-e1771860780576-300x70.jpg\" class=\"attachment-medium size-medium wp-image-32089\" alt=\"\" srcset=\"https:\/\/euromotion.lu\/wp-content\/uploads\/2026\/02\/Samiflex-logo-e1771860780576-300x70.jpg 300w, https:\/\/euromotion.lu\/wp-content\/uploads\/2026\/02\/Samiflex-logo-e1771860780576-1024x240.jpg 1024w, https:\/\/euromotion.lu\/wp-content\/uploads\/2026\/02\/Samiflex-logo-e1771860780576-768x180.jpg 768w, https:\/\/euromotion.lu\/wp-content\/uploads\/2026\/02\/Samiflex-logo-e1771860780576.jpg 1312w\" sizes=\"(max-width: 300px) 100vw, 300px\" \/>\t\t\t\t\t\t\t\t\t\t\t\t\t\t\t<\/div>\n\t\t\t\t<\/div>\n\t\t\r\n\t\t\t\t<div class=\"elementor-element elementor-element-41d3a92 elementor-widget elementor-widget-text-editor\" data-id=\"41d3a92\" data-element_type=\"widget\" data-e-type=\"widget\" data-widget_type=\"text-editor.default\">\n\t\t\t\t<div class=\"elementor-widget-container\">\n\t\t\t\t\t\t\t\t\t<p style=\"font-weight: 400;\">Samiflex est un accouplement hautement flexible et polyvalent qui permet une connexion efficace des arbres dans les syst\u00e8mes de transmission de puissance et les machines. Sa conception est bas\u00e9e sur un insert \u00e9lastique qui absorbe les vibrations et les d\u00e9salignements, r\u00e9duisant l&rsquo;usure et la fatigue des composants, ce qui prolonge la dur\u00e9e de vie des machines. Les principaux avantages des accouplements Samiflex comprennent :  <\/p><ul><li style=\"font-weight: 400;\">Capacit\u00e9 \u00e9lev\u00e9e de transmission de couple.<\/li><li style=\"font-weight: 400;\">Installation simple et remplacement facile de l&rsquo;insert \u00e9lastique.<\/li><li style=\"font-weight: 400;\">Capacit\u00e9 \u00e0 compenser les d\u00e9salignements, r\u00e9sistance aux chocs et tol\u00e9rance aux charges d&rsquo;impact.<\/li><li style=\"font-weight: 400;\">Sans entretien (aucune lubrification requise).<\/li><\/ul><p style=\"font-weight: 400;\">Ces accouplements sont id\u00e9aux pour les applications industrielles et m\u00e9caniques qui exigent des connexions d&rsquo;arbre pr\u00e9cises et durables, am\u00e9liorant la fiabilit\u00e9 et les performances des machines. Les accouplements Samiflex garantissent un temps d&rsquo;arr\u00eat minimal, ce qui les rend adapt\u00e9s aux industries o\u00f9 un entretien sans tracas est essentiel pour des op\u00e9rations continues et fiables. <\/p>\t\t\t\t\t\t\t\t<\/div>\n\t\t\t\t<\/div>\n\t\t\r\n\t\t\t\t<div class=\"elementor-element elementor-element-86b648c elementor-arrows-position-inside elementor-pagination-position-outside elementor-widget elementor-widget-image-carousel\" data-id=\"86b648c\" data-element_type=\"widget\" data-e-type=\"widget\" data-settings=\"{&quot;slides_to_show&quot;:&quot;3&quot;,&quot;navigation&quot;:&quot;both&quot;,&quot;autoplay&quot;:&quot;yes&quot;,&quot;pause_on_hover&quot;:&quot;yes&quot;,&quot;pause_on_interaction&quot;:&quot;yes&quot;,&quot;autoplay_speed&quot;:5000,&quot;infinite&quot;:&quot;yes&quot;,&quot;speed&quot;:500,&quot;image_spacing_custom&quot;:{&quot;unit&quot;:&quot;px&quot;,&quot;size&quot;:20,&quot;sizes&quot;:[]},&quot;image_spacing_custom_laptop&quot;:{&quot;unit&quot;:&quot;px&quot;,&quot;size&quot;:&quot;&quot;,&quot;sizes&quot;:[]},&quot;image_spacing_custom_tablet&quot;:{&quot;unit&quot;:&quot;px&quot;,&quot;size&quot;:&quot;&quot;,&quot;sizes&quot;:[]},&quot;image_spacing_custom_mobile&quot;:{&quot;unit&quot;:&quot;px&quot;,&quot;size&quot;:&quot;&quot;,&quot;sizes&quot;:[]}}\" data-widget_type=\"image-carousel.default\">\n\t\t\t\t<div class=\"elementor-widget-container\">\n\t\t\t\t\t\t\t<div class=\"elementor-image-carousel-wrapper swiper\" role=\"region\" aria-roledescription=\"carousel\" aria-label=\"Image Carousel\" dir=\"ltr\">\n\t\t\t<div class=\"elementor-image-carousel swiper-wrapper\" aria-live=\"off\">\n\t\t\t\t\t\t\t\t<div class=\"swiper-slide\" role=\"group\" aria-roledescription=\"slide\" aria-label=\"1 sur 7\"><figure class=\"swiper-slide-inner\"><img decoding=\"async\" class=\"swiper-slide-image\" src=\"https:\/\/euromotion.lu\/wp-content\/uploads\/2026\/02\/41WBKLRGQnL._AC_UF10001000_QL80_-300x241.jpg\" alt=\"41WBKLRGQnL._AC_UF1000,1000_QL80_\" \/><\/figure><\/div><div class=\"swiper-slide\" role=\"group\" aria-roledescription=\"slide\" aria-label=\"2 sur 7\"><figure class=\"swiper-slide-inner\"><img decoding=\"async\" class=\"swiper-slide-image\" src=\"https:\/\/euromotion.lu\/wp-content\/uploads\/2026\/02\/acoplamiento-con-espaciador-300x225.jpg\" alt=\"acoplamiento con espaciador\" \/><\/figure><\/div><div class=\"swiper-slide\" role=\"group\" aria-roledescription=\"slide\" aria-label=\"3 sur 7\"><figure class=\"swiper-slide-inner\"><img decoding=\"async\" class=\"swiper-slide-image\" src=\"https:\/\/euromotion.lu\/wp-content\/uploads\/2026\/02\/Acoplamiento-Samiflex-300x300.jpg\" alt=\"Acoplamiento Samiflex\" \/><\/figure><\/div><div class=\"swiper-slide\" role=\"group\" aria-roledescription=\"slide\" aria-label=\"4 sur 7\"><figure class=\"swiper-slide-inner\"><img decoding=\"async\" class=\"swiper-slide-image\" src=\"https:\/\/euromotion.lu\/wp-content\/uploads\/2026\/02\/anillo-de-sujecion-300x300.jpg\" alt=\"anillo de sujeci\u00f3n\" \/><\/figure><\/div><div class=\"swiper-slide\" role=\"group\" aria-roledescription=\"slide\" aria-label=\"5 sur 7\"><figure class=\"swiper-slide-inner\"><img decoding=\"async\" class=\"swiper-slide-image\" src=\"https:\/\/euromotion.lu\/wp-content\/uploads\/2026\/02\/elemento-flexible-partido-300x300.jpg\" alt=\"elemento flexible partido\" \/><\/figure><\/div><div class=\"swiper-slide\" role=\"group\" aria-roledescription=\"slide\" aria-label=\"6 sur 7\"><figure class=\"swiper-slide-inner\"><img decoding=\"async\" class=\"swiper-slide-image\" src=\"https:\/\/euromotion.lu\/wp-content\/uploads\/2026\/02\/images-no-background.png\" alt=\"images (no background)\" \/><\/figure><\/div><div class=\"swiper-slide\" role=\"group\" aria-roledescription=\"slide\" aria-label=\"7 sur 7\"><figure class=\"swiper-slide-inner\"><img decoding=\"async\" class=\"swiper-slide-image\" src=\"https:\/\/euromotion.lu\/wp-content\/uploads\/2026\/02\/index_piezas-300x81.png\" alt=\"index_piezas\" \/><\/figure><\/div>\t\t\t<\/div>\n\t\t\t\t\t\t\t\t\t\t\t\t<div class=\"elementor-swiper-button elementor-swiper-button-prev\" role=\"button\" tabindex=\"0\">\n\t\t\t\t\t\t<svg aria-hidden=\"true\" class=\"e-font-icon-svg e-eicon-chevron-left\" viewBox=\"0 0 1000 1000\" xmlns=\"http:\/\/www.w3.org\/2000\/svg\"><path d=\"M646 125C629 125 613 133 604 142L308 442C296 454 292 471 292 487 292 504 296 521 308 533L604 854C617 867 629 875 646 875 663 875 679 871 692 858 704 846 713 829 713 812 713 796 708 779 692 767L438 487 692 225C700 217 708 204 708 187 708 171 704 154 692 142 675 129 663 125 646 125Z\"><\/path><\/svg>\t\t\t\t\t<\/div>\n\t\t\t\t\t<div class=\"elementor-swiper-button elementor-swiper-button-next\" role=\"button\" tabindex=\"0\">\n\t\t\t\t\t\t<svg aria-hidden=\"true\" class=\"e-font-icon-svg e-eicon-chevron-right\" viewBox=\"0 0 1000 1000\" xmlns=\"http:\/\/www.w3.org\/2000\/svg\"><path d=\"M696 533C708 521 713 504 713 487 713 471 708 454 696 446L400 146C388 133 375 125 354 125 338 125 325 129 313 142 300 154 292 171 292 187 292 204 296 221 308 233L563 492 304 771C292 783 288 800 288 817 288 833 296 850 308 863 321 871 338 875 354 875 371 875 388 867 400 854L696 533Z\"><\/path><\/svg>\t\t\t\t\t<\/div>\n\t\t\t\t\n\t\t\t\t\t\t\t\t\t<div class=\"swiper-pagination\"><\/div>\n\t\t\t\t\t\t\t\t\t<\/div>\n\t\t\t\t\t\t<\/div>\n\t\t\t\t<\/div>\n\t\t\t\t<\/div>\n\t\t\r\n\t\t<div class=\"default no-position show_shadow rs-sticky-default elementor-element elementor-element-16c02c7 e-con-full e-flex e-con e-child\" data-id=\"16c02c7\" data-element_type=\"container\" data-e-type=\"container\">\n\t\t\r\n\t\t<div class=\"default no-position show_shadow rs-sticky-default elementor-element elementor-element-3a12b79 e-con-full e-flex e-con e-child\" data-id=\"3a12b79\" data-element_type=\"container\" data-e-type=\"container\" data-settings=\"{&quot;background_background&quot;:&quot;classic&quot;}\">\n\t\t\r\n\t\t\t\t<div class=\"elementor-element elementor-element-4608d3a elementor-widget elementor-widget-heading\" data-id=\"4608d3a\" data-element_type=\"widget\" data-e-type=\"widget\" data-widget_type=\"heading.default\">\n\t\t\t\t<div class=\"elementor-widget-container\">\n\t\t\t\t\t<h3 class=\"elementor-heading-title elementor-size-default\">Catalogues de produits<\/h3>\t\t\t\t<\/div>\n\t\t\t\t<\/div>\n\t\t\r\n\t\t\t\t<div class=\"elementor-element elementor-element-acbe9ca elementor-widget elementor-widget-rsbrochures\" data-id=\"acbe9ca\" data-element_type=\"widget\" data-e-type=\"widget\" data-widget_type=\"rsbrochures.default\">\n\t\t\t\t<div class=\"elementor-widget-container\">\n\t\t\t\t\t \n\n        <div class=\"rs-brochures\">\n\n            <div class=\"brochures-content\">\n                                    <ul class=\"rs-features-list\">\n                                                    <li class=\"elementor-repeater-item-96325cb\">\n                                \n                                <a href=\"https:\/\/euromotion.lu\/wp-content\/uploads\/2026\/02\/Samiflex_Esp.pdf.crdownload.pdf\" >\n                                    <div class=\"brochures-left\">\n                                                                                    <div class=\"list-brochures-img\">\n                                                <img decoding=\"async\" src=\"https:\/\/euromotion.lu\/wp-content\/uploads\/2024\/02\/pdf.svg\" alt=\"image\">\n                                            <\/div>\n                                        \n                                        <div class=\"list-feature-content\">\n                                            <span class=\"rs-feature-text\">Samiflex<\/span>\n                                        <\/div>\n\n                                    <\/div>\n\n                                    <div class=\"brochures-right\">\n                                                                                    <div class=\"list-brochures-img\">\n                                                <img decoding=\"async\" src=\"https:\/\/industrie.rstheme.com\/manufacturing\/wp-content\/uploads\/2024\/02\/down_pdf.svg\" alt=\"image\">\n                                            <\/div>\n                                                                            <\/div>\n                                <\/a>\n                            <\/li>\n                                            <\/ul>\n                            <\/div>  \n\n        <\/div>\n        \t\t\t\t<\/div>\n\t\t\t\t<\/div>\n\t\t\t\t<\/div>\n\t\t\r\n\t\t<div class=\"default no-position show_shadow rs-sticky-default elementor-element elementor-element-709488b e-con-full e-flex e-con e-child\" data-id=\"709488b\" data-element_type=\"container\" data-e-type=\"container\" data-settings=\"{&quot;background_background&quot;:&quot;classic&quot;}\">\n\t\t\r\n\t\t\t\t<div class=\"elementor-element elementor-element-8d61bd8 elementor-widget elementor-widget-rs-heading\" data-id=\"8d61bd8\" data-element_type=\"widget\" data-e-type=\"widget\" data-widget_type=\"rs-heading.default\">\n\t\t\t\t<div class=\"elementor-widget-container\">\n\t\t\t\t\t\n\t\t<div class=\"prelements-heading default  \">\n\t\t\t<div class=\"title-inner\">\n\t\t\t\t<h3 class=\"title rs-split-text-disable \">Vous avez un<br>projet en<br>t\u00eate ?<\/h3>\n\t\t\t<\/div>\n\t\t\t\t\t<\/div>\n\t\t\t\t<\/div>\n\t\t\t\t<\/div>\n\t\t\r\n\t\t\t\t<div class=\"elementor-element elementor-element-414a469 elementor-widget elementor-widget-rs-button\" data-id=\"414a469\" data-element_type=\"widget\" data-e-type=\"widget\" data-widget_type=\"rs-button.default\">\n\t\t\t\t<div class=\"elementor-widget-container\">\n\t\t\t\t\t\t\t<div class=\"rs-button style1\">\r\n\t\t\t\t\t\t<a class=\"rs-btn\" href=\"https:\/\/euromotion.lu\/fr\/contact-2\/\" >\t\r\n\t\t\t\t<span>Contactez-nous \r\n\t\t\t\t\t\t\t\t\t<em>\r\n\t\t\t\t\t\t<svg xmlns=\"http:\/\/www.w3.org\/2000\/svg\" width=\"18\" height=\"12\" viewBox=\"0 0 18 12\" fill=\"none\"><path fill-rule=\"evenodd\" clip-rule=\"evenodd\" d=\"M0 6C0 5.66249 0.273604 5.38889 0.611111 5.38889L15.0246 5.38889L11.179 1.54323C10.9403 1.30458 10.9403 0.917644 11.179 0.67899C11.4176 0.440336 11.8046 0.440336 12.0432 0.67899L16.9321 5.56788C17.1708 5.80653 17.1708 6.19347 16.9321 6.43212L12.0432 11.321C11.8046 11.5597 11.4176 11.5597 11.179 11.321C10.9403 11.0824 10.9403 10.6954 11.179 10.4568L15.0246 6.61111L0.611111 6.61111C0.273604 6.61111 0 6.33751 0 6Z\" fill=\"white\"><\/path><\/svg>\t\t\t\t\t\t<svg xmlns=\"http:\/\/www.w3.org\/2000\/svg\" width=\"18\" height=\"12\" viewBox=\"0 0 18 12\" fill=\"none\"><path fill-rule=\"evenodd\" clip-rule=\"evenodd\" d=\"M0 6C0 5.66249 0.273604 5.38889 0.611111 5.38889L15.0246 5.38889L11.179 1.54323C10.9403 1.30458 10.9403 0.917644 11.179 0.67899C11.4176 0.440336 11.8046 0.440336 12.0432 0.67899L16.9321 5.56788C17.1708 5.80653 17.1708 6.19347 16.9321 6.43212L12.0432 11.321C11.8046 11.5597 11.4176 11.5597 11.179 11.321C10.9403 11.0824 10.9403 10.6954 11.179 10.4568L15.0246 6.61111L0.611111 6.61111C0.273604 6.61111 0 6.33751 0 6Z\" fill=\"white\"><\/path><\/svg>\t\t\t\t\t<\/em>\t\r\n\t\t\t\t\t\t\t\t<\/span>\r\n\t\t\t<\/a>\r\n\t\t<\/div>\r\n\t\t\t\t<\/div>\n\t\t\t\t<\/div>\n\t\t\t\t<\/div>\n\t\t\t\t<\/div>\n\t\t\t\t\t<\/div>\n\t\t\t\t<\/div>\n\t\t\t\t<\/div>\n\t\t","protected":false},"excerpt":{"rendered":"<p>Samiflex est un accouplement hautement flexible et polyvalent qui permet une connexion efficace des arbres dans les syst\u00e8mes de transmission de puissance et les machines. Sa conception est bas\u00e9e sur un insert \u00e9lastique qui absorbe les vibrations et les d\u00e9salignements, r\u00e9duisant l&rsquo;usure et la fatigue des composants, ce qui prolonge la dur\u00e9e de vie des&#8230;<\/p>\n","protected":false},"author":1,"featured_media":30967,"parent":32098,"menu_order":0,"comment_status":"closed","ping_status":"closed","template":"elementor_header_footer","meta":{"footnotes":""},"class_list":["post-35359","page","type-page","status-publish","has-post-thumbnail","hentry"],"yoast_head":"<!-- This site is optimized with the Yoast SEO plugin v27.5 - https:\/\/yoast.com\/product\/yoast-seo-wordpress\/ -->\n<title>Accouplements \u00e9lastiques et solutions d&#039;arbres flexibles Samiflex | EuromotionSamiflex Elastic Couplings &amp; Flexible Shaft Solutions | Euromotion<\/title>\n<meta name=\"description\" content=\"D\u00e9couvrez les accouplements \u00e9lastiques Samiflex, con\u00e7us pour assurer une transmission fiable du couple, faciliter la maintenance et r\u00e9duire les temps d&#039;arr\u00eat dans les applications industrielles. Distribu\u00e9 par Euromotion dans toute l&#039;Europe.\" \/>\n<meta name=\"robots\" content=\"index, follow, max-snippet:-1, max-image-preview:large, max-video-preview:-1\" \/>\n<link rel=\"canonical\" href=\"https:\/\/euromotion.lu\/fr\/marques\/samiflex\/\" \/>\n<meta property=\"og:locale\" content=\"fr_FR\" \/>\n<meta property=\"og:type\" content=\"article\" \/>\n<meta property=\"og:title\" content=\"Accouplements \u00e9lastiques et solutions d&#039;arbres flexibles Samiflex | EuromotionSamiflex Elastic Couplings &amp; Flexible Shaft Solutions | Euromotion\" \/>\n<meta property=\"og:description\" content=\"D\u00e9couvrez les accouplements \u00e9lastiques Samiflex, con\u00e7us pour assurer une transmission fiable du couple, faciliter la maintenance et r\u00e9duire les temps d&#039;arr\u00eat dans les applications industrielles. Distribu\u00e9 par Euromotion dans toute l&#039;Europe.\" \/>\n<meta property=\"og:url\" content=\"https:\/\/euromotion.lu\/fr\/marques\/samiflex\/\" \/>\n<meta property=\"og:site_name\" content=\"EUROMOTION\" \/>\n<meta property=\"article:modified_time\" content=\"2026-05-04T08:14:44+00:00\" \/>\n<meta property=\"og:image\" content=\"https:\/\/euromotion.lu\/wp-content\/uploads\/2026\/02\/Samiflex-logo-e1771860780576.jpg\" \/>\n\t<meta property=\"og:image:width\" content=\"1312\" \/>\n\t<meta property=\"og:image:height\" content=\"307\" \/>\n\t<meta property=\"og:image:type\" content=\"image\/jpeg\" \/>\n<meta name=\"twitter:card\" content=\"summary_large_image\" \/>\n<meta name=\"twitter:label1\" content=\"Dur\u00e9e de lecture estim\u00e9e\" \/>\n\t<meta name=\"twitter:data1\" content=\"1 minute\" \/>\n<script type=\"application\/ld+json\" class=\"yoast-schema-graph\">{\"@context\":\"https:\\\/\\\/schema.org\",\"@graph\":[{\"@type\":\"WebPage\",\"@id\":\"https:\\\/\\\/euromotion.lu\\\/fr\\\/marques\\\/samiflex\\\/\",\"url\":\"https:\\\/\\\/euromotion.lu\\\/fr\\\/marques\\\/samiflex\\\/\",\"name\":\"Accouplements \u00e9lastiques et solutions d'arbres flexibles Samiflex | EuromotionSamiflex Elastic Couplings & Flexible Shaft Solutions | Euromotion\",\"isPartOf\":{\"@id\":\"https:\\\/\\\/euromotion.lu\\\/fr\\\/#website\"},\"primaryImageOfPage\":{\"@id\":\"https:\\\/\\\/euromotion.lu\\\/fr\\\/marques\\\/samiflex\\\/#primaryimage\"},\"image\":{\"@id\":\"https:\\\/\\\/euromotion.lu\\\/fr\\\/marques\\\/samiflex\\\/#primaryimage\"},\"thumbnailUrl\":\"https:\\\/\\\/euromotion.lu\\\/wp-content\\\/uploads\\\/2026\\\/02\\\/Samiflex-logo-e1771860780576.jpg\",\"datePublished\":\"2026-02-23T15:29:50+00:00\",\"dateModified\":\"2026-05-04T08:14:44+00:00\",\"description\":\"D\u00e9couvrez les accouplements \u00e9lastiques Samiflex, con\u00e7us pour assurer une transmission fiable du couple, faciliter la maintenance et r\u00e9duire les temps d'arr\u00eat dans les applications industrielles. Distribu\u00e9 par Euromotion dans toute l'Europe.\",\"breadcrumb\":{\"@id\":\"https:\\\/\\\/euromotion.lu\\\/fr\\\/marques\\\/samiflex\\\/#breadcrumb\"},\"inLanguage\":\"fr-FR\",\"potentialAction\":[{\"@type\":\"ReadAction\",\"target\":[\"https:\\\/\\\/euromotion.lu\\\/fr\\\/marques\\\/samiflex\\\/\"]}]},{\"@type\":\"ImageObject\",\"inLanguage\":\"fr-FR\",\"@id\":\"https:\\\/\\\/euromotion.lu\\\/fr\\\/marques\\\/samiflex\\\/#primaryimage\",\"url\":\"https:\\\/\\\/euromotion.lu\\\/wp-content\\\/uploads\\\/2026\\\/02\\\/Samiflex-logo-e1771860780576.jpg\",\"contentUrl\":\"https:\\\/\\\/euromotion.lu\\\/wp-content\\\/uploads\\\/2026\\\/02\\\/Samiflex-logo-e1771860780576.jpg\",\"width\":1312,\"height\":307},{\"@type\":\"BreadcrumbList\",\"@id\":\"https:\\\/\\\/euromotion.lu\\\/fr\\\/marques\\\/samiflex\\\/#breadcrumb\",\"itemListElement\":[{\"@type\":\"ListItem\",\"position\":1,\"name\":\"Home\",\"item\":\"https:\\\/\\\/euromotion.lu\\\/fr\\\/accueil\\\/\"},{\"@type\":\"ListItem\",\"position\":2,\"name\":\"Marques\",\"item\":\"https:\\\/\\\/euromotion.lu\\\/fr\\\/marques\\\/\"},{\"@type\":\"ListItem\",\"position\":3,\"name\":\"SAMIFLEX\"}]},{\"@type\":\"WebSite\",\"@id\":\"https:\\\/\\\/euromotion.lu\\\/fr\\\/#website\",\"url\":\"https:\\\/\\\/euromotion.lu\\\/fr\\\/\",\"name\":\"Euromotion SARL\",\"description\":\"Industrial Motion &amp; Power Transmission Solutions\",\"publisher\":{\"@id\":\"https:\\\/\\\/euromotion.lu\\\/fr\\\/#organization\"},\"potentialAction\":[{\"@type\":\"SearchAction\",\"target\":{\"@type\":\"EntryPoint\",\"urlTemplate\":\"https:\\\/\\\/euromotion.lu\\\/fr\\\/?s={search_term_string}\"},\"query-input\":{\"@type\":\"PropertyValueSpecification\",\"valueRequired\":true,\"valueName\":\"search_term_string\"}}],\"inLanguage\":\"fr-FR\"},{\"@type\":\"Organization\",\"@id\":\"https:\\\/\\\/euromotion.lu\\\/fr\\\/#organization\",\"name\":\"Euromotion SARL\",\"url\":\"https:\\\/\\\/euromotion.lu\\\/fr\\\/\",\"logo\":{\"@type\":\"ImageObject\",\"inLanguage\":\"fr-FR\",\"@id\":\"https:\\\/\\\/euromotion.lu\\\/fr\\\/#\\\/schema\\\/logo\\\/image\\\/\",\"url\":\"https:\\\/\\\/euromotion.lu\\\/wp-content\\\/uploads\\\/2025\\\/02\\\/Euromotion-Logo.png\",\"contentUrl\":\"https:\\\/\\\/euromotion.lu\\\/wp-content\\\/uploads\\\/2025\\\/02\\\/Euromotion-Logo.png\",\"width\":1859,\"height\":365,\"caption\":\"Euromotion SARL\"},\"image\":{\"@id\":\"https:\\\/\\\/euromotion.lu\\\/fr\\\/#\\\/schema\\\/logo\\\/image\\\/\"}}]}<\/script>\n<!-- \/ Yoast SEO plugin. -->","yoast_head_json":{"title":"Accouplements \u00e9lastiques et solutions d'arbres flexibles Samiflex | EuromotionSamiflex Elastic Couplings & Flexible Shaft Solutions | Euromotion","description":"D\u00e9couvrez les accouplements \u00e9lastiques Samiflex, con\u00e7us pour assurer une transmission fiable du couple, faciliter la maintenance et r\u00e9duire les temps d'arr\u00eat dans les applications industrielles. Distribu\u00e9 par Euromotion dans toute l'Europe.","robots":{"index":"index","follow":"follow","max-snippet":"max-snippet:-1","max-image-preview":"max-image-preview:large","max-video-preview":"max-video-preview:-1"},"canonical":"https:\/\/euromotion.lu\/fr\/marques\/samiflex\/","og_locale":"fr_FR","og_type":"article","og_title":"Accouplements \u00e9lastiques et solutions d'arbres flexibles Samiflex | EuromotionSamiflex Elastic Couplings & Flexible Shaft Solutions | Euromotion","og_description":"D\u00e9couvrez les accouplements \u00e9lastiques Samiflex, con\u00e7us pour assurer une transmission fiable du couple, faciliter la maintenance et r\u00e9duire les temps d'arr\u00eat dans les applications industrielles. Distribu\u00e9 par Euromotion dans toute l'Europe.","og_url":"https:\/\/euromotion.lu\/fr\/marques\/samiflex\/","og_site_name":"EUROMOTION","article_modified_time":"2026-05-04T08:14:44+00:00","og_image":[{"width":1312,"height":307,"url":"https:\/\/euromotion.lu\/wp-content\/uploads\/2026\/02\/Samiflex-logo-e1771860780576.jpg","type":"image\/jpeg"}],"twitter_card":"summary_large_image","twitter_misc":{"Dur\u00e9e de lecture estim\u00e9e":"1 minute"},"schema":{"@context":"https:\/\/schema.org","@graph":[{"@type":"WebPage","@id":"https:\/\/euromotion.lu\/fr\/marques\/samiflex\/","url":"https:\/\/euromotion.lu\/fr\/marques\/samiflex\/","name":"Accouplements \u00e9lastiques et solutions d'arbres flexibles Samiflex | EuromotionSamiflex Elastic Couplings & Flexible Shaft Solutions | Euromotion","isPartOf":{"@id":"https:\/\/euromotion.lu\/fr\/#website"},"primaryImageOfPage":{"@id":"https:\/\/euromotion.lu\/fr\/marques\/samiflex\/#primaryimage"},"image":{"@id":"https:\/\/euromotion.lu\/fr\/marques\/samiflex\/#primaryimage"},"thumbnailUrl":"https:\/\/euromotion.lu\/wp-content\/uploads\/2026\/02\/Samiflex-logo-e1771860780576.jpg","datePublished":"2026-02-23T15:29:50+00:00","dateModified":"2026-05-04T08:14:44+00:00","description":"D\u00e9couvrez les accouplements \u00e9lastiques Samiflex, con\u00e7us pour assurer une transmission fiable du couple, faciliter la maintenance et r\u00e9duire les temps d'arr\u00eat dans les applications industrielles. Distribu\u00e9 par Euromotion dans toute l'Europe.","breadcrumb":{"@id":"https:\/\/euromotion.lu\/fr\/marques\/samiflex\/#breadcrumb"},"inLanguage":"fr-FR","potentialAction":[{"@type":"ReadAction","target":["https:\/\/euromotion.lu\/fr\/marques\/samiflex\/"]}]},{"@type":"ImageObject","inLanguage":"fr-FR","@id":"https:\/\/euromotion.lu\/fr\/marques\/samiflex\/#primaryimage","url":"https:\/\/euromotion.lu\/wp-content\/uploads\/2026\/02\/Samiflex-logo-e1771860780576.jpg","contentUrl":"https:\/\/euromotion.lu\/wp-content\/uploads\/2026\/02\/Samiflex-logo-e1771860780576.jpg","width":1312,"height":307},{"@type":"BreadcrumbList","@id":"https:\/\/euromotion.lu\/fr\/marques\/samiflex\/#breadcrumb","itemListElement":[{"@type":"ListItem","position":1,"name":"Home","item":"https:\/\/euromotion.lu\/fr\/accueil\/"},{"@type":"ListItem","position":2,"name":"Marques","item":"https:\/\/euromotion.lu\/fr\/marques\/"},{"@type":"ListItem","position":3,"name":"SAMIFLEX"}]},{"@type":"WebSite","@id":"https:\/\/euromotion.lu\/fr\/#website","url":"https:\/\/euromotion.lu\/fr\/","name":"Euromotion SARL","description":"Industrial Motion &amp; Power Transmission Solutions","publisher":{"@id":"https:\/\/euromotion.lu\/fr\/#organization"},"potentialAction":[{"@type":"SearchAction","target":{"@type":"EntryPoint","urlTemplate":"https:\/\/euromotion.lu\/fr\/?s={search_term_string}"},"query-input":{"@type":"PropertyValueSpecification","valueRequired":true,"valueName":"search_term_string"}}],"inLanguage":"fr-FR"},{"@type":"Organization","@id":"https:\/\/euromotion.lu\/fr\/#organization","name":"Euromotion SARL","url":"https:\/\/euromotion.lu\/fr\/","logo":{"@type":"ImageObject","inLanguage":"fr-FR","@id":"https:\/\/euromotion.lu\/fr\/#\/schema\/logo\/image\/","url":"https:\/\/euromotion.lu\/wp-content\/uploads\/2025\/02\/Euromotion-Logo.png","contentUrl":"https:\/\/euromotion.lu\/wp-content\/uploads\/2025\/02\/Euromotion-Logo.png","width":1859,"height":365,"caption":"Euromotion SARL"},"image":{"@id":"https:\/\/euromotion.lu\/fr\/#\/schema\/logo\/image\/"}}]}},"_links":{"self":[{"href":"https:\/\/euromotion.lu\/fr\/wp-json\/wp\/v2\/pages\/35359","targetHints":{"allow":["GET"]}}],"collection":[{"href":"https:\/\/euromotion.lu\/fr\/wp-json\/wp\/v2\/pages"}],"about":[{"href":"https:\/\/euromotion.lu\/fr\/wp-json\/wp\/v2\/types\/page"}],"author":[{"embeddable":true,"href":"https:\/\/euromotion.lu\/fr\/wp-json\/wp\/v2\/users\/1"}],"replies":[{"embeddable":true,"href":"https:\/\/euromotion.lu\/fr\/wp-json\/wp\/v2\/comments?post=35359"}],"version-history":[{"count":2,"href":"https:\/\/euromotion.lu\/fr\/wp-json\/wp\/v2\/pages\/35359\/revisions"}],"predecessor-version":[{"id":35361,"href":"https:\/\/euromotion.lu\/fr\/wp-json\/wp\/v2\/pages\/35359\/revisions\/35361"}],"up":[{"embeddable":true,"href":"https:\/\/euromotion.lu\/fr\/wp-json\/wp\/v2\/pages\/32098"}],"wp:featuredmedia":[{"embeddable":true,"href":"https:\/\/euromotion.lu\/fr\/wp-json\/wp\/v2\/media\/30967"}],"wp:attachment":[{"href":"https:\/\/euromotion.lu\/fr\/wp-json\/wp\/v2\/media?parent=35359"}],"curies":[{"name":"wp","href":"https:\/\/api.w.org\/{rel}","templated":true}]}}