{"id":35327,"date":"2026-02-24T10:20:18","date_gmt":"2026-02-24T10:20:18","guid":{"rendered":"https:\/\/euromotion.lu\/marques\/mp-filtri\/"},"modified":"2026-05-03T15:07:13","modified_gmt":"2026-05-03T15:07:13","slug":"mp-filtri","status":"publish","type":"page","link":"https:\/\/euromotion.lu\/fr\/marques\/mp-filtri\/","title":{"rendered":"MP Filtri"},"content":{"rendered":"\t\t<div data-elementor-type=\"wp-page\" data-elementor-id=\"35327\" class=\"elementor elementor-35327 elementor-31110\">\n\t\t\t\t\r\n\t\t<div class=\"default no-position show_shadow rs-sticky-default elementor-element elementor-element-cd807e6 e-flex e-con-boxed e-con e-parent\" data-id=\"cd807e6\" data-element_type=\"container\" data-e-type=\"container\">\n\t\t\t\t\t<div class=\"e-con-inner\">\n\t\t\r\n\t\t<div class=\"default no-position show_shadow rs-sticky-default elementor-element elementor-element-7d93e59 e-con-full e-flex e-con e-child\" data-id=\"7d93e59\" data-element_type=\"container\" data-e-type=\"container\">\n\t\t\r\n\t\t\t\t<div class=\"elementor-element elementor-element-851b9da elementor-widget elementor-widget-image\" data-id=\"851b9da\" data-element_type=\"widget\" data-e-type=\"widget\" data-widget_type=\"image.default\">\n\t\t\t\t<div class=\"elementor-widget-container\">\n\t\t\t\t\t\t\t\t\t\t\t\t\t\t\t<img decoding=\"async\" width=\"300\" height=\"88\" src=\"https:\/\/euromotion.lu\/wp-content\/uploads\/2026\/02\/MP-Filtri-logo-scaled-1-300x88.jpg\" class=\"attachment-medium size-medium wp-image-32081\" alt=\"\" srcset=\"https:\/\/euromotion.lu\/wp-content\/uploads\/2026\/02\/MP-Filtri-logo-scaled-1-300x88.jpg 300w, https:\/\/euromotion.lu\/wp-content\/uploads\/2026\/02\/MP-Filtri-logo-scaled-1-1024x302.jpg 1024w, https:\/\/euromotion.lu\/wp-content\/uploads\/2026\/02\/MP-Filtri-logo-scaled-1-768x226.jpg 768w, https:\/\/euromotion.lu\/wp-content\/uploads\/2026\/02\/MP-Filtri-logo-scaled-1-1536x453.jpg 1536w, https:\/\/euromotion.lu\/wp-content\/uploads\/2026\/02\/MP-Filtri-logo-scaled-1.jpg 1920w\" sizes=\"(max-width: 300px) 100vw, 300px\" \/>\t\t\t\t\t\t\t\t\t\t\t\t\t\t\t<\/div>\n\t\t\t\t<\/div>\n\t\t\r\n\t\t\t\t<div class=\"elementor-element elementor-element-41d3a92 elementor-widget elementor-widget-text-editor\" data-id=\"41d3a92\" data-element_type=\"widget\" data-e-type=\"widget\" data-widget_type=\"text-editor.default\">\n\t\t\t\t<div class=\"elementor-widget-container\">\n\t\t\t\t\t\t\t\t\t<p style=\"font-weight: 400;\">MP Filtri est une entreprise italienne qui poss\u00e8de une solide exp\u00e9rience dans la conception et la fabrication de filtres hydrauliques, de syst\u00e8mes de filtration et de composants pour les applications industrielles. Fond\u00e9e en 1964, MP Filtri est devenue un leader mondial dans son secteur, se distinguant par son engagement en faveur de la qualit\u00e9 et de l&rsquo;innovation. Ses produits sont con\u00e7us pour r\u00e9pondre aux exigences de diff\u00e9rents secteurs, tels que les machines agricoles, la construction et l&rsquo;\u00e9nergie.  <\/p><p style=\"font-weight: 400;\">L&rsquo;offre de MP Filtri comprend une large gamme de filtres hydrauliques, Accouplements et de solutions de filtration personnalis\u00e9es. L&rsquo;entreprise se distingue par sa capacit\u00e9 \u00e0 s&rsquo;adapter aux besoins sp\u00e9cifiques de ses clients, en fournissant des solutions efficaces qui am\u00e9liorent les performances et la durabilit\u00e9 des \u00e9quipements. En outre, l&rsquo;accent mis sur la durabilit\u00e9 et la r\u00e9duction de l&rsquo;impact environnemental souligne sa responsabilit\u00e9 sociale, ce qui fait de MP Filtri un partenaire commercial fiable pour les entreprises qui recherchent la qualit\u00e9 et l&rsquo;efficacit\u00e9 dans leurs op\u00e9rations.  <\/p><p style=\"font-weight: 400;\">Euromotion distributes the following MP Filtri branded products:<\/p><ul><li>Filtres hydrauliques : con\u00e7us pour \u00e9liminer les contaminants des syst\u00e8mes hydrauliques, en am\u00e9liorant leurs performances et en prolongeant la dur\u00e9e de vie des composants.<\/li><li>\u00c9l\u00e9ments filtrants : Composants interchangeables utilis\u00e9s dans les filtres pour capturer les particules et les contaminants dans le fluide hydraulique.<\/li><li>Filtres \u00e0 haute pression<\/li><li>Accouplements<\/li><li>Lanternes<\/li><\/ul>\t\t\t\t\t\t\t\t<\/div>\n\t\t\t\t<\/div>\n\t\t\r\n\t\t\t\t<div class=\"elementor-element elementor-element-66b59ed elementor-widget-divider--view-line elementor-widget elementor-widget-divider\" data-id=\"66b59ed\" data-element_type=\"widget\" data-e-type=\"widget\" data-widget_type=\"divider.default\">\n\t\t\t\t<div class=\"elementor-widget-container\">\n\t\t\t\t\t\t\t<div class=\"elementor-divider\">\n\t\t\t<span class=\"elementor-divider-separator\">\n\t\t\t\t\t\t<\/span>\n\t\t<\/div>\n\t\t\t\t\t\t<\/div>\n\t\t\t\t<\/div>\n\t\t\r\n\t\t\t\t<div class=\"elementor-element elementor-element-b96ab7e elementor-widget elementor-widget-text-editor\" data-id=\"b96ab7e\" data-element_type=\"widget\" data-e-type=\"widget\" data-widget_type=\"text-editor.default\">\n\t\t\t\t<div class=\"elementor-widget-container\">\n\t\t\t\t\t\t\t\t\t<p>Euromotion S.\u00e0.r.l. n&rsquo;est pas un distributeur autoris\u00e9, affili\u00e9 ni repr\u00e9sentant officiel des fabricants mentionn\u00e9s, sauf indication expresse du contraire. Les marques commerciales, noms commerciaux et marques d\u00e9sign\u00e9es figurant dans ce document sont la propri\u00e9t\u00e9 de leurs propri\u00e9taires respectifs. Euromotion S.\u00e0.r.l. op\u00e8re en tant que distributeur ind\u00e9pendant, offrant des prix comp\u00e9titifs et des d\u00e9lais de livraison courts. Notre expertise technique et notre engagement envers l&rsquo;efficacit\u00e9 logistique font de nous une option attrayante et fiable pour acqu\u00e9rir des produits de la marque MP Filtri. Pour plus d&rsquo;informations sur notre politique de vente, les retours et les droits des consommateurs, veuillez consulter les sections correspondantes de notre site web.<\/p>\t\t\t\t\t\t\t\t<\/div>\n\t\t\t\t<\/div>\n\t\t\t\t<\/div>\n\t\t\r\n\t\t<div class=\"default no-position show_shadow rs-sticky-default elementor-element elementor-element-16c02c7 e-con-full e-flex e-con e-child\" data-id=\"16c02c7\" data-element_type=\"container\" data-e-type=\"container\">\n\t\t\r\n\t\t<div class=\"default no-position show_shadow rs-sticky-default elementor-element elementor-element-3a12b79 e-con-full e-flex e-con e-child\" data-id=\"3a12b79\" data-element_type=\"container\" data-e-type=\"container\" data-settings=\"{&quot;background_background&quot;:&quot;classic&quot;}\">\n\t\t\r\n\t\t\t\t<div class=\"elementor-element elementor-element-4608d3a elementor-widget elementor-widget-heading\" data-id=\"4608d3a\" data-element_type=\"widget\" data-e-type=\"widget\" data-widget_type=\"heading.default\">\n\t\t\t\t<div class=\"elementor-widget-container\">\n\t\t\t\t\t<h3 class=\"elementor-heading-title elementor-size-default\">Catalogues de produits<\/h3>\t\t\t\t<\/div>\n\t\t\t\t<\/div>\n\t\t\r\n\t\t\t\t<div class=\"elementor-element elementor-element-acbe9ca elementor-widget elementor-widget-rsbrochures\" data-id=\"acbe9ca\" data-element_type=\"widget\" data-e-type=\"widget\" data-widget_type=\"rsbrochures.default\">\n\t\t\t\t<div class=\"elementor-widget-container\">\n\t\t\t\t\t \n\n        <div class=\"rs-brochures\">\n\n            <div class=\"brochures-content\">\n                                    <ul class=\"rs-features-list\">\n                                                    <li class=\"elementor-repeater-item-96325cb\">\n                                \n                                <a href=\"https:\/\/euromotion.lu\/wp-content\/uploads\/2026\/02\/MP-FILTRI_PT_BELL-HOUSING_EN.pdf\" >\n                                    <div class=\"brochures-left\">\n                                                                                    <div class=\"list-brochures-img\">\n                                                <img decoding=\"async\" src=\"https:\/\/industrie.rstheme.com\/manufacturing\/wp-content\/uploads\/2024\/02\/pdf.svg\" alt=\"image\">\n                                            <\/div>\n                                        \n                                        <div class=\"list-feature-content\">\n                                            <span class=\"rs-feature-text\">Bell Housings Catalog<\/span>\n                                        <\/div>\n\n                                    <\/div>\n\n                                    <div class=\"brochures-right\">\n                                                                                    <div class=\"list-brochures-img\">\n                                                <img decoding=\"async\" src=\"https:\/\/industrie.rstheme.com\/manufacturing\/wp-content\/uploads\/2024\/02\/down_pdf.svg\" alt=\"image\">\n                                            <\/div>\n                                                                            <\/div>\n                                <\/a>\n                            <\/li>\n                                                    <li class=\"elementor-repeater-item-af8b233\">\n                                \n                                <a href=\"https:\/\/euromotion.lu\/wp-content\/uploads\/2026\/02\/MP-FILTRI_PT_COUPLINGS_EN.pdf\" >\n                                    <div class=\"brochures-left\">\n                                                                                    <div class=\"list-brochures-img\">\n                                                <img decoding=\"async\" src=\"https:\/\/industrie.rstheme.com\/manufacturing\/wp-content\/uploads\/2024\/02\/pdf.svg\" alt=\"image\">\n                                            <\/div>\n                                        \n                                        <div class=\"list-feature-content\">\n                                            <span class=\"rs-feature-text\">Couplings Catalog<\/span>\n                                        <\/div>\n\n                                    <\/div>\n\n                                    <div class=\"brochures-right\">\n                                                                                    <div class=\"list-brochures-img\">\n                                                <img decoding=\"async\" src=\"https:\/\/industrie.rstheme.com\/manufacturing\/wp-content\/uploads\/2024\/02\/down_pdf.svg\" alt=\"image\">\n                                            <\/div>\n                                                                            <\/div>\n                                <\/a>\n                            <\/li>\n                                            <\/ul>\n                            <\/div>  \n\n        <\/div>\n        \t\t\t\t<\/div>\n\t\t\t\t<\/div>\n\t\t\t\t<\/div>\n\t\t\r\n\t\t<div class=\"default no-position show_shadow rs-sticky-default elementor-element elementor-element-709488b e-con-full e-flex e-con e-child\" data-id=\"709488b\" data-element_type=\"container\" data-e-type=\"container\" data-settings=\"{&quot;background_background&quot;:&quot;classic&quot;}\">\n\t\t\r\n\t\t\t\t<div class=\"elementor-element elementor-element-8d61bd8 elementor-widget elementor-widget-rs-heading\" data-id=\"8d61bd8\" data-element_type=\"widget\" data-e-type=\"widget\" data-widget_type=\"rs-heading.default\">\n\t\t\t\t<div class=\"elementor-widget-container\">\n\t\t\t\t\t\n\t\t<div class=\"prelements-heading default  \">\n\t\t\t<div class=\"title-inner\">\n\t\t\t\t<h3 class=\"title rs-split-text-disable \">Vous avez un<br>projet en<br>t\u00eate ?<\/h3>\n\t\t\t<\/div>\n\t\t\t\t\t<\/div>\n\t\t\t\t<\/div>\n\t\t\t\t<\/div>\n\t\t\r\n\t\t\t\t<div class=\"elementor-element elementor-element-414a469 elementor-widget elementor-widget-rs-button\" data-id=\"414a469\" data-element_type=\"widget\" data-e-type=\"widget\" data-widget_type=\"rs-button.default\">\n\t\t\t\t<div class=\"elementor-widget-container\">\n\t\t\t\t\t\t\t<div class=\"rs-button style1\">\r\n\t\t\t\t\t\t<a class=\"rs-btn\" href=\"https:\/\/euromotion.lu\/fr\/contact-2\/\" >\t\r\n\t\t\t\t<span>Contactez-nous \r\n\t\t\t\t\t\t\t\t\t<em>\r\n\t\t\t\t\t\t<svg xmlns=\"http:\/\/www.w3.org\/2000\/svg\" width=\"18\" height=\"12\" viewBox=\"0 0 18 12\" fill=\"none\"><path fill-rule=\"evenodd\" clip-rule=\"evenodd\" d=\"M0 6C0 5.66249 0.273604 5.38889 0.611111 5.38889L15.0246 5.38889L11.179 1.54323C10.9403 1.30458 10.9403 0.917644 11.179 0.67899C11.4176 0.440336 11.8046 0.440336 12.0432 0.67899L16.9321 5.56788C17.1708 5.80653 17.1708 6.19347 16.9321 6.43212L12.0432 11.321C11.8046 11.5597 11.4176 11.5597 11.179 11.321C10.9403 11.0824 10.9403 10.6954 11.179 10.4568L15.0246 6.61111L0.611111 6.61111C0.273604 6.61111 0 6.33751 0 6Z\" fill=\"white\"><\/path><\/svg>\t\t\t\t\t\t<svg xmlns=\"http:\/\/www.w3.org\/2000\/svg\" width=\"18\" height=\"12\" viewBox=\"0 0 18 12\" fill=\"none\"><path fill-rule=\"evenodd\" clip-rule=\"evenodd\" d=\"M0 6C0 5.66249 0.273604 5.38889 0.611111 5.38889L15.0246 5.38889L11.179 1.54323C10.9403 1.30458 10.9403 0.917644 11.179 0.67899C11.4176 0.440336 11.8046 0.440336 12.0432 0.67899L16.9321 5.56788C17.1708 5.80653 17.1708 6.19347 16.9321 6.43212L12.0432 11.321C11.8046 11.5597 11.4176 11.5597 11.179 11.321C10.9403 11.0824 10.9403 10.6954 11.179 10.4568L15.0246 6.61111L0.611111 6.61111C0.273604 6.61111 0 6.33751 0 6Z\" fill=\"white\"><\/path><\/svg>\t\t\t\t\t<\/em>\t\r\n\t\t\t\t\t\t\t\t<\/span>\r\n\t\t\t<\/a>\r\n\t\t<\/div>\r\n\t\t\t\t<\/div>\n\t\t\t\t<\/div>\n\t\t\t\t<\/div>\n\t\t\t\t<\/div>\n\t\t\t\t\t<\/div>\n\t\t\t\t<\/div>\n\t\t\t\t<\/div>\n\t\t","protected":false},"excerpt":{"rendered":"<p>MP Filtri est une entreprise italienne qui poss\u00e8de une solide exp\u00e9rience dans la conception et la fabrication de filtres hydrauliques, de syst\u00e8mes de filtration et de composants pour les applications industrielles. Fond\u00e9e en 1964, MP Filtri est devenue un leader mondial dans son secteur, se distinguant par son engagement en faveur de la qualit\u00e9 et&#8230;<\/p>\n","protected":false},"author":1,"featured_media":31112,"parent":32098,"menu_order":0,"comment_status":"closed","ping_status":"closed","template":"elementor_header_footer","meta":{"footnotes":""},"class_list":["post-35327","page","type-page","status-publish","has-post-thumbnail","hentry"],"yoast_head":"<!-- This site is optimized with the Yoast SEO plugin v27.5 - https:\/\/yoast.com\/product\/yoast-seo-wordpress\/ -->\n<title>MP Filtri : solutions de filtration hydraulique et de gestion des fluides | Euromotion<\/title>\n<meta name=\"description\" content=\"D\u00e9couvrez les filtres hydrauliques, les syst\u00e8mes de surveillance de la contamination et les solutions de gestion des fluides MP Filtri, con\u00e7us pour les applications industrielles exigeantes. Distribu\u00e9 par Euromotion dans toute l&#039;Europe.\" \/>\n<meta name=\"robots\" content=\"index, follow, max-snippet:-1, max-image-preview:large, max-video-preview:-1\" \/>\n<link rel=\"canonical\" href=\"https:\/\/euromotion.lu\/fr\/marques\/mp-filtri\/\" \/>\n<meta property=\"og:locale\" content=\"fr_FR\" \/>\n<meta property=\"og:type\" content=\"article\" \/>\n<meta property=\"og:title\" content=\"MP Filtri : solutions de filtration hydraulique et de gestion des fluides | Euromotion\" \/>\n<meta property=\"og:description\" content=\"D\u00e9couvrez les filtres hydrauliques, les syst\u00e8mes de surveillance de la contamination et les solutions de gestion des fluides MP Filtri, con\u00e7us pour les applications industrielles exigeantes. Distribu\u00e9 par Euromotion dans toute l&#039;Europe.\" \/>\n<meta property=\"og:url\" content=\"https:\/\/euromotion.lu\/fr\/marques\/mp-filtri\/\" \/>\n<meta property=\"og:site_name\" content=\"EUROMOTION\" \/>\n<meta property=\"article:modified_time\" content=\"2026-05-03T15:07:13+00:00\" \/>\n<meta property=\"og:image\" content=\"https:\/\/euromotion.lu\/wp-content\/uploads\/2026\/02\/MP-Filtri-logo-scaled-1.jpg\" \/>\n\t<meta property=\"og:image:width\" content=\"1920\" \/>\n\t<meta property=\"og:image:height\" content=\"566\" \/>\n\t<meta property=\"og:image:type\" content=\"image\/jpeg\" \/>\n<meta name=\"twitter:card\" content=\"summary_large_image\" \/>\n<meta name=\"twitter:label1\" content=\"Dur\u00e9e de lecture estim\u00e9e\" \/>\n\t<meta name=\"twitter:data1\" content=\"2 minutes\" \/>\n<script type=\"application\/ld+json\" class=\"yoast-schema-graph\">{\"@context\":\"https:\\\/\\\/schema.org\",\"@graph\":[{\"@type\":\"WebPage\",\"@id\":\"https:\\\/\\\/euromotion.lu\\\/fr\\\/marques\\\/mp-filtri\\\/\",\"url\":\"https:\\\/\\\/euromotion.lu\\\/fr\\\/marques\\\/mp-filtri\\\/\",\"name\":\"MP Filtri : solutions de filtration hydraulique et de gestion des fluides | Euromotion\",\"isPartOf\":{\"@id\":\"https:\\\/\\\/euromotion.lu\\\/fr\\\/#website\"},\"primaryImageOfPage\":{\"@id\":\"https:\\\/\\\/euromotion.lu\\\/fr\\\/marques\\\/mp-filtri\\\/#primaryimage\"},\"image\":{\"@id\":\"https:\\\/\\\/euromotion.lu\\\/fr\\\/marques\\\/mp-filtri\\\/#primaryimage\"},\"thumbnailUrl\":\"https:\\\/\\\/euromotion.lu\\\/wp-content\\\/uploads\\\/2026\\\/02\\\/MP-Filtri-logo-scaled-1.jpg\",\"datePublished\":\"2026-02-24T10:20:18+00:00\",\"dateModified\":\"2026-05-03T15:07:13+00:00\",\"description\":\"D\u00e9couvrez les filtres hydrauliques, les syst\u00e8mes de surveillance de la contamination et les solutions de gestion des fluides MP Filtri, con\u00e7us pour les applications industrielles exigeantes. Distribu\u00e9 par Euromotion dans toute l'Europe.\",\"breadcrumb\":{\"@id\":\"https:\\\/\\\/euromotion.lu\\\/fr\\\/marques\\\/mp-filtri\\\/#breadcrumb\"},\"inLanguage\":\"fr-FR\",\"potentialAction\":[{\"@type\":\"ReadAction\",\"target\":[\"https:\\\/\\\/euromotion.lu\\\/fr\\\/marques\\\/mp-filtri\\\/\"]}]},{\"@type\":\"ImageObject\",\"inLanguage\":\"fr-FR\",\"@id\":\"https:\\\/\\\/euromotion.lu\\\/fr\\\/marques\\\/mp-filtri\\\/#primaryimage\",\"url\":\"https:\\\/\\\/euromotion.lu\\\/wp-content\\\/uploads\\\/2026\\\/02\\\/MP-Filtri-logo-scaled-1.jpg\",\"contentUrl\":\"https:\\\/\\\/euromotion.lu\\\/wp-content\\\/uploads\\\/2026\\\/02\\\/MP-Filtri-logo-scaled-1.jpg\",\"width\":1920,\"height\":566},{\"@type\":\"BreadcrumbList\",\"@id\":\"https:\\\/\\\/euromotion.lu\\\/fr\\\/marques\\\/mp-filtri\\\/#breadcrumb\",\"itemListElement\":[{\"@type\":\"ListItem\",\"position\":1,\"name\":\"Home\",\"item\":\"https:\\\/\\\/euromotion.lu\\\/fr\\\/accueil\\\/\"},{\"@type\":\"ListItem\",\"position\":2,\"name\":\"Marques\",\"item\":\"https:\\\/\\\/euromotion.lu\\\/fr\\\/marques\\\/\"},{\"@type\":\"ListItem\",\"position\":3,\"name\":\"MP Filtri\"}]},{\"@type\":\"WebSite\",\"@id\":\"https:\\\/\\\/euromotion.lu\\\/fr\\\/#website\",\"url\":\"https:\\\/\\\/euromotion.lu\\\/fr\\\/\",\"name\":\"Euromotion SARL\",\"description\":\"Industrial Motion &amp; Power Transmission Solutions\",\"publisher\":{\"@id\":\"https:\\\/\\\/euromotion.lu\\\/fr\\\/#organization\"},\"potentialAction\":[{\"@type\":\"SearchAction\",\"target\":{\"@type\":\"EntryPoint\",\"urlTemplate\":\"https:\\\/\\\/euromotion.lu\\\/fr\\\/?s={search_term_string}\"},\"query-input\":{\"@type\":\"PropertyValueSpecification\",\"valueRequired\":true,\"valueName\":\"search_term_string\"}}],\"inLanguage\":\"fr-FR\"},{\"@type\":\"Organization\",\"@id\":\"https:\\\/\\\/euromotion.lu\\\/fr\\\/#organization\",\"name\":\"Euromotion SARL\",\"url\":\"https:\\\/\\\/euromotion.lu\\\/fr\\\/\",\"logo\":{\"@type\":\"ImageObject\",\"inLanguage\":\"fr-FR\",\"@id\":\"https:\\\/\\\/euromotion.lu\\\/fr\\\/#\\\/schema\\\/logo\\\/image\\\/\",\"url\":\"https:\\\/\\\/euromotion.lu\\\/wp-content\\\/uploads\\\/2025\\\/02\\\/Euromotion-Logo.png\",\"contentUrl\":\"https:\\\/\\\/euromotion.lu\\\/wp-content\\\/uploads\\\/2025\\\/02\\\/Euromotion-Logo.png\",\"width\":1859,\"height\":365,\"caption\":\"Euromotion SARL\"},\"image\":{\"@id\":\"https:\\\/\\\/euromotion.lu\\\/fr\\\/#\\\/schema\\\/logo\\\/image\\\/\"}}]}<\/script>\n<!-- \/ Yoast SEO plugin. -->","yoast_head_json":{"title":"MP Filtri : solutions de filtration hydraulique et de gestion des fluides | Euromotion","description":"D\u00e9couvrez les filtres hydrauliques, les syst\u00e8mes de surveillance de la contamination et les solutions de gestion des fluides MP Filtri, con\u00e7us pour les applications industrielles exigeantes. Distribu\u00e9 par Euromotion dans toute l'Europe.","robots":{"index":"index","follow":"follow","max-snippet":"max-snippet:-1","max-image-preview":"max-image-preview:large","max-video-preview":"max-video-preview:-1"},"canonical":"https:\/\/euromotion.lu\/fr\/marques\/mp-filtri\/","og_locale":"fr_FR","og_type":"article","og_title":"MP Filtri : solutions de filtration hydraulique et de gestion des fluides | Euromotion","og_description":"D\u00e9couvrez les filtres hydrauliques, les syst\u00e8mes de surveillance de la contamination et les solutions de gestion des fluides MP Filtri, con\u00e7us pour les applications industrielles exigeantes. Distribu\u00e9 par Euromotion dans toute l'Europe.","og_url":"https:\/\/euromotion.lu\/fr\/marques\/mp-filtri\/","og_site_name":"EUROMOTION","article_modified_time":"2026-05-03T15:07:13+00:00","og_image":[{"width":1920,"height":566,"url":"https:\/\/euromotion.lu\/wp-content\/uploads\/2026\/02\/MP-Filtri-logo-scaled-1.jpg","type":"image\/jpeg"}],"twitter_card":"summary_large_image","twitter_misc":{"Dur\u00e9e de lecture estim\u00e9e":"2 minutes"},"schema":{"@context":"https:\/\/schema.org","@graph":[{"@type":"WebPage","@id":"https:\/\/euromotion.lu\/fr\/marques\/mp-filtri\/","url":"https:\/\/euromotion.lu\/fr\/marques\/mp-filtri\/","name":"MP Filtri : solutions de filtration hydraulique et de gestion des fluides | Euromotion","isPartOf":{"@id":"https:\/\/euromotion.lu\/fr\/#website"},"primaryImageOfPage":{"@id":"https:\/\/euromotion.lu\/fr\/marques\/mp-filtri\/#primaryimage"},"image":{"@id":"https:\/\/euromotion.lu\/fr\/marques\/mp-filtri\/#primaryimage"},"thumbnailUrl":"https:\/\/euromotion.lu\/wp-content\/uploads\/2026\/02\/MP-Filtri-logo-scaled-1.jpg","datePublished":"2026-02-24T10:20:18+00:00","dateModified":"2026-05-03T15:07:13+00:00","description":"D\u00e9couvrez les filtres hydrauliques, les syst\u00e8mes de surveillance de la contamination et les solutions de gestion des fluides MP Filtri, con\u00e7us pour les applications industrielles exigeantes. Distribu\u00e9 par Euromotion dans toute l'Europe.","breadcrumb":{"@id":"https:\/\/euromotion.lu\/fr\/marques\/mp-filtri\/#breadcrumb"},"inLanguage":"fr-FR","potentialAction":[{"@type":"ReadAction","target":["https:\/\/euromotion.lu\/fr\/marques\/mp-filtri\/"]}]},{"@type":"ImageObject","inLanguage":"fr-FR","@id":"https:\/\/euromotion.lu\/fr\/marques\/mp-filtri\/#primaryimage","url":"https:\/\/euromotion.lu\/wp-content\/uploads\/2026\/02\/MP-Filtri-logo-scaled-1.jpg","contentUrl":"https:\/\/euromotion.lu\/wp-content\/uploads\/2026\/02\/MP-Filtri-logo-scaled-1.jpg","width":1920,"height":566},{"@type":"BreadcrumbList","@id":"https:\/\/euromotion.lu\/fr\/marques\/mp-filtri\/#breadcrumb","itemListElement":[{"@type":"ListItem","position":1,"name":"Home","item":"https:\/\/euromotion.lu\/fr\/accueil\/"},{"@type":"ListItem","position":2,"name":"Marques","item":"https:\/\/euromotion.lu\/fr\/marques\/"},{"@type":"ListItem","position":3,"name":"MP Filtri"}]},{"@type":"WebSite","@id":"https:\/\/euromotion.lu\/fr\/#website","url":"https:\/\/euromotion.lu\/fr\/","name":"Euromotion SARL","description":"Industrial Motion &amp; Power Transmission Solutions","publisher":{"@id":"https:\/\/euromotion.lu\/fr\/#organization"},"potentialAction":[{"@type":"SearchAction","target":{"@type":"EntryPoint","urlTemplate":"https:\/\/euromotion.lu\/fr\/?s={search_term_string}"},"query-input":{"@type":"PropertyValueSpecification","valueRequired":true,"valueName":"search_term_string"}}],"inLanguage":"fr-FR"},{"@type":"Organization","@id":"https:\/\/euromotion.lu\/fr\/#organization","name":"Euromotion SARL","url":"https:\/\/euromotion.lu\/fr\/","logo":{"@type":"ImageObject","inLanguage":"fr-FR","@id":"https:\/\/euromotion.lu\/fr\/#\/schema\/logo\/image\/","url":"https:\/\/euromotion.lu\/wp-content\/uploads\/2025\/02\/Euromotion-Logo.png","contentUrl":"https:\/\/euromotion.lu\/wp-content\/uploads\/2025\/02\/Euromotion-Logo.png","width":1859,"height":365,"caption":"Euromotion SARL"},"image":{"@id":"https:\/\/euromotion.lu\/fr\/#\/schema\/logo\/image\/"}}]}},"_links":{"self":[{"href":"https:\/\/euromotion.lu\/fr\/wp-json\/wp\/v2\/pages\/35327","targetHints":{"allow":["GET"]}}],"collection":[{"href":"https:\/\/euromotion.lu\/fr\/wp-json\/wp\/v2\/pages"}],"about":[{"href":"https:\/\/euromotion.lu\/fr\/wp-json\/wp\/v2\/types\/page"}],"author":[{"embeddable":true,"href":"https:\/\/euromotion.lu\/fr\/wp-json\/wp\/v2\/users\/1"}],"replies":[{"embeddable":true,"href":"https:\/\/euromotion.lu\/fr\/wp-json\/wp\/v2\/comments?post=35327"}],"version-history":[{"count":1,"href":"https:\/\/euromotion.lu\/fr\/wp-json\/wp\/v2\/pages\/35327\/revisions"}],"predecessor-version":[{"id":35328,"href":"https:\/\/euromotion.lu\/fr\/wp-json\/wp\/v2\/pages\/35327\/revisions\/35328"}],"up":[{"embeddable":true,"href":"https:\/\/euromotion.lu\/fr\/wp-json\/wp\/v2\/pages\/32098"}],"wp:featuredmedia":[{"embeddable":true,"href":"https:\/\/euromotion.lu\/fr\/wp-json\/wp\/v2\/media\/31112"}],"wp:attachment":[{"href":"https:\/\/euromotion.lu\/fr\/wp-json\/wp\/v2\/media?parent=35327"}],"curies":[{"name":"wp","href":"https:\/\/api.w.org\/{rel}","templated":true}]}}