{"id":35309,"date":"2026-03-04T08:45:25","date_gmt":"2026-03-04T08:45:25","guid":{"rendered":"https:\/\/euromotion.lu\/marques\/mayr\/"},"modified":"2026-05-03T14:11:08","modified_gmt":"2026-05-03T14:11:08","slug":"mayr","status":"publish","type":"page","link":"https:\/\/euromotion.lu\/fr\/marques\/mayr\/","title":{"rendered":"MAYR"},"content":{"rendered":"\t\t<div data-elementor-type=\"wp-page\" data-elementor-id=\"35309\" class=\"elementor elementor-35309 elementor-31720\">\n\t\t\t\t\r\n\t\t<div class=\"default no-position show_shadow rs-sticky-default elementor-element elementor-element-cd807e6 e-flex e-con-boxed e-con e-parent\" data-id=\"cd807e6\" data-element_type=\"container\" data-e-type=\"container\">\n\t\t\t\t\t<div class=\"e-con-inner\">\n\t\t\r\n\t\t<div class=\"default no-position show_shadow rs-sticky-default elementor-element elementor-element-7d93e59 e-con-full e-flex e-con e-child\" data-id=\"7d93e59\" data-element_type=\"container\" data-e-type=\"container\">\n\t\t\r\n\t\t\t\t<div class=\"elementor-element elementor-element-851b9da elementor-widget elementor-widget-image\" data-id=\"851b9da\" data-element_type=\"widget\" data-e-type=\"widget\" data-widget_type=\"image.default\">\n\t\t\t\t<div class=\"elementor-widget-container\">\n\t\t\t\t\t\t\t\t\t\t\t\t\t\t\t<img decoding=\"async\" width=\"300\" height=\"96\" src=\"https:\/\/euromotion.lu\/wp-content\/uploads\/2026\/03\/Mayr-300x96.png\" class=\"attachment-medium size-medium wp-image-32078\" alt=\"\" srcset=\"https:\/\/euromotion.lu\/wp-content\/uploads\/2026\/03\/Mayr-300x96.png 300w, https:\/\/euromotion.lu\/wp-content\/uploads\/2026\/03\/Mayr.png 396w\" sizes=\"(max-width: 300px) 100vw, 300px\" \/>\t\t\t\t\t\t\t\t\t\t\t\t\t\t\t<\/div>\n\t\t\t\t<\/div>\n\t\t\r\n\t\t\t\t<div class=\"elementor-element elementor-element-41d3a92 elementor-widget elementor-widget-text-editor\" data-id=\"41d3a92\" data-element_type=\"widget\" data-e-type=\"widget\" data-widget_type=\"text-editor.default\">\n\t\t\t\t<div class=\"elementor-widget-container\">\n\t\t\t\t\t\t\t\t\t<p style=\"font-weight: 400;\">Mayr GmbH + Co. KG est un sp\u00e9cialiste de la transmission de puissance depuis plus d&rsquo;un si\u00e8cle. Fond\u00e9e en 1897 dans la r\u00e9gion de l&rsquo;Allg\u00e4u, en Allemagne, l&rsquo;entreprise familiale est devenue un leader mondial dans son domaine. Aujourd&rsquo;hui, Mayr emploie plus de 550 personnes dans son si\u00e8ge \u00e0 Mauerstetten et plus de 1 000 employ\u00e9s \u00e0 travers le monde. Reconnue pour son innovation et sa tradition, l&rsquo;entreprise propose une large gamme de produits, notamment des limiteurs de couple, des freins de s\u00e9curit\u00e9, des accouplements sans jeu et des entra\u00eenements \u00e0 courant continu de haute qualit\u00e9, tous con\u00e7us pour r\u00e9pondre aux besoins croissants de diverses industries.   <\/p><p style=\"font-weight: 400;\">Avec une forte pr\u00e9sence internationale, Mayr dispose de huit filiales en Allemagne et de bureaux de vente aux \u00c9tats-Unis, en France, en Grande-Bretagne, en Italie, \u00e0 Singapour et en Suisse. L&rsquo;entreprise collabore \u00e9galement avec 36 repr\u00e9sentants dans diff\u00e9rents pays, garantissant une port\u00e9e mondiale et un service client de qualit\u00e9. Ce r\u00e9seau \u00e9tendu permet \u00e0 Mayr d&rsquo;offrir des solutions sur mesure et de haute qualit\u00e9 \u00e0 une large gamme de secteurs industriels. Sa r\u00e9putation d&rsquo;excellence et son approche ax\u00e9e sur le client en font un partenaire de confiance pour les fabricants de machines renomm\u00e9s \u00e0 travers le monde.   <\/p><p style=\"font-weight: 400;\"><strong>Euromotion distribue les produits MAYR suivants:<\/strong><\/p><ul><li><strong>Limiteurs de couple<\/strong>: Prot\u00e8gent les machines contre les surcharges en se d\u00e9connectant automatiquement lorsque des niveaux de couple pr\u00e9d\u00e9finis sont d\u00e9pass\u00e9s.<\/li><li><strong>Freins<\/strong>: Offrent une puissance de freinage fiable en cas d&rsquo;urgence ou lors d&rsquo;une perte de courant.<\/li><li><strong>Accouplements sans jeu<\/strong>: Assurent une transmission de couple pr\u00e9cise sans jeu, id\u00e9aux pour les applications de haute pr\u00e9cision.<\/li><\/ul>\t\t\t\t\t\t\t\t<\/div>\n\t\t\t\t<\/div>\n\t\t\r\n\t\t\t\t<div class=\"elementor-element elementor-element-66b59ed elementor-widget-divider--view-line elementor-widget elementor-widget-divider\" data-id=\"66b59ed\" data-element_type=\"widget\" data-e-type=\"widget\" data-widget_type=\"divider.default\">\n\t\t\t\t<div class=\"elementor-widget-container\">\n\t\t\t\t\t\t\t<div class=\"elementor-divider\">\n\t\t\t<span class=\"elementor-divider-separator\">\n\t\t\t\t\t\t<\/span>\n\t\t<\/div>\n\t\t\t\t\t\t<\/div>\n\t\t\t\t<\/div>\n\t\t\r\n\t\t\t\t<div class=\"elementor-element elementor-element-b96ab7e elementor-widget elementor-widget-text-editor\" data-id=\"b96ab7e\" data-element_type=\"widget\" data-e-type=\"widget\" data-widget_type=\"text-editor.default\">\n\t\t\t\t<div class=\"elementor-widget-container\">\n\t\t\t\t\t\t\t\t\t<p>Euromotion S.\u00e0.r.l. n&rsquo;est pas un distributeur agr\u00e9\u00e9, un affili\u00e9 ou un repr\u00e9sentant officiel des fabricants mentionn\u00e9s, sauf indication contraire expresse. Les marques, noms commerciaux et enseignes figurant dans ce document sont la propri\u00e9t\u00e9 de leurs d\u00e9tenteurs respectifs. Euromotion S.\u00e0.r.l. agit en tant que distributeur ind\u00e9pendant, proposant des prix comp\u00e9titifs et des d\u00e9lais de livraison r\u00e9duits. Notre expertise technique et notre engagement envers l&rsquo;efficacit\u00e9 logistique font de nous une option attractive et fiable pour l&rsquo;acquisition de produits de la marque Mayr. Pour plus d&rsquo;informations sur notre politique de vente, les retours et les droits des consommateurs, veuillez consulter les sections correspondantes de notre site web.<\/p>\t\t\t\t\t\t\t\t<\/div>\n\t\t\t\t<\/div>\n\t\t\t\t<\/div>\n\t\t\r\n\t\t<div class=\"default no-position show_shadow rs-sticky-default elementor-element elementor-element-16c02c7 e-con-full e-flex e-con e-child\" data-id=\"16c02c7\" data-element_type=\"container\" data-e-type=\"container\">\n\t\t\r\n\t\t<div class=\"default no-position show_shadow rs-sticky-default elementor-element elementor-element-709488b e-con-full e-flex e-con e-child\" data-id=\"709488b\" data-element_type=\"container\" data-e-type=\"container\" data-settings=\"{&quot;background_background&quot;:&quot;classic&quot;}\">\n\t\t\r\n\t\t\t\t<div class=\"elementor-element elementor-element-8d61bd8 elementor-widget elementor-widget-rs-heading\" data-id=\"8d61bd8\" data-element_type=\"widget\" data-e-type=\"widget\" data-widget_type=\"rs-heading.default\">\n\t\t\t\t<div class=\"elementor-widget-container\">\n\t\t\t\t\t\n\t\t<div class=\"prelements-heading default  \">\n\t\t\t<div class=\"title-inner\">\n\t\t\t\t<h3 class=\"title rs-split-text-disable \">Vous avez un<br>projet en<br>t\u00eate ?<\/h3>\n\t\t\t<\/div>\n\t\t\t\t\t<\/div>\n\t\t\t\t<\/div>\n\t\t\t\t<\/div>\n\t\t\r\n\t\t\t\t<div class=\"elementor-element elementor-element-414a469 elementor-widget elementor-widget-rs-button\" data-id=\"414a469\" data-element_type=\"widget\" data-e-type=\"widget\" data-widget_type=\"rs-button.default\">\n\t\t\t\t<div class=\"elementor-widget-container\">\n\t\t\t\t\t\t\t<div class=\"rs-button style1\">\r\n\t\t\t\t\t\t<a class=\"rs-btn\" href=\"https:\/\/euromotion.lu\/fr\/contact-2\/\" >\t\r\n\t\t\t\t<span>Contactez-nous \r\n\t\t\t\t\t\t\t\t\t<em>\r\n\t\t\t\t\t\t<svg xmlns=\"http:\/\/www.w3.org\/2000\/svg\" width=\"18\" height=\"12\" viewBox=\"0 0 18 12\" fill=\"none\"><path fill-rule=\"evenodd\" clip-rule=\"evenodd\" d=\"M0 6C0 5.66249 0.273604 5.38889 0.611111 5.38889L15.0246 5.38889L11.179 1.54323C10.9403 1.30458 10.9403 0.917644 11.179 0.67899C11.4176 0.440336 11.8046 0.440336 12.0432 0.67899L16.9321 5.56788C17.1708 5.80653 17.1708 6.19347 16.9321 6.43212L12.0432 11.321C11.8046 11.5597 11.4176 11.5597 11.179 11.321C10.9403 11.0824 10.9403 10.6954 11.179 10.4568L15.0246 6.61111L0.611111 6.61111C0.273604 6.61111 0 6.33751 0 6Z\" fill=\"white\"><\/path><\/svg>\t\t\t\t\t\t<svg xmlns=\"http:\/\/www.w3.org\/2000\/svg\" width=\"18\" height=\"12\" viewBox=\"0 0 18 12\" fill=\"none\"><path fill-rule=\"evenodd\" clip-rule=\"evenodd\" d=\"M0 6C0 5.66249 0.273604 5.38889 0.611111 5.38889L15.0246 5.38889L11.179 1.54323C10.9403 1.30458 10.9403 0.917644 11.179 0.67899C11.4176 0.440336 11.8046 0.440336 12.0432 0.67899L16.9321 5.56788C17.1708 5.80653 17.1708 6.19347 16.9321 6.43212L12.0432 11.321C11.8046 11.5597 11.4176 11.5597 11.179 11.321C10.9403 11.0824 10.9403 10.6954 11.179 10.4568L15.0246 6.61111L0.611111 6.61111C0.273604 6.61111 0 6.33751 0 6Z\" fill=\"white\"><\/path><\/svg>\t\t\t\t\t<\/em>\t\r\n\t\t\t\t\t\t\t\t<\/span>\r\n\t\t\t<\/a>\r\n\t\t<\/div>\r\n\t\t\t\t<\/div>\n\t\t\t\t<\/div>\n\t\t\t\t<\/div>\n\t\t\t\t<\/div>\n\t\t\t\t\t<\/div>\n\t\t\t\t<\/div>\n\t\t\t\t<\/div>\n\t\t","protected":false},"excerpt":{"rendered":"<p>Mayr GmbH + Co. KG est un sp\u00e9cialiste de la transmission de puissance depuis plus d&rsquo;un si\u00e8cle. Fond\u00e9e en 1897 dans la r\u00e9gion de l&rsquo;Allg\u00e4u, en Allemagne, l&rsquo;entreprise familiale est devenue un leader mondial dans son domaine. Aujourd&rsquo;hui, Mayr emploie plus de 550 personnes dans son si\u00e8ge \u00e0 Mauerstetten et plus de 1 000 employ\u00e9s&#8230;<\/p>\n","protected":false},"author":1,"featured_media":31722,"parent":32098,"menu_order":0,"comment_status":"closed","ping_status":"closed","template":"elementor_header_footer","meta":{"footnotes":""},"class_list":["post-35309","page","type-page","status-publish","has-post-thumbnail","hentry"],"yoast_head":"<!-- This site is optimized with the Yoast SEO plugin v27.5 - https:\/\/yoast.com\/product\/yoast-seo-wordpress\/ -->\n<title>Freins de s\u00e9curit\u00e9, limiteurs de couple et transmission de puissance Mayr | Euromotion<\/title>\n<meta name=\"description\" content=\"D\u00e9couvrez les freins de s\u00e9curit\u00e9 haute performance, les limiteurs de couple et les solutions d&#039;entra\u00eenement Mayr, con\u00e7us pour la s\u00e9curit\u00e9 industrielle et le contr\u00f4le du mouvement. Distribu\u00e9 par Euromotion dans toute l&#039;Europe.\" \/>\n<meta name=\"robots\" content=\"index, follow, max-snippet:-1, max-image-preview:large, max-video-preview:-1\" \/>\n<link rel=\"canonical\" href=\"https:\/\/euromotion.lu\/fr\/marques\/mayr\/\" \/>\n<meta property=\"og:locale\" content=\"fr_FR\" \/>\n<meta property=\"og:type\" content=\"article\" \/>\n<meta property=\"og:title\" content=\"Freins de s\u00e9curit\u00e9, limiteurs de couple et transmission de puissance Mayr | Euromotion\" \/>\n<meta property=\"og:description\" content=\"D\u00e9couvrez les freins de s\u00e9curit\u00e9 haute performance, les limiteurs de couple et les solutions d&#039;entra\u00eenement Mayr, con\u00e7us pour la s\u00e9curit\u00e9 industrielle et le contr\u00f4le du mouvement. Distribu\u00e9 par Euromotion dans toute l&#039;Europe.\" \/>\n<meta property=\"og:url\" content=\"https:\/\/euromotion.lu\/fr\/marques\/mayr\/\" \/>\n<meta property=\"og:site_name\" content=\"EUROMOTION\" \/>\n<meta property=\"article:modified_time\" content=\"2026-05-03T14:11:08+00:00\" \/>\n<meta property=\"og:image\" content=\"https:\/\/euromotion.lu\/wp-content\/uploads\/2026\/03\/Mayr.png\" \/>\n\t<meta property=\"og:image:width\" content=\"396\" \/>\n\t<meta property=\"og:image:height\" content=\"127\" \/>\n\t<meta property=\"og:image:type\" content=\"image\/png\" \/>\n<meta name=\"twitter:card\" content=\"summary_large_image\" \/>\n<meta name=\"twitter:label1\" content=\"Dur\u00e9e de lecture estim\u00e9e\" \/>\n\t<meta name=\"twitter:data1\" content=\"2 minutes\" \/>\n<script type=\"application\/ld+json\" class=\"yoast-schema-graph\">{\"@context\":\"https:\\\/\\\/schema.org\",\"@graph\":[{\"@type\":\"WebPage\",\"@id\":\"https:\\\/\\\/euromotion.lu\\\/fr\\\/marques\\\/mayr\\\/\",\"url\":\"https:\\\/\\\/euromotion.lu\\\/fr\\\/marques\\\/mayr\\\/\",\"name\":\"Freins de s\u00e9curit\u00e9, limiteurs de couple et transmission de puissance Mayr | Euromotion\",\"isPartOf\":{\"@id\":\"https:\\\/\\\/euromotion.lu\\\/fr\\\/#website\"},\"primaryImageOfPage\":{\"@id\":\"https:\\\/\\\/euromotion.lu\\\/fr\\\/marques\\\/mayr\\\/#primaryimage\"},\"image\":{\"@id\":\"https:\\\/\\\/euromotion.lu\\\/fr\\\/marques\\\/mayr\\\/#primaryimage\"},\"thumbnailUrl\":\"https:\\\/\\\/euromotion.lu\\\/wp-content\\\/uploads\\\/2026\\\/03\\\/Mayr.png\",\"datePublished\":\"2026-03-04T08:45:25+00:00\",\"dateModified\":\"2026-05-03T14:11:08+00:00\",\"description\":\"D\u00e9couvrez les freins de s\u00e9curit\u00e9 haute performance, les limiteurs de couple et les solutions d'entra\u00eenement Mayr, con\u00e7us pour la s\u00e9curit\u00e9 industrielle et le contr\u00f4le du mouvement. Distribu\u00e9 par Euromotion dans toute l'Europe.\",\"breadcrumb\":{\"@id\":\"https:\\\/\\\/euromotion.lu\\\/fr\\\/marques\\\/mayr\\\/#breadcrumb\"},\"inLanguage\":\"fr-FR\",\"potentialAction\":[{\"@type\":\"ReadAction\",\"target\":[\"https:\\\/\\\/euromotion.lu\\\/fr\\\/marques\\\/mayr\\\/\"]}]},{\"@type\":\"ImageObject\",\"inLanguage\":\"fr-FR\",\"@id\":\"https:\\\/\\\/euromotion.lu\\\/fr\\\/marques\\\/mayr\\\/#primaryimage\",\"url\":\"https:\\\/\\\/euromotion.lu\\\/wp-content\\\/uploads\\\/2026\\\/03\\\/Mayr.png\",\"contentUrl\":\"https:\\\/\\\/euromotion.lu\\\/wp-content\\\/uploads\\\/2026\\\/03\\\/Mayr.png\",\"width\":396,\"height\":127},{\"@type\":\"BreadcrumbList\",\"@id\":\"https:\\\/\\\/euromotion.lu\\\/fr\\\/marques\\\/mayr\\\/#breadcrumb\",\"itemListElement\":[{\"@type\":\"ListItem\",\"position\":1,\"name\":\"Home\",\"item\":\"https:\\\/\\\/euromotion.lu\\\/fr\\\/accueil\\\/\"},{\"@type\":\"ListItem\",\"position\":2,\"name\":\"Marques\",\"item\":\"https:\\\/\\\/euromotion.lu\\\/fr\\\/marques\\\/\"},{\"@type\":\"ListItem\",\"position\":3,\"name\":\"MAYR\"}]},{\"@type\":\"WebSite\",\"@id\":\"https:\\\/\\\/euromotion.lu\\\/fr\\\/#website\",\"url\":\"https:\\\/\\\/euromotion.lu\\\/fr\\\/\",\"name\":\"Euromotion SARL\",\"description\":\"Industrial Motion &amp; Power Transmission Solutions\",\"publisher\":{\"@id\":\"https:\\\/\\\/euromotion.lu\\\/fr\\\/#organization\"},\"potentialAction\":[{\"@type\":\"SearchAction\",\"target\":{\"@type\":\"EntryPoint\",\"urlTemplate\":\"https:\\\/\\\/euromotion.lu\\\/fr\\\/?s={search_term_string}\"},\"query-input\":{\"@type\":\"PropertyValueSpecification\",\"valueRequired\":true,\"valueName\":\"search_term_string\"}}],\"inLanguage\":\"fr-FR\"},{\"@type\":\"Organization\",\"@id\":\"https:\\\/\\\/euromotion.lu\\\/fr\\\/#organization\",\"name\":\"Euromotion SARL\",\"url\":\"https:\\\/\\\/euromotion.lu\\\/fr\\\/\",\"logo\":{\"@type\":\"ImageObject\",\"inLanguage\":\"fr-FR\",\"@id\":\"https:\\\/\\\/euromotion.lu\\\/fr\\\/#\\\/schema\\\/logo\\\/image\\\/\",\"url\":\"https:\\\/\\\/euromotion.lu\\\/wp-content\\\/uploads\\\/2025\\\/02\\\/Euromotion-Logo.png\",\"contentUrl\":\"https:\\\/\\\/euromotion.lu\\\/wp-content\\\/uploads\\\/2025\\\/02\\\/Euromotion-Logo.png\",\"width\":1859,\"height\":365,\"caption\":\"Euromotion SARL\"},\"image\":{\"@id\":\"https:\\\/\\\/euromotion.lu\\\/fr\\\/#\\\/schema\\\/logo\\\/image\\\/\"}}]}<\/script>\n<!-- \/ Yoast SEO plugin. -->","yoast_head_json":{"title":"Freins de s\u00e9curit\u00e9, limiteurs de couple et transmission de puissance Mayr | Euromotion","description":"D\u00e9couvrez les freins de s\u00e9curit\u00e9 haute performance, les limiteurs de couple et les solutions d'entra\u00eenement Mayr, con\u00e7us pour la s\u00e9curit\u00e9 industrielle et le contr\u00f4le du mouvement. Distribu\u00e9 par Euromotion dans toute l'Europe.","robots":{"index":"index","follow":"follow","max-snippet":"max-snippet:-1","max-image-preview":"max-image-preview:large","max-video-preview":"max-video-preview:-1"},"canonical":"https:\/\/euromotion.lu\/fr\/marques\/mayr\/","og_locale":"fr_FR","og_type":"article","og_title":"Freins de s\u00e9curit\u00e9, limiteurs de couple et transmission de puissance Mayr | Euromotion","og_description":"D\u00e9couvrez les freins de s\u00e9curit\u00e9 haute performance, les limiteurs de couple et les solutions d'entra\u00eenement Mayr, con\u00e7us pour la s\u00e9curit\u00e9 industrielle et le contr\u00f4le du mouvement. Distribu\u00e9 par Euromotion dans toute l'Europe.","og_url":"https:\/\/euromotion.lu\/fr\/marques\/mayr\/","og_site_name":"EUROMOTION","article_modified_time":"2026-05-03T14:11:08+00:00","og_image":[{"width":396,"height":127,"url":"https:\/\/euromotion.lu\/wp-content\/uploads\/2026\/03\/Mayr.png","type":"image\/png"}],"twitter_card":"summary_large_image","twitter_misc":{"Dur\u00e9e de lecture estim\u00e9e":"2 minutes"},"schema":{"@context":"https:\/\/schema.org","@graph":[{"@type":"WebPage","@id":"https:\/\/euromotion.lu\/fr\/marques\/mayr\/","url":"https:\/\/euromotion.lu\/fr\/marques\/mayr\/","name":"Freins de s\u00e9curit\u00e9, limiteurs de couple et transmission de puissance Mayr | Euromotion","isPartOf":{"@id":"https:\/\/euromotion.lu\/fr\/#website"},"primaryImageOfPage":{"@id":"https:\/\/euromotion.lu\/fr\/marques\/mayr\/#primaryimage"},"image":{"@id":"https:\/\/euromotion.lu\/fr\/marques\/mayr\/#primaryimage"},"thumbnailUrl":"https:\/\/euromotion.lu\/wp-content\/uploads\/2026\/03\/Mayr.png","datePublished":"2026-03-04T08:45:25+00:00","dateModified":"2026-05-03T14:11:08+00:00","description":"D\u00e9couvrez les freins de s\u00e9curit\u00e9 haute performance, les limiteurs de couple et les solutions d'entra\u00eenement Mayr, con\u00e7us pour la s\u00e9curit\u00e9 industrielle et le contr\u00f4le du mouvement. Distribu\u00e9 par Euromotion dans toute l'Europe.","breadcrumb":{"@id":"https:\/\/euromotion.lu\/fr\/marques\/mayr\/#breadcrumb"},"inLanguage":"fr-FR","potentialAction":[{"@type":"ReadAction","target":["https:\/\/euromotion.lu\/fr\/marques\/mayr\/"]}]},{"@type":"ImageObject","inLanguage":"fr-FR","@id":"https:\/\/euromotion.lu\/fr\/marques\/mayr\/#primaryimage","url":"https:\/\/euromotion.lu\/wp-content\/uploads\/2026\/03\/Mayr.png","contentUrl":"https:\/\/euromotion.lu\/wp-content\/uploads\/2026\/03\/Mayr.png","width":396,"height":127},{"@type":"BreadcrumbList","@id":"https:\/\/euromotion.lu\/fr\/marques\/mayr\/#breadcrumb","itemListElement":[{"@type":"ListItem","position":1,"name":"Home","item":"https:\/\/euromotion.lu\/fr\/accueil\/"},{"@type":"ListItem","position":2,"name":"Marques","item":"https:\/\/euromotion.lu\/fr\/marques\/"},{"@type":"ListItem","position":3,"name":"MAYR"}]},{"@type":"WebSite","@id":"https:\/\/euromotion.lu\/fr\/#website","url":"https:\/\/euromotion.lu\/fr\/","name":"Euromotion SARL","description":"Industrial Motion &amp; Power Transmission Solutions","publisher":{"@id":"https:\/\/euromotion.lu\/fr\/#organization"},"potentialAction":[{"@type":"SearchAction","target":{"@type":"EntryPoint","urlTemplate":"https:\/\/euromotion.lu\/fr\/?s={search_term_string}"},"query-input":{"@type":"PropertyValueSpecification","valueRequired":true,"valueName":"search_term_string"}}],"inLanguage":"fr-FR"},{"@type":"Organization","@id":"https:\/\/euromotion.lu\/fr\/#organization","name":"Euromotion SARL","url":"https:\/\/euromotion.lu\/fr\/","logo":{"@type":"ImageObject","inLanguage":"fr-FR","@id":"https:\/\/euromotion.lu\/fr\/#\/schema\/logo\/image\/","url":"https:\/\/euromotion.lu\/wp-content\/uploads\/2025\/02\/Euromotion-Logo.png","contentUrl":"https:\/\/euromotion.lu\/wp-content\/uploads\/2025\/02\/Euromotion-Logo.png","width":1859,"height":365,"caption":"Euromotion SARL"},"image":{"@id":"https:\/\/euromotion.lu\/fr\/#\/schema\/logo\/image\/"}}]}},"_links":{"self":[{"href":"https:\/\/euromotion.lu\/fr\/wp-json\/wp\/v2\/pages\/35309","targetHints":{"allow":["GET"]}}],"collection":[{"href":"https:\/\/euromotion.lu\/fr\/wp-json\/wp\/v2\/pages"}],"about":[{"href":"https:\/\/euromotion.lu\/fr\/wp-json\/wp\/v2\/types\/page"}],"author":[{"embeddable":true,"href":"https:\/\/euromotion.lu\/fr\/wp-json\/wp\/v2\/users\/1"}],"replies":[{"embeddable":true,"href":"https:\/\/euromotion.lu\/fr\/wp-json\/wp\/v2\/comments?post=35309"}],"version-history":[{"count":1,"href":"https:\/\/euromotion.lu\/fr\/wp-json\/wp\/v2\/pages\/35309\/revisions"}],"predecessor-version":[{"id":35310,"href":"https:\/\/euromotion.lu\/fr\/wp-json\/wp\/v2\/pages\/35309\/revisions\/35310"}],"up":[{"embeddable":true,"href":"https:\/\/euromotion.lu\/fr\/wp-json\/wp\/v2\/pages\/32098"}],"wp:featuredmedia":[{"embeddable":true,"href":"https:\/\/euromotion.lu\/fr\/wp-json\/wp\/v2\/media\/31722"}],"wp:attachment":[{"href":"https:\/\/euromotion.lu\/fr\/wp-json\/wp\/v2\/media?parent=35309"}],"curies":[{"name":"wp","href":"https:\/\/api.w.org\/{rel}","templated":true}]}}