{"id":35219,"date":"2025-11-20T09:45:36","date_gmt":"2025-11-20T09:45:36","guid":{"rendered":"https:\/\/euromotion.lu\/marques\/hiwin\/"},"modified":"2026-05-02T09:21:11","modified_gmt":"2026-05-02T09:21:11","slug":"hiwin","status":"publish","type":"page","link":"https:\/\/euromotion.lu\/fr\/marques\/hiwin\/","title":{"rendered":"HIWIN"},"content":{"rendered":"\t\t<div data-elementor-type=\"wp-page\" data-elementor-id=\"35219\" class=\"elementor elementor-35219 elementor-30492\">\n\t\t\t\t\r\n\t\t<div class=\"default no-position show_shadow rs-sticky-default elementor-element elementor-element-cd807e6 e-flex e-con-boxed e-con e-parent\" data-id=\"cd807e6\" data-element_type=\"container\" data-e-type=\"container\">\n\t\t\t\t\t<div class=\"e-con-inner\">\n\t\t\r\n\t\t<div class=\"default no-position show_shadow rs-sticky-default elementor-element elementor-element-7d93e59 e-con-full e-flex e-con e-child\" data-id=\"7d93e59\" data-element_type=\"container\" data-e-type=\"container\">\n\t\t\r\n\t\t\t\t<div class=\"elementor-element elementor-element-851b9da elementor-widget elementor-widget-image\" data-id=\"851b9da\" data-element_type=\"widget\" data-e-type=\"widget\" data-widget_type=\"image.default\">\n\t\t\t\t<div class=\"elementor-widget-container\">\n\t\t\t\t\t\t\t\t\t\t\t\t\t\t\t<img decoding=\"async\" width=\"300\" height=\"63\" src=\"https:\/\/euromotion.lu\/wp-content\/uploads\/2025\/11\/Hiwin_logo.svg\" class=\"attachment-medium size-medium wp-image-32069\" alt=\"\" \/>\t\t\t\t\t\t\t\t\t\t\t\t\t\t\t<\/div>\n\t\t\t\t<\/div>\n\t\t\r\n\t\t\t\t<div class=\"elementor-element elementor-element-41d3a92 elementor-widget elementor-widget-text-editor\" data-id=\"41d3a92\" data-element_type=\"widget\" data-e-type=\"widget\" data-widget_type=\"text-editor.default\">\n\t\t\t\t<div class=\"elementor-widget-container\">\n\t\t\t\t\t\t\t\t\t<p data-start=\"0\" data-end=\"506\">Hiwin Technologies Corp., dont le si\u00e8ge est \u00e0 Ta\u00efwan, est une entreprise leader dans la production de syst\u00e8mes de mouvement lin\u00e9aire et de composants de pr\u00e9cision. Fond\u00e9e en 1989, Hiwin a \u00e9tabli un solide h\u00e9ritage dans le d\u00e9veloppement et la fabrication de technologies de mouvement lin\u00e9aire avanc\u00e9es. Son principal objectif est la cr\u00e9ation de syst\u00e8mes de guidage lin\u00e9aire, de vis \u00e0 billes, d&rsquo;actionneurs lin\u00e9aires et de composants connexes utilis\u00e9s dans une large gamme d&rsquo;applications industrielles et d&rsquo;automatisation.  <\/p><p data-start=\"508\" data-end=\"782\">L&rsquo;entreprise est connue pour son engagement envers la qualit\u00e9 et l&rsquo;innovation en ing\u00e9nierie de mouvement lin\u00e9aire. Ses produits sont largement utilis\u00e9s dans des industries telles que l&rsquo;automatisation, les machines CNC, la robotique, l&rsquo;impression 3D et l&rsquo;industrie m\u00e9dicale, o\u00f9 la pr\u00e9cision et la fiabilit\u00e9 sont essentielles. <\/p><p data-start=\"784\" data-end=\"974\">Avec une pr\u00e9sence mondiale, l&rsquo;entreprise continue d&rsquo;\u00eatre un leader dans l&rsquo;industrie des syst\u00e8mes de mouvement lin\u00e9aire, am\u00e9liorant l&rsquo;efficacit\u00e9 et la pr\u00e9cision dans diverses applications industrielles et technologiques.<\/p><p data-start=\"976\" data-end=\"1023\" data-is-last-node=\"\" data-is-only-node=\"\">Euromotion propose les produits Hiwin suivants pour vos besoins :<\/p><ul><li style=\"font-weight: 400;\">Guide lin\u00e9aire (chariot lin\u00e9aire et rail lin\u00e9aire)<\/li><li style=\"font-weight: 400;\">Vis \u00e0 billes<\/li><li style=\"font-weight: 400;\">\u00c9crou de vis \u00e0 billes<\/li><li style=\"font-weight: 400;\">Palier de vis \u00e0 billes<\/li><li style=\"font-weight: 400;\">Actionneur lin\u00e9aire<\/li><li style=\"font-weight: 400;\">Module lin\u00e9aire<\/li><li style=\"font-weight: 400;\">Roulement haute temp\u00e9rature<\/li><li style=\"font-weight: 400;\">Spline \u00e0 billes<\/li><\/ul>\t\t\t\t\t\t\t\t<\/div>\n\t\t\t\t<\/div>\n\t\t\r\n\t\t\t\t<div class=\"elementor-element elementor-element-847cc44 elementor-arrows-position-inside elementor-pagination-position-outside elementor-widget elementor-widget-image-carousel\" data-id=\"847cc44\" data-element_type=\"widget\" data-e-type=\"widget\" data-settings=\"{&quot;slides_to_show&quot;:&quot;3&quot;,&quot;navigation&quot;:&quot;both&quot;,&quot;autoplay&quot;:&quot;yes&quot;,&quot;pause_on_hover&quot;:&quot;yes&quot;,&quot;pause_on_interaction&quot;:&quot;yes&quot;,&quot;autoplay_speed&quot;:5000,&quot;infinite&quot;:&quot;yes&quot;,&quot;speed&quot;:500}\" data-widget_type=\"image-carousel.default\">\n\t\t\t\t<div class=\"elementor-widget-container\">\n\t\t\t\t\t\t\t<div class=\"elementor-image-carousel-wrapper swiper\" role=\"region\" aria-roledescription=\"carousel\" aria-label=\"Image Carousel\" dir=\"ltr\">\n\t\t\t<div class=\"elementor-image-carousel swiper-wrapper\" aria-live=\"off\">\n\t\t\t\t\t\t\t\t<div class=\"swiper-slide\" role=\"group\" aria-roledescription=\"slide\" aria-label=\"1 sur 4\"><figure class=\"swiper-slide-inner\"><img decoding=\"async\" class=\"swiper-slide-image\" src=\"https:\/\/euromotion.lu\/wp-content\/uploads\/2025\/11\/IMG_0173-300x206.jpg\" alt=\"IMG_0173\" \/><\/figure><\/div><div class=\"swiper-slide\" role=\"group\" aria-roledescription=\"slide\" aria-label=\"2 sur 4\"><figure class=\"swiper-slide-inner\"><img decoding=\"async\" class=\"swiper-slide-image\" src=\"https:\/\/euromotion.lu\/wp-content\/uploads\/2025\/11\/IMG_0174-300x300.jpg\" alt=\"IMG_0174\" \/><\/figure><\/div><div class=\"swiper-slide\" role=\"group\" aria-roledescription=\"slide\" aria-label=\"3 sur 4\"><figure class=\"swiper-slide-inner\"><img decoding=\"async\" class=\"swiper-slide-image\" src=\"https:\/\/euromotion.lu\/wp-content\/uploads\/2025\/11\/IMG_0175-300x300.webp\" alt=\"IMG_0175\" \/><\/figure><\/div><div class=\"swiper-slide\" role=\"group\" aria-roledescription=\"slide\" aria-label=\"4 sur 4\"><figure class=\"swiper-slide-inner\"><img decoding=\"async\" class=\"swiper-slide-image\" src=\"https:\/\/euromotion.lu\/wp-content\/uploads\/2025\/11\/IMG_0176-300x300.jpg\" alt=\"IMG_0176\" \/><\/figure><\/div>\t\t\t<\/div>\n\t\t\t\t\t\t\t\t\t\t\t\t<div class=\"elementor-swiper-button elementor-swiper-button-prev\" role=\"button\" tabindex=\"0\">\n\t\t\t\t\t\t<svg aria-hidden=\"true\" class=\"e-font-icon-svg e-eicon-chevron-left\" viewBox=\"0 0 1000 1000\" xmlns=\"http:\/\/www.w3.org\/2000\/svg\"><path d=\"M646 125C629 125 613 133 604 142L308 442C296 454 292 471 292 487 292 504 296 521 308 533L604 854C617 867 629 875 646 875 663 875 679 871 692 858 704 846 713 829 713 812 713 796 708 779 692 767L438 487 692 225C700 217 708 204 708 187 708 171 704 154 692 142 675 129 663 125 646 125Z\"><\/path><\/svg>\t\t\t\t\t<\/div>\n\t\t\t\t\t<div class=\"elementor-swiper-button elementor-swiper-button-next\" role=\"button\" tabindex=\"0\">\n\t\t\t\t\t\t<svg aria-hidden=\"true\" class=\"e-font-icon-svg e-eicon-chevron-right\" viewBox=\"0 0 1000 1000\" xmlns=\"http:\/\/www.w3.org\/2000\/svg\"><path d=\"M696 533C708 521 713 504 713 487 713 471 708 454 696 446L400 146C388 133 375 125 354 125 338 125 325 129 313 142 300 154 292 171 292 187 292 204 296 221 308 233L563 492 304 771C292 783 288 800 288 817 288 833 296 850 308 863 321 871 338 875 354 875 371 875 388 867 400 854L696 533Z\"><\/path><\/svg>\t\t\t\t\t<\/div>\n\t\t\t\t\n\t\t\t\t\t\t\t\t\t<div class=\"swiper-pagination\"><\/div>\n\t\t\t\t\t\t\t\t\t<\/div>\n\t\t\t\t\t\t<\/div>\n\t\t\t\t<\/div>\n\t\t\r\n\t\t\t\t<div class=\"elementor-element elementor-element-66b59ed elementor-widget-divider--view-line elementor-widget elementor-widget-divider\" data-id=\"66b59ed\" data-element_type=\"widget\" data-e-type=\"widget\" data-widget_type=\"divider.default\">\n\t\t\t\t<div class=\"elementor-widget-container\">\n\t\t\t\t\t\t\t<div class=\"elementor-divider\">\n\t\t\t<span class=\"elementor-divider-separator\">\n\t\t\t\t\t\t<\/span>\n\t\t<\/div>\n\t\t\t\t\t\t<\/div>\n\t\t\t\t<\/div>\n\t\t\r\n\t\t\t\t<div class=\"elementor-element elementor-element-b96ab7e elementor-widget elementor-widget-text-editor\" data-id=\"b96ab7e\" data-element_type=\"widget\" data-e-type=\"widget\" data-widget_type=\"text-editor.default\">\n\t\t\t\t<div class=\"elementor-widget-container\">\n\t\t\t\t\t\t\t\t\t<p>EUROMOTION n&rsquo;est pas un distributeur autoris\u00e9, affili\u00e9 ou repr\u00e9sentant officiel des fabricants mentionn\u00e9s, sauf indication expresse contraire. Les marques de commerce, noms commerciaux et marques d\u00e9sign\u00e9es apparaissant ici sont la propri\u00e9t\u00e9 de leurs propri\u00e9taires respectifs. EUROMOTION op\u00e8re en tant que distributeur ind\u00e9pendant, offrant des prix tr\u00e8s comp\u00e9titifs et des d\u00e9lais de livraison courts. Notre focus sur l&rsquo;efficacit\u00e9 logistique et notre exp\u00e9rience technique font de nous une option tr\u00e8s attrayante et fiable pour l&rsquo;achat de produits de la marque HIWIN.<\/p>\t\t\t\t\t\t\t\t<\/div>\n\t\t\t\t<\/div>\n\t\t\t\t<\/div>\n\t\t\r\n\t\t<div class=\"default no-position show_shadow rs-sticky-default elementor-element elementor-element-16c02c7 e-con-full e-flex e-con e-child\" data-id=\"16c02c7\" data-element_type=\"container\" data-e-type=\"container\">\n\t\t\r\n\t\t<div class=\"default no-position show_shadow rs-sticky-default elementor-element elementor-element-3a12b79 e-con-full e-flex e-con e-child\" data-id=\"3a12b79\" data-element_type=\"container\" data-e-type=\"container\" data-settings=\"{&quot;background_background&quot;:&quot;classic&quot;}\">\n\t\t\r\n\t\t\t\t<div class=\"elementor-element elementor-element-4608d3a elementor-widget elementor-widget-heading\" data-id=\"4608d3a\" data-element_type=\"widget\" data-e-type=\"widget\" data-widget_type=\"heading.default\">\n\t\t\t\t<div class=\"elementor-widget-container\">\n\t\t\t\t\t<h3 class=\"elementor-heading-title elementor-size-default\">Catalogues de produits<\/h3>\t\t\t\t<\/div>\n\t\t\t\t<\/div>\n\t\t\r\n\t\t\t\t<div class=\"elementor-element elementor-element-acbe9ca elementor-widget elementor-widget-rsbrochures\" data-id=\"acbe9ca\" data-element_type=\"widget\" data-e-type=\"widget\" data-widget_type=\"rsbrochures.default\">\n\t\t\t\t<div class=\"elementor-widget-container\">\n\t\t\t\t\t \n\n        <div class=\"rs-brochures\">\n\n            <div class=\"brochures-content\">\n                                    <ul class=\"rs-features-list\">\n                                                    <li class=\"elementor-repeater-item-96325cb\">\n                                \n                                <a href=\"https:\/\/euromotion.lu\/wp-content\/uploads\/2025\/11\/Hiwin-Linear-Guideways-2021.pdf\" >\n                                    <div class=\"brochures-left\">\n                                                                                    <div class=\"list-brochures-img\">\n                                                <img decoding=\"async\" src=\"https:\/\/industrie.rstheme.com\/manufacturing\/wp-content\/uploads\/2024\/02\/pdf.svg\" alt=\"image\">\n                                            <\/div>\n                                        \n                                        <div class=\"list-feature-content\">\n                                            <span class=\"rs-feature-text\">HIWIN Linear Guideways<\/span>\n                                        <\/div>\n\n                                    <\/div>\n\n                                    <div class=\"brochures-right\">\n                                                                                    <div class=\"list-brochures-img\">\n                                                <img decoding=\"async\" src=\"https:\/\/industrie.rstheme.com\/manufacturing\/wp-content\/uploads\/2024\/02\/down_pdf.svg\" alt=\"image\">\n                                            <\/div>\n                                                                            <\/div>\n                                <\/a>\n                            <\/li>\n                                            <\/ul>\n                            <\/div>  \n\n        <\/div>\n        \t\t\t\t<\/div>\n\t\t\t\t<\/div>\n\t\t\t\t<\/div>\n\t\t\r\n\t\t<div class=\"default no-position show_shadow rs-sticky-default elementor-element elementor-element-709488b e-con-full e-flex e-con e-child\" data-id=\"709488b\" data-element_type=\"container\" data-e-type=\"container\" data-settings=\"{&quot;background_background&quot;:&quot;classic&quot;}\">\n\t\t\r\n\t\t\t\t<div class=\"elementor-element elementor-element-8d61bd8 elementor-widget elementor-widget-rs-heading\" data-id=\"8d61bd8\" data-element_type=\"widget\" data-e-type=\"widget\" data-widget_type=\"rs-heading.default\">\n\t\t\t\t<div class=\"elementor-widget-container\">\n\t\t\t\t\t\n\t\t<div class=\"prelements-heading default  \">\n\t\t\t<div class=\"title-inner\">\n\t\t\t\t<h3 class=\"title rs-split-text-disable \">Vous avez un<br>projet en<br>t\u00eate ?<\/h3>\n\t\t\t<\/div>\n\t\t\t\t\t<\/div>\n\t\t\t\t<\/div>\n\t\t\t\t<\/div>\n\t\t\r\n\t\t\t\t<div class=\"elementor-element elementor-element-414a469 elementor-widget elementor-widget-rs-button\" data-id=\"414a469\" data-element_type=\"widget\" data-e-type=\"widget\" data-widget_type=\"rs-button.default\">\n\t\t\t\t<div class=\"elementor-widget-container\">\n\t\t\t\t\t\t\t<div class=\"rs-button style1\">\r\n\t\t\t\t\t\t<a class=\"rs-btn\" href=\"https:\/\/euromotion.lu\/fr\/contact-2\/\" >\t\r\n\t\t\t\t<span>Contactez-nous \r\n\t\t\t\t\t\t\t\t\t<em>\r\n\t\t\t\t\t\t<svg xmlns=\"http:\/\/www.w3.org\/2000\/svg\" width=\"18\" height=\"12\" viewBox=\"0 0 18 12\" fill=\"none\"><path fill-rule=\"evenodd\" clip-rule=\"evenodd\" d=\"M0 6C0 5.66249 0.273604 5.38889 0.611111 5.38889L15.0246 5.38889L11.179 1.54323C10.9403 1.30458 10.9403 0.917644 11.179 0.67899C11.4176 0.440336 11.8046 0.440336 12.0432 0.67899L16.9321 5.56788C17.1708 5.80653 17.1708 6.19347 16.9321 6.43212L12.0432 11.321C11.8046 11.5597 11.4176 11.5597 11.179 11.321C10.9403 11.0824 10.9403 10.6954 11.179 10.4568L15.0246 6.61111L0.611111 6.61111C0.273604 6.61111 0 6.33751 0 6Z\" fill=\"white\"><\/path><\/svg>\t\t\t\t\t\t<svg xmlns=\"http:\/\/www.w3.org\/2000\/svg\" width=\"18\" height=\"12\" viewBox=\"0 0 18 12\" fill=\"none\"><path fill-rule=\"evenodd\" clip-rule=\"evenodd\" d=\"M0 6C0 5.66249 0.273604 5.38889 0.611111 5.38889L15.0246 5.38889L11.179 1.54323C10.9403 1.30458 10.9403 0.917644 11.179 0.67899C11.4176 0.440336 11.8046 0.440336 12.0432 0.67899L16.9321 5.56788C17.1708 5.80653 17.1708 6.19347 16.9321 6.43212L12.0432 11.321C11.8046 11.5597 11.4176 11.5597 11.179 11.321C10.9403 11.0824 10.9403 10.6954 11.179 10.4568L15.0246 6.61111L0.611111 6.61111C0.273604 6.61111 0 6.33751 0 6Z\" fill=\"white\"><\/path><\/svg>\t\t\t\t\t<\/em>\t\r\n\t\t\t\t\t\t\t\t<\/span>\r\n\t\t\t<\/a>\r\n\t\t<\/div>\r\n\t\t\t\t<\/div>\n\t\t\t\t<\/div>\n\t\t\t\t<\/div>\n\t\t\t\t<\/div>\n\t\t\t\t\t<\/div>\n\t\t\t\t<\/div>\n\t\t\t\t<\/div>\n\t\t","protected":false},"excerpt":{"rendered":"<p>Hiwin Technologies Corp., dont le si\u00e8ge est \u00e0 Ta\u00efwan, est une entreprise leader dans la production de syst\u00e8mes de mouvement lin\u00e9aire et de composants de pr\u00e9cision. Fond\u00e9e en 1989, Hiwin a \u00e9tabli un solide h\u00e9ritage dans le d\u00e9veloppement et la fabrication de technologies de mouvement lin\u00e9aire avanc\u00e9es. Son principal objectif est la cr\u00e9ation de syst\u00e8mes&#8230;<\/p>\n","protected":false},"author":1,"featured_media":30494,"parent":32098,"menu_order":0,"comment_status":"closed","ping_status":"closed","template":"elementor_header_footer","meta":{"footnotes":""},"class_list":["post-35219","page","type-page","status-publish","has-post-thumbnail","hentry"],"yoast_head":"<!-- This site is optimized with the Yoast SEO plugin v27.5 - https:\/\/yoast.com\/product\/yoast-seo-wordpress\/ -->\n<title>Syst\u00e8mes de guidage lin\u00e9aire, glissi\u00e8res LM et vis \u00e0 billes HIWIN | Euromotion<\/title>\n<meta name=\"description\" content=\"D\u00e9couvrez les syst\u00e8mes de guidage lin\u00e9aire, les guidages LM et les vis \u00e0 billes HIWIN, con\u00e7us pour l&#039;automatisation, les machines \u00e0 commande num\u00e9rique et les applications industrielles. Distribu\u00e9 par Euromotion dans toute l&#039;Europe.\" \/>\n<meta name=\"robots\" content=\"index, follow, max-snippet:-1, max-image-preview:large, max-video-preview:-1\" \/>\n<link rel=\"canonical\" href=\"https:\/\/euromotion.lu\/fr\/marques\/hiwin\/\" \/>\n<meta property=\"og:locale\" content=\"fr_FR\" \/>\n<meta property=\"og:type\" content=\"article\" \/>\n<meta property=\"og:title\" content=\"Syst\u00e8mes de guidage lin\u00e9aire, glissi\u00e8res LM et vis \u00e0 billes HIWIN | Euromotion\" \/>\n<meta property=\"og:description\" content=\"D\u00e9couvrez les syst\u00e8mes de guidage lin\u00e9aire, les guidages LM et les vis \u00e0 billes HIWIN, con\u00e7us pour l&#039;automatisation, les machines \u00e0 commande num\u00e9rique et les applications industrielles. Distribu\u00e9 par Euromotion dans toute l&#039;Europe.\" \/>\n<meta property=\"og:url\" content=\"https:\/\/euromotion.lu\/fr\/marques\/hiwin\/\" \/>\n<meta property=\"og:site_name\" content=\"EUROMOTION\" \/>\n<meta property=\"article:modified_time\" content=\"2026-05-02T09:21:11+00:00\" \/>\n<meta name=\"twitter:card\" content=\"summary_large_image\" \/>\n<meta name=\"twitter:label1\" content=\"Dur\u00e9e de lecture estim\u00e9e\" \/>\n\t<meta name=\"twitter:data1\" content=\"2 minutes\" \/>\n<script type=\"application\/ld+json\" class=\"yoast-schema-graph\">{\"@context\":\"https:\\\/\\\/schema.org\",\"@graph\":[{\"@type\":\"WebPage\",\"@id\":\"https:\\\/\\\/euromotion.lu\\\/fr\\\/marques\\\/hiwin\\\/\",\"url\":\"https:\\\/\\\/euromotion.lu\\\/fr\\\/marques\\\/hiwin\\\/\",\"name\":\"Syst\u00e8mes de guidage lin\u00e9aire, glissi\u00e8res LM et vis \u00e0 billes HIWIN | Euromotion\",\"isPartOf\":{\"@id\":\"https:\\\/\\\/euromotion.lu\\\/fr\\\/#website\"},\"primaryImageOfPage\":{\"@id\":\"https:\\\/\\\/euromotion.lu\\\/fr\\\/marques\\\/hiwin\\\/#primaryimage\"},\"image\":{\"@id\":\"https:\\\/\\\/euromotion.lu\\\/fr\\\/marques\\\/hiwin\\\/#primaryimage\"},\"thumbnailUrl\":\"https:\\\/\\\/euromotion.lu\\\/wp-content\\\/uploads\\\/2025\\\/11\\\/Hiwin_logo.svg\",\"datePublished\":\"2025-11-20T09:45:36+00:00\",\"dateModified\":\"2026-05-02T09:21:11+00:00\",\"description\":\"D\u00e9couvrez les syst\u00e8mes de guidage lin\u00e9aire, les guidages LM et les vis \u00e0 billes HIWIN, con\u00e7us pour l'automatisation, les machines \u00e0 commande num\u00e9rique et les applications industrielles. Distribu\u00e9 par Euromotion dans toute l'Europe.\",\"breadcrumb\":{\"@id\":\"https:\\\/\\\/euromotion.lu\\\/fr\\\/marques\\\/hiwin\\\/#breadcrumb\"},\"inLanguage\":\"fr-FR\",\"potentialAction\":[{\"@type\":\"ReadAction\",\"target\":[\"https:\\\/\\\/euromotion.lu\\\/fr\\\/marques\\\/hiwin\\\/\"]}]},{\"@type\":\"ImageObject\",\"inLanguage\":\"fr-FR\",\"@id\":\"https:\\\/\\\/euromotion.lu\\\/fr\\\/marques\\\/hiwin\\\/#primaryimage\",\"url\":\"https:\\\/\\\/euromotion.lu\\\/wp-content\\\/uploads\\\/2025\\\/11\\\/Hiwin_logo.svg\",\"contentUrl\":\"https:\\\/\\\/euromotion.lu\\\/wp-content\\\/uploads\\\/2025\\\/11\\\/Hiwin_logo.svg\",\"width\":1024,\"height\":215},{\"@type\":\"BreadcrumbList\",\"@id\":\"https:\\\/\\\/euromotion.lu\\\/fr\\\/marques\\\/hiwin\\\/#breadcrumb\",\"itemListElement\":[{\"@type\":\"ListItem\",\"position\":1,\"name\":\"Home\",\"item\":\"https:\\\/\\\/euromotion.lu\\\/fr\\\/accueil\\\/\"},{\"@type\":\"ListItem\",\"position\":2,\"name\":\"Marques\",\"item\":\"https:\\\/\\\/euromotion.lu\\\/fr\\\/marques\\\/\"},{\"@type\":\"ListItem\",\"position\":3,\"name\":\"HIWIN\"}]},{\"@type\":\"WebSite\",\"@id\":\"https:\\\/\\\/euromotion.lu\\\/fr\\\/#website\",\"url\":\"https:\\\/\\\/euromotion.lu\\\/fr\\\/\",\"name\":\"Euromotion SARL\",\"description\":\"Industrial Motion &amp; Power Transmission Solutions\",\"publisher\":{\"@id\":\"https:\\\/\\\/euromotion.lu\\\/fr\\\/#organization\"},\"potentialAction\":[{\"@type\":\"SearchAction\",\"target\":{\"@type\":\"EntryPoint\",\"urlTemplate\":\"https:\\\/\\\/euromotion.lu\\\/fr\\\/?s={search_term_string}\"},\"query-input\":{\"@type\":\"PropertyValueSpecification\",\"valueRequired\":true,\"valueName\":\"search_term_string\"}}],\"inLanguage\":\"fr-FR\"},{\"@type\":\"Organization\",\"@id\":\"https:\\\/\\\/euromotion.lu\\\/fr\\\/#organization\",\"name\":\"Euromotion SARL\",\"url\":\"https:\\\/\\\/euromotion.lu\\\/fr\\\/\",\"logo\":{\"@type\":\"ImageObject\",\"inLanguage\":\"fr-FR\",\"@id\":\"https:\\\/\\\/euromotion.lu\\\/fr\\\/#\\\/schema\\\/logo\\\/image\\\/\",\"url\":\"https:\\\/\\\/euromotion.lu\\\/wp-content\\\/uploads\\\/2025\\\/02\\\/Euromotion-Logo.png\",\"contentUrl\":\"https:\\\/\\\/euromotion.lu\\\/wp-content\\\/uploads\\\/2025\\\/02\\\/Euromotion-Logo.png\",\"width\":1859,\"height\":365,\"caption\":\"Euromotion SARL\"},\"image\":{\"@id\":\"https:\\\/\\\/euromotion.lu\\\/fr\\\/#\\\/schema\\\/logo\\\/image\\\/\"}}]}<\/script>\n<!-- \/ Yoast SEO plugin. -->","yoast_head_json":{"title":"Syst\u00e8mes de guidage lin\u00e9aire, glissi\u00e8res LM et vis \u00e0 billes HIWIN | Euromotion","description":"D\u00e9couvrez les syst\u00e8mes de guidage lin\u00e9aire, les guidages LM et les vis \u00e0 billes HIWIN, con\u00e7us pour l'automatisation, les machines \u00e0 commande num\u00e9rique et les applications industrielles. Distribu\u00e9 par Euromotion dans toute l'Europe.","robots":{"index":"index","follow":"follow","max-snippet":"max-snippet:-1","max-image-preview":"max-image-preview:large","max-video-preview":"max-video-preview:-1"},"canonical":"https:\/\/euromotion.lu\/fr\/marques\/hiwin\/","og_locale":"fr_FR","og_type":"article","og_title":"Syst\u00e8mes de guidage lin\u00e9aire, glissi\u00e8res LM et vis \u00e0 billes HIWIN | Euromotion","og_description":"D\u00e9couvrez les syst\u00e8mes de guidage lin\u00e9aire, les guidages LM et les vis \u00e0 billes HIWIN, con\u00e7us pour l'automatisation, les machines \u00e0 commande num\u00e9rique et les applications industrielles. Distribu\u00e9 par Euromotion dans toute l'Europe.","og_url":"https:\/\/euromotion.lu\/fr\/marques\/hiwin\/","og_site_name":"EUROMOTION","article_modified_time":"2026-05-02T09:21:11+00:00","twitter_card":"summary_large_image","twitter_misc":{"Dur\u00e9e de lecture estim\u00e9e":"2 minutes"},"schema":{"@context":"https:\/\/schema.org","@graph":[{"@type":"WebPage","@id":"https:\/\/euromotion.lu\/fr\/marques\/hiwin\/","url":"https:\/\/euromotion.lu\/fr\/marques\/hiwin\/","name":"Syst\u00e8mes de guidage lin\u00e9aire, glissi\u00e8res LM et vis \u00e0 billes HIWIN | Euromotion","isPartOf":{"@id":"https:\/\/euromotion.lu\/fr\/#website"},"primaryImageOfPage":{"@id":"https:\/\/euromotion.lu\/fr\/marques\/hiwin\/#primaryimage"},"image":{"@id":"https:\/\/euromotion.lu\/fr\/marques\/hiwin\/#primaryimage"},"thumbnailUrl":"https:\/\/euromotion.lu\/wp-content\/uploads\/2025\/11\/Hiwin_logo.svg","datePublished":"2025-11-20T09:45:36+00:00","dateModified":"2026-05-02T09:21:11+00:00","description":"D\u00e9couvrez les syst\u00e8mes de guidage lin\u00e9aire, les guidages LM et les vis \u00e0 billes HIWIN, con\u00e7us pour l'automatisation, les machines \u00e0 commande num\u00e9rique et les applications industrielles. Distribu\u00e9 par Euromotion dans toute l'Europe.","breadcrumb":{"@id":"https:\/\/euromotion.lu\/fr\/marques\/hiwin\/#breadcrumb"},"inLanguage":"fr-FR","potentialAction":[{"@type":"ReadAction","target":["https:\/\/euromotion.lu\/fr\/marques\/hiwin\/"]}]},{"@type":"ImageObject","inLanguage":"fr-FR","@id":"https:\/\/euromotion.lu\/fr\/marques\/hiwin\/#primaryimage","url":"https:\/\/euromotion.lu\/wp-content\/uploads\/2025\/11\/Hiwin_logo.svg","contentUrl":"https:\/\/euromotion.lu\/wp-content\/uploads\/2025\/11\/Hiwin_logo.svg","width":1024,"height":215},{"@type":"BreadcrumbList","@id":"https:\/\/euromotion.lu\/fr\/marques\/hiwin\/#breadcrumb","itemListElement":[{"@type":"ListItem","position":1,"name":"Home","item":"https:\/\/euromotion.lu\/fr\/accueil\/"},{"@type":"ListItem","position":2,"name":"Marques","item":"https:\/\/euromotion.lu\/fr\/marques\/"},{"@type":"ListItem","position":3,"name":"HIWIN"}]},{"@type":"WebSite","@id":"https:\/\/euromotion.lu\/fr\/#website","url":"https:\/\/euromotion.lu\/fr\/","name":"Euromotion SARL","description":"Industrial Motion &amp; Power Transmission Solutions","publisher":{"@id":"https:\/\/euromotion.lu\/fr\/#organization"},"potentialAction":[{"@type":"SearchAction","target":{"@type":"EntryPoint","urlTemplate":"https:\/\/euromotion.lu\/fr\/?s={search_term_string}"},"query-input":{"@type":"PropertyValueSpecification","valueRequired":true,"valueName":"search_term_string"}}],"inLanguage":"fr-FR"},{"@type":"Organization","@id":"https:\/\/euromotion.lu\/fr\/#organization","name":"Euromotion SARL","url":"https:\/\/euromotion.lu\/fr\/","logo":{"@type":"ImageObject","inLanguage":"fr-FR","@id":"https:\/\/euromotion.lu\/fr\/#\/schema\/logo\/image\/","url":"https:\/\/euromotion.lu\/wp-content\/uploads\/2025\/02\/Euromotion-Logo.png","contentUrl":"https:\/\/euromotion.lu\/wp-content\/uploads\/2025\/02\/Euromotion-Logo.png","width":1859,"height":365,"caption":"Euromotion SARL"},"image":{"@id":"https:\/\/euromotion.lu\/fr\/#\/schema\/logo\/image\/"}}]}},"_links":{"self":[{"href":"https:\/\/euromotion.lu\/fr\/wp-json\/wp\/v2\/pages\/35219","targetHints":{"allow":["GET"]}}],"collection":[{"href":"https:\/\/euromotion.lu\/fr\/wp-json\/wp\/v2\/pages"}],"about":[{"href":"https:\/\/euromotion.lu\/fr\/wp-json\/wp\/v2\/types\/page"}],"author":[{"embeddable":true,"href":"https:\/\/euromotion.lu\/fr\/wp-json\/wp\/v2\/users\/1"}],"replies":[{"embeddable":true,"href":"https:\/\/euromotion.lu\/fr\/wp-json\/wp\/v2\/comments?post=35219"}],"version-history":[{"count":1,"href":"https:\/\/euromotion.lu\/fr\/wp-json\/wp\/v2\/pages\/35219\/revisions"}],"predecessor-version":[{"id":35220,"href":"https:\/\/euromotion.lu\/fr\/wp-json\/wp\/v2\/pages\/35219\/revisions\/35220"}],"up":[{"embeddable":true,"href":"https:\/\/euromotion.lu\/fr\/wp-json\/wp\/v2\/pages\/32098"}],"wp:featuredmedia":[{"embeddable":true,"href":"https:\/\/euromotion.lu\/fr\/wp-json\/wp\/v2\/media\/30494"}],"wp:attachment":[{"href":"https:\/\/euromotion.lu\/fr\/wp-json\/wp\/v2\/media?parent=35219"}],"curies":[{"name":"wp","href":"https:\/\/api.w.org\/{rel}","templated":true}]}}