{"id":35207,"date":"2025-11-18T14:43:25","date_gmt":"2025-11-18T14:43:25","guid":{"rendered":"https:\/\/euromotion.lu\/marques\/fag\/"},"modified":"2026-05-01T20:59:26","modified_gmt":"2026-05-01T20:59:26","slug":"fag","status":"publish","type":"page","link":"https:\/\/euromotion.lu\/fr\/marques\/fag\/","title":{"rendered":"FAG"},"content":{"rendered":"\t\t<div data-elementor-type=\"wp-page\" data-elementor-id=\"35207\" class=\"elementor elementor-35207 elementor-30444\">\n\t\t\t\t\r\n\t\t<div class=\"default no-position show_shadow rs-sticky-default elementor-element elementor-element-cd807e6 e-flex e-con-boxed e-con e-parent\" data-id=\"cd807e6\" data-element_type=\"container\" data-e-type=\"container\">\n\t\t\t\t\t<div class=\"e-con-inner\">\n\t\t\r\n\t\t<div class=\"default no-position show_shadow rs-sticky-default elementor-element elementor-element-7d93e59 e-con-full e-flex e-con e-child\" data-id=\"7d93e59\" data-element_type=\"container\" data-e-type=\"container\">\n\t\t\r\n\t\t\t\t<div class=\"elementor-element elementor-element-851b9da elementor-widget elementor-widget-image\" data-id=\"851b9da\" data-element_type=\"widget\" data-e-type=\"widget\" data-widget_type=\"image.default\">\n\t\t\t\t<div class=\"elementor-widget-container\">\n\t\t\t\t\t\t\t\t\t\t\t\t\t\t\t<img decoding=\"async\" width=\"300\" height=\"126\" src=\"https:\/\/euromotion.lu\/wp-content\/uploads\/2025\/11\/Logo-FAG-300x126.png\" class=\"attachment-medium size-medium wp-image-32065\" alt=\"\" srcset=\"https:\/\/euromotion.lu\/wp-content\/uploads\/2025\/11\/Logo-FAG-300x126.png 300w, https:\/\/euromotion.lu\/wp-content\/uploads\/2025\/11\/Logo-FAG.png 539w\" sizes=\"(max-width: 300px) 100vw, 300px\" \/>\t\t\t\t\t\t\t\t\t\t\t\t\t\t\t<\/div>\n\t\t\t\t<\/div>\n\t\t\r\n\t\t\t\t<div class=\"elementor-element elementor-element-41d3a92 elementor-widget elementor-widget-text-editor\" data-id=\"41d3a92\" data-element_type=\"widget\" data-e-type=\"widget\" data-widget_type=\"text-editor.default\">\n\t\t\t\t<div class=\"elementor-widget-container\">\n\t\t\t\t\t\t\t\t\t<p>FAG, ou Fischers Aktien-Gesellschaft, est une marque embl\u00e9matique de roulements avec une histoire riche remontant \u00e0 1883, lorsque August Fischer a fond\u00e9 l&rsquo;entreprise en Allemagne. Depuis lors, elle est devenue un leader mondial dans la fabrication de roulements de haute pr\u00e9cision et de qualit\u00e9. La gamme de produits de FAG comprend des roulements \u00e0 billes et \u00e0 rouleaux pour une grande vari\u00e9t\u00e9 d&rsquo;applications industrielles, automobiles et a\u00e9rospatiales. Leur engagement envers l&rsquo;innovation et l&rsquo;excellence en ing\u00e9nierie les a positionn\u00e9s comme une r\u00e9f\u00e9rence dans l&rsquo;industrie, fournissant des solutions fiables et durables pour la transmission du mouvement \u00e0 l&rsquo;\u00e9chelle mondiale.<span class=\"Apple-converted-space\"> <\/span><\/p><p>Actuellement, FAG fait partie int\u00e9grante du groupe Schaeffler, aux c\u00f4t\u00e9s de la marque INA, consolidant ainsi leur leadership dans l&rsquo;industrie des roulements et des syst\u00e8mes de mouvement \u00e0 l&rsquo;\u00e9chelle mondiale.<\/p><p>Euromotion commercialise les produits FAG suivants :<\/p><ul><li>Roulement \u00e0 billes<\/li><li>Roulement \u00e0 rouleaux coniques<\/li><li>Roulement \u00e0 rouleaux cylindriques<\/li><li>Roulement \u00e0 rotule sur rouleaux<\/li><li>Roulement \u00e0 aiguilles<\/li><li>Roulement de broche de pr\u00e9cision<\/li><li>Roulement en c\u00e9ramique<\/li><li>Roulement fendu<\/li><\/ul>\t\t\t\t\t\t\t\t<\/div>\n\t\t\t\t<\/div>\n\t\t\r\n\t\t\t\t<div class=\"elementor-element elementor-element-66b59ed elementor-widget-divider--view-line elementor-widget elementor-widget-divider\" data-id=\"66b59ed\" data-element_type=\"widget\" data-e-type=\"widget\" data-widget_type=\"divider.default\">\n\t\t\t\t<div class=\"elementor-widget-container\">\n\t\t\t\t\t\t\t<div class=\"elementor-divider\">\n\t\t\t<span class=\"elementor-divider-separator\">\n\t\t\t\t\t\t<\/span>\n\t\t<\/div>\n\t\t\t\t\t\t<\/div>\n\t\t\t\t<\/div>\n\t\t\r\n\t\t\t\t<div class=\"elementor-element elementor-element-b96ab7e elementor-widget elementor-widget-text-editor\" data-id=\"b96ab7e\" data-element_type=\"widget\" data-e-type=\"widget\" data-widget_type=\"text-editor.default\">\n\t\t\t\t<div class=\"elementor-widget-container\">\n\t\t\t\t\t\t\t\t\t<p>EUROMOTION n&rsquo;est pas un distributeur autoris\u00e9, affili\u00e9 ou repr\u00e9sentant officiel des fabricants mentionn\u00e9s, sauf indication expresse contraire. Les marques de commerce, noms commerciaux et marques d\u00e9sign\u00e9es apparaissant ici sont la propri\u00e9t\u00e9 de leurs propri\u00e9taires respectifs. EUROMOTION op\u00e8re en tant que distributeur ind\u00e9pendant, offrant des prix tr\u00e8s comp\u00e9titifs et des d\u00e9lais de livraison courts. Notre focus sur l&rsquo;efficacit\u00e9 logistique et notre exp\u00e9rience technique font de nous une option tr\u00e8s attrayante et fiable pour l&rsquo;achat de produits de la marque FAG.<\/p>\t\t\t\t\t\t\t\t<\/div>\n\t\t\t\t<\/div>\n\t\t\t\t<\/div>\n\t\t\r\n\t\t<div class=\"default no-position show_shadow rs-sticky-default elementor-element elementor-element-16c02c7 e-con-full e-flex e-con e-child\" data-id=\"16c02c7\" data-element_type=\"container\" data-e-type=\"container\">\n\t\t\r\n\t\t<div class=\"default no-position show_shadow rs-sticky-default elementor-element elementor-element-3a12b79 e-con-full e-flex e-con e-child\" data-id=\"3a12b79\" data-element_type=\"container\" data-e-type=\"container\" data-settings=\"{&quot;background_background&quot;:&quot;classic&quot;}\">\n\t\t\r\n\t\t\t\t<div class=\"elementor-element elementor-element-4608d3a elementor-widget elementor-widget-heading\" data-id=\"4608d3a\" data-element_type=\"widget\" data-e-type=\"widget\" data-widget_type=\"heading.default\">\n\t\t\t\t<div class=\"elementor-widget-container\">\n\t\t\t\t\t<h3 class=\"elementor-heading-title elementor-size-default\">Catalogues de produits<\/h3>\t\t\t\t<\/div>\n\t\t\t\t<\/div>\n\t\t\r\n\t\t\t\t<div class=\"elementor-element elementor-element-acbe9ca elementor-widget elementor-widget-rsbrochures\" data-id=\"acbe9ca\" data-element_type=\"widget\" data-e-type=\"widget\" data-widget_type=\"rsbrochures.default\">\n\t\t\t\t<div class=\"elementor-widget-container\">\n\t\t\t\t\t \n\n        <div class=\"rs-brochures\">\n\n            <div class=\"brochures-content\">\n                                    <ul class=\"rs-features-list\">\n                                                    <li class=\"elementor-repeater-item-96325cb\">\n                                \n                                <a href=\"https:\/\/euromotion.lu\/wp-admin\/upload.php?item=30447\" >\n                                    <div class=\"brochures-left\">\n                                                                                    <div class=\"list-brochures-img\">\n                                                <img decoding=\"async\" src=\"https:\/\/industrie.rstheme.com\/manufacturing\/wp-content\/uploads\/2024\/02\/pdf.svg\" alt=\"image\">\n                                            <\/div>\n                                        \n                                        <div class=\"list-feature-content\">\n                                            <span class=\"rs-feature-text\">FAG Current Insulating Bearings<\/span>\n                                        <\/div>\n\n                                    <\/div>\n\n                                    <div class=\"brochures-right\">\n                                                                                    <div class=\"list-brochures-img\">\n                                                <img decoding=\"async\" src=\"https:\/\/industrie.rstheme.com\/manufacturing\/wp-content\/uploads\/2024\/02\/down_pdf.svg\" alt=\"image\">\n                                            <\/div>\n                                                                            <\/div>\n                                <\/a>\n                            <\/li>\n                                                    <li class=\"elementor-repeater-item-aeb81f5\">\n                                \n                                <a href=\"https:\/\/euromotion.lu\/wp-content\/uploads\/2025\/11\/FAG-Rolling-mill-bearings.pdf\" >\n                                    <div class=\"brochures-left\">\n                                                                                    <div class=\"list-brochures-img\">\n                                                <img decoding=\"async\" src=\"https:\/\/industrie.rstheme.com\/manufacturing\/wp-content\/uploads\/2024\/02\/pdf.svg\" alt=\"image\">\n                                            <\/div>\n                                        \n                                        <div class=\"list-feature-content\">\n                                            <span class=\"rs-feature-text\">FAG Rollings Bearings for Rolling Mills<\/span>\n                                        <\/div>\n\n                                    <\/div>\n\n                                    <div class=\"brochures-right\">\n                                                                                    <div class=\"list-brochures-img\">\n                                                <img decoding=\"async\" src=\"https:\/\/industrie.rstheme.com\/manufacturing\/wp-content\/uploads\/2024\/02\/down_pdf.svg\" alt=\"image\">\n                                            <\/div>\n                                                                            <\/div>\n                                <\/a>\n                            <\/li>\n                                                    <li class=\"elementor-repeater-item-a02bb3e\">\n                                \n                                <a href=\"https:\/\/euromotion.lu\/wp-content\/uploads\/2025\/11\/FAG-split-sphercial-roller-bearimgs.pdf\" >\n                                    <div class=\"brochures-left\">\n                                                                                    <div class=\"list-brochures-img\">\n                                                <img decoding=\"async\" src=\"https:\/\/industrie.rstheme.com\/manufacturing\/wp-content\/uploads\/2024\/02\/pdf.svg\" alt=\"image\">\n                                            <\/div>\n                                        \n                                        <div class=\"list-feature-content\">\n                                            <span class=\"rs-feature-text\">FAG Split spherical roller bearings<\/span>\n                                        <\/div>\n\n                                    <\/div>\n\n                                    <div class=\"brochures-right\">\n                                                                                    <div class=\"list-brochures-img\">\n                                                <img decoding=\"async\" src=\"https:\/\/industrie.rstheme.com\/manufacturing\/wp-content\/uploads\/2024\/02\/down_pdf.svg\" alt=\"image\">\n                                            <\/div>\n                                                                            <\/div>\n                                <\/a>\n                            <\/li>\n                                                    <li class=\"elementor-repeater-item-aed806f\">\n                                \n                                <a href=\"https:\/\/euromotion.lu\/wp-content\/uploads\/2025\/11\/FAG-Super-precision-bearings.pdf\" >\n                                    <div class=\"brochures-left\">\n                                                                                    <div class=\"list-brochures-img\">\n                                                <img decoding=\"async\" src=\"https:\/\/industrie.rstheme.com\/manufacturing\/wp-content\/uploads\/2024\/02\/pdf.svg\" alt=\"image\">\n                                            <\/div>\n                                        \n                                        <div class=\"list-feature-content\">\n                                            <span class=\"rs-feature-text\">FAG Super precision bearings<\/span>\n                                        <\/div>\n\n                                    <\/div>\n\n                                    <div class=\"brochures-right\">\n                                                                                    <div class=\"list-brochures-img\">\n                                                <img decoding=\"async\" src=\"https:\/\/industrie.rstheme.com\/manufacturing\/wp-content\/uploads\/2024\/02\/down_pdf.svg\" alt=\"image\">\n                                            <\/div>\n                                                                            <\/div>\n                                <\/a>\n                            <\/li>\n                                            <\/ul>\n                            <\/div>  \n\n        <\/div>\n        \t\t\t\t<\/div>\n\t\t\t\t<\/div>\n\t\t\t\t<\/div>\n\t\t\r\n\t\t<div class=\"default no-position show_shadow rs-sticky-default elementor-element elementor-element-709488b e-con-full e-flex e-con e-child\" data-id=\"709488b\" data-element_type=\"container\" data-e-type=\"container\" data-settings=\"{&quot;background_background&quot;:&quot;classic&quot;}\">\n\t\t\r\n\t\t\t\t<div class=\"elementor-element elementor-element-8d61bd8 elementor-widget elementor-widget-rs-heading\" data-id=\"8d61bd8\" data-element_type=\"widget\" data-e-type=\"widget\" data-widget_type=\"rs-heading.default\">\n\t\t\t\t<div class=\"elementor-widget-container\">\n\t\t\t\t\t\n\t\t<div class=\"prelements-heading default  \">\n\t\t\t<div class=\"title-inner\">\n\t\t\t\t<h3 class=\"title rs-split-text-disable \">Vous avez un<br>projet en<br>t\u00eate ?<\/h3>\n\t\t\t<\/div>\n\t\t\t\t\t<\/div>\n\t\t\t\t<\/div>\n\t\t\t\t<\/div>\n\t\t\r\n\t\t\t\t<div class=\"elementor-element elementor-element-414a469 elementor-widget elementor-widget-rs-button\" data-id=\"414a469\" data-element_type=\"widget\" data-e-type=\"widget\" data-widget_type=\"rs-button.default\">\n\t\t\t\t<div class=\"elementor-widget-container\">\n\t\t\t\t\t\t\t<div class=\"rs-button style1\">\r\n\t\t\t\t\t\t<a class=\"rs-btn\" href=\"https:\/\/euromotion.lu\/fr\/contact-2\/\" >\t\r\n\t\t\t\t<span>Contactez-nous \r\n\t\t\t\t\t\t\t\t\t<em>\r\n\t\t\t\t\t\t<svg xmlns=\"http:\/\/www.w3.org\/2000\/svg\" width=\"18\" height=\"12\" viewBox=\"0 0 18 12\" fill=\"none\"><path fill-rule=\"evenodd\" clip-rule=\"evenodd\" d=\"M0 6C0 5.66249 0.273604 5.38889 0.611111 5.38889L15.0246 5.38889L11.179 1.54323C10.9403 1.30458 10.9403 0.917644 11.179 0.67899C11.4176 0.440336 11.8046 0.440336 12.0432 0.67899L16.9321 5.56788C17.1708 5.80653 17.1708 6.19347 16.9321 6.43212L12.0432 11.321C11.8046 11.5597 11.4176 11.5597 11.179 11.321C10.9403 11.0824 10.9403 10.6954 11.179 10.4568L15.0246 6.61111L0.611111 6.61111C0.273604 6.61111 0 6.33751 0 6Z\" fill=\"white\"><\/path><\/svg>\t\t\t\t\t\t<svg xmlns=\"http:\/\/www.w3.org\/2000\/svg\" width=\"18\" height=\"12\" viewBox=\"0 0 18 12\" fill=\"none\"><path fill-rule=\"evenodd\" clip-rule=\"evenodd\" d=\"M0 6C0 5.66249 0.273604 5.38889 0.611111 5.38889L15.0246 5.38889L11.179 1.54323C10.9403 1.30458 10.9403 0.917644 11.179 0.67899C11.4176 0.440336 11.8046 0.440336 12.0432 0.67899L16.9321 5.56788C17.1708 5.80653 17.1708 6.19347 16.9321 6.43212L12.0432 11.321C11.8046 11.5597 11.4176 11.5597 11.179 11.321C10.9403 11.0824 10.9403 10.6954 11.179 10.4568L15.0246 6.61111L0.611111 6.61111C0.273604 6.61111 0 6.33751 0 6Z\" fill=\"white\"><\/path><\/svg>\t\t\t\t\t<\/em>\t\r\n\t\t\t\t\t\t\t\t<\/span>\r\n\t\t\t<\/a>\r\n\t\t<\/div>\r\n\t\t\t\t<\/div>\n\t\t\t\t<\/div>\n\t\t\t\t<\/div>\n\t\t\t\t<\/div>\n\t\t\t\t\t<\/div>\n\t\t\t\t<\/div>\n\t\t\t\t<\/div>\n\t\t","protected":false},"excerpt":{"rendered":"<p>FAG, ou Fischers Aktien-Gesellschaft, est une marque embl\u00e9matique de roulements avec une histoire riche remontant \u00e0 1883, lorsque August Fischer a fond\u00e9 l&rsquo;entreprise en Allemagne. Depuis lors, elle est devenue un leader mondial dans la fabrication de roulements de haute pr\u00e9cision et de qualit\u00e9. La gamme de produits de FAG comprend des roulements \u00e0 billes&#8230;<\/p>\n","protected":false},"author":1,"featured_media":30446,"parent":32098,"menu_order":0,"comment_status":"closed","ping_status":"closed","template":"elementor_header_footer","meta":{"footnotes":""},"class_list":["post-35207","page","type-page","status-publish","has-post-thumbnail","hentry"],"yoast_head":"<!-- This site is optimized with the Yoast SEO plugin v27.5 - https:\/\/yoast.com\/product\/yoast-seo-wordpress\/ -->\n<title>Roulements FAG pour applications industrielles | Euromotion<\/title>\n<meta name=\"description\" content=\"D\u00e9couvrez les roulements \u00e0 rouleaux haute performance FAG, con\u00e7us pour les environnements industriels exigeants. Euromotion fournit des roulements de pr\u00e9cision FAG dans toute l&#039;Europe.\" \/>\n<meta name=\"robots\" content=\"index, follow, max-snippet:-1, max-image-preview:large, max-video-preview:-1\" \/>\n<link rel=\"canonical\" href=\"https:\/\/euromotion.lu\/fr\/marques\/fag\/\" \/>\n<meta property=\"og:locale\" content=\"fr_FR\" \/>\n<meta property=\"og:type\" content=\"article\" \/>\n<meta property=\"og:title\" content=\"Roulements FAG pour applications industrielles | Euromotion\" \/>\n<meta property=\"og:description\" content=\"D\u00e9couvrez les roulements \u00e0 rouleaux haute performance FAG, con\u00e7us pour les environnements industriels exigeants. Euromotion fournit des roulements de pr\u00e9cision FAG dans toute l&#039;Europe.\" \/>\n<meta property=\"og:url\" content=\"https:\/\/euromotion.lu\/fr\/marques\/fag\/\" \/>\n<meta property=\"og:site_name\" content=\"EUROMOTION\" \/>\n<meta property=\"article:modified_time\" content=\"2026-05-01T20:59:26+00:00\" \/>\n<meta property=\"og:image\" content=\"https:\/\/euromotion.lu\/wp-content\/uploads\/2025\/11\/Logo-FAG.png\" \/>\n\t<meta property=\"og:image:width\" content=\"539\" \/>\n\t<meta property=\"og:image:height\" content=\"226\" \/>\n\t<meta property=\"og:image:type\" content=\"image\/png\" \/>\n<meta name=\"twitter:card\" content=\"summary_large_image\" \/>\n<meta name=\"twitter:label1\" content=\"Dur\u00e9e de lecture estim\u00e9e\" \/>\n\t<meta name=\"twitter:data1\" content=\"1 minute\" \/>\n<script type=\"application\/ld+json\" class=\"yoast-schema-graph\">{\"@context\":\"https:\\\/\\\/schema.org\",\"@graph\":[{\"@type\":\"WebPage\",\"@id\":\"https:\\\/\\\/euromotion.lu\\\/fr\\\/marques\\\/fag\\\/\",\"url\":\"https:\\\/\\\/euromotion.lu\\\/fr\\\/marques\\\/fag\\\/\",\"name\":\"Roulements FAG pour applications industrielles | Euromotion\",\"isPartOf\":{\"@id\":\"https:\\\/\\\/euromotion.lu\\\/fr\\\/#website\"},\"primaryImageOfPage\":{\"@id\":\"https:\\\/\\\/euromotion.lu\\\/fr\\\/marques\\\/fag\\\/#primaryimage\"},\"image\":{\"@id\":\"https:\\\/\\\/euromotion.lu\\\/fr\\\/marques\\\/fag\\\/#primaryimage\"},\"thumbnailUrl\":\"https:\\\/\\\/euromotion.lu\\\/wp-content\\\/uploads\\\/2025\\\/11\\\/Logo-FAG.png\",\"datePublished\":\"2025-11-18T14:43:25+00:00\",\"dateModified\":\"2026-05-01T20:59:26+00:00\",\"description\":\"D\u00e9couvrez les roulements \u00e0 rouleaux haute performance FAG, con\u00e7us pour les environnements industriels exigeants. Euromotion fournit des roulements de pr\u00e9cision FAG dans toute l'Europe.\",\"breadcrumb\":{\"@id\":\"https:\\\/\\\/euromotion.lu\\\/fr\\\/marques\\\/fag\\\/#breadcrumb\"},\"inLanguage\":\"fr-FR\",\"potentialAction\":[{\"@type\":\"ReadAction\",\"target\":[\"https:\\\/\\\/euromotion.lu\\\/fr\\\/marques\\\/fag\\\/\"]}]},{\"@type\":\"ImageObject\",\"inLanguage\":\"fr-FR\",\"@id\":\"https:\\\/\\\/euromotion.lu\\\/fr\\\/marques\\\/fag\\\/#primaryimage\",\"url\":\"https:\\\/\\\/euromotion.lu\\\/wp-content\\\/uploads\\\/2025\\\/11\\\/Logo-FAG.png\",\"contentUrl\":\"https:\\\/\\\/euromotion.lu\\\/wp-content\\\/uploads\\\/2025\\\/11\\\/Logo-FAG.png\",\"width\":539,\"height\":226},{\"@type\":\"BreadcrumbList\",\"@id\":\"https:\\\/\\\/euromotion.lu\\\/fr\\\/marques\\\/fag\\\/#breadcrumb\",\"itemListElement\":[{\"@type\":\"ListItem\",\"position\":1,\"name\":\"Home\",\"item\":\"https:\\\/\\\/euromotion.lu\\\/fr\\\/accueil\\\/\"},{\"@type\":\"ListItem\",\"position\":2,\"name\":\"Marques\",\"item\":\"https:\\\/\\\/euromotion.lu\\\/fr\\\/marques\\\/\"},{\"@type\":\"ListItem\",\"position\":3,\"name\":\"FAG\"}]},{\"@type\":\"WebSite\",\"@id\":\"https:\\\/\\\/euromotion.lu\\\/fr\\\/#website\",\"url\":\"https:\\\/\\\/euromotion.lu\\\/fr\\\/\",\"name\":\"Euromotion SARL\",\"description\":\"Industrial Motion &amp; Power Transmission Solutions\",\"publisher\":{\"@id\":\"https:\\\/\\\/euromotion.lu\\\/fr\\\/#organization\"},\"potentialAction\":[{\"@type\":\"SearchAction\",\"target\":{\"@type\":\"EntryPoint\",\"urlTemplate\":\"https:\\\/\\\/euromotion.lu\\\/fr\\\/?s={search_term_string}\"},\"query-input\":{\"@type\":\"PropertyValueSpecification\",\"valueRequired\":true,\"valueName\":\"search_term_string\"}}],\"inLanguage\":\"fr-FR\"},{\"@type\":\"Organization\",\"@id\":\"https:\\\/\\\/euromotion.lu\\\/fr\\\/#organization\",\"name\":\"Euromotion SARL\",\"url\":\"https:\\\/\\\/euromotion.lu\\\/fr\\\/\",\"logo\":{\"@type\":\"ImageObject\",\"inLanguage\":\"fr-FR\",\"@id\":\"https:\\\/\\\/euromotion.lu\\\/fr\\\/#\\\/schema\\\/logo\\\/image\\\/\",\"url\":\"https:\\\/\\\/euromotion.lu\\\/wp-content\\\/uploads\\\/2025\\\/02\\\/Euromotion-Logo.png\",\"contentUrl\":\"https:\\\/\\\/euromotion.lu\\\/wp-content\\\/uploads\\\/2025\\\/02\\\/Euromotion-Logo.png\",\"width\":1859,\"height\":365,\"caption\":\"Euromotion SARL\"},\"image\":{\"@id\":\"https:\\\/\\\/euromotion.lu\\\/fr\\\/#\\\/schema\\\/logo\\\/image\\\/\"}}]}<\/script>\n<!-- \/ Yoast SEO plugin. -->","yoast_head_json":{"title":"Roulements FAG pour applications industrielles | Euromotion","description":"D\u00e9couvrez les roulements \u00e0 rouleaux haute performance FAG, con\u00e7us pour les environnements industriels exigeants. Euromotion fournit des roulements de pr\u00e9cision FAG dans toute l'Europe.","robots":{"index":"index","follow":"follow","max-snippet":"max-snippet:-1","max-image-preview":"max-image-preview:large","max-video-preview":"max-video-preview:-1"},"canonical":"https:\/\/euromotion.lu\/fr\/marques\/fag\/","og_locale":"fr_FR","og_type":"article","og_title":"Roulements FAG pour applications industrielles | Euromotion","og_description":"D\u00e9couvrez les roulements \u00e0 rouleaux haute performance FAG, con\u00e7us pour les environnements industriels exigeants. Euromotion fournit des roulements de pr\u00e9cision FAG dans toute l'Europe.","og_url":"https:\/\/euromotion.lu\/fr\/marques\/fag\/","og_site_name":"EUROMOTION","article_modified_time":"2026-05-01T20:59:26+00:00","og_image":[{"width":539,"height":226,"url":"https:\/\/euromotion.lu\/wp-content\/uploads\/2025\/11\/Logo-FAG.png","type":"image\/png"}],"twitter_card":"summary_large_image","twitter_misc":{"Dur\u00e9e de lecture estim\u00e9e":"1 minute"},"schema":{"@context":"https:\/\/schema.org","@graph":[{"@type":"WebPage","@id":"https:\/\/euromotion.lu\/fr\/marques\/fag\/","url":"https:\/\/euromotion.lu\/fr\/marques\/fag\/","name":"Roulements FAG pour applications industrielles | Euromotion","isPartOf":{"@id":"https:\/\/euromotion.lu\/fr\/#website"},"primaryImageOfPage":{"@id":"https:\/\/euromotion.lu\/fr\/marques\/fag\/#primaryimage"},"image":{"@id":"https:\/\/euromotion.lu\/fr\/marques\/fag\/#primaryimage"},"thumbnailUrl":"https:\/\/euromotion.lu\/wp-content\/uploads\/2025\/11\/Logo-FAG.png","datePublished":"2025-11-18T14:43:25+00:00","dateModified":"2026-05-01T20:59:26+00:00","description":"D\u00e9couvrez les roulements \u00e0 rouleaux haute performance FAG, con\u00e7us pour les environnements industriels exigeants. Euromotion fournit des roulements de pr\u00e9cision FAG dans toute l'Europe.","breadcrumb":{"@id":"https:\/\/euromotion.lu\/fr\/marques\/fag\/#breadcrumb"},"inLanguage":"fr-FR","potentialAction":[{"@type":"ReadAction","target":["https:\/\/euromotion.lu\/fr\/marques\/fag\/"]}]},{"@type":"ImageObject","inLanguage":"fr-FR","@id":"https:\/\/euromotion.lu\/fr\/marques\/fag\/#primaryimage","url":"https:\/\/euromotion.lu\/wp-content\/uploads\/2025\/11\/Logo-FAG.png","contentUrl":"https:\/\/euromotion.lu\/wp-content\/uploads\/2025\/11\/Logo-FAG.png","width":539,"height":226},{"@type":"BreadcrumbList","@id":"https:\/\/euromotion.lu\/fr\/marques\/fag\/#breadcrumb","itemListElement":[{"@type":"ListItem","position":1,"name":"Home","item":"https:\/\/euromotion.lu\/fr\/accueil\/"},{"@type":"ListItem","position":2,"name":"Marques","item":"https:\/\/euromotion.lu\/fr\/marques\/"},{"@type":"ListItem","position":3,"name":"FAG"}]},{"@type":"WebSite","@id":"https:\/\/euromotion.lu\/fr\/#website","url":"https:\/\/euromotion.lu\/fr\/","name":"Euromotion SARL","description":"Industrial Motion &amp; Power Transmission Solutions","publisher":{"@id":"https:\/\/euromotion.lu\/fr\/#organization"},"potentialAction":[{"@type":"SearchAction","target":{"@type":"EntryPoint","urlTemplate":"https:\/\/euromotion.lu\/fr\/?s={search_term_string}"},"query-input":{"@type":"PropertyValueSpecification","valueRequired":true,"valueName":"search_term_string"}}],"inLanguage":"fr-FR"},{"@type":"Organization","@id":"https:\/\/euromotion.lu\/fr\/#organization","name":"Euromotion SARL","url":"https:\/\/euromotion.lu\/fr\/","logo":{"@type":"ImageObject","inLanguage":"fr-FR","@id":"https:\/\/euromotion.lu\/fr\/#\/schema\/logo\/image\/","url":"https:\/\/euromotion.lu\/wp-content\/uploads\/2025\/02\/Euromotion-Logo.png","contentUrl":"https:\/\/euromotion.lu\/wp-content\/uploads\/2025\/02\/Euromotion-Logo.png","width":1859,"height":365,"caption":"Euromotion SARL"},"image":{"@id":"https:\/\/euromotion.lu\/fr\/#\/schema\/logo\/image\/"}}]}},"_links":{"self":[{"href":"https:\/\/euromotion.lu\/fr\/wp-json\/wp\/v2\/pages\/35207","targetHints":{"allow":["GET"]}}],"collection":[{"href":"https:\/\/euromotion.lu\/fr\/wp-json\/wp\/v2\/pages"}],"about":[{"href":"https:\/\/euromotion.lu\/fr\/wp-json\/wp\/v2\/types\/page"}],"author":[{"embeddable":true,"href":"https:\/\/euromotion.lu\/fr\/wp-json\/wp\/v2\/users\/1"}],"replies":[{"embeddable":true,"href":"https:\/\/euromotion.lu\/fr\/wp-json\/wp\/v2\/comments?post=35207"}],"version-history":[{"count":1,"href":"https:\/\/euromotion.lu\/fr\/wp-json\/wp\/v2\/pages\/35207\/revisions"}],"predecessor-version":[{"id":35208,"href":"https:\/\/euromotion.lu\/fr\/wp-json\/wp\/v2\/pages\/35207\/revisions\/35208"}],"up":[{"embeddable":true,"href":"https:\/\/euromotion.lu\/fr\/wp-json\/wp\/v2\/pages\/32098"}],"wp:featuredmedia":[{"embeddable":true,"href":"https:\/\/euromotion.lu\/fr\/wp-json\/wp\/v2\/media\/30446"}],"wp:attachment":[{"href":"https:\/\/euromotion.lu\/fr\/wp-json\/wp\/v2\/media?parent=35207"}],"curies":[{"name":"wp","href":"https:\/\/api.w.org\/{rel}","templated":true}]}}