{"id":35197,"date":"2025-03-11T07:49:42","date_gmt":"2025-03-11T07:49:42","guid":{"rendered":"https:\/\/euromotion.lu\/marques\/egis\/"},"modified":"2026-05-01T20:47:29","modified_gmt":"2026-05-01T20:47:29","slug":"egis","status":"publish","type":"page","link":"https:\/\/euromotion.lu\/fr\/marques\/egis\/","title":{"rendered":"EGIS"},"content":{"rendered":"\t\t<div data-elementor-type=\"wp-page\" data-elementor-id=\"35197\" class=\"elementor elementor-35197 elementor-29328\">\n\t\t\t\t\r\n\t\t<div class=\"default no-position show_shadow rs-sticky-default elementor-element elementor-element-cd40be7 e-flex e-con-boxed e-con e-parent\" data-id=\"cd40be7\" data-element_type=\"container\" data-e-type=\"container\">\n\t\t\t\t\t<div class=\"e-con-inner\">\n\t\t\r\n\t\t<div class=\"default no-position show_shadow rs-sticky-default elementor-element elementor-element-f09e821 e-con-full e-flex e-con e-child\" data-id=\"f09e821\" data-element_type=\"container\" data-e-type=\"container\">\n\t\t\r\n\t\t<div class=\"default no-position show_shadow rs-sticky-default elementor-element elementor-element-e5de4c7 e-con-full e-flex e-con e-child\" data-id=\"e5de4c7\" data-element_type=\"container\" data-e-type=\"container\">\n\t\t\r\n\t\t<div class=\"default no-position show_shadow rs-sticky-default elementor-element elementor-element-cdc5647 e-flex e-con-boxed e-con e-child\" data-id=\"cdc5647\" data-element_type=\"container\" data-e-type=\"container\">\n\t\t\t\t\t<div class=\"e-con-inner\">\n\t\t\r\n\t\t<div class=\"default no-position show_shadow rs-sticky-default elementor-element elementor-element-8b1287d e-con-full e-flex e-con e-child\" data-id=\"8b1287d\" data-element_type=\"container\" data-e-type=\"container\">\n\t\t\r\n\t\t\t\t<div class=\"elementor-element elementor-element-6773c23 elementor-widget elementor-widget-image\" data-id=\"6773c23\" data-element_type=\"widget\" data-e-type=\"widget\" data-widget_type=\"image.default\">\n\t\t\t\t<div class=\"elementor-widget-container\">\n\t\t\t\t\t\t\t\t\t\t\t\t\t\t\t<img decoding=\"async\" width=\"300\" height=\"117\" src=\"https:\/\/euromotion.lu\/wp-content\/uploads\/2026\/03\/Egis_RVB_4cm_1-300x117.jpg\" class=\"attachment-medium size-medium wp-image-32064\" alt=\"\" srcset=\"https:\/\/euromotion.lu\/wp-content\/uploads\/2026\/03\/Egis_RVB_4cm_1-300x117.jpg 300w, https:\/\/euromotion.lu\/wp-content\/uploads\/2026\/03\/Egis_RVB_4cm_1-1024x399.jpg 1024w, https:\/\/euromotion.lu\/wp-content\/uploads\/2026\/03\/Egis_RVB_4cm_1-768x300.jpg 768w, https:\/\/euromotion.lu\/wp-content\/uploads\/2026\/03\/Egis_RVB_4cm_1.jpg 1515w\" sizes=\"(max-width: 300px) 100vw, 300px\" \/>\t\t\t\t\t\t\t\t\t\t\t\t\t\t\t<\/div>\n\t\t\t\t<\/div>\n\t\t\t\t<\/div>\n\t\t\r\n\t\t<div class=\"default no-position show_shadow rs-sticky-default elementor-element elementor-element-7d163cd e-con-full e-flex e-con e-child\" data-id=\"7d163cd\" data-element_type=\"container\" data-e-type=\"container\">\n\t\t\t\t<\/div>\n\t\t\t\t\t<\/div>\n\t\t\t\t<\/div>\n\t\t\r\n\t\t<div class=\"default no-position show_shadow rs-sticky-default elementor-element elementor-element-4837993 e-flex e-con-boxed e-con e-child\" data-id=\"4837993\" data-element_type=\"container\" data-e-type=\"container\" data-settings=\"{&quot;background_background&quot;:&quot;classic&quot;}\">\n\t\t\t\t\t<div class=\"e-con-inner\">\n\t\t\r\n\t\t\t\t<div class=\"elementor-element elementor-element-7658b3c elementor-widget elementor-widget-text-editor\" data-id=\"7658b3c\" data-element_type=\"widget\" data-e-type=\"widget\" data-widget_type=\"text-editor.default\">\n\t\t\t\t<div class=\"elementor-widget-container\">\n\t\t\t\t\t\t\t\t\t<p style=\"font-weight: 400;\">Egis S.A. est une entreprise suisse sp\u00e9cialis\u00e9e dans la fabrication de syst\u00e8mes de guidage lin\u00e9aire de haute pr\u00e9cision. Forte de plus de 50 ans d\u2019exp\u00e9rience, les produits Egis ont su b\u00e2tir une solide r\u00e9putation d\u2019excellence en tant que composants pour machines-outils, imprimantes, \u00e9quipements de mesure, automatisation, robotique, optique, innovations en fabrication \u00e9lectronique et technologie m\u00e9dicale.<\/p><p style=\"font-weight: 400;\">Reconnue pour son engagement envers l\u2019innovation et l\u2019ing\u00e9nierie de pr\u00e9cision, Egis allie son expertise technique \u00e0 la c\u00e9l\u00e8bre tradition suisse de fabrication de produits de haute pr\u00e9cision. Cette approche lui permet de proposer des solutions fiables et durables pour un large \u00e9ventail d\u2019applications technologiques, en garantissant des performances et une fiabilit\u00e9 aux plus hauts standards.<\/p><p style=\"font-weight: 400;\">Euromotion distribue les produits Egis suivants :<\/p><ul><li>Rails de guidage M et V<\/li><li>Rails de guidage ML<\/li><li>Rails M\/ML avec rev\u00eatement de glissement Turcite et Permaglide<\/li><li>Cages lin\u00e9aires<\/li><\/ul>\t\t\t\t\t\t\t\t<\/div>\n\t\t\t\t<\/div>\n\t\t\r\n\t\t\t\t<div class=\"elementor-element elementor-element-0263ef6 elementor-arrows-position-inside elementor-pagination-position-outside elementor-widget elementor-widget-image-carousel\" data-id=\"0263ef6\" data-element_type=\"widget\" data-e-type=\"widget\" data-settings=\"{&quot;slides_to_show&quot;:&quot;2&quot;,&quot;navigation&quot;:&quot;both&quot;,&quot;autoplay&quot;:&quot;yes&quot;,&quot;pause_on_hover&quot;:&quot;yes&quot;,&quot;pause_on_interaction&quot;:&quot;yes&quot;,&quot;autoplay_speed&quot;:5000,&quot;infinite&quot;:&quot;yes&quot;,&quot;speed&quot;:500}\" data-widget_type=\"image-carousel.default\">\n\t\t\t\t<div class=\"elementor-widget-container\">\n\t\t\t\t\t\t\t<div class=\"elementor-image-carousel-wrapper swiper\" role=\"region\" aria-roledescription=\"carousel\" aria-label=\"Image Carousel\" dir=\"ltr\">\n\t\t\t<div class=\"elementor-image-carousel swiper-wrapper\" aria-live=\"off\">\n\t\t\t\t\t\t\t\t<div class=\"swiper-slide\" role=\"group\" aria-roledescription=\"slide\" aria-label=\"1 sur 2\"><figure class=\"swiper-slide-inner\"><img decoding=\"async\" class=\"swiper-slide-image\" src=\"https:\/\/euromotion.lu\/wp-content\/uploads\/2025\/03\/1tout.tif\" alt=\"(c) P.Pfjffner__________aaarb_a_a]_R\" \/><\/figure><\/div><div class=\"swiper-slide\" role=\"group\" aria-roledescription=\"slide\" aria-label=\"2 sur 2\"><figure class=\"swiper-slide-inner\"><img decoding=\"async\" class=\"swiper-slide-image\" src=\"https:\/\/euromotion.lu\/wp-content\/uploads\/2025\/03\/hydro.tif\" alt=\"(c) P.Pfjffner__________aaarb_a_a]_R\" \/><\/figure><\/div>\t\t\t<\/div>\n\t\t\t\t\t\t\t\t\t\t\t\t<div class=\"elementor-swiper-button elementor-swiper-button-prev\" role=\"button\" tabindex=\"0\">\n\t\t\t\t\t\t<svg aria-hidden=\"true\" class=\"e-font-icon-svg e-eicon-chevron-left\" viewBox=\"0 0 1000 1000\" xmlns=\"http:\/\/www.w3.org\/2000\/svg\"><path d=\"M646 125C629 125 613 133 604 142L308 442C296 454 292 471 292 487 292 504 296 521 308 533L604 854C617 867 629 875 646 875 663 875 679 871 692 858 704 846 713 829 713 812 713 796 708 779 692 767L438 487 692 225C700 217 708 204 708 187 708 171 704 154 692 142 675 129 663 125 646 125Z\"><\/path><\/svg>\t\t\t\t\t<\/div>\n\t\t\t\t\t<div class=\"elementor-swiper-button elementor-swiper-button-next\" role=\"button\" tabindex=\"0\">\n\t\t\t\t\t\t<svg aria-hidden=\"true\" class=\"e-font-icon-svg e-eicon-chevron-right\" viewBox=\"0 0 1000 1000\" xmlns=\"http:\/\/www.w3.org\/2000\/svg\"><path d=\"M696 533C708 521 713 504 713 487 713 471 708 454 696 446L400 146C388 133 375 125 354 125 338 125 325 129 313 142 300 154 292 171 292 187 292 204 296 221 308 233L563 492 304 771C292 783 288 800 288 817 288 833 296 850 308 863 321 871 338 875 354 875 371 875 388 867 400 854L696 533Z\"><\/path><\/svg>\t\t\t\t\t<\/div>\n\t\t\t\t\n\t\t\t\t\t\t\t\t\t<div class=\"swiper-pagination\"><\/div>\n\t\t\t\t\t\t\t\t\t<\/div>\n\t\t\t\t\t\t<\/div>\n\t\t\t\t<\/div>\n\t\t\t\t\t<\/div>\n\t\t\t\t<\/div>\n\t\t\r\n\t\t<div class=\"default no-position show_shadow rs-sticky-default elementor-element elementor-element-d327623 e-flex e-con-boxed e-con e-child\" data-id=\"d327623\" data-element_type=\"container\" data-e-type=\"container\" data-settings=\"{&quot;background_background&quot;:&quot;classic&quot;}\">\n\t\t\t\t\t<div class=\"e-con-inner\">\n\t\t\r\n\t\t\t\t<div class=\"elementor-element elementor-element-ba1ee91 elementor-widget-divider--view-line elementor-widget elementor-widget-divider\" data-id=\"ba1ee91\" data-element_type=\"widget\" data-e-type=\"widget\" data-widget_type=\"divider.default\">\n\t\t\t\t<div class=\"elementor-widget-container\">\n\t\t\t\t\t\t\t<div class=\"elementor-divider\">\n\t\t\t<span class=\"elementor-divider-separator\">\n\t\t\t\t\t\t<\/span>\n\t\t<\/div>\n\t\t\t\t\t\t<\/div>\n\t\t\t\t<\/div>\n\t\t\t\t\t<\/div>\n\t\t\t\t<\/div>\n\t\t\t\t<\/div>\n\t\t\r\n\t\t<div class=\"default no-position show_shadow rs-sticky-default elementor-element elementor-element-8e97434 e-con-full e-flex e-con e-child\" data-id=\"8e97434\" data-element_type=\"container\" data-e-type=\"container\">\n\t\t\r\n\t\t<div class=\"default no-position show_shadow rs-sticky-default elementor-element elementor-element-3a12b79 e-con-full e-flex e-con e-child\" data-id=\"3a12b79\" data-element_type=\"container\" data-e-type=\"container\" data-settings=\"{&quot;background_background&quot;:&quot;classic&quot;}\">\n\t\t\r\n\t\t\t\t<div class=\"elementor-element elementor-element-4608d3a elementor-widget elementor-widget-heading\" data-id=\"4608d3a\" data-element_type=\"widget\" data-e-type=\"widget\" data-widget_type=\"heading.default\">\n\t\t\t\t<div class=\"elementor-widget-container\">\n\t\t\t\t\t<h3 class=\"elementor-heading-title elementor-size-default\">Catalogues de produits<\/h3>\t\t\t\t<\/div>\n\t\t\t\t<\/div>\n\t\t\r\n\t\t\t\t<div class=\"elementor-element elementor-element-acbe9ca elementor-widget elementor-widget-rsbrochures\" data-id=\"acbe9ca\" data-element_type=\"widget\" data-e-type=\"widget\" data-widget_type=\"rsbrochures.default\">\n\t\t\t\t<div class=\"elementor-widget-container\">\n\t\t\t\t\t \n\n        <div class=\"rs-brochures\">\n\n            <div class=\"brochures-content\">\n                                    <ul class=\"rs-features-list\">\n                                                    <li class=\"elementor-repeater-item-96325cb\">\n                                \n                                <a href=\"https:\/\/euromotion.lu\/wp-content\/uploads\/2025\/03\/EGIS-linear-EN.pdf\" >\n                                    <div class=\"brochures-left\">\n                                                                                    <div class=\"list-brochures-img\">\n                                                <img decoding=\"async\" src=\"https:\/\/industrie.rstheme.com\/manufacturing\/wp-content\/uploads\/2024\/02\/pdf.svg\" alt=\"image\">\n                                            <\/div>\n                                        \n                                        <div class=\"list-feature-content\">\n                                            <span class=\"rs-feature-text\">Download PDF<\/span>\n                                        <\/div>\n\n                                    <\/div>\n\n                                    <div class=\"brochures-right\">\n                                                                                    <div class=\"list-brochures-img\">\n                                                <img decoding=\"async\" src=\"https:\/\/industrie.rstheme.com\/manufacturing\/wp-content\/uploads\/2024\/02\/down_pdf.svg\" alt=\"image\">\n                                            <\/div>\n                                                                            <\/div>\n                                <\/a>\n                            <\/li>\n                                            <\/ul>\n                            <\/div>  \n\n        <\/div>\n        \t\t\t\t<\/div>\n\t\t\t\t<\/div>\n\t\t\t\t<\/div>\n\t\t\r\n\t\t<div class=\"default no-position show_shadow rs-sticky-default elementor-element elementor-element-0381b2b e-con-full e-flex e-con e-child\" data-id=\"0381b2b\" data-element_type=\"container\" data-e-type=\"container\" data-settings=\"{&quot;background_background&quot;:&quot;classic&quot;}\">\n\t\t\r\n\t\t\t\t<div class=\"elementor-element elementor-element-f1024e0 elementor-widget elementor-widget-rs-heading\" data-id=\"f1024e0\" data-element_type=\"widget\" data-e-type=\"widget\" data-widget_type=\"rs-heading.default\">\n\t\t\t\t<div class=\"elementor-widget-container\">\n\t\t\t\t\t\n\t\t<div class=\"prelements-heading default  \">\n\t\t\t<div class=\"title-inner\">\n\t\t\t\t<h3 class=\"title rs-split-text-disable \">Vous avez un<br>projet en<br>t\u00eate ?<\/h3>\n\t\t\t<\/div>\n\t\t\t\t\t<\/div>\n\t\t\t\t<\/div>\n\t\t\t\t<\/div>\n\t\t\r\n\t\t\t\t<div class=\"elementor-element elementor-element-344647a elementor-widget elementor-widget-rs-button\" data-id=\"344647a\" data-element_type=\"widget\" data-e-type=\"widget\" data-widget_type=\"rs-button.default\">\n\t\t\t\t<div class=\"elementor-widget-container\">\n\t\t\t\t\t\t\t<div class=\"rs-button style1\">\r\n\t\t\t\t\t\t<a class=\"rs-btn\" href=\"https:\/\/euromotion.lu\/fr\/contact-2\/\" >\t\r\n\t\t\t\t<span>Contactez-nous \r\n\t\t\t\t\t\t\t\t\t<em>\r\n\t\t\t\t\t\t<svg xmlns=\"http:\/\/www.w3.org\/2000\/svg\" width=\"18\" height=\"12\" viewBox=\"0 0 18 12\" fill=\"none\"><path fill-rule=\"evenodd\" clip-rule=\"evenodd\" d=\"M0 6C0 5.66249 0.273604 5.38889 0.611111 5.38889L15.0246 5.38889L11.179 1.54323C10.9403 1.30458 10.9403 0.917644 11.179 0.67899C11.4176 0.440336 11.8046 0.440336 12.0432 0.67899L16.9321 5.56788C17.1708 5.80653 17.1708 6.19347 16.9321 6.43212L12.0432 11.321C11.8046 11.5597 11.4176 11.5597 11.179 11.321C10.9403 11.0824 10.9403 10.6954 11.179 10.4568L15.0246 6.61111L0.611111 6.61111C0.273604 6.61111 0 6.33751 0 6Z\" fill=\"white\"><\/path><\/svg>\t\t\t\t\t\t<svg xmlns=\"http:\/\/www.w3.org\/2000\/svg\" width=\"18\" height=\"12\" viewBox=\"0 0 18 12\" fill=\"none\"><path fill-rule=\"evenodd\" clip-rule=\"evenodd\" d=\"M0 6C0 5.66249 0.273604 5.38889 0.611111 5.38889L15.0246 5.38889L11.179 1.54323C10.9403 1.30458 10.9403 0.917644 11.179 0.67899C11.4176 0.440336 11.8046 0.440336 12.0432 0.67899L16.9321 5.56788C17.1708 5.80653 17.1708 6.19347 16.9321 6.43212L12.0432 11.321C11.8046 11.5597 11.4176 11.5597 11.179 11.321C10.9403 11.0824 10.9403 10.6954 11.179 10.4568L15.0246 6.61111L0.611111 6.61111C0.273604 6.61111 0 6.33751 0 6Z\" fill=\"white\"><\/path><\/svg>\t\t\t\t\t<\/em>\t\r\n\t\t\t\t\t\t\t\t<\/span>\r\n\t\t\t<\/a>\r\n\t\t<\/div>\r\n\t\t\t\t<\/div>\n\t\t\t\t<\/div>\n\t\t\t\t<\/div>\n\t\t\t\t<\/div>\n\t\t\r\n\t\t<div class=\"default no-position show_shadow rs-sticky-default elementor-element elementor-element-5fb099a e-con-full e-flex e-con e-child\" data-id=\"5fb099a\" data-element_type=\"container\" data-e-type=\"container\">\n\t\t\t\t<\/div>\n\t\t\t\t<\/div>\n\t\t\t\t\t<\/div>\n\t\t\t\t<\/div>\n\t\t\t\t<\/div>\n\t\t","protected":false},"excerpt":{"rendered":"<p>Egis S.A. est une entreprise suisse sp\u00e9cialis\u00e9e dans la fabrication de syst\u00e8mes de guidage lin\u00e9aire de haute pr\u00e9cision. Forte de plus de 50 ans d\u2019exp\u00e9rience, les produits Egis ont su b\u00e2tir une solide r\u00e9putation d\u2019excellence en tant que composants pour machines-outils, imprimantes, \u00e9quipements de mesure, automatisation, robotique, optique, innovations en fabrication \u00e9lectronique et technologie m\u00e9dicale&#8230;.<\/p>\n","protected":false},"author":1,"featured_media":0,"parent":32098,"menu_order":0,"comment_status":"closed","ping_status":"closed","template":"elementor_header_footer","meta":{"footnotes":""},"class_list":["post-35197","page","type-page","status-publish","hentry"],"yoast_head":"<!-- This site is optimized with the Yoast SEO plugin v27.5 - https:\/\/yoast.com\/product\/yoast-seo-wordpress\/ -->\n<title>EGIS - EUROMOTION<\/title>\n<meta name=\"robots\" content=\"index, follow, max-snippet:-1, max-image-preview:large, max-video-preview:-1\" \/>\n<link rel=\"canonical\" href=\"https:\/\/euromotion.lu\/fr\/marques\/egis\/\" \/>\n<meta property=\"og:locale\" content=\"fr_FR\" \/>\n<meta property=\"og:type\" content=\"article\" \/>\n<meta property=\"og:title\" content=\"EGIS - EUROMOTION\" \/>\n<meta property=\"og:description\" content=\"Egis S.A. est une entreprise suisse sp\u00e9cialis\u00e9e dans la fabrication de syst\u00e8mes de guidage lin\u00e9aire de haute pr\u00e9cision. Forte de plus de 50 ans d\u2019exp\u00e9rience, les produits Egis ont su b\u00e2tir une solide r\u00e9putation d\u2019excellence en tant que composants pour machines-outils, imprimantes, \u00e9quipements de mesure, automatisation, robotique, optique, innovations en fabrication \u00e9lectronique et technologie m\u00e9dicale....\" \/>\n<meta property=\"og:url\" content=\"https:\/\/euromotion.lu\/fr\/marques\/egis\/\" \/>\n<meta property=\"og:site_name\" content=\"EUROMOTION\" \/>\n<meta property=\"article:modified_time\" content=\"2026-05-01T20:47:29+00:00\" \/>\n<meta property=\"og:image\" content=\"https:\/\/euromotion.lu\/wp-content\/uploads\/2026\/03\/Egis_RVB_4cm_1.jpg\" \/>\n\t<meta property=\"og:image:width\" content=\"1515\" \/>\n\t<meta property=\"og:image:height\" content=\"591\" \/>\n\t<meta property=\"og:image:type\" content=\"image\/jpeg\" \/>\n<meta name=\"twitter:card\" content=\"summary_large_image\" \/>\n<meta name=\"twitter:label1\" content=\"Dur\u00e9e de lecture estim\u00e9e\" \/>\n\t<meta name=\"twitter:data1\" content=\"1 minute\" \/>\n<script type=\"application\/ld+json\" class=\"yoast-schema-graph\">{\"@context\":\"https:\\\/\\\/schema.org\",\"@graph\":[{\"@type\":\"WebPage\",\"@id\":\"https:\\\/\\\/euromotion.lu\\\/fr\\\/marques\\\/egis\\\/\",\"url\":\"https:\\\/\\\/euromotion.lu\\\/fr\\\/marques\\\/egis\\\/\",\"name\":\"EGIS - EUROMOTION\",\"isPartOf\":{\"@id\":\"https:\\\/\\\/euromotion.lu\\\/fr\\\/#website\"},\"primaryImageOfPage\":{\"@id\":\"https:\\\/\\\/euromotion.lu\\\/fr\\\/marques\\\/egis\\\/#primaryimage\"},\"image\":{\"@id\":\"https:\\\/\\\/euromotion.lu\\\/fr\\\/marques\\\/egis\\\/#primaryimage\"},\"thumbnailUrl\":\"https:\\\/\\\/euromotion.lu\\\/wp-content\\\/uploads\\\/2026\\\/03\\\/Egis_RVB_4cm_1-300x117.jpg\",\"datePublished\":\"2025-03-11T07:49:42+00:00\",\"dateModified\":\"2026-05-01T20:47:29+00:00\",\"breadcrumb\":{\"@id\":\"https:\\\/\\\/euromotion.lu\\\/fr\\\/marques\\\/egis\\\/#breadcrumb\"},\"inLanguage\":\"fr-FR\",\"potentialAction\":[{\"@type\":\"ReadAction\",\"target\":[\"https:\\\/\\\/euromotion.lu\\\/fr\\\/marques\\\/egis\\\/\"]}]},{\"@type\":\"ImageObject\",\"inLanguage\":\"fr-FR\",\"@id\":\"https:\\\/\\\/euromotion.lu\\\/fr\\\/marques\\\/egis\\\/#primaryimage\",\"url\":\"https:\\\/\\\/euromotion.lu\\\/wp-content\\\/uploads\\\/2026\\\/03\\\/Egis_RVB_4cm_1-300x117.jpg\",\"contentUrl\":\"https:\\\/\\\/euromotion.lu\\\/wp-content\\\/uploads\\\/2026\\\/03\\\/Egis_RVB_4cm_1-300x117.jpg\"},{\"@type\":\"BreadcrumbList\",\"@id\":\"https:\\\/\\\/euromotion.lu\\\/fr\\\/marques\\\/egis\\\/#breadcrumb\",\"itemListElement\":[{\"@type\":\"ListItem\",\"position\":1,\"name\":\"Home\",\"item\":\"https:\\\/\\\/euromotion.lu\\\/fr\\\/accueil\\\/\"},{\"@type\":\"ListItem\",\"position\":2,\"name\":\"Marques\",\"item\":\"https:\\\/\\\/euromotion.lu\\\/fr\\\/marques\\\/\"},{\"@type\":\"ListItem\",\"position\":3,\"name\":\"EGIS\"}]},{\"@type\":\"WebSite\",\"@id\":\"https:\\\/\\\/euromotion.lu\\\/fr\\\/#website\",\"url\":\"https:\\\/\\\/euromotion.lu\\\/fr\\\/\",\"name\":\"Euromotion SARL\",\"description\":\"Industrial Motion &amp; Power Transmission Solutions\",\"publisher\":{\"@id\":\"https:\\\/\\\/euromotion.lu\\\/fr\\\/#organization\"},\"potentialAction\":[{\"@type\":\"SearchAction\",\"target\":{\"@type\":\"EntryPoint\",\"urlTemplate\":\"https:\\\/\\\/euromotion.lu\\\/fr\\\/?s={search_term_string}\"},\"query-input\":{\"@type\":\"PropertyValueSpecification\",\"valueRequired\":true,\"valueName\":\"search_term_string\"}}],\"inLanguage\":\"fr-FR\"},{\"@type\":\"Organization\",\"@id\":\"https:\\\/\\\/euromotion.lu\\\/fr\\\/#organization\",\"name\":\"Euromotion SARL\",\"url\":\"https:\\\/\\\/euromotion.lu\\\/fr\\\/\",\"logo\":{\"@type\":\"ImageObject\",\"inLanguage\":\"fr-FR\",\"@id\":\"https:\\\/\\\/euromotion.lu\\\/fr\\\/#\\\/schema\\\/logo\\\/image\\\/\",\"url\":\"https:\\\/\\\/euromotion.lu\\\/wp-content\\\/uploads\\\/2025\\\/02\\\/Euromotion-Logo.png\",\"contentUrl\":\"https:\\\/\\\/euromotion.lu\\\/wp-content\\\/uploads\\\/2025\\\/02\\\/Euromotion-Logo.png\",\"width\":1859,\"height\":365,\"caption\":\"Euromotion SARL\"},\"image\":{\"@id\":\"https:\\\/\\\/euromotion.lu\\\/fr\\\/#\\\/schema\\\/logo\\\/image\\\/\"}}]}<\/script>\n<!-- \/ Yoast SEO plugin. -->","yoast_head_json":{"title":"EGIS - EUROMOTION","robots":{"index":"index","follow":"follow","max-snippet":"max-snippet:-1","max-image-preview":"max-image-preview:large","max-video-preview":"max-video-preview:-1"},"canonical":"https:\/\/euromotion.lu\/fr\/marques\/egis\/","og_locale":"fr_FR","og_type":"article","og_title":"EGIS - EUROMOTION","og_description":"Egis S.A. est une entreprise suisse sp\u00e9cialis\u00e9e dans la fabrication de syst\u00e8mes de guidage lin\u00e9aire de haute pr\u00e9cision. Forte de plus de 50 ans d\u2019exp\u00e9rience, les produits Egis ont su b\u00e2tir une solide r\u00e9putation d\u2019excellence en tant que composants pour machines-outils, imprimantes, \u00e9quipements de mesure, automatisation, robotique, optique, innovations en fabrication \u00e9lectronique et technologie m\u00e9dicale....","og_url":"https:\/\/euromotion.lu\/fr\/marques\/egis\/","og_site_name":"EUROMOTION","article_modified_time":"2026-05-01T20:47:29+00:00","og_image":[{"width":1515,"height":591,"url":"https:\/\/euromotion.lu\/wp-content\/uploads\/2026\/03\/Egis_RVB_4cm_1.jpg","type":"image\/jpeg"}],"twitter_card":"summary_large_image","twitter_misc":{"Dur\u00e9e de lecture estim\u00e9e":"1 minute"},"schema":{"@context":"https:\/\/schema.org","@graph":[{"@type":"WebPage","@id":"https:\/\/euromotion.lu\/fr\/marques\/egis\/","url":"https:\/\/euromotion.lu\/fr\/marques\/egis\/","name":"EGIS - EUROMOTION","isPartOf":{"@id":"https:\/\/euromotion.lu\/fr\/#website"},"primaryImageOfPage":{"@id":"https:\/\/euromotion.lu\/fr\/marques\/egis\/#primaryimage"},"image":{"@id":"https:\/\/euromotion.lu\/fr\/marques\/egis\/#primaryimage"},"thumbnailUrl":"https:\/\/euromotion.lu\/wp-content\/uploads\/2026\/03\/Egis_RVB_4cm_1-300x117.jpg","datePublished":"2025-03-11T07:49:42+00:00","dateModified":"2026-05-01T20:47:29+00:00","breadcrumb":{"@id":"https:\/\/euromotion.lu\/fr\/marques\/egis\/#breadcrumb"},"inLanguage":"fr-FR","potentialAction":[{"@type":"ReadAction","target":["https:\/\/euromotion.lu\/fr\/marques\/egis\/"]}]},{"@type":"ImageObject","inLanguage":"fr-FR","@id":"https:\/\/euromotion.lu\/fr\/marques\/egis\/#primaryimage","url":"https:\/\/euromotion.lu\/wp-content\/uploads\/2026\/03\/Egis_RVB_4cm_1-300x117.jpg","contentUrl":"https:\/\/euromotion.lu\/wp-content\/uploads\/2026\/03\/Egis_RVB_4cm_1-300x117.jpg"},{"@type":"BreadcrumbList","@id":"https:\/\/euromotion.lu\/fr\/marques\/egis\/#breadcrumb","itemListElement":[{"@type":"ListItem","position":1,"name":"Home","item":"https:\/\/euromotion.lu\/fr\/accueil\/"},{"@type":"ListItem","position":2,"name":"Marques","item":"https:\/\/euromotion.lu\/fr\/marques\/"},{"@type":"ListItem","position":3,"name":"EGIS"}]},{"@type":"WebSite","@id":"https:\/\/euromotion.lu\/fr\/#website","url":"https:\/\/euromotion.lu\/fr\/","name":"Euromotion SARL","description":"Industrial Motion &amp; Power Transmission Solutions","publisher":{"@id":"https:\/\/euromotion.lu\/fr\/#organization"},"potentialAction":[{"@type":"SearchAction","target":{"@type":"EntryPoint","urlTemplate":"https:\/\/euromotion.lu\/fr\/?s={search_term_string}"},"query-input":{"@type":"PropertyValueSpecification","valueRequired":true,"valueName":"search_term_string"}}],"inLanguage":"fr-FR"},{"@type":"Organization","@id":"https:\/\/euromotion.lu\/fr\/#organization","name":"Euromotion SARL","url":"https:\/\/euromotion.lu\/fr\/","logo":{"@type":"ImageObject","inLanguage":"fr-FR","@id":"https:\/\/euromotion.lu\/fr\/#\/schema\/logo\/image\/","url":"https:\/\/euromotion.lu\/wp-content\/uploads\/2025\/02\/Euromotion-Logo.png","contentUrl":"https:\/\/euromotion.lu\/wp-content\/uploads\/2025\/02\/Euromotion-Logo.png","width":1859,"height":365,"caption":"Euromotion SARL"},"image":{"@id":"https:\/\/euromotion.lu\/fr\/#\/schema\/logo\/image\/"}}]}},"_links":{"self":[{"href":"https:\/\/euromotion.lu\/fr\/wp-json\/wp\/v2\/pages\/35197","targetHints":{"allow":["GET"]}}],"collection":[{"href":"https:\/\/euromotion.lu\/fr\/wp-json\/wp\/v2\/pages"}],"about":[{"href":"https:\/\/euromotion.lu\/fr\/wp-json\/wp\/v2\/types\/page"}],"author":[{"embeddable":true,"href":"https:\/\/euromotion.lu\/fr\/wp-json\/wp\/v2\/users\/1"}],"replies":[{"embeddable":true,"href":"https:\/\/euromotion.lu\/fr\/wp-json\/wp\/v2\/comments?post=35197"}],"version-history":[{"count":2,"href":"https:\/\/euromotion.lu\/fr\/wp-json\/wp\/v2\/pages\/35197\/revisions"}],"predecessor-version":[{"id":35199,"href":"https:\/\/euromotion.lu\/fr\/wp-json\/wp\/v2\/pages\/35197\/revisions\/35199"}],"up":[{"embeddable":true,"href":"https:\/\/euromotion.lu\/fr\/wp-json\/wp\/v2\/pages\/32098"}],"wp:attachment":[{"href":"https:\/\/euromotion.lu\/fr\/wp-json\/wp\/v2\/media?parent=35197"}],"curies":[{"name":"wp","href":"https:\/\/api.w.org\/{rel}","templated":true}]}}