{"id":34739,"date":"2025-03-07T06:37:40","date_gmt":"2025-03-07T06:37:40","guid":{"rendered":"https:\/\/euromotion.lu\/produits\/"},"modified":"2026-04-17T19:08:31","modified_gmt":"2026-04-17T19:08:31","slug":"produits","status":"publish","type":"page","link":"https:\/\/euromotion.lu\/fr\/produits\/","title":{"rendered":"Produits"},"content":{"rendered":"\t\t<div data-elementor-type=\"wp-page\" data-elementor-id=\"34739\" class=\"elementor elementor-34739 elementor-29191\">\n\t\t\t\t\r\n\t\t<div class=\"default no-position show_shadow rs-sticky-default elementor-element elementor-element-13be1493 e-flex e-con-boxed e-con e-parent\" data-id=\"13be1493\" data-element_type=\"container\" data-e-type=\"container\" data-settings=\"{&quot;background_background&quot;:&quot;classic&quot;}\">\n\t\t\t\t\t<div class=\"e-con-inner\">\n\t\t\r\n\t\t\t\t<div class=\"elementor-element elementor-element-46f140f9 elementor-widget elementor-widget-rs-service-slider\" data-id=\"46f140f9\" data-element_type=\"widget\" data-e-type=\"widget\" data-widget_type=\"rs-service-slider.default\">\n\t\t\t\t<div class=\"elementor-widget-container\">\n\t\t\t\t\t        \r\n                <div class=\"rsaddon-unique-slider uni-15009 rs-unique-grid-services\">\r\n            <div class=\"rs-addon-slider rs-services-slider service-style-1 row\">\r\n        \r\n                <div class=\"grid-item col-lg-4 col-md-6\">\r\n    <div class=\"rs-service-slider\">\r\n                    <div class=\"service-img\">\r\n                <img decoding=\"async\" src=\"https:\/\/euromotion.lu\/wp-content\/uploads\/2025\/03\/Bearings.jpeg\" title=\"Bearing\" alt=\"Ball bearing in the cut, showing the mechanism\" loading=\"lazy\" \/>            <\/div>\r\n        \r\n        <div class=\"service-title-holder btn_box\">\r\n            <div class=\"service-content-area\">\r\n                                                <div class=\"service-title \">\r\n                    <h3 class=\"title\">\r\n                        <a href=\"https:\/\/euromotion.lu\/fr\/produits\/roulements\/\" >\r\n                             Roulements                        <\/a>\r\n                        <\/h3>\r\n                    <\/div>\r\n                            \r\n                                        <div class=\"numbering number-line\">\r\n                    <span>01<\/span>\r\n                <\/div>\r\n                        <!-- Button Style -->\r\n                            <div class=\"read__more\">\r\n                    <a href=\"https:\/\/euromotion.lu\/fr\/produits\/roulements\/\"  class=\"btn-area\">\r\n                        <span class=\"btn-text\">Plus d&#039;infos<\/span>\r\n                        <span class=\"btn-icon\">                            <svg aria-hidden=\"true\" class=\"e-font-icon-svg e-fas-angle-right\" viewBox=\"0 0 256 512\" xmlns=\"http:\/\/www.w3.org\/2000\/svg\"><path d=\"M224.3 273l-136 136c-9.4 9.4-24.6 9.4-33.9 0l-22.6-22.6c-9.4-9.4-9.4-24.6 0-33.9l96.4-96.4-96.4-96.4c-9.4-9.4-9.4-24.6 0-33.9L54.3 103c9.4-9.4 24.6-9.4 33.9 0l136 136c9.5 9.4 9.5 24.6.1 34z\"><\/path><\/svg>                                                <\/span>\r\n                    <\/a>\r\n                <\/div>\r\n                        <!-- Button Style End -->\r\n            <\/div>\r\n        <\/div>\r\n    <\/div>\r\n<\/div>                    <div class=\"grid-item col-lg-4 col-md-6\">\r\n    <div class=\"rs-service-slider\">\r\n                    <div class=\"service-img\">\r\n                <img decoding=\"async\" src=\"https:\/\/euromotion.lu\/wp-content\/uploads\/2025\/03\/Lubricanting-Grease.jpeg\" title=\"Ball bearing. Motor oil. Lubricating oil.\" alt=\"Ball bearing. Motor oil. Lubricating oil. Rolling bearings.\" loading=\"lazy\" \/>            <\/div>\r\n        \r\n        <div class=\"service-title-holder btn_box\">\r\n            <div class=\"service-content-area\">\r\n                                                <div class=\"service-title \">\r\n                    <h3 class=\"title\">\r\n                        <a href=\"https:\/\/euromotion.lu\/fr\/graisses-lubrifiantes\/\" >\r\n                             Graisses Lubrifiantes                        <\/a>\r\n                        <\/h3>\r\n                    <\/div>\r\n                            \r\n                                        <div class=\"numbering number-line\">\r\n                    <span>02<\/span>\r\n                <\/div>\r\n                        <!-- Button Style -->\r\n                            <div class=\"read__more\">\r\n                    <a href=\"https:\/\/euromotion.lu\/fr\/graisses-lubrifiantes\/\"  class=\"btn-area\">\r\n                        <span class=\"btn-text\">Plus d&#039;infos<\/span>\r\n                        <span class=\"btn-icon\">                            <svg aria-hidden=\"true\" class=\"e-font-icon-svg e-fas-angle-right\" viewBox=\"0 0 256 512\" xmlns=\"http:\/\/www.w3.org\/2000\/svg\"><path d=\"M224.3 273l-136 136c-9.4 9.4-24.6 9.4-33.9 0l-22.6-22.6c-9.4-9.4-9.4-24.6 0-33.9l96.4-96.4-96.4-96.4c-9.4-9.4-9.4-24.6 0-33.9L54.3 103c9.4-9.4 24.6-9.4 33.9 0l136 136c9.5 9.4 9.5 24.6.1 34z\"><\/path><\/svg>                                                <\/span>\r\n                    <\/a>\r\n                <\/div>\r\n                        <!-- Button Style End -->\r\n            <\/div>\r\n        <\/div>\r\n    <\/div>\r\n<\/div>                    <div class=\"grid-item col-lg-4 col-md-6\">\r\n    <div class=\"rs-service-slider\">\r\n                    <div class=\"service-img\">\r\n                <img decoding=\"async\" src=\"https:\/\/euromotion.lu\/wp-content\/uploads\/2025\/03\/Bearing-Housings-e1741587988769.webp\" title=\"Bearing Housings\" alt=\"Bearing Housings\" loading=\"lazy\" \/>            <\/div>\r\n        \r\n        <div class=\"service-title-holder btn_box\">\r\n            <div class=\"service-content-area\">\r\n                                                <div class=\"service-title \">\r\n                    <h3 class=\"title\">\r\n                        <a href=\"https:\/\/euromotion.lu\/fr\/produits\/paliers-de-roulement\/\" >\r\n                             Paliers de roulement                        <\/a>\r\n                        <\/h3>\r\n                    <\/div>\r\n                            \r\n                                        <div class=\"numbering number-line\">\r\n                    <span>03<\/span>\r\n                <\/div>\r\n                        <!-- Button Style -->\r\n                            <div class=\"read__more\">\r\n                    <a href=\"https:\/\/euromotion.lu\/fr\/produits\/paliers-de-roulement\/\"  class=\"btn-area\">\r\n                        <span class=\"btn-text\">Plus d&#039;infos<\/span>\r\n                        <span class=\"btn-icon\">                            <svg aria-hidden=\"true\" class=\"e-font-icon-svg e-fas-angle-right\" viewBox=\"0 0 256 512\" xmlns=\"http:\/\/www.w3.org\/2000\/svg\"><path d=\"M224.3 273l-136 136c-9.4 9.4-24.6 9.4-33.9 0l-22.6-22.6c-9.4-9.4-9.4-24.6 0-33.9l96.4-96.4-96.4-96.4c-9.4-9.4-9.4-24.6 0-33.9L54.3 103c9.4-9.4 24.6-9.4 33.9 0l136 136c9.5 9.4 9.5 24.6.1 34z\"><\/path><\/svg>                                                <\/span>\r\n                    <\/a>\r\n                <\/div>\r\n                        <!-- Button Style End -->\r\n            <\/div>\r\n        <\/div>\r\n    <\/div>\r\n<\/div>                            <\/div>\r\n                    <\/div>\r\n        \t\t\t\t<\/div>\n\t\t\t\t<\/div>\n\t\t\r\n\t\t\t\t<div class=\"elementor-element elementor-element-21e2f1c elementor-widget elementor-widget-rs-service-slider\" data-id=\"21e2f1c\" data-element_type=\"widget\" data-e-type=\"widget\" data-widget_type=\"rs-service-slider.default\">\n\t\t\t\t<div class=\"elementor-widget-container\">\n\t\t\t\t\t        \r\n                <div class=\"rsaddon-unique-slider uni-19017 rs-unique-grid-services\">\r\n            <div class=\"rs-addon-slider rs-services-slider service-style-1 row\">\r\n        \r\n                <div class=\"grid-item col-lg-4 col-md-6\">\r\n    <div class=\"rs-service-slider\">\r\n                    <div class=\"service-img\">\r\n                <img decoding=\"async\" src=\"https:\/\/euromotion.lu\/wp-content\/uploads\/2025\/03\/Linear-Motion-Systems-and-Components.jpeg\" title=\"Ball screw in the industrial machine tool industry.\" alt=\"Ball screw in the industrial machine tool industry.\" loading=\"lazy\" \/>            <\/div>\r\n        \r\n        <div class=\"service-title-holder btn_box\">\r\n            <div class=\"service-content-area\">\r\n                                                <div class=\"service-title \">\r\n                    <h3 class=\"title\">\r\n                        <a href=\"https:\/\/euromotion.lu\/fr\/produits\/systemes-et-composants-de-mouvement-lineaire\/\" >\r\n                             Syst\u00e8mes et composants de mouvement lin\u00e9aire                        <\/a>\r\n                        <\/h3>\r\n                    <\/div>\r\n                            \r\n                                        <div class=\"numbering number-line\">\r\n                    <span>04<\/span>\r\n                <\/div>\r\n                        <!-- Button Style -->\r\n                            <div class=\"read__more\">\r\n                    <a href=\"https:\/\/euromotion.lu\/fr\/produits\/systemes-et-composants-de-mouvement-lineaire\/\"  class=\"btn-area\">\r\n                        <span class=\"btn-text\">Plus d&#039;infos<\/span>\r\n                        <span class=\"btn-icon\">                            <svg aria-hidden=\"true\" class=\"e-font-icon-svg e-fas-angle-right\" viewBox=\"0 0 256 512\" xmlns=\"http:\/\/www.w3.org\/2000\/svg\"><path d=\"M224.3 273l-136 136c-9.4 9.4-24.6 9.4-33.9 0l-22.6-22.6c-9.4-9.4-9.4-24.6 0-33.9l96.4-96.4-96.4-96.4c-9.4-9.4-9.4-24.6 0-33.9L54.3 103c9.4-9.4 24.6-9.4 33.9 0l136 136c9.5 9.4 9.5 24.6.1 34z\"><\/path><\/svg>                                                <\/span>\r\n                    <\/a>\r\n                <\/div>\r\n                        <!-- Button Style End -->\r\n            <\/div>\r\n        <\/div>\r\n    <\/div>\r\n<\/div>                    <div class=\"grid-item col-lg-4 col-md-6\">\r\n    <div class=\"rs-service-slider\">\r\n                    <div class=\"service-img\">\r\n                <img decoding=\"async\" src=\"https:\/\/euromotion.lu\/wp-content\/uploads\/2025\/03\/Power-Transmission-Components-e1741588042789.jpeg\" title=\"Connect the flexible shaft to an available spare motor for grinding and polishing work.\" alt=\"Motor coupling for reduce vibration and smooth start running, Connect the flexible shaft to an available spare motor for grinding and polishing work.\" loading=\"lazy\" \/>            <\/div>\r\n        \r\n        <div class=\"service-title-holder btn_box\">\r\n            <div class=\"service-content-area\">\r\n                                                <div class=\"service-title \">\r\n                    <h3 class=\"title\">\r\n                        <a href=\"https:\/\/euromotion.lu\/fr\/produits\/composants-de-transmission-de-puissance-mecanique\/\" >\r\n                             Composants de Transmission de Puissance M\u00e9canique                        <\/a>\r\n                        <\/h3>\r\n                    <\/div>\r\n                            \r\n                                        <div class=\"numbering number-line\">\r\n                    <span>05<\/span>\r\n                <\/div>\r\n                        <!-- Button Style -->\r\n                            <div class=\"read__more\">\r\n                    <a href=\"https:\/\/euromotion.lu\/fr\/produits\/composants-de-transmission-de-puissance-mecanique\/\"  class=\"btn-area\">\r\n                        <span class=\"btn-text\">Plus d&#039;infos<\/span>\r\n                        <span class=\"btn-icon\">                            <svg aria-hidden=\"true\" class=\"e-font-icon-svg e-fas-angle-right\" viewBox=\"0 0 256 512\" xmlns=\"http:\/\/www.w3.org\/2000\/svg\"><path d=\"M224.3 273l-136 136c-9.4 9.4-24.6 9.4-33.9 0l-22.6-22.6c-9.4-9.4-9.4-24.6 0-33.9l96.4-96.4-96.4-96.4c-9.4-9.4-9.4-24.6 0-33.9L54.3 103c9.4-9.4 24.6-9.4 33.9 0l136 136c9.5 9.4 9.5 24.6.1 34z\"><\/path><\/svg>                                                <\/span>\r\n                    <\/a>\r\n                <\/div>\r\n                        <!-- Button Style End -->\r\n            <\/div>\r\n        <\/div>\r\n    <\/div>\r\n<\/div>                    <div class=\"grid-item col-lg-4 col-md-6\">\r\n    <div class=\"rs-service-slider\">\r\n                    <div class=\"service-img\">\r\n                <img decoding=\"async\" src=\"https:\/\/euromotion.lu\/wp-content\/uploads\/2025\/03\/Slewing-Rings.jpg\" title=\"Slewing Rings\" alt=\"Slewing Rings\" loading=\"lazy\" \/>            <\/div>\r\n        \r\n        <div class=\"service-title-holder btn_box\">\r\n            <div class=\"service-content-area\">\r\n                                                <div class=\"service-title \">\r\n                    <h3 class=\"title\">\r\n                        <a href=\"https:\/\/euromotion.lu\/fr\/produits\/couronne-dorientation\/\" >\r\n                             Couronne d&#039;orientation                        <\/a>\r\n                        <\/h3>\r\n                    <\/div>\r\n                            \r\n                                        <div class=\"numbering number-line\">\r\n                    <span>06<\/span>\r\n                <\/div>\r\n                        <!-- Button Style -->\r\n                            <div class=\"read__more\">\r\n                    <a href=\"https:\/\/euromotion.lu\/fr\/produits\/couronne-dorientation\/\"  class=\"btn-area\">\r\n                        <span class=\"btn-text\">Plus d&#039;infos<\/span>\r\n                        <span class=\"btn-icon\">                            <svg aria-hidden=\"true\" class=\"e-font-icon-svg e-fas-angle-right\" viewBox=\"0 0 256 512\" xmlns=\"http:\/\/www.w3.org\/2000\/svg\"><path d=\"M224.3 273l-136 136c-9.4 9.4-24.6 9.4-33.9 0l-22.6-22.6c-9.4-9.4-9.4-24.6 0-33.9l96.4-96.4-96.4-96.4c-9.4-9.4-9.4-24.6 0-33.9L54.3 103c9.4-9.4 24.6-9.4 33.9 0l136 136c9.5 9.4 9.5 24.6.1 34z\"><\/path><\/svg>                                                <\/span>\r\n                    <\/a>\r\n                <\/div>\r\n                        <!-- Button Style End -->\r\n            <\/div>\r\n        <\/div>\r\n    <\/div>\r\n<\/div>                            <\/div>\r\n                    <\/div>\r\n        \t\t\t\t<\/div>\n\t\t\t\t<\/div>\n\t\t\t\t\t<\/div>\n\t\t\t\t<\/div>\n\t\t\t\t<\/div>\n\t\t","protected":false},"excerpt":{"rendered":"<p>Roulements 01 Plus d&#039;infos Graisses Lubrifiantes 02 Plus d&#039;infos Paliers de roulement 03 Plus d&#039;infos Syst\u00e8mes et composants de mouvement lin\u00e9aire 04 Plus d&#039;infos Composants de Transmission de Puissance M\u00e9canique 05 Plus d&#039;infos Couronne d&#039;orientation 06 Plus d&#039;infos<\/p>\n","protected":false},"author":1,"featured_media":29204,"parent":0,"menu_order":0,"comment_status":"closed","ping_status":"closed","template":"elementor_header_footer","meta":{"footnotes":""},"class_list":["post-34739","page","type-page","status-publish","has-post-thumbnail","hentry"],"yoast_head":"<!-- This site is optimized with the Yoast SEO plugin v27.5 - https:\/\/yoast.com\/product\/yoast-seo-wordpress\/ -->\n<title>Produits pour la transmission de puissance et le mouvement industriel | Euromotion<\/title>\n<meta name=\"description\" content=\"D\u00e9couvrez la gamme Euromotion de syst\u00e8mes de mouvement industriel, de roulements, de transmission de puissance et de composants m\u00e9caniques propos\u00e9s par les principaux fabricants mondiaux.\" \/>\n<meta name=\"robots\" content=\"index, follow, max-snippet:-1, max-image-preview:large, max-video-preview:-1\" \/>\n<link rel=\"canonical\" href=\"https:\/\/euromotion.lu\/fr\/produits\/\" \/>\n<meta property=\"og:locale\" content=\"fr_FR\" \/>\n<meta property=\"og:type\" content=\"article\" \/>\n<meta property=\"og:title\" content=\"Produits pour la transmission de puissance et le mouvement industriel | Euromotion\" \/>\n<meta property=\"og:description\" content=\"D\u00e9couvrez la gamme Euromotion de syst\u00e8mes de mouvement industriel, de roulements, de transmission de puissance et de composants m\u00e9caniques propos\u00e9s par les principaux fabricants mondiaux.\" \/>\n<meta property=\"og:url\" content=\"https:\/\/euromotion.lu\/fr\/produits\/\" \/>\n<meta property=\"og:site_name\" content=\"EUROMOTION\" \/>\n<meta property=\"article:modified_time\" content=\"2026-04-17T19:08:31+00:00\" \/>\n<meta property=\"og:image\" content=\"https:\/\/euromotion.lu\/wp-content\/uploads\/2025\/03\/Bearings.jpeg\" \/>\n\t<meta property=\"og:image:width\" content=\"1920\" \/>\n\t<meta property=\"og:image:height\" content=\"1280\" \/>\n\t<meta property=\"og:image:type\" content=\"image\/jpeg\" \/>\n<meta name=\"twitter:card\" content=\"summary_large_image\" \/>\n<script type=\"application\/ld+json\" class=\"yoast-schema-graph\">{\"@context\":\"https:\\\/\\\/schema.org\",\"@graph\":[{\"@type\":\"WebPage\",\"@id\":\"https:\\\/\\\/euromotion.lu\\\/fr\\\/produits\\\/\",\"url\":\"https:\\\/\\\/euromotion.lu\\\/fr\\\/produits\\\/\",\"name\":\"Produits pour la transmission de puissance et le mouvement industriel | Euromotion\",\"isPartOf\":{\"@id\":\"https:\\\/\\\/euromotion.lu\\\/fr\\\/#website\"},\"primaryImageOfPage\":{\"@id\":\"https:\\\/\\\/euromotion.lu\\\/fr\\\/produits\\\/#primaryimage\"},\"image\":{\"@id\":\"https:\\\/\\\/euromotion.lu\\\/fr\\\/produits\\\/#primaryimage\"},\"thumbnailUrl\":\"https:\\\/\\\/euromotion.lu\\\/wp-content\\\/uploads\\\/2025\\\/03\\\/Bearings.jpeg\",\"datePublished\":\"2025-03-07T06:37:40+00:00\",\"dateModified\":\"2026-04-17T19:08:31+00:00\",\"description\":\"D\u00e9couvrez la gamme Euromotion de syst\u00e8mes de mouvement industriel, de roulements, de transmission de puissance et de composants m\u00e9caniques propos\u00e9s par les principaux fabricants mondiaux.\",\"breadcrumb\":{\"@id\":\"https:\\\/\\\/euromotion.lu\\\/fr\\\/produits\\\/#breadcrumb\"},\"inLanguage\":\"fr-FR\",\"potentialAction\":[{\"@type\":\"ReadAction\",\"target\":[\"https:\\\/\\\/euromotion.lu\\\/fr\\\/produits\\\/\"]}]},{\"@type\":\"ImageObject\",\"inLanguage\":\"fr-FR\",\"@id\":\"https:\\\/\\\/euromotion.lu\\\/fr\\\/produits\\\/#primaryimage\",\"url\":\"https:\\\/\\\/euromotion.lu\\\/wp-content\\\/uploads\\\/2025\\\/03\\\/Bearings.jpeg\",\"contentUrl\":\"https:\\\/\\\/euromotion.lu\\\/wp-content\\\/uploads\\\/2025\\\/03\\\/Bearings.jpeg\",\"width\":1920,\"height\":1280,\"caption\":\"Ball bearing in the cut, showing the mechanism\"},{\"@type\":\"BreadcrumbList\",\"@id\":\"https:\\\/\\\/euromotion.lu\\\/fr\\\/produits\\\/#breadcrumb\",\"itemListElement\":[{\"@type\":\"ListItem\",\"position\":1,\"name\":\"Home\",\"item\":\"https:\\\/\\\/euromotion.lu\\\/fr\\\/accueil\\\/\"},{\"@type\":\"ListItem\",\"position\":2,\"name\":\"Produits\"}]},{\"@type\":\"WebSite\",\"@id\":\"https:\\\/\\\/euromotion.lu\\\/fr\\\/#website\",\"url\":\"https:\\\/\\\/euromotion.lu\\\/fr\\\/\",\"name\":\"Euromotion SARL\",\"description\":\"Industrial Motion &amp; Power Transmission Solutions\",\"publisher\":{\"@id\":\"https:\\\/\\\/euromotion.lu\\\/fr\\\/#organization\"},\"potentialAction\":[{\"@type\":\"SearchAction\",\"target\":{\"@type\":\"EntryPoint\",\"urlTemplate\":\"https:\\\/\\\/euromotion.lu\\\/fr\\\/?s={search_term_string}\"},\"query-input\":{\"@type\":\"PropertyValueSpecification\",\"valueRequired\":true,\"valueName\":\"search_term_string\"}}],\"inLanguage\":\"fr-FR\"},{\"@type\":\"Organization\",\"@id\":\"https:\\\/\\\/euromotion.lu\\\/fr\\\/#organization\",\"name\":\"Euromotion SARL\",\"url\":\"https:\\\/\\\/euromotion.lu\\\/fr\\\/\",\"logo\":{\"@type\":\"ImageObject\",\"inLanguage\":\"fr-FR\",\"@id\":\"https:\\\/\\\/euromotion.lu\\\/fr\\\/#\\\/schema\\\/logo\\\/image\\\/\",\"url\":\"https:\\\/\\\/euromotion.lu\\\/wp-content\\\/uploads\\\/2025\\\/02\\\/Euromotion-Logo.png\",\"contentUrl\":\"https:\\\/\\\/euromotion.lu\\\/wp-content\\\/uploads\\\/2025\\\/02\\\/Euromotion-Logo.png\",\"width\":1859,\"height\":365,\"caption\":\"Euromotion SARL\"},\"image\":{\"@id\":\"https:\\\/\\\/euromotion.lu\\\/fr\\\/#\\\/schema\\\/logo\\\/image\\\/\"}}]}<\/script>\n<!-- \/ Yoast SEO plugin. -->","yoast_head_json":{"title":"Produits pour la transmission de puissance et le mouvement industriel | Euromotion","description":"D\u00e9couvrez la gamme Euromotion de syst\u00e8mes de mouvement industriel, de roulements, de transmission de puissance et de composants m\u00e9caniques propos\u00e9s par les principaux fabricants mondiaux.","robots":{"index":"index","follow":"follow","max-snippet":"max-snippet:-1","max-image-preview":"max-image-preview:large","max-video-preview":"max-video-preview:-1"},"canonical":"https:\/\/euromotion.lu\/fr\/produits\/","og_locale":"fr_FR","og_type":"article","og_title":"Produits pour la transmission de puissance et le mouvement industriel | Euromotion","og_description":"D\u00e9couvrez la gamme Euromotion de syst\u00e8mes de mouvement industriel, de roulements, de transmission de puissance et de composants m\u00e9caniques propos\u00e9s par les principaux fabricants mondiaux.","og_url":"https:\/\/euromotion.lu\/fr\/produits\/","og_site_name":"EUROMOTION","article_modified_time":"2026-04-17T19:08:31+00:00","og_image":[{"width":1920,"height":1280,"url":"https:\/\/euromotion.lu\/wp-content\/uploads\/2025\/03\/Bearings.jpeg","type":"image\/jpeg"}],"twitter_card":"summary_large_image","schema":{"@context":"https:\/\/schema.org","@graph":[{"@type":"WebPage","@id":"https:\/\/euromotion.lu\/fr\/produits\/","url":"https:\/\/euromotion.lu\/fr\/produits\/","name":"Produits pour la transmission de puissance et le mouvement industriel | Euromotion","isPartOf":{"@id":"https:\/\/euromotion.lu\/fr\/#website"},"primaryImageOfPage":{"@id":"https:\/\/euromotion.lu\/fr\/produits\/#primaryimage"},"image":{"@id":"https:\/\/euromotion.lu\/fr\/produits\/#primaryimage"},"thumbnailUrl":"https:\/\/euromotion.lu\/wp-content\/uploads\/2025\/03\/Bearings.jpeg","datePublished":"2025-03-07T06:37:40+00:00","dateModified":"2026-04-17T19:08:31+00:00","description":"D\u00e9couvrez la gamme Euromotion de syst\u00e8mes de mouvement industriel, de roulements, de transmission de puissance et de composants m\u00e9caniques propos\u00e9s par les principaux fabricants mondiaux.","breadcrumb":{"@id":"https:\/\/euromotion.lu\/fr\/produits\/#breadcrumb"},"inLanguage":"fr-FR","potentialAction":[{"@type":"ReadAction","target":["https:\/\/euromotion.lu\/fr\/produits\/"]}]},{"@type":"ImageObject","inLanguage":"fr-FR","@id":"https:\/\/euromotion.lu\/fr\/produits\/#primaryimage","url":"https:\/\/euromotion.lu\/wp-content\/uploads\/2025\/03\/Bearings.jpeg","contentUrl":"https:\/\/euromotion.lu\/wp-content\/uploads\/2025\/03\/Bearings.jpeg","width":1920,"height":1280,"caption":"Ball bearing in the cut, showing the mechanism"},{"@type":"BreadcrumbList","@id":"https:\/\/euromotion.lu\/fr\/produits\/#breadcrumb","itemListElement":[{"@type":"ListItem","position":1,"name":"Home","item":"https:\/\/euromotion.lu\/fr\/accueil\/"},{"@type":"ListItem","position":2,"name":"Produits"}]},{"@type":"WebSite","@id":"https:\/\/euromotion.lu\/fr\/#website","url":"https:\/\/euromotion.lu\/fr\/","name":"Euromotion SARL","description":"Industrial Motion &amp; Power Transmission Solutions","publisher":{"@id":"https:\/\/euromotion.lu\/fr\/#organization"},"potentialAction":[{"@type":"SearchAction","target":{"@type":"EntryPoint","urlTemplate":"https:\/\/euromotion.lu\/fr\/?s={search_term_string}"},"query-input":{"@type":"PropertyValueSpecification","valueRequired":true,"valueName":"search_term_string"}}],"inLanguage":"fr-FR"},{"@type":"Organization","@id":"https:\/\/euromotion.lu\/fr\/#organization","name":"Euromotion SARL","url":"https:\/\/euromotion.lu\/fr\/","logo":{"@type":"ImageObject","inLanguage":"fr-FR","@id":"https:\/\/euromotion.lu\/fr\/#\/schema\/logo\/image\/","url":"https:\/\/euromotion.lu\/wp-content\/uploads\/2025\/02\/Euromotion-Logo.png","contentUrl":"https:\/\/euromotion.lu\/wp-content\/uploads\/2025\/02\/Euromotion-Logo.png","width":1859,"height":365,"caption":"Euromotion SARL"},"image":{"@id":"https:\/\/euromotion.lu\/fr\/#\/schema\/logo\/image\/"}}]}},"_links":{"self":[{"href":"https:\/\/euromotion.lu\/fr\/wp-json\/wp\/v2\/pages\/34739","targetHints":{"allow":["GET"]}}],"collection":[{"href":"https:\/\/euromotion.lu\/fr\/wp-json\/wp\/v2\/pages"}],"about":[{"href":"https:\/\/euromotion.lu\/fr\/wp-json\/wp\/v2\/types\/page"}],"author":[{"embeddable":true,"href":"https:\/\/euromotion.lu\/fr\/wp-json\/wp\/v2\/users\/1"}],"replies":[{"embeddable":true,"href":"https:\/\/euromotion.lu\/fr\/wp-json\/wp\/v2\/comments?post=34739"}],"version-history":[{"count":3,"href":"https:\/\/euromotion.lu\/fr\/wp-json\/wp\/v2\/pages\/34739\/revisions"}],"predecessor-version":[{"id":34972,"href":"https:\/\/euromotion.lu\/fr\/wp-json\/wp\/v2\/pages\/34739\/revisions\/34972"}],"wp:featuredmedia":[{"embeddable":true,"href":"https:\/\/euromotion.lu\/fr\/wp-json\/wp\/v2\/media\/29204"}],"wp:attachment":[{"href":"https:\/\/euromotion.lu\/fr\/wp-json\/wp\/v2\/media?parent=34739"}],"curies":[{"name":"wp","href":"https:\/\/api.w.org\/{rel}","templated":true}]}}