{"id":34675,"date":"2025-03-15T06:56:02","date_gmt":"2025-03-15T06:56:02","guid":{"rendered":"https:\/\/euromotion.lu\/industries\/"},"modified":"2026-04-16T11:14:46","modified_gmt":"2026-04-16T11:14:46","slug":"industries","status":"publish","type":"page","link":"https:\/\/euromotion.lu\/fr\/industries\/","title":{"rendered":"Industries"},"content":{"rendered":"\t\t<div data-elementor-type=\"wp-page\" data-elementor-id=\"34675\" class=\"elementor elementor-34675 elementor-29380\">\n\t\t\t\t\r\n\t\t<div class=\"default no-position show_shadow rs-sticky-default elementor-element elementor-element-308a540 e-flex e-con-boxed e-con e-parent\" data-id=\"308a540\" data-element_type=\"container\" data-e-type=\"container\" data-settings=\"{&quot;background_background&quot;:&quot;classic&quot;}\">\n\t\t\t\t\t<div class=\"e-con-inner\">\n\t\t\r\n\t\t<div class=\"default no-position show_shadow rs-sticky-default elementor-element elementor-element-c967bb0 e-con-full e-flex e-con e-child\" data-id=\"c967bb0\" data-element_type=\"container\" data-e-type=\"container\">\n\t\t\r\n\t\t\t\t<div class=\"elementor-element elementor-element-fd40f22 elementor-widget elementor-widget-rs-service-grid\" data-id=\"fd40f22\" data-element_type=\"widget\" data-e-type=\"widget\" data-widget_type=\"rs-service-grid.default\">\n\t\t\t\t<div class=\"elementor-widget-container\">\n\t\t\t\t\t\r\n\t\t<div class=\"rs-addon-services style5\">\r\n\t\t\t<div class=\"services-inner link\">\r\n        <div class=\"content_part\">\r\n                    <div class=\"services-title\">\r\n                                    <h3 class=\"title\">\r\n\r\n                        <a href=\"https:\/\/euromotion.lu\/industries\/steel-industry\/\" >\r\n                            Industrie<br>Sid\u00e9rurgique                        <\/a>\r\n                    <\/h3>\r\n                            <\/div>\r\n                                    <div class=\"btn-part\">\r\n                                <a class=\"services-btn\" href=\"https:\/\/euromotion.lu\/fr\/industrie-siderurgique\/\" >\r\n                                                                                                <\/a>\r\n            <\/div>\r\n            <\/div>\r\n            <div class=\"media_wrap\">\r\n                                                <div class=\"image_style media-cmn\">\r\n                        <img fetchpriority=\"high\" decoding=\"async\" width=\"1920\" height=\"1563\" src=\"https:\/\/euromotion.lu\/wp-content\/uploads\/2025\/03\/Steel-Industry.jpeg\" class=\"attachment-full size-full wp-image-29406\" alt=\"\" srcset=\"https:\/\/euromotion.lu\/wp-content\/uploads\/2025\/03\/Steel-Industry.jpeg 1920w, https:\/\/euromotion.lu\/wp-content\/uploads\/2025\/03\/Steel-Industry-300x244.jpeg 300w, https:\/\/euromotion.lu\/wp-content\/uploads\/2025\/03\/Steel-Industry-1024x834.jpeg 1024w, https:\/\/euromotion.lu\/wp-content\/uploads\/2025\/03\/Steel-Industry-768x625.jpeg 768w, https:\/\/euromotion.lu\/wp-content\/uploads\/2025\/03\/Steel-Industry-1536x1250.jpeg 1536w, https:\/\/euromotion.lu\/wp-content\/uploads\/2025\/03\/Steel-Industry-416x340.jpeg 416w\" sizes=\"(max-width: 1920px) 100vw, 1920px\" \/>                    <\/div>\r\n                                    <\/div>\r\n    <\/div>\t\t<\/div>\r\n\r\n\t\t\t\t<\/div>\n\t\t\t\t<\/div>\n\t\t\t\t<\/div>\n\t\t\r\n\t\t<div class=\"default no-position show_shadow rs-sticky-default elementor-element elementor-element-a24e1df e-con-full e-flex e-con e-child\" data-id=\"a24e1df\" data-element_type=\"container\" data-e-type=\"container\">\n\t\t\r\n\t\t\t\t<div class=\"elementor-element elementor-element-100dba6 elementor-widget elementor-widget-rs-service-grid\" data-id=\"100dba6\" data-element_type=\"widget\" data-e-type=\"widget\" data-widget_type=\"rs-service-grid.default\">\n\t\t\t\t<div class=\"elementor-widget-container\">\n\t\t\t\t\t\r\n\t\t<div class=\"rs-addon-services style5\">\r\n\t\t\t<div class=\"services-inner link\">\r\n        <div class=\"content_part\">\r\n                    <div class=\"services-title\">\r\n                                    <h3 class=\"title\">\r\n\r\n                        <a href=\"https:\/\/euromotion.lu\/industries\/automotive-industry\/\" >\r\n                            Industrie<br>Automobile                        <\/a>\r\n                    <\/h3>\r\n                            <\/div>\r\n                                    <div class=\"btn-part\">\r\n                                <a class=\"services-btn\" href=\"https:\/\/euromotion.lu\/fr\/industrie-automobile\/\" >\r\n                                                                                                <\/a>\r\n            <\/div>\r\n            <\/div>\r\n            <div class=\"media_wrap\">\r\n                                                <div class=\"image_style media-cmn\">\r\n                        <img decoding=\"async\" width=\"1920\" height=\"1563\" src=\"https:\/\/euromotion.lu\/wp-content\/uploads\/2025\/04\/Automotriz-industria.jpg\" class=\"attachment-full size-full wp-image-30059\" alt=\"\" srcset=\"https:\/\/euromotion.lu\/wp-content\/uploads\/2025\/04\/Automotriz-industria.jpg 1920w, https:\/\/euromotion.lu\/wp-content\/uploads\/2025\/04\/Automotriz-industria-300x244.jpg 300w, https:\/\/euromotion.lu\/wp-content\/uploads\/2025\/04\/Automotriz-industria-1024x834.jpg 1024w, https:\/\/euromotion.lu\/wp-content\/uploads\/2025\/04\/Automotriz-industria-768x625.jpg 768w, https:\/\/euromotion.lu\/wp-content\/uploads\/2025\/04\/Automotriz-industria-1536x1250.jpg 1536w, https:\/\/euromotion.lu\/wp-content\/uploads\/2025\/04\/Automotriz-industria-416x340.jpg 416w\" sizes=\"(max-width: 1920px) 100vw, 1920px\" \/>                    <\/div>\r\n                                    <\/div>\r\n    <\/div>\t\t<\/div>\r\n\r\n\t\t\t\t<\/div>\n\t\t\t\t<\/div>\n\t\t\t\t<\/div>\n\t\t\r\n\t\t<div class=\"default no-position show_shadow rs-sticky-default elementor-element elementor-element-fc96b71 e-con-full e-flex e-con e-child\" data-id=\"fc96b71\" data-element_type=\"container\" data-e-type=\"container\">\n\t\t\r\n\t\t\t\t<div class=\"elementor-element elementor-element-4d15dfb elementor-widget elementor-widget-rs-service-grid\" data-id=\"4d15dfb\" data-element_type=\"widget\" data-e-type=\"widget\" data-widget_type=\"rs-service-grid.default\">\n\t\t\t\t<div class=\"elementor-widget-container\">\n\t\t\t\t\t\r\n\t\t<div class=\"rs-addon-services style5\">\r\n\t\t\t<div class=\"services-inner link\">\r\n        <div class=\"content_part\">\r\n                    <div class=\"services-title\">\r\n                                    <h3 class=\"title\">\r\n\r\n                        <a href=\"https:\/\/euromotion.lu\/industries\/sugar-industry\/\" >\r\n                            Industrie<br>Sucri\u00e8re                        <\/a>\r\n                    <\/h3>\r\n                            <\/div>\r\n                                    <div class=\"btn-part\">\r\n                                <a class=\"services-btn\" href=\"https:\/\/euromotion.lu\/fr\/industrie-sucriere\/\" >\r\n                                                                                                <\/a>\r\n            <\/div>\r\n            <\/div>\r\n            <div class=\"media_wrap\">\r\n                                                <div class=\"image_style media-cmn\">\r\n                        <img decoding=\"async\" width=\"1920\" height=\"1563\" src=\"https:\/\/euromotion.lu\/wp-content\/uploads\/2025\/04\/Sugar-line.jpg\" class=\"attachment-full size-full wp-image-30061\" alt=\"\" srcset=\"https:\/\/euromotion.lu\/wp-content\/uploads\/2025\/04\/Sugar-line.jpg 1920w, https:\/\/euromotion.lu\/wp-content\/uploads\/2025\/04\/Sugar-line-300x244.jpg 300w, https:\/\/euromotion.lu\/wp-content\/uploads\/2025\/04\/Sugar-line-1024x834.jpg 1024w, https:\/\/euromotion.lu\/wp-content\/uploads\/2025\/04\/Sugar-line-768x625.jpg 768w, https:\/\/euromotion.lu\/wp-content\/uploads\/2025\/04\/Sugar-line-1536x1250.jpg 1536w, https:\/\/euromotion.lu\/wp-content\/uploads\/2025\/04\/Sugar-line-416x340.jpg 416w\" sizes=\"(max-width: 1920px) 100vw, 1920px\" \/>                    <\/div>\r\n                                    <\/div>\r\n    <\/div>\t\t<\/div>\r\n\r\n\t\t\t\t<\/div>\n\t\t\t\t<\/div>\n\t\t\t\t<\/div>\n\t\t\t\t\t<\/div>\n\t\t\t\t<\/div>\n\t\t\r\n\t\t<div class=\"default no-position show_shadow rs-sticky-default elementor-element elementor-element-fff50e4 e-flex e-con-boxed e-con e-parent\" data-id=\"fff50e4\" data-element_type=\"container\" data-e-type=\"container\" data-settings=\"{&quot;background_background&quot;:&quot;classic&quot;}\">\n\t\t\t\t\t<div class=\"e-con-inner\">\n\t\t\r\n\t\t<div class=\"default no-position show_shadow rs-sticky-default elementor-element elementor-element-9a47d63 e-con-full e-flex e-con e-child\" data-id=\"9a47d63\" data-element_type=\"container\" data-e-type=\"container\">\n\t\t\r\n\t\t\t\t<div class=\"elementor-element elementor-element-2aff261 elementor-invisible elementor-widget elementor-widget-rs-service-grid\" data-id=\"2aff261\" data-element_type=\"widget\" data-e-type=\"widget\" data-settings=\"{&quot;_animation&quot;:&quot;zoomIn&quot;}\" data-widget_type=\"rs-service-grid.default\">\n\t\t\t\t<div class=\"elementor-widget-container\">\n\t\t\t\t\t\r\n\t\t<div class=\"rs-addon-services style5\">\r\n\t\t\t<div class=\"services-inner link\">\r\n        <div class=\"content_part\">\r\n                    <div class=\"services-title\">\r\n                                    <h3 class=\"title\">\r\n\r\n                        <a href=\"https:\/\/euromotion.lu\/industries\/mining-and-cement-industry\/\" >\r\n                            Industrie<br>Mini\u00e8re et Cimenti\u00e8re                        <\/a>\r\n                    <\/h3>\r\n                            <\/div>\r\n                                    <div class=\"btn-part\">\r\n                                <a class=\"services-btn\" href=\"https:\/\/euromotion.lu\/fr\/industrie-miniere-et-cimentiere\/\" >\r\n                                                                                                <\/a>\r\n            <\/div>\r\n            <\/div>\r\n            <div class=\"media_wrap\">\r\n                                                <div class=\"image_style media-cmn\">\r\n                        <img loading=\"lazy\" decoding=\"async\" width=\"1920\" height=\"1563\" src=\"https:\/\/euromotion.lu\/wp-content\/uploads\/2025\/04\/Minera-industria.jpg\" class=\"attachment-full size-full wp-image-30065\" alt=\"\" srcset=\"https:\/\/euromotion.lu\/wp-content\/uploads\/2025\/04\/Minera-industria.jpg 1920w, https:\/\/euromotion.lu\/wp-content\/uploads\/2025\/04\/Minera-industria-300x244.jpg 300w, https:\/\/euromotion.lu\/wp-content\/uploads\/2025\/04\/Minera-industria-1024x834.jpg 1024w, https:\/\/euromotion.lu\/wp-content\/uploads\/2025\/04\/Minera-industria-768x625.jpg 768w, https:\/\/euromotion.lu\/wp-content\/uploads\/2025\/04\/Minera-industria-1536x1250.jpg 1536w, https:\/\/euromotion.lu\/wp-content\/uploads\/2025\/04\/Minera-industria-416x340.jpg 416w\" sizes=\"(max-width: 1920px) 100vw, 1920px\" \/>                    <\/div>\r\n                                    <\/div>\r\n    <\/div>\t\t<\/div>\r\n\r\n\t\t\t\t<\/div>\n\t\t\t\t<\/div>\n\t\t\t\t<\/div>\n\t\t\r\n\t\t<div class=\"default no-position show_shadow rs-sticky-default elementor-element elementor-element-27a5fa2 e-con-full e-flex e-con e-child\" data-id=\"27a5fa2\" data-element_type=\"container\" data-e-type=\"container\">\n\t\t\r\n\t\t\t\t<div class=\"elementor-element elementor-element-430598f elementor-invisible elementor-widget elementor-widget-rs-service-grid\" data-id=\"430598f\" data-element_type=\"widget\" data-e-type=\"widget\" data-settings=\"{&quot;_animation&quot;:&quot;zoomIn&quot;}\" data-widget_type=\"rs-service-grid.default\">\n\t\t\t\t<div class=\"elementor-widget-container\">\n\t\t\t\t\t\r\n\t\t<div class=\"rs-addon-services style5\">\r\n\t\t\t<div class=\"services-inner link\">\r\n        <div class=\"content_part\">\r\n                    <div class=\"services-title\">\r\n                                    <h3 class=\"title\">\r\n\r\n                        <a href=\"https:\/\/euromotion.lu\/fr\/industrie-papetiere\/\" >\r\n                            Industrie<br>Papeti\u00e8re                        <\/a>\r\n                    <\/h3>\r\n                            <\/div>\r\n                                    <div class=\"btn-part\">\r\n                                <a class=\"services-btn\" href=\"https:\/\/euromotion.lu\/fr\/industrie-papetiere\/\" >\r\n                                                                                                <\/a>\r\n            <\/div>\r\n            <\/div>\r\n            <div class=\"media_wrap\">\r\n                                                <div class=\"image_style media-cmn\">\r\n                        <img loading=\"lazy\" decoding=\"async\" width=\"1920\" height=\"1563\" src=\"https:\/\/euromotion.lu\/wp-content\/uploads\/2025\/04\/Papel-industria.jpg\" class=\"attachment-full size-full wp-image-30066\" alt=\"\" srcset=\"https:\/\/euromotion.lu\/wp-content\/uploads\/2025\/04\/Papel-industria.jpg 1920w, https:\/\/euromotion.lu\/wp-content\/uploads\/2025\/04\/Papel-industria-300x244.jpg 300w, https:\/\/euromotion.lu\/wp-content\/uploads\/2025\/04\/Papel-industria-1024x834.jpg 1024w, https:\/\/euromotion.lu\/wp-content\/uploads\/2025\/04\/Papel-industria-768x625.jpg 768w, https:\/\/euromotion.lu\/wp-content\/uploads\/2025\/04\/Papel-industria-1536x1250.jpg 1536w, https:\/\/euromotion.lu\/wp-content\/uploads\/2025\/04\/Papel-industria-416x340.jpg 416w\" sizes=\"(max-width: 1920px) 100vw, 1920px\" \/>                    <\/div>\r\n                                    <\/div>\r\n    <\/div>\t\t<\/div>\r\n\r\n\t\t\t\t<\/div>\n\t\t\t\t<\/div>\n\t\t\t\t<\/div>\n\t\t\r\n\t\t<div class=\"default no-position show_shadow rs-sticky-default elementor-element elementor-element-635ff48 e-con-full e-flex e-con e-child\" data-id=\"635ff48\" data-element_type=\"container\" data-e-type=\"container\">\n\t\t\r\n\t\t\t\t<div class=\"elementor-element elementor-element-dfdc5f3 elementor-invisible elementor-widget elementor-widget-rs-service-grid\" data-id=\"dfdc5f3\" data-element_type=\"widget\" data-e-type=\"widget\" data-settings=\"{&quot;_animation&quot;:&quot;zoomIn&quot;}\" data-widget_type=\"rs-service-grid.default\">\n\t\t\t\t<div class=\"elementor-widget-container\">\n\t\t\t\t\t\r\n\t\t<div class=\"rs-addon-services style5\">\r\n\t\t\t<div class=\"services-inner link\">\r\n        <div class=\"content_part\">\r\n                    <div class=\"services-title\">\r\n                                    <h3 class=\"title\">\r\n\r\n                        <a href=\"https:\/\/euromotion.lu\/fr\/industrie-petroliere-et-gaziere\/\" >\r\n                            Industrie<br>P\u00e9troli\u00e8re et Gazi\u00e8re                        <\/a>\r\n                    <\/h3>\r\n                            <\/div>\r\n                                    <div class=\"btn-part\">\r\n                                <a class=\"services-btn\" href=\"https:\/\/euromotion.lu\/fr\/industrie-petroliere-et-gaziere\/\" >\r\n                                                                                                <\/a>\r\n            <\/div>\r\n            <\/div>\r\n            <div class=\"media_wrap\">\r\n                                                <div class=\"image_style media-cmn\">\r\n                        <img loading=\"lazy\" decoding=\"async\" width=\"1920\" height=\"1563\" src=\"https:\/\/euromotion.lu\/wp-content\/uploads\/2025\/11\/Oil-Industry.jpg\" class=\"attachment-full size-full wp-image-30687\" alt=\"\" srcset=\"https:\/\/euromotion.lu\/wp-content\/uploads\/2025\/11\/Oil-Industry.jpg 1920w, https:\/\/euromotion.lu\/wp-content\/uploads\/2025\/11\/Oil-Industry-300x244.jpg 300w, https:\/\/euromotion.lu\/wp-content\/uploads\/2025\/11\/Oil-Industry-1024x834.jpg 1024w, https:\/\/euromotion.lu\/wp-content\/uploads\/2025\/11\/Oil-Industry-768x625.jpg 768w, https:\/\/euromotion.lu\/wp-content\/uploads\/2025\/11\/Oil-Industry-1536x1250.jpg 1536w, https:\/\/euromotion.lu\/wp-content\/uploads\/2025\/11\/Oil-Industry-416x340.jpg 416w\" sizes=\"(max-width: 1920px) 100vw, 1920px\" \/>                    <\/div>\r\n                                    <\/div>\r\n    <\/div>\t\t<\/div>\r\n\r\n\t\t\t\t<\/div>\n\t\t\t\t<\/div>\n\t\t\t\t<\/div>\n\t\t\t\t\t<\/div>\n\t\t\t\t<\/div>\n\t\t\t\t<\/div>\n\t\t","protected":false},"excerpt":{"rendered":"<p>IndustrieSid\u00e9rurgique IndustrieAutomobile IndustrieSucri\u00e8re IndustrieMini\u00e8re et Cimenti\u00e8re IndustriePapeti\u00e8re IndustrieP\u00e9troli\u00e8re et Gazi\u00e8re<\/p>\n","protected":false},"author":1,"featured_media":30052,"parent":0,"menu_order":0,"comment_status":"closed","ping_status":"closed","template":"elementor_header_footer","meta":{"footnotes":""},"class_list":["post-34675","page","type-page","status-publish","has-post-thumbnail","hentry"],"yoast_head":"<!-- This site is optimized with the Yoast SEO plugin v27.5 - https:\/\/yoast.com\/product\/yoast-seo-wordpress\/ -->\n<title>Solutions de motion industrielle pour les secteurs cl\u00e9s | Euromotion<\/title>\n<meta name=\"description\" content=\"Euromotion propose des solutions industrielles en mati\u00e8re de transmission de puissance et de m\u00e9canique, destin\u00e9es aux secteurs de la fabrication, de l&#039;automatisation et de l&#039;industrie lourde \u00e0 travers l&#039;Europe.\" \/>\n<meta name=\"robots\" content=\"index, follow, max-snippet:-1, max-image-preview:large, max-video-preview:-1\" \/>\n<link rel=\"canonical\" href=\"https:\/\/euromotion.lu\/fr\/industries\/\" \/>\n<meta property=\"og:locale\" content=\"fr_FR\" \/>\n<meta property=\"og:type\" content=\"article\" \/>\n<meta property=\"og:title\" content=\"Solutions de motion industrielle pour les secteurs cl\u00e9s | Euromotion\" \/>\n<meta property=\"og:description\" content=\"Euromotion propose des solutions industrielles en mati\u00e8re de transmission de puissance et de m\u00e9canique, destin\u00e9es aux secteurs de la fabrication, de l&#039;automatisation et de l&#039;industrie lourde \u00e0 travers l&#039;Europe.\" \/>\n<meta property=\"og:url\" content=\"https:\/\/euromotion.lu\/fr\/industries\/\" \/>\n<meta property=\"og:site_name\" content=\"EUROMOTION\" \/>\n<meta property=\"article:modified_time\" content=\"2026-04-16T11:14:46+00:00\" \/>\n<meta property=\"og:image\" content=\"https:\/\/euromotion.lu\/wp-content\/uploads\/2025\/04\/Automotriz001.jpeg\" \/>\n\t<meta property=\"og:image:width\" content=\"1920\" \/>\n\t<meta property=\"og:image:height\" content=\"1076\" \/>\n\t<meta property=\"og:image:type\" content=\"image\/jpeg\" \/>\n<meta name=\"twitter:card\" content=\"summary_large_image\" \/>\n<script type=\"application\/ld+json\" class=\"yoast-schema-graph\">{\"@context\":\"https:\\\/\\\/schema.org\",\"@graph\":[{\"@type\":\"WebPage\",\"@id\":\"https:\\\/\\\/euromotion.lu\\\/fr\\\/industries\\\/\",\"url\":\"https:\\\/\\\/euromotion.lu\\\/fr\\\/industries\\\/\",\"name\":\"Solutions de motion industrielle pour les secteurs cl\u00e9s | Euromotion\",\"isPartOf\":{\"@id\":\"https:\\\/\\\/euromotion.lu\\\/fr\\\/#website\"},\"primaryImageOfPage\":{\"@id\":\"https:\\\/\\\/euromotion.lu\\\/fr\\\/industries\\\/#primaryimage\"},\"image\":{\"@id\":\"https:\\\/\\\/euromotion.lu\\\/fr\\\/industries\\\/#primaryimage\"},\"thumbnailUrl\":\"https:\\\/\\\/euromotion.lu\\\/wp-content\\\/uploads\\\/2025\\\/04\\\/Automotriz001.jpeg\",\"datePublished\":\"2025-03-15T06:56:02+00:00\",\"dateModified\":\"2026-04-16T11:14:46+00:00\",\"description\":\"Euromotion propose des solutions industrielles en mati\u00e8re de transmission de puissance et de m\u00e9canique, destin\u00e9es aux secteurs de la fabrication, de l'automatisation et de l'industrie lourde \u00e0 travers l'Europe.\",\"breadcrumb\":{\"@id\":\"https:\\\/\\\/euromotion.lu\\\/fr\\\/industries\\\/#breadcrumb\"},\"inLanguage\":\"fr-FR\",\"potentialAction\":[{\"@type\":\"ReadAction\",\"target\":[\"https:\\\/\\\/euromotion.lu\\\/fr\\\/industries\\\/\"]}]},{\"@type\":\"ImageObject\",\"inLanguage\":\"fr-FR\",\"@id\":\"https:\\\/\\\/euromotion.lu\\\/fr\\\/industries\\\/#primaryimage\",\"url\":\"https:\\\/\\\/euromotion.lu\\\/wp-content\\\/uploads\\\/2025\\\/04\\\/Automotriz001.jpeg\",\"contentUrl\":\"https:\\\/\\\/euromotion.lu\\\/wp-content\\\/uploads\\\/2025\\\/04\\\/Automotriz001.jpeg\",\"width\":1920,\"height\":1076,\"caption\":\"Aerial Car Factory: Automatic robot arm assembly line produces high-tech vehicles.\"},{\"@type\":\"BreadcrumbList\",\"@id\":\"https:\\\/\\\/euromotion.lu\\\/fr\\\/industries\\\/#breadcrumb\",\"itemListElement\":[{\"@type\":\"ListItem\",\"position\":1,\"name\":\"Home\",\"item\":\"https:\\\/\\\/euromotion.lu\\\/fr\\\/accueil\\\/\"},{\"@type\":\"ListItem\",\"position\":2,\"name\":\"Industries\"}]},{\"@type\":\"WebSite\",\"@id\":\"https:\\\/\\\/euromotion.lu\\\/fr\\\/#website\",\"url\":\"https:\\\/\\\/euromotion.lu\\\/fr\\\/\",\"name\":\"Euromotion SARL\",\"description\":\"Industrial Motion &amp; Power Transmission Solutions\",\"publisher\":{\"@id\":\"https:\\\/\\\/euromotion.lu\\\/fr\\\/#organization\"},\"potentialAction\":[{\"@type\":\"SearchAction\",\"target\":{\"@type\":\"EntryPoint\",\"urlTemplate\":\"https:\\\/\\\/euromotion.lu\\\/fr\\\/?s={search_term_string}\"},\"query-input\":{\"@type\":\"PropertyValueSpecification\",\"valueRequired\":true,\"valueName\":\"search_term_string\"}}],\"inLanguage\":\"fr-FR\"},{\"@type\":\"Organization\",\"@id\":\"https:\\\/\\\/euromotion.lu\\\/fr\\\/#organization\",\"name\":\"Euromotion SARL\",\"url\":\"https:\\\/\\\/euromotion.lu\\\/fr\\\/\",\"logo\":{\"@type\":\"ImageObject\",\"inLanguage\":\"fr-FR\",\"@id\":\"https:\\\/\\\/euromotion.lu\\\/fr\\\/#\\\/schema\\\/logo\\\/image\\\/\",\"url\":\"https:\\\/\\\/euromotion.lu\\\/wp-content\\\/uploads\\\/2025\\\/02\\\/Euromotion-Logo.png\",\"contentUrl\":\"https:\\\/\\\/euromotion.lu\\\/wp-content\\\/uploads\\\/2025\\\/02\\\/Euromotion-Logo.png\",\"width\":1859,\"height\":365,\"caption\":\"Euromotion SARL\"},\"image\":{\"@id\":\"https:\\\/\\\/euromotion.lu\\\/fr\\\/#\\\/schema\\\/logo\\\/image\\\/\"}}]}<\/script>\n<!-- \/ Yoast SEO plugin. -->","yoast_head_json":{"title":"Solutions de motion industrielle pour les secteurs cl\u00e9s | Euromotion","description":"Euromotion propose des solutions industrielles en mati\u00e8re de transmission de puissance et de m\u00e9canique, destin\u00e9es aux secteurs de la fabrication, de l'automatisation et de l'industrie lourde \u00e0 travers l'Europe.","robots":{"index":"index","follow":"follow","max-snippet":"max-snippet:-1","max-image-preview":"max-image-preview:large","max-video-preview":"max-video-preview:-1"},"canonical":"https:\/\/euromotion.lu\/fr\/industries\/","og_locale":"fr_FR","og_type":"article","og_title":"Solutions de motion industrielle pour les secteurs cl\u00e9s | Euromotion","og_description":"Euromotion propose des solutions industrielles en mati\u00e8re de transmission de puissance et de m\u00e9canique, destin\u00e9es aux secteurs de la fabrication, de l'automatisation et de l'industrie lourde \u00e0 travers l'Europe.","og_url":"https:\/\/euromotion.lu\/fr\/industries\/","og_site_name":"EUROMOTION","article_modified_time":"2026-04-16T11:14:46+00:00","og_image":[{"width":1920,"height":1076,"url":"https:\/\/euromotion.lu\/wp-content\/uploads\/2025\/04\/Automotriz001.jpeg","type":"image\/jpeg"}],"twitter_card":"summary_large_image","schema":{"@context":"https:\/\/schema.org","@graph":[{"@type":"WebPage","@id":"https:\/\/euromotion.lu\/fr\/industries\/","url":"https:\/\/euromotion.lu\/fr\/industries\/","name":"Solutions de motion industrielle pour les secteurs cl\u00e9s | Euromotion","isPartOf":{"@id":"https:\/\/euromotion.lu\/fr\/#website"},"primaryImageOfPage":{"@id":"https:\/\/euromotion.lu\/fr\/industries\/#primaryimage"},"image":{"@id":"https:\/\/euromotion.lu\/fr\/industries\/#primaryimage"},"thumbnailUrl":"https:\/\/euromotion.lu\/wp-content\/uploads\/2025\/04\/Automotriz001.jpeg","datePublished":"2025-03-15T06:56:02+00:00","dateModified":"2026-04-16T11:14:46+00:00","description":"Euromotion propose des solutions industrielles en mati\u00e8re de transmission de puissance et de m\u00e9canique, destin\u00e9es aux secteurs de la fabrication, de l'automatisation et de l'industrie lourde \u00e0 travers l'Europe.","breadcrumb":{"@id":"https:\/\/euromotion.lu\/fr\/industries\/#breadcrumb"},"inLanguage":"fr-FR","potentialAction":[{"@type":"ReadAction","target":["https:\/\/euromotion.lu\/fr\/industries\/"]}]},{"@type":"ImageObject","inLanguage":"fr-FR","@id":"https:\/\/euromotion.lu\/fr\/industries\/#primaryimage","url":"https:\/\/euromotion.lu\/wp-content\/uploads\/2025\/04\/Automotriz001.jpeg","contentUrl":"https:\/\/euromotion.lu\/wp-content\/uploads\/2025\/04\/Automotriz001.jpeg","width":1920,"height":1076,"caption":"Aerial Car Factory: Automatic robot arm assembly line produces high-tech vehicles."},{"@type":"BreadcrumbList","@id":"https:\/\/euromotion.lu\/fr\/industries\/#breadcrumb","itemListElement":[{"@type":"ListItem","position":1,"name":"Home","item":"https:\/\/euromotion.lu\/fr\/accueil\/"},{"@type":"ListItem","position":2,"name":"Industries"}]},{"@type":"WebSite","@id":"https:\/\/euromotion.lu\/fr\/#website","url":"https:\/\/euromotion.lu\/fr\/","name":"Euromotion SARL","description":"Industrial Motion &amp; Power Transmission Solutions","publisher":{"@id":"https:\/\/euromotion.lu\/fr\/#organization"},"potentialAction":[{"@type":"SearchAction","target":{"@type":"EntryPoint","urlTemplate":"https:\/\/euromotion.lu\/fr\/?s={search_term_string}"},"query-input":{"@type":"PropertyValueSpecification","valueRequired":true,"valueName":"search_term_string"}}],"inLanguage":"fr-FR"},{"@type":"Organization","@id":"https:\/\/euromotion.lu\/fr\/#organization","name":"Euromotion SARL","url":"https:\/\/euromotion.lu\/fr\/","logo":{"@type":"ImageObject","inLanguage":"fr-FR","@id":"https:\/\/euromotion.lu\/fr\/#\/schema\/logo\/image\/","url":"https:\/\/euromotion.lu\/wp-content\/uploads\/2025\/02\/Euromotion-Logo.png","contentUrl":"https:\/\/euromotion.lu\/wp-content\/uploads\/2025\/02\/Euromotion-Logo.png","width":1859,"height":365,"caption":"Euromotion SARL"},"image":{"@id":"https:\/\/euromotion.lu\/fr\/#\/schema\/logo\/image\/"}}]}},"_links":{"self":[{"href":"https:\/\/euromotion.lu\/fr\/wp-json\/wp\/v2\/pages\/34675","targetHints":{"allow":["GET"]}}],"collection":[{"href":"https:\/\/euromotion.lu\/fr\/wp-json\/wp\/v2\/pages"}],"about":[{"href":"https:\/\/euromotion.lu\/fr\/wp-json\/wp\/v2\/types\/page"}],"author":[{"embeddable":true,"href":"https:\/\/euromotion.lu\/fr\/wp-json\/wp\/v2\/users\/1"}],"replies":[{"embeddable":true,"href":"https:\/\/euromotion.lu\/fr\/wp-json\/wp\/v2\/comments?post=34675"}],"version-history":[{"count":2,"href":"https:\/\/euromotion.lu\/fr\/wp-json\/wp\/v2\/pages\/34675\/revisions"}],"predecessor-version":[{"id":34679,"href":"https:\/\/euromotion.lu\/fr\/wp-json\/wp\/v2\/pages\/34675\/revisions\/34679"}],"wp:featuredmedia":[{"embeddable":true,"href":"https:\/\/euromotion.lu\/fr\/wp-json\/wp\/v2\/media\/30052"}],"wp:attachment":[{"href":"https:\/\/euromotion.lu\/fr\/wp-json\/wp\/v2\/media?parent=34675"}],"curies":[{"name":"wp","href":"https:\/\/api.w.org\/{rel}","templated":true}]}}