{"id":35307,"date":"2026-03-04T08:45:25","date_gmt":"2026-03-04T08:45:25","guid":{"rendered":"https:\/\/euromotion.lu\/marcas\/mayr\/"},"modified":"2026-05-03T14:08:39","modified_gmt":"2026-05-03T14:08:39","slug":"mayr","status":"publish","type":"page","link":"https:\/\/euromotion.lu\/es\/marcas\/mayr\/","title":{"rendered":"MAYR"},"content":{"rendered":"\t\t<div data-elementor-type=\"wp-page\" data-elementor-id=\"35307\" class=\"elementor elementor-35307 elementor-31720\">\n\t\t\t\t\r\n\t\t<div class=\"default no-position show_shadow rs-sticky-default elementor-element elementor-element-cd807e6 e-flex e-con-boxed e-con e-parent\" data-id=\"cd807e6\" data-element_type=\"container\" data-e-type=\"container\">\n\t\t\t\t\t<div class=\"e-con-inner\">\n\t\t\r\n\t\t<div class=\"default no-position show_shadow rs-sticky-default elementor-element elementor-element-7d93e59 e-con-full e-flex e-con e-child\" data-id=\"7d93e59\" data-element_type=\"container\" data-e-type=\"container\">\n\t\t\r\n\t\t\t\t<div class=\"elementor-element elementor-element-851b9da elementor-widget elementor-widget-image\" data-id=\"851b9da\" data-element_type=\"widget\" data-e-type=\"widget\" data-widget_type=\"image.default\">\n\t\t\t\t<div class=\"elementor-widget-container\">\n\t\t\t\t\t\t\t\t\t\t\t\t\t\t\t<img decoding=\"async\" width=\"300\" height=\"96\" src=\"https:\/\/euromotion.lu\/wp-content\/uploads\/2026\/03\/Mayr-300x96.png\" class=\"attachment-medium size-medium wp-image-34547\" alt=\"\" srcset=\"https:\/\/euromotion.lu\/wp-content\/uploads\/2026\/03\/Mayr-300x96.png 300w, https:\/\/euromotion.lu\/wp-content\/uploads\/2026\/03\/Mayr.png 396w\" sizes=\"(max-width: 300px) 100vw, 300px\" \/>\t\t\t\t\t\t\t\t\t\t\t\t\t\t\t<\/div>\n\t\t\t\t<\/div>\n\t\t\r\n\t\t\t\t<div class=\"elementor-element elementor-element-41d3a92 elementor-widget elementor-widget-text-editor\" data-id=\"41d3a92\" data-element_type=\"widget\" data-e-type=\"widget\" data-widget_type=\"text-editor.default\">\n\t\t\t\t<div class=\"elementor-widget-container\">\n\t\t\t\t\t\t\t\t\t<p style=\"font-weight: 400;\">Mayr GmbH + Co. KG ha sido un especialista en transmisi\u00f3n de potencia durante m\u00e1s de un siglo. Fundada en 1897 en la regi\u00f3n de Allg\u00e4u, Alemania, la empresa familiar ha crecido hasta convertirse en un l\u00edder global en su campo. Hoy en d\u00eda, Mayr emplea a m\u00e1s de 550 personas en su sede en Mauerstetten y m\u00e1s de 1.000 empleados en todo el mundo. Reconocida por su innovaci\u00f3n y tradici\u00f3n, la compa\u00f1\u00eda ofrece una amplia gama de productos, que incluyen limitadores de par, frenos de seguridad, acoplamientos sin retroceso y accionamientos de corriente continua de alta calidad, todos dise\u00f1ados para satisfacer las crecientes necesidades de diversas industrias.   <\/p><p style=\"font-weight: 400;\">Con una s\u00f3lida presencia internacional, Mayr GmbH + Co. KG opera ocho filiales en Alemania y mantiene oficinas de ventas en EE. UU., Francia, Gran Breta\u00f1a, Italia, Singapur y Suiza. La empresa tambi\u00e9n trabaja con 36 representantes en diferentes pa\u00edses, lo que garantiza un alcance global y un servicio al cliente de calidad. Esta extensa red permite a Mayr ofrecer soluciones personalizadas y de alta calidad a una amplia gama de sectores industriales. Su reputaci\u00f3n de excelencia y su enfoque centrado en el cliente han hecho de ellos un socio confiable para los principales fabricantes de maquinaria en todo el mundo.   <\/p><p style=\"font-weight: 400;\"><strong>Euromotion distribuye los siguientes productos MAYR:<\/strong><\/p><ul><li><strong>Limitadores de torque<\/strong> (par): Protegen las m\u00e1quinas contra sobrecargas al desconectarse autom\u00e1ticamente cuando se superan los niveles de par preestablecidos.<\/li><li><strong>Frenos<\/strong>: Ofrecen una potencia de frenado confiable en situaciones de emergencia o cuando ocurre una p\u00e9rdida de energ\u00eda.<\/li><li><strong>Acoplamientos (coples) sin retroceso<\/strong>: Garantizan una transmisi\u00f3n de par precisa sin retroceso, ideales para aplicaciones de alta precisi\u00f3n.<\/li><\/ul>\t\t\t\t\t\t\t\t<\/div>\n\t\t\t\t<\/div>\n\t\t\r\n\t\t\t\t<div class=\"elementor-element elementor-element-66b59ed elementor-widget-divider--view-line elementor-widget elementor-widget-divider\" data-id=\"66b59ed\" data-element_type=\"widget\" data-e-type=\"widget\" data-widget_type=\"divider.default\">\n\t\t\t\t<div class=\"elementor-widget-container\">\n\t\t\t\t\t\t\t<div class=\"elementor-divider\">\n\t\t\t<span class=\"elementor-divider-separator\">\n\t\t\t\t\t\t<\/span>\n\t\t<\/div>\n\t\t\t\t\t\t<\/div>\n\t\t\t\t<\/div>\n\t\t\r\n\t\t\t\t<div class=\"elementor-element elementor-element-b96ab7e elementor-widget elementor-widget-text-editor\" data-id=\"b96ab7e\" data-element_type=\"widget\" data-e-type=\"widget\" data-widget_type=\"text-editor.default\">\n\t\t\t\t<div class=\"elementor-widget-container\">\n\t\t\t\t\t\t\t\t\t<p>Euromotion S.\u00e0.r.l. no es un distribuidor autorizado, afiliado o representante oficial de los fabricantes mencionados, salvo que se indique expresamente lo contrario. Las marcas, nombres comerciales y ense\u00f1as que aparecen en este documento son propiedad de sus respectivos titulares. Euromotion S.\u00e0.r.l. opera como un distribuidor independiente, ofreciendo precios competitivos y tiempos de entrega reducidos. Nuestra experiencia t\u00e9cnica y nuestro compromiso con la eficiencia log\u00edstica nos convierten en una opci\u00f3n atractiva y confiable para la adquisici\u00f3n de productos de la marca Mayr. Para m\u00e1s informaci\u00f3n sobre nuestra pol\u00edtica de ventas, devoluciones y derechos del consumidor, por favor consulte las secciones correspondientes de nuestro sitio web.<\/p>\t\t\t\t\t\t\t\t<\/div>\n\t\t\t\t<\/div>\n\t\t\t\t<\/div>\n\t\t\r\n\t\t<div class=\"default no-position show_shadow rs-sticky-default elementor-element elementor-element-16c02c7 e-con-full e-flex e-con e-child\" data-id=\"16c02c7\" data-element_type=\"container\" data-e-type=\"container\">\n\t\t\r\n\t\t<div class=\"default no-position show_shadow rs-sticky-default elementor-element elementor-element-709488b e-con-full e-flex e-con e-child\" data-id=\"709488b\" data-element_type=\"container\" data-e-type=\"container\" data-settings=\"{&quot;background_background&quot;:&quot;classic&quot;}\">\n\t\t\r\n\t\t\t\t<div class=\"elementor-element elementor-element-8d61bd8 elementor-widget elementor-widget-rs-heading\" data-id=\"8d61bd8\" data-element_type=\"widget\" data-e-type=\"widget\" data-widget_type=\"rs-heading.default\">\n\t\t\t\t<div class=\"elementor-widget-container\">\n\t\t\t\t\t\n\t\t<div class=\"prelements-heading default  \">\n\t\t\t<div class=\"title-inner\">\n\t\t\t\t<h3 class=\"title rs-split-text-disable \">\u00bfTiene un proyecto en mente?<\/h3>\n\t\t\t<\/div>\n\t\t\t\t\t<\/div>\n\t\t\t\t<\/div>\n\t\t\t\t<\/div>\n\t\t\r\n\t\t\t\t<div class=\"elementor-element elementor-element-414a469 elementor-widget elementor-widget-rs-button\" data-id=\"414a469\" data-element_type=\"widget\" data-e-type=\"widget\" data-widget_type=\"rs-button.default\">\n\t\t\t\t<div class=\"elementor-widget-container\">\n\t\t\t\t\t\t\t<div class=\"rs-button style1\">\r\n\t\t\t\t\t\t<a class=\"rs-btn\" href=\"https:\/\/euromotion.lu\/es\/contacto\/\" >\t\r\n\t\t\t\t<span>Cont\u00e1ctenos \r\n\t\t\t\t\t\t\t\t\t<em>\r\n\t\t\t\t\t\t<svg xmlns=\"http:\/\/www.w3.org\/2000\/svg\" width=\"18\" height=\"12\" viewBox=\"0 0 18 12\" fill=\"none\"><path fill-rule=\"evenodd\" clip-rule=\"evenodd\" d=\"M0 6C0 5.66249 0.273604 5.38889 0.611111 5.38889L15.0246 5.38889L11.179 1.54323C10.9403 1.30458 10.9403 0.917644 11.179 0.67899C11.4176 0.440336 11.8046 0.440336 12.0432 0.67899L16.9321 5.56788C17.1708 5.80653 17.1708 6.19347 16.9321 6.43212L12.0432 11.321C11.8046 11.5597 11.4176 11.5597 11.179 11.321C10.9403 11.0824 10.9403 10.6954 11.179 10.4568L15.0246 6.61111L0.611111 6.61111C0.273604 6.61111 0 6.33751 0 6Z\" fill=\"white\"><\/path><\/svg>\t\t\t\t\t\t<svg xmlns=\"http:\/\/www.w3.org\/2000\/svg\" width=\"18\" height=\"12\" viewBox=\"0 0 18 12\" fill=\"none\"><path fill-rule=\"evenodd\" clip-rule=\"evenodd\" d=\"M0 6C0 5.66249 0.273604 5.38889 0.611111 5.38889L15.0246 5.38889L11.179 1.54323C10.9403 1.30458 10.9403 0.917644 11.179 0.67899C11.4176 0.440336 11.8046 0.440336 12.0432 0.67899L16.9321 5.56788C17.1708 5.80653 17.1708 6.19347 16.9321 6.43212L12.0432 11.321C11.8046 11.5597 11.4176 11.5597 11.179 11.321C10.9403 11.0824 10.9403 10.6954 11.179 10.4568L15.0246 6.61111L0.611111 6.61111C0.273604 6.61111 0 6.33751 0 6Z\" fill=\"white\"><\/path><\/svg>\t\t\t\t\t<\/em>\t\r\n\t\t\t\t\t\t\t\t<\/span>\r\n\t\t\t<\/a>\r\n\t\t<\/div>\r\n\t\t\t\t<\/div>\n\t\t\t\t<\/div>\n\t\t\t\t<\/div>\n\t\t\t\t<\/div>\n\t\t\t\t\t<\/div>\n\t\t\t\t<\/div>\n\t\t\t\t<\/div>\n\t\t","protected":false},"excerpt":{"rendered":"<p>Mayr GmbH + Co. KG ha sido un especialista en transmisi\u00f3n de potencia durante m\u00e1s de un siglo. Fundada en 1897 en la regi\u00f3n de Allg\u00e4u, Alemania, la empresa familiar ha crecido hasta convertirse en un l\u00edder global en su campo. Hoy en d\u00eda, Mayr emplea a m\u00e1s de 550 personas en su sede en&#8230;<\/p>\n","protected":false},"author":1,"featured_media":31722,"parent":34687,"menu_order":0,"comment_status":"closed","ping_status":"closed","template":"elementor_header_footer","meta":{"footnotes":""},"class_list":["post-35307","page","type-page","status-publish","has-post-thumbnail","hentry"],"yoast_head":"<!-- This site is optimized with the Yoast SEO plugin v27.5 - https:\/\/yoast.com\/product\/yoast-seo-wordpress\/ -->\n<title>Frenos de seguridad, limitadores de par y transmisi\u00f3n de potencia Mayr | Euromotion<\/title>\n<meta name=\"description\" content=\"Descubra los frenos de seguridad de alto rendimiento, los limitadores de par y las soluciones de accionamiento de Mayr, dise\u00f1ados para la seguridad industrial y el control de movimiento. Suministrado por Euromotion en toda Europa.\" \/>\n<meta name=\"robots\" content=\"index, follow, max-snippet:-1, max-image-preview:large, max-video-preview:-1\" \/>\n<link rel=\"canonical\" href=\"https:\/\/euromotion.lu\/es\/marcas\/mayr\/\" \/>\n<meta property=\"og:locale\" content=\"es_ES\" \/>\n<meta property=\"og:type\" content=\"article\" \/>\n<meta property=\"og:title\" content=\"Frenos de seguridad, limitadores de par y transmisi\u00f3n de potencia Mayr | Euromotion\" \/>\n<meta property=\"og:description\" content=\"Descubra los frenos de seguridad de alto rendimiento, los limitadores de par y las soluciones de accionamiento de Mayr, dise\u00f1ados para la seguridad industrial y el control de movimiento. Suministrado por Euromotion en toda Europa.\" \/>\n<meta property=\"og:url\" content=\"https:\/\/euromotion.lu\/es\/marcas\/mayr\/\" \/>\n<meta property=\"og:site_name\" content=\"EUROMOTION\" \/>\n<meta property=\"article:modified_time\" content=\"2026-05-03T14:08:39+00:00\" \/>\n<meta property=\"og:image\" content=\"https:\/\/euromotion.lu\/wp-content\/uploads\/2026\/03\/Mayr.png\" \/>\n\t<meta property=\"og:image:width\" content=\"396\" \/>\n\t<meta property=\"og:image:height\" content=\"127\" \/>\n\t<meta property=\"og:image:type\" content=\"image\/png\" \/>\n<meta name=\"twitter:card\" content=\"summary_large_image\" \/>\n<meta name=\"twitter:label1\" content=\"Tiempo de lectura\" \/>\n\t<meta name=\"twitter:data1\" content=\"2 minutos\" \/>\n<script type=\"application\/ld+json\" class=\"yoast-schema-graph\">{\"@context\":\"https:\\\/\\\/schema.org\",\"@graph\":[{\"@type\":\"WebPage\",\"@id\":\"https:\\\/\\\/euromotion.lu\\\/es\\\/marcas\\\/mayr\\\/\",\"url\":\"https:\\\/\\\/euromotion.lu\\\/es\\\/marcas\\\/mayr\\\/\",\"name\":\"Frenos de seguridad, limitadores de par y transmisi\u00f3n de potencia Mayr | Euromotion\",\"isPartOf\":{\"@id\":\"https:\\\/\\\/euromotion.lu\\\/es\\\/#website\"},\"primaryImageOfPage\":{\"@id\":\"https:\\\/\\\/euromotion.lu\\\/es\\\/marcas\\\/mayr\\\/#primaryimage\"},\"image\":{\"@id\":\"https:\\\/\\\/euromotion.lu\\\/es\\\/marcas\\\/mayr\\\/#primaryimage\"},\"thumbnailUrl\":\"https:\\\/\\\/euromotion.lu\\\/wp-content\\\/uploads\\\/2026\\\/03\\\/Mayr.png\",\"datePublished\":\"2026-03-04T08:45:25+00:00\",\"dateModified\":\"2026-05-03T14:08:39+00:00\",\"description\":\"Descubra los frenos de seguridad de alto rendimiento, los limitadores de par y las soluciones de accionamiento de Mayr, dise\u00f1ados para la seguridad industrial y el control de movimiento. Suministrado por Euromotion en toda Europa.\",\"breadcrumb\":{\"@id\":\"https:\\\/\\\/euromotion.lu\\\/es\\\/marcas\\\/mayr\\\/#breadcrumb\"},\"inLanguage\":\"es\",\"potentialAction\":[{\"@type\":\"ReadAction\",\"target\":[\"https:\\\/\\\/euromotion.lu\\\/es\\\/marcas\\\/mayr\\\/\"]}]},{\"@type\":\"ImageObject\",\"inLanguage\":\"es\",\"@id\":\"https:\\\/\\\/euromotion.lu\\\/es\\\/marcas\\\/mayr\\\/#primaryimage\",\"url\":\"https:\\\/\\\/euromotion.lu\\\/wp-content\\\/uploads\\\/2026\\\/03\\\/Mayr.png\",\"contentUrl\":\"https:\\\/\\\/euromotion.lu\\\/wp-content\\\/uploads\\\/2026\\\/03\\\/Mayr.png\",\"width\":396,\"height\":127},{\"@type\":\"BreadcrumbList\",\"@id\":\"https:\\\/\\\/euromotion.lu\\\/es\\\/marcas\\\/mayr\\\/#breadcrumb\",\"itemListElement\":[{\"@type\":\"ListItem\",\"position\":1,\"name\":\"Home\",\"item\":\"https:\\\/\\\/euromotion.lu\\\/es\\\/inicio\\\/\"},{\"@type\":\"ListItem\",\"position\":2,\"name\":\"Marcas\",\"item\":\"https:\\\/\\\/euromotion.lu\\\/es\\\/brands\\\/\"},{\"@type\":\"ListItem\",\"position\":3,\"name\":\"MAYR\"}]},{\"@type\":\"WebSite\",\"@id\":\"https:\\\/\\\/euromotion.lu\\\/es\\\/#website\",\"url\":\"https:\\\/\\\/euromotion.lu\\\/es\\\/\",\"name\":\"Euromotion SARL\",\"description\":\"Industrial Motion &amp; Power Transmission Solutions\",\"publisher\":{\"@id\":\"https:\\\/\\\/euromotion.lu\\\/es\\\/#organization\"},\"potentialAction\":[{\"@type\":\"SearchAction\",\"target\":{\"@type\":\"EntryPoint\",\"urlTemplate\":\"https:\\\/\\\/euromotion.lu\\\/es\\\/?s={search_term_string}\"},\"query-input\":{\"@type\":\"PropertyValueSpecification\",\"valueRequired\":true,\"valueName\":\"search_term_string\"}}],\"inLanguage\":\"es\"},{\"@type\":\"Organization\",\"@id\":\"https:\\\/\\\/euromotion.lu\\\/es\\\/#organization\",\"name\":\"Euromotion SARL\",\"url\":\"https:\\\/\\\/euromotion.lu\\\/es\\\/\",\"logo\":{\"@type\":\"ImageObject\",\"inLanguage\":\"es\",\"@id\":\"https:\\\/\\\/euromotion.lu\\\/es\\\/#\\\/schema\\\/logo\\\/image\\\/\",\"url\":\"https:\\\/\\\/euromotion.lu\\\/wp-content\\\/uploads\\\/2025\\\/02\\\/Euromotion-Logo.png\",\"contentUrl\":\"https:\\\/\\\/euromotion.lu\\\/wp-content\\\/uploads\\\/2025\\\/02\\\/Euromotion-Logo.png\",\"width\":1859,\"height\":365,\"caption\":\"Euromotion SARL\"},\"image\":{\"@id\":\"https:\\\/\\\/euromotion.lu\\\/es\\\/#\\\/schema\\\/logo\\\/image\\\/\"}}]}<\/script>\n<!-- \/ Yoast SEO plugin. -->","yoast_head_json":{"title":"Frenos de seguridad, limitadores de par y transmisi\u00f3n de potencia Mayr | Euromotion","description":"Descubra los frenos de seguridad de alto rendimiento, los limitadores de par y las soluciones de accionamiento de Mayr, dise\u00f1ados para la seguridad industrial y el control de movimiento. Suministrado por Euromotion en toda Europa.","robots":{"index":"index","follow":"follow","max-snippet":"max-snippet:-1","max-image-preview":"max-image-preview:large","max-video-preview":"max-video-preview:-1"},"canonical":"https:\/\/euromotion.lu\/es\/marcas\/mayr\/","og_locale":"es_ES","og_type":"article","og_title":"Frenos de seguridad, limitadores de par y transmisi\u00f3n de potencia Mayr | Euromotion","og_description":"Descubra los frenos de seguridad de alto rendimiento, los limitadores de par y las soluciones de accionamiento de Mayr, dise\u00f1ados para la seguridad industrial y el control de movimiento. Suministrado por Euromotion en toda Europa.","og_url":"https:\/\/euromotion.lu\/es\/marcas\/mayr\/","og_site_name":"EUROMOTION","article_modified_time":"2026-05-03T14:08:39+00:00","og_image":[{"width":396,"height":127,"url":"https:\/\/euromotion.lu\/wp-content\/uploads\/2026\/03\/Mayr.png","type":"image\/png"}],"twitter_card":"summary_large_image","twitter_misc":{"Tiempo de lectura":"2 minutos"},"schema":{"@context":"https:\/\/schema.org","@graph":[{"@type":"WebPage","@id":"https:\/\/euromotion.lu\/es\/marcas\/mayr\/","url":"https:\/\/euromotion.lu\/es\/marcas\/mayr\/","name":"Frenos de seguridad, limitadores de par y transmisi\u00f3n de potencia Mayr | Euromotion","isPartOf":{"@id":"https:\/\/euromotion.lu\/es\/#website"},"primaryImageOfPage":{"@id":"https:\/\/euromotion.lu\/es\/marcas\/mayr\/#primaryimage"},"image":{"@id":"https:\/\/euromotion.lu\/es\/marcas\/mayr\/#primaryimage"},"thumbnailUrl":"https:\/\/euromotion.lu\/wp-content\/uploads\/2026\/03\/Mayr.png","datePublished":"2026-03-04T08:45:25+00:00","dateModified":"2026-05-03T14:08:39+00:00","description":"Descubra los frenos de seguridad de alto rendimiento, los limitadores de par y las soluciones de accionamiento de Mayr, dise\u00f1ados para la seguridad industrial y el control de movimiento. Suministrado por Euromotion en toda Europa.","breadcrumb":{"@id":"https:\/\/euromotion.lu\/es\/marcas\/mayr\/#breadcrumb"},"inLanguage":"es","potentialAction":[{"@type":"ReadAction","target":["https:\/\/euromotion.lu\/es\/marcas\/mayr\/"]}]},{"@type":"ImageObject","inLanguage":"es","@id":"https:\/\/euromotion.lu\/es\/marcas\/mayr\/#primaryimage","url":"https:\/\/euromotion.lu\/wp-content\/uploads\/2026\/03\/Mayr.png","contentUrl":"https:\/\/euromotion.lu\/wp-content\/uploads\/2026\/03\/Mayr.png","width":396,"height":127},{"@type":"BreadcrumbList","@id":"https:\/\/euromotion.lu\/es\/marcas\/mayr\/#breadcrumb","itemListElement":[{"@type":"ListItem","position":1,"name":"Home","item":"https:\/\/euromotion.lu\/es\/inicio\/"},{"@type":"ListItem","position":2,"name":"Marcas","item":"https:\/\/euromotion.lu\/es\/brands\/"},{"@type":"ListItem","position":3,"name":"MAYR"}]},{"@type":"WebSite","@id":"https:\/\/euromotion.lu\/es\/#website","url":"https:\/\/euromotion.lu\/es\/","name":"Euromotion SARL","description":"Industrial Motion &amp; Power Transmission Solutions","publisher":{"@id":"https:\/\/euromotion.lu\/es\/#organization"},"potentialAction":[{"@type":"SearchAction","target":{"@type":"EntryPoint","urlTemplate":"https:\/\/euromotion.lu\/es\/?s={search_term_string}"},"query-input":{"@type":"PropertyValueSpecification","valueRequired":true,"valueName":"search_term_string"}}],"inLanguage":"es"},{"@type":"Organization","@id":"https:\/\/euromotion.lu\/es\/#organization","name":"Euromotion SARL","url":"https:\/\/euromotion.lu\/es\/","logo":{"@type":"ImageObject","inLanguage":"es","@id":"https:\/\/euromotion.lu\/es\/#\/schema\/logo\/image\/","url":"https:\/\/euromotion.lu\/wp-content\/uploads\/2025\/02\/Euromotion-Logo.png","contentUrl":"https:\/\/euromotion.lu\/wp-content\/uploads\/2025\/02\/Euromotion-Logo.png","width":1859,"height":365,"caption":"Euromotion SARL"},"image":{"@id":"https:\/\/euromotion.lu\/es\/#\/schema\/logo\/image\/"}}]}},"_links":{"self":[{"href":"https:\/\/euromotion.lu\/es\/wp-json\/wp\/v2\/pages\/35307","targetHints":{"allow":["GET"]}}],"collection":[{"href":"https:\/\/euromotion.lu\/es\/wp-json\/wp\/v2\/pages"}],"about":[{"href":"https:\/\/euromotion.lu\/es\/wp-json\/wp\/v2\/types\/page"}],"author":[{"embeddable":true,"href":"https:\/\/euromotion.lu\/es\/wp-json\/wp\/v2\/users\/1"}],"replies":[{"embeddable":true,"href":"https:\/\/euromotion.lu\/es\/wp-json\/wp\/v2\/comments?post=35307"}],"version-history":[{"count":1,"href":"https:\/\/euromotion.lu\/es\/wp-json\/wp\/v2\/pages\/35307\/revisions"}],"predecessor-version":[{"id":35308,"href":"https:\/\/euromotion.lu\/es\/wp-json\/wp\/v2\/pages\/35307\/revisions\/35308"}],"up":[{"embeddable":true,"href":"https:\/\/euromotion.lu\/es\/wp-json\/wp\/v2\/pages\/34687"}],"wp:featuredmedia":[{"embeddable":true,"href":"https:\/\/euromotion.lu\/es\/wp-json\/wp\/v2\/media\/31722"}],"wp:attachment":[{"href":"https:\/\/euromotion.lu\/es\/wp-json\/wp\/v2\/media?parent=35307"}],"curies":[{"name":"wp","href":"https:\/\/api.w.org\/{rel}","templated":true}]}}