{"id":34731,"date":"2025-03-07T06:37:40","date_gmt":"2025-03-07T06:37:40","guid":{"rendered":"https:\/\/euromotion.lu\/productos\/"},"modified":"2026-04-17T19:08:44","modified_gmt":"2026-04-17T19:08:44","slug":"productos","status":"publish","type":"page","link":"https:\/\/euromotion.lu\/es\/productos\/","title":{"rendered":"Productos"},"content":{"rendered":"\t\t<div data-elementor-type=\"wp-page\" data-elementor-id=\"34731\" class=\"elementor elementor-34731 elementor-29191\">\n\t\t\t\t\r\n\t\t<div class=\"default no-position show_shadow rs-sticky-default elementor-element elementor-element-13be1493 e-flex e-con-boxed e-con e-parent\" data-id=\"13be1493\" data-element_type=\"container\" data-e-type=\"container\" data-settings=\"{&quot;background_background&quot;:&quot;classic&quot;}\">\n\t\t\t\t\t<div class=\"e-con-inner\">\n\t\t\r\n\t\t\t\t<div class=\"elementor-element elementor-element-46f140f9 elementor-widget elementor-widget-rs-service-slider\" data-id=\"46f140f9\" data-element_type=\"widget\" data-e-type=\"widget\" data-widget_type=\"rs-service-slider.default\">\n\t\t\t\t<div class=\"elementor-widget-container\">\n\t\t\t\t\t        \r\n                <div class=\"rsaddon-unique-slider uni-33953 rs-unique-grid-services\">\r\n            <div class=\"rs-addon-slider rs-services-slider service-style-1 row\">\r\n        \r\n                <div class=\"grid-item col-lg-4 col-md-6\">\r\n    <div class=\"rs-service-slider\">\r\n                    <div class=\"service-img\">\r\n                <img decoding=\"async\" src=\"https:\/\/euromotion.lu\/wp-content\/uploads\/2025\/03\/Bearings.jpeg\" title=\"Bearing\" alt=\"Ball bearing in the cut, showing the mechanism\" loading=\"lazy\" \/>            <\/div>\r\n        \r\n        <div class=\"service-title-holder btn_box\">\r\n            <div class=\"service-content-area\">\r\n                                                <div class=\"service-title \">\r\n                    <h3 class=\"title\">\r\n                        <a href=\"https:\/\/euromotion.lu\/es\/productos\/rodamientos\/\" >\r\n                             Rodamientos                        <\/a>\r\n                        <\/h3>\r\n                    <\/div>\r\n                            \r\n                                        <div class=\"numbering number-line\">\r\n                    <span>01<\/span>\r\n                <\/div>\r\n                        <!-- Button Style -->\r\n                            <div class=\"read__more\">\r\n                    <a href=\"https:\/\/euromotion.lu\/es\/productos\/rodamientos\/\"  class=\"btn-area\">\r\n                        <span class=\"btn-text\">M\u00e1s informaci\u00f3n<\/span>\r\n                        <span class=\"btn-icon\">                            <svg aria-hidden=\"true\" class=\"e-font-icon-svg e-fas-angle-right\" viewBox=\"0 0 256 512\" xmlns=\"http:\/\/www.w3.org\/2000\/svg\"><path d=\"M224.3 273l-136 136c-9.4 9.4-24.6 9.4-33.9 0l-22.6-22.6c-9.4-9.4-9.4-24.6 0-33.9l96.4-96.4-96.4-96.4c-9.4-9.4-9.4-24.6 0-33.9L54.3 103c9.4-9.4 24.6-9.4 33.9 0l136 136c9.5 9.4 9.5 24.6.1 34z\"><\/path><\/svg>                                                <\/span>\r\n                    <\/a>\r\n                <\/div>\r\n                        <!-- Button Style End -->\r\n            <\/div>\r\n        <\/div>\r\n    <\/div>\r\n<\/div>                    <div class=\"grid-item col-lg-4 col-md-6\">\r\n    <div class=\"rs-service-slider\">\r\n                    <div class=\"service-img\">\r\n                <img decoding=\"async\" src=\"https:\/\/euromotion.lu\/wp-content\/uploads\/2025\/03\/Lubricanting-Grease.jpeg\" title=\"Ball bearing. Motor oil. Lubricating oil.\" alt=\"Ball bearing. Motor oil. Lubricating oil. Rolling bearings.\" loading=\"lazy\" \/>            <\/div>\r\n        \r\n        <div class=\"service-title-holder btn_box\">\r\n            <div class=\"service-content-area\">\r\n                                                <div class=\"service-title \">\r\n                    <h3 class=\"title\">\r\n                        <a href=\"https:\/\/euromotion.lu\/es\/grasa-lubricante\/\" >\r\n                             Grasa Lubricante                        <\/a>\r\n                        <\/h3>\r\n                    <\/div>\r\n                            \r\n                                        <div class=\"numbering number-line\">\r\n                    <span>02<\/span>\r\n                <\/div>\r\n                        <!-- Button Style -->\r\n                            <div class=\"read__more\">\r\n                    <a href=\"https:\/\/euromotion.lu\/es\/grasa-lubricante\/\"  class=\"btn-area\">\r\n                        <span class=\"btn-text\">M\u00e1s informaci\u00f3n<\/span>\r\n                        <span class=\"btn-icon\">                            <svg aria-hidden=\"true\" class=\"e-font-icon-svg e-fas-angle-right\" viewBox=\"0 0 256 512\" xmlns=\"http:\/\/www.w3.org\/2000\/svg\"><path d=\"M224.3 273l-136 136c-9.4 9.4-24.6 9.4-33.9 0l-22.6-22.6c-9.4-9.4-9.4-24.6 0-33.9l96.4-96.4-96.4-96.4c-9.4-9.4-9.4-24.6 0-33.9L54.3 103c9.4-9.4 24.6-9.4 33.9 0l136 136c9.5 9.4 9.5 24.6.1 34z\"><\/path><\/svg>                                                <\/span>\r\n                    <\/a>\r\n                <\/div>\r\n                        <!-- Button Style End -->\r\n            <\/div>\r\n        <\/div>\r\n    <\/div>\r\n<\/div>                    <div class=\"grid-item col-lg-4 col-md-6\">\r\n    <div class=\"rs-service-slider\">\r\n                    <div class=\"service-img\">\r\n                <img decoding=\"async\" src=\"https:\/\/euromotion.lu\/wp-content\/uploads\/2025\/03\/Bearing-Housings-e1741587988769.webp\" title=\"Bearing Housings\" alt=\"Bearing Housings\" loading=\"lazy\" \/>            <\/div>\r\n        \r\n        <div class=\"service-title-holder btn_box\">\r\n            <div class=\"service-content-area\">\r\n                                                <div class=\"service-title \">\r\n                    <h3 class=\"title\">\r\n                        <a href=\"https:\/\/euromotion.lu\/es\/productos\/soportes-para-rodamiento-chumaceras\/\" >\r\n                             Soportes para rodamiento (chumaceras)                        <\/a>\r\n                        <\/h3>\r\n                    <\/div>\r\n                            \r\n                                        <div class=\"numbering number-line\">\r\n                    <span>03<\/span>\r\n                <\/div>\r\n                        <!-- Button Style -->\r\n                            <div class=\"read__more\">\r\n                    <a href=\"https:\/\/euromotion.lu\/es\/productos\/soportes-para-rodamiento-chumaceras\/\"  class=\"btn-area\">\r\n                        <span class=\"btn-text\">M\u00e1s informaci\u00f3n<\/span>\r\n                        <span class=\"btn-icon\">                            <svg aria-hidden=\"true\" class=\"e-font-icon-svg e-fas-angle-right\" viewBox=\"0 0 256 512\" xmlns=\"http:\/\/www.w3.org\/2000\/svg\"><path d=\"M224.3 273l-136 136c-9.4 9.4-24.6 9.4-33.9 0l-22.6-22.6c-9.4-9.4-9.4-24.6 0-33.9l96.4-96.4-96.4-96.4c-9.4-9.4-9.4-24.6 0-33.9L54.3 103c9.4-9.4 24.6-9.4 33.9 0l136 136c9.5 9.4 9.5 24.6.1 34z\"><\/path><\/svg>                                                <\/span>\r\n                    <\/a>\r\n                <\/div>\r\n                        <!-- Button Style End -->\r\n            <\/div>\r\n        <\/div>\r\n    <\/div>\r\n<\/div>                            <\/div>\r\n                    <\/div>\r\n        \t\t\t\t<\/div>\n\t\t\t\t<\/div>\n\t\t\r\n\t\t\t\t<div class=\"elementor-element elementor-element-21e2f1c elementor-widget elementor-widget-rs-service-slider\" data-id=\"21e2f1c\" data-element_type=\"widget\" data-e-type=\"widget\" data-widget_type=\"rs-service-slider.default\">\n\t\t\t\t<div class=\"elementor-widget-container\">\n\t\t\t\t\t        \r\n                <div class=\"rsaddon-unique-slider uni-5299 rs-unique-grid-services\">\r\n            <div class=\"rs-addon-slider rs-services-slider service-style-1 row\">\r\n        \r\n                <div class=\"grid-item col-lg-4 col-md-6\">\r\n    <div class=\"rs-service-slider\">\r\n                    <div class=\"service-img\">\r\n                <img decoding=\"async\" src=\"https:\/\/euromotion.lu\/wp-content\/uploads\/2025\/03\/Linear-Motion-Systems-and-Components.jpeg\" title=\"Ball screw in the industrial machine tool industry.\" alt=\"Ball screw in the industrial machine tool industry.\" loading=\"lazy\" \/>            <\/div>\r\n        \r\n        <div class=\"service-title-holder btn_box\">\r\n            <div class=\"service-content-area\">\r\n                                                <div class=\"service-title \">\r\n                    <h3 class=\"title\">\r\n                        <a href=\"https:\/\/euromotion.lu\/es\/productos\/sistemas-de-movimiento-lineal-y-componentes\/\" >\r\n                             Sistemas de movimiento lineal y componentes                        <\/a>\r\n                        <\/h3>\r\n                    <\/div>\r\n                            \r\n                                        <div class=\"numbering number-line\">\r\n                    <span>04<\/span>\r\n                <\/div>\r\n                        <!-- Button Style -->\r\n                            <div class=\"read__more\">\r\n                    <a href=\"https:\/\/euromotion.lu\/es\/productos\/sistemas-de-movimiento-lineal-y-componentes\/\"  class=\"btn-area\">\r\n                        <span class=\"btn-text\">M\u00e1s informaci\u00f3n<\/span>\r\n                        <span class=\"btn-icon\">                            <svg aria-hidden=\"true\" class=\"e-font-icon-svg e-fas-angle-right\" viewBox=\"0 0 256 512\" xmlns=\"http:\/\/www.w3.org\/2000\/svg\"><path d=\"M224.3 273l-136 136c-9.4 9.4-24.6 9.4-33.9 0l-22.6-22.6c-9.4-9.4-9.4-24.6 0-33.9l96.4-96.4-96.4-96.4c-9.4-9.4-9.4-24.6 0-33.9L54.3 103c9.4-9.4 24.6-9.4 33.9 0l136 136c9.5 9.4 9.5 24.6.1 34z\"><\/path><\/svg>                                                <\/span>\r\n                    <\/a>\r\n                <\/div>\r\n                        <!-- Button Style End -->\r\n            <\/div>\r\n        <\/div>\r\n    <\/div>\r\n<\/div>                    <div class=\"grid-item col-lg-4 col-md-6\">\r\n    <div class=\"rs-service-slider\">\r\n                    <div class=\"service-img\">\r\n                <img decoding=\"async\" src=\"https:\/\/euromotion.lu\/wp-content\/uploads\/2025\/03\/Power-Transmission-Components-e1741588042789.jpeg\" title=\"Connect the flexible shaft to an available spare motor for grinding and polishing work.\" alt=\"Motor coupling for reduce vibration and smooth start running, Connect the flexible shaft to an available spare motor for grinding and polishing work.\" loading=\"lazy\" \/>            <\/div>\r\n        \r\n        <div class=\"service-title-holder btn_box\">\r\n            <div class=\"service-content-area\">\r\n                                                <div class=\"service-title \">\r\n                    <h3 class=\"title\">\r\n                        <a href=\"https:\/\/euromotion.lu\/es\/productos\/componentes-para-transmision-de-potencia-mecanica\/\" >\r\n                             Componentes para Transmisi\u00f3n de Potencia Mec\u00e1nica                        <\/a>\r\n                        <\/h3>\r\n                    <\/div>\r\n                            \r\n                                        <div class=\"numbering number-line\">\r\n                    <span>05<\/span>\r\n                <\/div>\r\n                        <!-- Button Style -->\r\n                            <div class=\"read__more\">\r\n                    <a href=\"https:\/\/euromotion.lu\/es\/productos\/componentes-para-transmision-de-potencia-mecanica\/\"  class=\"btn-area\">\r\n                        <span class=\"btn-text\">M\u00e1s informaci\u00f3n<\/span>\r\n                        <span class=\"btn-icon\">                            <svg aria-hidden=\"true\" class=\"e-font-icon-svg e-fas-angle-right\" viewBox=\"0 0 256 512\" xmlns=\"http:\/\/www.w3.org\/2000\/svg\"><path d=\"M224.3 273l-136 136c-9.4 9.4-24.6 9.4-33.9 0l-22.6-22.6c-9.4-9.4-9.4-24.6 0-33.9l96.4-96.4-96.4-96.4c-9.4-9.4-9.4-24.6 0-33.9L54.3 103c9.4-9.4 24.6-9.4 33.9 0l136 136c9.5 9.4 9.5 24.6.1 34z\"><\/path><\/svg>                                                <\/span>\r\n                    <\/a>\r\n                <\/div>\r\n                        <!-- Button Style End -->\r\n            <\/div>\r\n        <\/div>\r\n    <\/div>\r\n<\/div>                    <div class=\"grid-item col-lg-4 col-md-6\">\r\n    <div class=\"rs-service-slider\">\r\n                    <div class=\"service-img\">\r\n                <img decoding=\"async\" src=\"https:\/\/euromotion.lu\/wp-content\/uploads\/2025\/03\/Slewing-Rings.jpg\" title=\"Slewing Rings\" alt=\"Slewing Rings\" loading=\"lazy\" \/>            <\/div>\r\n        \r\n        <div class=\"service-title-holder btn_box\">\r\n            <div class=\"service-content-area\">\r\n                                                <div class=\"service-title \">\r\n                    <h3 class=\"title\">\r\n                        <a href=\"https:\/\/euromotion.lu\/es\/productos\/coronas-de-orientacion-coronas-giratorias\/\" >\r\n                             Coronas de orientacion (coronas giratorias)                        <\/a>\r\n                        <\/h3>\r\n                    <\/div>\r\n                            \r\n                                        <div class=\"numbering number-line\">\r\n                    <span>06<\/span>\r\n                <\/div>\r\n                        <!-- Button Style -->\r\n                            <div class=\"read__more\">\r\n                    <a href=\"https:\/\/euromotion.lu\/es\/productos\/coronas-de-orientacion-coronas-giratorias\/\"  class=\"btn-area\">\r\n                        <span class=\"btn-text\">M\u00e1s informaci\u00f3n<\/span>\r\n                        <span class=\"btn-icon\">                            <svg aria-hidden=\"true\" class=\"e-font-icon-svg e-fas-angle-right\" viewBox=\"0 0 256 512\" xmlns=\"http:\/\/www.w3.org\/2000\/svg\"><path d=\"M224.3 273l-136 136c-9.4 9.4-24.6 9.4-33.9 0l-22.6-22.6c-9.4-9.4-9.4-24.6 0-33.9l96.4-96.4-96.4-96.4c-9.4-9.4-9.4-24.6 0-33.9L54.3 103c9.4-9.4 24.6-9.4 33.9 0l136 136c9.5 9.4 9.5 24.6.1 34z\"><\/path><\/svg>                                                <\/span>\r\n                    <\/a>\r\n                <\/div>\r\n                        <!-- Button Style End -->\r\n            <\/div>\r\n        <\/div>\r\n    <\/div>\r\n<\/div>                            <\/div>\r\n                    <\/div>\r\n        \t\t\t\t<\/div>\n\t\t\t\t<\/div>\n\t\t\t\t\t<\/div>\n\t\t\t\t<\/div>\n\t\t\t\t<\/div>\n\t\t","protected":false},"excerpt":{"rendered":"<p>Rodamientos 01 M\u00e1s informaci\u00f3n Grasa Lubricante 02 M\u00e1s informaci\u00f3n Soportes para rodamiento (chumaceras) 03 M\u00e1s informaci\u00f3n Sistemas de movimiento lineal y componentes 04 M\u00e1s informaci\u00f3n Componentes para Transmisi\u00f3n de Potencia Mec\u00e1nica 05 M\u00e1s informaci\u00f3n Coronas de orientacion (coronas giratorias) 06 M\u00e1s informaci\u00f3n<\/p>\n","protected":false},"author":1,"featured_media":29204,"parent":0,"menu_order":0,"comment_status":"closed","ping_status":"closed","template":"elementor_header_footer","meta":{"footnotes":""},"class_list":["post-34731","page","type-page","status-publish","has-post-thumbnail","hentry"],"yoast_head":"<!-- This site is optimized with the Yoast SEO plugin v27.5 - https:\/\/yoast.com\/product\/yoast-seo-wordpress\/ -->\n<title>Productos de transmisi\u00f3n de potencia y motricidad industrial | Euromotion<\/title>\n<meta name=\"description\" content=\"Explore Euromotion\u2019s range of industrial motion, bearings, power transmission and mechanical components from leading global manufacturers.\" \/>\n<meta name=\"robots\" content=\"index, follow, max-snippet:-1, max-image-preview:large, max-video-preview:-1\" \/>\n<link rel=\"canonical\" href=\"https:\/\/euromotion.lu\/es\/productos\/\" \/>\n<meta property=\"og:locale\" content=\"es_ES\" \/>\n<meta property=\"og:type\" content=\"article\" \/>\n<meta property=\"og:title\" content=\"Productos de transmisi\u00f3n de potencia y motricidad industrial | Euromotion\" \/>\n<meta property=\"og:description\" content=\"Explore Euromotion\u2019s range of industrial motion, bearings, power transmission and mechanical components from leading global manufacturers.\" \/>\n<meta property=\"og:url\" content=\"https:\/\/euromotion.lu\/es\/productos\/\" \/>\n<meta property=\"og:site_name\" content=\"EUROMOTION\" \/>\n<meta property=\"article:modified_time\" content=\"2026-04-17T19:08:44+00:00\" \/>\n<meta property=\"og:image\" content=\"https:\/\/euromotion.lu\/wp-content\/uploads\/2025\/03\/Bearings.jpeg\" \/>\n\t<meta property=\"og:image:width\" content=\"1920\" \/>\n\t<meta property=\"og:image:height\" content=\"1280\" \/>\n\t<meta property=\"og:image:type\" content=\"image\/jpeg\" \/>\n<meta name=\"twitter:card\" content=\"summary_large_image\" \/>\n<script type=\"application\/ld+json\" class=\"yoast-schema-graph\">{\"@context\":\"https:\\\/\\\/schema.org\",\"@graph\":[{\"@type\":\"WebPage\",\"@id\":\"https:\\\/\\\/euromotion.lu\\\/es\\\/productos\\\/\",\"url\":\"https:\\\/\\\/euromotion.lu\\\/es\\\/productos\\\/\",\"name\":\"Productos de transmisi\u00f3n de potencia y motricidad industrial | Euromotion\",\"isPartOf\":{\"@id\":\"https:\\\/\\\/euromotion.lu\\\/es\\\/#website\"},\"primaryImageOfPage\":{\"@id\":\"https:\\\/\\\/euromotion.lu\\\/es\\\/productos\\\/#primaryimage\"},\"image\":{\"@id\":\"https:\\\/\\\/euromotion.lu\\\/es\\\/productos\\\/#primaryimage\"},\"thumbnailUrl\":\"https:\\\/\\\/euromotion.lu\\\/wp-content\\\/uploads\\\/2025\\\/03\\\/Bearings.jpeg\",\"datePublished\":\"2025-03-07T06:37:40+00:00\",\"dateModified\":\"2026-04-17T19:08:44+00:00\",\"description\":\"Explore Euromotion\u2019s range of industrial motion, bearings, power transmission and mechanical components from leading global manufacturers.\",\"breadcrumb\":{\"@id\":\"https:\\\/\\\/euromotion.lu\\\/es\\\/productos\\\/#breadcrumb\"},\"inLanguage\":\"es\",\"potentialAction\":[{\"@type\":\"ReadAction\",\"target\":[\"https:\\\/\\\/euromotion.lu\\\/es\\\/productos\\\/\"]}]},{\"@type\":\"ImageObject\",\"inLanguage\":\"es\",\"@id\":\"https:\\\/\\\/euromotion.lu\\\/es\\\/productos\\\/#primaryimage\",\"url\":\"https:\\\/\\\/euromotion.lu\\\/wp-content\\\/uploads\\\/2025\\\/03\\\/Bearings.jpeg\",\"contentUrl\":\"https:\\\/\\\/euromotion.lu\\\/wp-content\\\/uploads\\\/2025\\\/03\\\/Bearings.jpeg\",\"width\":1920,\"height\":1280,\"caption\":\"Ball bearing in the cut, showing the mechanism\"},{\"@type\":\"BreadcrumbList\",\"@id\":\"https:\\\/\\\/euromotion.lu\\\/es\\\/productos\\\/#breadcrumb\",\"itemListElement\":[{\"@type\":\"ListItem\",\"position\":1,\"name\":\"Home\",\"item\":\"https:\\\/\\\/euromotion.lu\\\/es\\\/inicio\\\/\"},{\"@type\":\"ListItem\",\"position\":2,\"name\":\"Productos\"}]},{\"@type\":\"WebSite\",\"@id\":\"https:\\\/\\\/euromotion.lu\\\/es\\\/#website\",\"url\":\"https:\\\/\\\/euromotion.lu\\\/es\\\/\",\"name\":\"Euromotion SARL\",\"description\":\"Industrial Motion &amp; Power Transmission Solutions\",\"publisher\":{\"@id\":\"https:\\\/\\\/euromotion.lu\\\/es\\\/#organization\"},\"potentialAction\":[{\"@type\":\"SearchAction\",\"target\":{\"@type\":\"EntryPoint\",\"urlTemplate\":\"https:\\\/\\\/euromotion.lu\\\/es\\\/?s={search_term_string}\"},\"query-input\":{\"@type\":\"PropertyValueSpecification\",\"valueRequired\":true,\"valueName\":\"search_term_string\"}}],\"inLanguage\":\"es\"},{\"@type\":\"Organization\",\"@id\":\"https:\\\/\\\/euromotion.lu\\\/es\\\/#organization\",\"name\":\"Euromotion SARL\",\"url\":\"https:\\\/\\\/euromotion.lu\\\/es\\\/\",\"logo\":{\"@type\":\"ImageObject\",\"inLanguage\":\"es\",\"@id\":\"https:\\\/\\\/euromotion.lu\\\/es\\\/#\\\/schema\\\/logo\\\/image\\\/\",\"url\":\"https:\\\/\\\/euromotion.lu\\\/wp-content\\\/uploads\\\/2025\\\/02\\\/Euromotion-Logo.png\",\"contentUrl\":\"https:\\\/\\\/euromotion.lu\\\/wp-content\\\/uploads\\\/2025\\\/02\\\/Euromotion-Logo.png\",\"width\":1859,\"height\":365,\"caption\":\"Euromotion SARL\"},\"image\":{\"@id\":\"https:\\\/\\\/euromotion.lu\\\/es\\\/#\\\/schema\\\/logo\\\/image\\\/\"}}]}<\/script>\n<!-- \/ Yoast SEO plugin. -->","yoast_head_json":{"title":"Productos de transmisi\u00f3n de potencia y motricidad industrial | Euromotion","description":"Explore Euromotion\u2019s range of industrial motion, bearings, power transmission and mechanical components from leading global manufacturers.","robots":{"index":"index","follow":"follow","max-snippet":"max-snippet:-1","max-image-preview":"max-image-preview:large","max-video-preview":"max-video-preview:-1"},"canonical":"https:\/\/euromotion.lu\/es\/productos\/","og_locale":"es_ES","og_type":"article","og_title":"Productos de transmisi\u00f3n de potencia y motricidad industrial | Euromotion","og_description":"Explore Euromotion\u2019s range of industrial motion, bearings, power transmission and mechanical components from leading global manufacturers.","og_url":"https:\/\/euromotion.lu\/es\/productos\/","og_site_name":"EUROMOTION","article_modified_time":"2026-04-17T19:08:44+00:00","og_image":[{"width":1920,"height":1280,"url":"https:\/\/euromotion.lu\/wp-content\/uploads\/2025\/03\/Bearings.jpeg","type":"image\/jpeg"}],"twitter_card":"summary_large_image","schema":{"@context":"https:\/\/schema.org","@graph":[{"@type":"WebPage","@id":"https:\/\/euromotion.lu\/es\/productos\/","url":"https:\/\/euromotion.lu\/es\/productos\/","name":"Productos de transmisi\u00f3n de potencia y motricidad industrial | Euromotion","isPartOf":{"@id":"https:\/\/euromotion.lu\/es\/#website"},"primaryImageOfPage":{"@id":"https:\/\/euromotion.lu\/es\/productos\/#primaryimage"},"image":{"@id":"https:\/\/euromotion.lu\/es\/productos\/#primaryimage"},"thumbnailUrl":"https:\/\/euromotion.lu\/wp-content\/uploads\/2025\/03\/Bearings.jpeg","datePublished":"2025-03-07T06:37:40+00:00","dateModified":"2026-04-17T19:08:44+00:00","description":"Explore Euromotion\u2019s range of industrial motion, bearings, power transmission and mechanical components from leading global manufacturers.","breadcrumb":{"@id":"https:\/\/euromotion.lu\/es\/productos\/#breadcrumb"},"inLanguage":"es","potentialAction":[{"@type":"ReadAction","target":["https:\/\/euromotion.lu\/es\/productos\/"]}]},{"@type":"ImageObject","inLanguage":"es","@id":"https:\/\/euromotion.lu\/es\/productos\/#primaryimage","url":"https:\/\/euromotion.lu\/wp-content\/uploads\/2025\/03\/Bearings.jpeg","contentUrl":"https:\/\/euromotion.lu\/wp-content\/uploads\/2025\/03\/Bearings.jpeg","width":1920,"height":1280,"caption":"Ball bearing in the cut, showing the mechanism"},{"@type":"BreadcrumbList","@id":"https:\/\/euromotion.lu\/es\/productos\/#breadcrumb","itemListElement":[{"@type":"ListItem","position":1,"name":"Home","item":"https:\/\/euromotion.lu\/es\/inicio\/"},{"@type":"ListItem","position":2,"name":"Productos"}]},{"@type":"WebSite","@id":"https:\/\/euromotion.lu\/es\/#website","url":"https:\/\/euromotion.lu\/es\/","name":"Euromotion SARL","description":"Industrial Motion &amp; Power Transmission Solutions","publisher":{"@id":"https:\/\/euromotion.lu\/es\/#organization"},"potentialAction":[{"@type":"SearchAction","target":{"@type":"EntryPoint","urlTemplate":"https:\/\/euromotion.lu\/es\/?s={search_term_string}"},"query-input":{"@type":"PropertyValueSpecification","valueRequired":true,"valueName":"search_term_string"}}],"inLanguage":"es"},{"@type":"Organization","@id":"https:\/\/euromotion.lu\/es\/#organization","name":"Euromotion SARL","url":"https:\/\/euromotion.lu\/es\/","logo":{"@type":"ImageObject","inLanguage":"es","@id":"https:\/\/euromotion.lu\/es\/#\/schema\/logo\/image\/","url":"https:\/\/euromotion.lu\/wp-content\/uploads\/2025\/02\/Euromotion-Logo.png","contentUrl":"https:\/\/euromotion.lu\/wp-content\/uploads\/2025\/02\/Euromotion-Logo.png","width":1859,"height":365,"caption":"Euromotion SARL"},"image":{"@id":"https:\/\/euromotion.lu\/es\/#\/schema\/logo\/image\/"}}]}},"_links":{"self":[{"href":"https:\/\/euromotion.lu\/es\/wp-json\/wp\/v2\/pages\/34731","targetHints":{"allow":["GET"]}}],"collection":[{"href":"https:\/\/euromotion.lu\/es\/wp-json\/wp\/v2\/pages"}],"about":[{"href":"https:\/\/euromotion.lu\/es\/wp-json\/wp\/v2\/types\/page"}],"author":[{"embeddable":true,"href":"https:\/\/euromotion.lu\/es\/wp-json\/wp\/v2\/users\/1"}],"replies":[{"embeddable":true,"href":"https:\/\/euromotion.lu\/es\/wp-json\/wp\/v2\/comments?post=34731"}],"version-history":[{"count":3,"href":"https:\/\/euromotion.lu\/es\/wp-json\/wp\/v2\/pages\/34731\/revisions"}],"predecessor-version":[{"id":34976,"href":"https:\/\/euromotion.lu\/es\/wp-json\/wp\/v2\/pages\/34731\/revisions\/34976"}],"wp:featuredmedia":[{"embeddable":true,"href":"https:\/\/euromotion.lu\/es\/wp-json\/wp\/v2\/media\/29204"}],"wp:attachment":[{"href":"https:\/\/euromotion.lu\/es\/wp-json\/wp\/v2\/media?parent=34731"}],"curies":[{"name":"wp","href":"https:\/\/api.w.org\/{rel}","templated":true}]}}