{"id":35311,"date":"2026-03-04T08:45:25","date_gmt":"2026-03-04T08:45:25","guid":{"rendered":"https:\/\/euromotion.lu\/marken\/mayr\/"},"modified":"2026-05-03T14:13:10","modified_gmt":"2026-05-03T14:13:10","slug":"mayr","status":"publish","type":"page","link":"https:\/\/euromotion.lu\/de\/marken\/mayr\/","title":{"rendered":"MAYR"},"content":{"rendered":"\t\t<div data-elementor-type=\"wp-page\" data-elementor-id=\"35311\" class=\"elementor elementor-35311 elementor-31720\">\n\t\t\t\t\r\n\t\t<div class=\"default no-position show_shadow rs-sticky-default elementor-element elementor-element-cd807e6 e-flex e-con-boxed e-con e-parent\" data-id=\"cd807e6\" data-element_type=\"container\" data-e-type=\"container\">\n\t\t\t\t\t<div class=\"e-con-inner\">\n\t\t\r\n\t\t<div class=\"default no-position show_shadow rs-sticky-default elementor-element elementor-element-7d93e59 e-con-full e-flex e-con e-child\" data-id=\"7d93e59\" data-element_type=\"container\" data-e-type=\"container\">\n\t\t\r\n\t\t\t\t<div class=\"elementor-element elementor-element-851b9da elementor-widget elementor-widget-image\" data-id=\"851b9da\" data-element_type=\"widget\" data-e-type=\"widget\" data-widget_type=\"image.default\">\n\t\t\t\t<div class=\"elementor-widget-container\">\n\t\t\t\t\t\t\t\t\t\t\t\t\t\t\t<img decoding=\"async\" width=\"300\" height=\"96\" src=\"https:\/\/euromotion.lu\/wp-content\/uploads\/2026\/03\/Mayr-300x96.png\" class=\"attachment-medium size-medium wp-image-34546\" alt=\"\" srcset=\"https:\/\/euromotion.lu\/wp-content\/uploads\/2026\/03\/Mayr-300x96.png 300w, https:\/\/euromotion.lu\/wp-content\/uploads\/2026\/03\/Mayr.png 396w\" sizes=\"(max-width: 300px) 100vw, 300px\" \/>\t\t\t\t\t\t\t\t\t\t\t\t\t\t\t<\/div>\n\t\t\t\t<\/div>\n\t\t\r\n\t\t\t\t<div class=\"elementor-element elementor-element-41d3a92 elementor-widget elementor-widget-text-editor\" data-id=\"41d3a92\" data-element_type=\"widget\" data-e-type=\"widget\" data-widget_type=\"text-editor.default\">\n\t\t\t\t<div class=\"elementor-widget-container\">\n\t\t\t\t\t\t\t\t\t<p style=\"font-weight: 400;\">Mayr GmbH + Co. KG ist seit \u00fcber einem Jahrhundert Spezialist f\u00fcr die Kraft\u00fcbertragung. Gegr\u00fcndet 1897 in der Allg\u00e4u-Region in Deutschland, hat sich das familiengef\u00fchrte Unternehmen zu einem globalen Marktf\u00fchrer in seiner Branche entwickelt. Heute besch\u00e4ftigt Mayr mehr als 550 Mitarbeiter am Hauptsitz in Mauerstetten und \u00fcber 1.000 Mitarbeiter weltweit. Bekannt f\u00fcr Innovation und Tradition, bietet das Unternehmen eine breite Palette von Produkten an, darunter Drehmomentbegrenzer, Sicherheitsbremsen, spielarme Kupplungen und hochwertige Gleichstromantriebe, die alle darauf ausgelegt sind, den sich st\u00e4ndig weiterentwickelnden Anforderungen der globalen Industrie gerecht zu werden.   <\/p><p style=\"font-weight: 400;\">Mit einer starken internationalen Pr\u00e4senz betreibt Mayr acht Tochtergesellschaften in Deutschland und unterh\u00e4lt Verkaufsb\u00fcros in den USA, Frankreich, Gro\u00dfbritannien, Italien, Singapur und der Schweiz. Dar\u00fcber hinaus arbeitet das Unternehmen mit 36 L\u00e4ndervertretern zusammen, um eine weltweite Reichweite und erstklassigen Kundenservice zu gew\u00e4hrleisten. Dieses umfangreiche Netzwerk erm\u00f6glicht es Mayr, ma\u00dfgeschneiderte, qualitativ hochwertige L\u00f6sungen f\u00fcr eine Vielzahl von Industriezweigen zu liefern. Ihr Ruf f\u00fcr Exzellenz und ihr kundenorientierter Ansatz haben sie zu einem vertrauensw\u00fcrdigen Partner renommierter Maschinenbauer auf der ganzen Welt gemacht.   <\/p><p style=\"font-weight: 400;\"><strong>Euromotion vertreibt die folgenden MAYR Produkte.:<\/strong><\/p><ul><li><strong>Drehmomentbegrenzer<\/strong>: Sch\u00fctzen Maschinen vor \u00dcberlastung, indem sie sich automatisch trennen, wenn voreingestellte Drehmomentwerte \u00fcberschritten werden.<\/li><li><strong>Bremsen<\/strong>: Bieten zuverl\u00e4ssige Bremskraft in Notf\u00e4llen oder bei Stromausf\u00e4llen.<\/li><li><strong>Kupplungen:<\/strong> Stellen eine pr\u00e4zise Drehmoment\u00fcbertragung ohne Spiel sicher und sind ideal f\u00fcr hochpr\u00e4zise Anwendungen.<\/li><\/ul>\t\t\t\t\t\t\t\t<\/div>\n\t\t\t\t<\/div>\n\t\t\r\n\t\t\t\t<div class=\"elementor-element elementor-element-66b59ed elementor-widget-divider--view-line elementor-widget elementor-widget-divider\" data-id=\"66b59ed\" data-element_type=\"widget\" data-e-type=\"widget\" data-widget_type=\"divider.default\">\n\t\t\t\t<div class=\"elementor-widget-container\">\n\t\t\t\t\t\t\t<div class=\"elementor-divider\">\n\t\t\t<span class=\"elementor-divider-separator\">\n\t\t\t\t\t\t<\/span>\n\t\t<\/div>\n\t\t\t\t\t\t<\/div>\n\t\t\t\t<\/div>\n\t\t\r\n\t\t\t\t<div class=\"elementor-element elementor-element-b96ab7e elementor-widget elementor-widget-text-editor\" data-id=\"b96ab7e\" data-element_type=\"widget\" data-e-type=\"widget\" data-widget_type=\"text-editor.default\">\n\t\t\t\t<div class=\"elementor-widget-container\">\n\t\t\t\t\t\t\t\t\t<p>Euromotion S.\u00e0.r.l. ist kein autorisierter Vertriebspartner, keine Tochtergesellschaft und kein offizieller Vertreter der genannten Hersteller, es sei denn, dies wird ausdr\u00fccklich anders angegeben. Die in diesem Dokument aufgef\u00fchrten Marken, Handelsnamen und Firmennamen sind Eigentum ihrer jeweiligen Inhaber. Euromotion S.\u00e0.r.l. agiert als unabh\u00e4ngiger Distributor und bietet wettbewerbsf\u00e4hige Preise sowie kurze Lieferzeiten. Unsere technische Expertise und unser Engagement f\u00fcr logistische Effizienz machen uns zu einer attraktiven und zuverl\u00e4ssigen Option f\u00fcr den Erwerb von Produkten der Marke Mayr. Weitere Informationen zu unseren Verkaufsrichtlinien, R\u00fcckgaben und Verbraucherrechten finden Sie in den entsprechenden Abschnitten unserer Website.<\/p>\t\t\t\t\t\t\t\t<\/div>\n\t\t\t\t<\/div>\n\t\t\t\t<\/div>\n\t\t\r\n\t\t<div class=\"default no-position show_shadow rs-sticky-default elementor-element elementor-element-16c02c7 e-con-full e-flex e-con e-child\" data-id=\"16c02c7\" data-element_type=\"container\" data-e-type=\"container\">\n\t\t\r\n\t\t<div class=\"default no-position show_shadow rs-sticky-default elementor-element elementor-element-709488b e-con-full e-flex e-con e-child\" data-id=\"709488b\" data-element_type=\"container\" data-e-type=\"container\" data-settings=\"{&quot;background_background&quot;:&quot;classic&quot;}\">\n\t\t\r\n\t\t\t\t<div class=\"elementor-element elementor-element-8d61bd8 elementor-widget elementor-widget-rs-heading\" data-id=\"8d61bd8\" data-element_type=\"widget\" data-e-type=\"widget\" data-widget_type=\"rs-heading.default\">\n\t\t\t\t<div class=\"elementor-widget-container\">\n\t\t\t\t\t\n\t\t<div class=\"prelements-heading default  \">\n\t\t\t<div class=\"title-inner\">\n\t\t\t\t<h3 class=\"title rs-split-text-disable \">Haben Sie ein<br>Projekt im<br>Kopf?<\/h3>\n\t\t\t<\/div>\n\t\t\t\t\t<\/div>\n\t\t\t\t<\/div>\n\t\t\t\t<\/div>\n\t\t\r\n\t\t\t\t<div class=\"elementor-element elementor-element-414a469 elementor-widget elementor-widget-rs-button\" data-id=\"414a469\" data-element_type=\"widget\" data-e-type=\"widget\" data-widget_type=\"rs-button.default\">\n\t\t\t\t<div class=\"elementor-widget-container\">\n\t\t\t\t\t\t\t<div class=\"rs-button style1\">\r\n\t\t\t\t\t\t<a class=\"rs-btn\" href=\"https:\/\/euromotion.lu\/de\/kontakt\/\" >\t\r\n\t\t\t\t<span>Kontakt \r\n\t\t\t\t\t\t\t\t\t<em>\r\n\t\t\t\t\t\t<svg xmlns=\"http:\/\/www.w3.org\/2000\/svg\" width=\"18\" height=\"12\" viewBox=\"0 0 18 12\" fill=\"none\"><path fill-rule=\"evenodd\" clip-rule=\"evenodd\" d=\"M0 6C0 5.66249 0.273604 5.38889 0.611111 5.38889L15.0246 5.38889L11.179 1.54323C10.9403 1.30458 10.9403 0.917644 11.179 0.67899C11.4176 0.440336 11.8046 0.440336 12.0432 0.67899L16.9321 5.56788C17.1708 5.80653 17.1708 6.19347 16.9321 6.43212L12.0432 11.321C11.8046 11.5597 11.4176 11.5597 11.179 11.321C10.9403 11.0824 10.9403 10.6954 11.179 10.4568L15.0246 6.61111L0.611111 6.61111C0.273604 6.61111 0 6.33751 0 6Z\" fill=\"white\"><\/path><\/svg>\t\t\t\t\t\t<svg xmlns=\"http:\/\/www.w3.org\/2000\/svg\" width=\"18\" height=\"12\" viewBox=\"0 0 18 12\" fill=\"none\"><path fill-rule=\"evenodd\" clip-rule=\"evenodd\" d=\"M0 6C0 5.66249 0.273604 5.38889 0.611111 5.38889L15.0246 5.38889L11.179 1.54323C10.9403 1.30458 10.9403 0.917644 11.179 0.67899C11.4176 0.440336 11.8046 0.440336 12.0432 0.67899L16.9321 5.56788C17.1708 5.80653 17.1708 6.19347 16.9321 6.43212L12.0432 11.321C11.8046 11.5597 11.4176 11.5597 11.179 11.321C10.9403 11.0824 10.9403 10.6954 11.179 10.4568L15.0246 6.61111L0.611111 6.61111C0.273604 6.61111 0 6.33751 0 6Z\" fill=\"white\"><\/path><\/svg>\t\t\t\t\t<\/em>\t\r\n\t\t\t\t\t\t\t\t<\/span>\r\n\t\t\t<\/a>\r\n\t\t<\/div>\r\n\t\t\t\t<\/div>\n\t\t\t\t<\/div>\n\t\t\t\t<\/div>\n\t\t\t\t<\/div>\n\t\t\t\t\t<\/div>\n\t\t\t\t<\/div>\n\t\t\t\t<\/div>\n\t\t","protected":false},"excerpt":{"rendered":"<p>Mayr GmbH + Co. KG ist seit \u00fcber einem Jahrhundert Spezialist f\u00fcr die Kraft\u00fcbertragung. Gegr\u00fcndet 1897 in der Allg\u00e4u-Region in Deutschland, hat sich das familiengef\u00fchrte Unternehmen zu einem globalen Marktf\u00fchrer in seiner Branche entwickelt. Heute besch\u00e4ftigt Mayr mehr als 550 Mitarbeiter am Hauptsitz in Mauerstetten und \u00fcber 1.000 Mitarbeiter weltweit. Bekannt f\u00fcr Innovation und Tradition,&#8230;<\/p>\n","protected":false},"author":1,"featured_media":31722,"parent":34689,"menu_order":0,"comment_status":"closed","ping_status":"closed","template":"elementor_header_footer","meta":{"footnotes":""},"class_list":["post-35311","page","type-page","status-publish","has-post-thumbnail","hentry"],"yoast_head":"<!-- This site is optimized with the Yoast SEO plugin v27.5 - https:\/\/yoast.com\/product\/yoast-seo-wordpress\/ -->\n<title>Mayr Sicherheitsbremsen, Drehmomentbegrenzer und Kraft\u00fcbertragung | Euromotion<\/title>\n<meta name=\"description\" content=\"Entdecken Sie die leistungsstarken Sicherheitsbremsen, Drehmomentbegrenzer und Antriebsl\u00f6sungen von Mayr, die speziell f\u00fcr die industrielle Sicherheit und Bewegungssteuerung entwickelt wurden. Lieferung durch Euromotion in ganz Europa.\" \/>\n<meta name=\"robots\" content=\"index, follow, max-snippet:-1, max-image-preview:large, max-video-preview:-1\" \/>\n<link rel=\"canonical\" href=\"https:\/\/euromotion.lu\/de\/marken\/mayr\/\" \/>\n<meta property=\"og:locale\" content=\"de_DE\" \/>\n<meta property=\"og:type\" content=\"article\" \/>\n<meta property=\"og:title\" content=\"Mayr Sicherheitsbremsen, Drehmomentbegrenzer und Kraft\u00fcbertragung | Euromotion\" \/>\n<meta property=\"og:description\" content=\"Entdecken Sie die leistungsstarken Sicherheitsbremsen, Drehmomentbegrenzer und Antriebsl\u00f6sungen von Mayr, die speziell f\u00fcr die industrielle Sicherheit und Bewegungssteuerung entwickelt wurden. Lieferung durch Euromotion in ganz Europa.\" \/>\n<meta property=\"og:url\" content=\"https:\/\/euromotion.lu\/de\/marken\/mayr\/\" \/>\n<meta property=\"og:site_name\" content=\"EUROMOTION\" \/>\n<meta property=\"article:modified_time\" content=\"2026-05-03T14:13:10+00:00\" \/>\n<meta property=\"og:image\" content=\"https:\/\/euromotion.lu\/wp-content\/uploads\/2026\/03\/Mayr.png\" \/>\n\t<meta property=\"og:image:width\" content=\"396\" \/>\n\t<meta property=\"og:image:height\" content=\"127\" \/>\n\t<meta property=\"og:image:type\" content=\"image\/png\" \/>\n<meta name=\"twitter:card\" content=\"summary_large_image\" \/>\n<meta name=\"twitter:label1\" content=\"Gesch\u00e4tzte Lesezeit\" \/>\n\t<meta name=\"twitter:data1\" content=\"2\u00a0Minuten\" \/>\n<script type=\"application\/ld+json\" class=\"yoast-schema-graph\">{\"@context\":\"https:\\\/\\\/schema.org\",\"@graph\":[{\"@type\":\"WebPage\",\"@id\":\"https:\\\/\\\/euromotion.lu\\\/de\\\/marken\\\/mayr\\\/\",\"url\":\"https:\\\/\\\/euromotion.lu\\\/de\\\/marken\\\/mayr\\\/\",\"name\":\"Mayr Sicherheitsbremsen, Drehmomentbegrenzer und Kraft\u00fcbertragung | Euromotion\",\"isPartOf\":{\"@id\":\"https:\\\/\\\/euromotion.lu\\\/de\\\/#website\"},\"primaryImageOfPage\":{\"@id\":\"https:\\\/\\\/euromotion.lu\\\/de\\\/marken\\\/mayr\\\/#primaryimage\"},\"image\":{\"@id\":\"https:\\\/\\\/euromotion.lu\\\/de\\\/marken\\\/mayr\\\/#primaryimage\"},\"thumbnailUrl\":\"https:\\\/\\\/euromotion.lu\\\/wp-content\\\/uploads\\\/2026\\\/03\\\/Mayr.png\",\"datePublished\":\"2026-03-04T08:45:25+00:00\",\"dateModified\":\"2026-05-03T14:13:10+00:00\",\"description\":\"Entdecken Sie die leistungsstarken Sicherheitsbremsen, Drehmomentbegrenzer und Antriebsl\u00f6sungen von Mayr, die speziell f\u00fcr die industrielle Sicherheit und Bewegungssteuerung entwickelt wurden. Lieferung durch Euromotion in ganz Europa.\",\"breadcrumb\":{\"@id\":\"https:\\\/\\\/euromotion.lu\\\/de\\\/marken\\\/mayr\\\/#breadcrumb\"},\"inLanguage\":\"de\",\"potentialAction\":[{\"@type\":\"ReadAction\",\"target\":[\"https:\\\/\\\/euromotion.lu\\\/de\\\/marken\\\/mayr\\\/\"]}]},{\"@type\":\"ImageObject\",\"inLanguage\":\"de\",\"@id\":\"https:\\\/\\\/euromotion.lu\\\/de\\\/marken\\\/mayr\\\/#primaryimage\",\"url\":\"https:\\\/\\\/euromotion.lu\\\/wp-content\\\/uploads\\\/2026\\\/03\\\/Mayr.png\",\"contentUrl\":\"https:\\\/\\\/euromotion.lu\\\/wp-content\\\/uploads\\\/2026\\\/03\\\/Mayr.png\",\"width\":396,\"height\":127},{\"@type\":\"BreadcrumbList\",\"@id\":\"https:\\\/\\\/euromotion.lu\\\/de\\\/marken\\\/mayr\\\/#breadcrumb\",\"itemListElement\":[{\"@type\":\"ListItem\",\"position\":1,\"name\":\"Home\",\"item\":\"https:\\\/\\\/euromotion.lu\\\/de\\\/startseite\\\/\"},{\"@type\":\"ListItem\",\"position\":2,\"name\":\"Marken\",\"item\":\"https:\\\/\\\/euromotion.lu\\\/de\\\/marken\\\/\"},{\"@type\":\"ListItem\",\"position\":3,\"name\":\"MAYR\"}]},{\"@type\":\"WebSite\",\"@id\":\"https:\\\/\\\/euromotion.lu\\\/de\\\/#website\",\"url\":\"https:\\\/\\\/euromotion.lu\\\/de\\\/\",\"name\":\"Euromotion SARL\",\"description\":\"Industrial Motion &amp; Power Transmission Solutions\",\"publisher\":{\"@id\":\"https:\\\/\\\/euromotion.lu\\\/de\\\/#organization\"},\"potentialAction\":[{\"@type\":\"SearchAction\",\"target\":{\"@type\":\"EntryPoint\",\"urlTemplate\":\"https:\\\/\\\/euromotion.lu\\\/de\\\/?s={search_term_string}\"},\"query-input\":{\"@type\":\"PropertyValueSpecification\",\"valueRequired\":true,\"valueName\":\"search_term_string\"}}],\"inLanguage\":\"de\"},{\"@type\":\"Organization\",\"@id\":\"https:\\\/\\\/euromotion.lu\\\/de\\\/#organization\",\"name\":\"Euromotion SARL\",\"url\":\"https:\\\/\\\/euromotion.lu\\\/de\\\/\",\"logo\":{\"@type\":\"ImageObject\",\"inLanguage\":\"de\",\"@id\":\"https:\\\/\\\/euromotion.lu\\\/de\\\/#\\\/schema\\\/logo\\\/image\\\/\",\"url\":\"https:\\\/\\\/euromotion.lu\\\/wp-content\\\/uploads\\\/2025\\\/02\\\/Euromotion-Logo.png\",\"contentUrl\":\"https:\\\/\\\/euromotion.lu\\\/wp-content\\\/uploads\\\/2025\\\/02\\\/Euromotion-Logo.png\",\"width\":1859,\"height\":365,\"caption\":\"Euromotion SARL\"},\"image\":{\"@id\":\"https:\\\/\\\/euromotion.lu\\\/de\\\/#\\\/schema\\\/logo\\\/image\\\/\"}}]}<\/script>\n<!-- \/ Yoast SEO plugin. -->","yoast_head_json":{"title":"Mayr Sicherheitsbremsen, Drehmomentbegrenzer und Kraft\u00fcbertragung | Euromotion","description":"Entdecken Sie die leistungsstarken Sicherheitsbremsen, Drehmomentbegrenzer und Antriebsl\u00f6sungen von Mayr, die speziell f\u00fcr die industrielle Sicherheit und Bewegungssteuerung entwickelt wurden. Lieferung durch Euromotion in ganz Europa.","robots":{"index":"index","follow":"follow","max-snippet":"max-snippet:-1","max-image-preview":"max-image-preview:large","max-video-preview":"max-video-preview:-1"},"canonical":"https:\/\/euromotion.lu\/de\/marken\/mayr\/","og_locale":"de_DE","og_type":"article","og_title":"Mayr Sicherheitsbremsen, Drehmomentbegrenzer und Kraft\u00fcbertragung | Euromotion","og_description":"Entdecken Sie die leistungsstarken Sicherheitsbremsen, Drehmomentbegrenzer und Antriebsl\u00f6sungen von Mayr, die speziell f\u00fcr die industrielle Sicherheit und Bewegungssteuerung entwickelt wurden. Lieferung durch Euromotion in ganz Europa.","og_url":"https:\/\/euromotion.lu\/de\/marken\/mayr\/","og_site_name":"EUROMOTION","article_modified_time":"2026-05-03T14:13:10+00:00","og_image":[{"width":396,"height":127,"url":"https:\/\/euromotion.lu\/wp-content\/uploads\/2026\/03\/Mayr.png","type":"image\/png"}],"twitter_card":"summary_large_image","twitter_misc":{"Gesch\u00e4tzte Lesezeit":"2\u00a0Minuten"},"schema":{"@context":"https:\/\/schema.org","@graph":[{"@type":"WebPage","@id":"https:\/\/euromotion.lu\/de\/marken\/mayr\/","url":"https:\/\/euromotion.lu\/de\/marken\/mayr\/","name":"Mayr Sicherheitsbremsen, Drehmomentbegrenzer und Kraft\u00fcbertragung | Euromotion","isPartOf":{"@id":"https:\/\/euromotion.lu\/de\/#website"},"primaryImageOfPage":{"@id":"https:\/\/euromotion.lu\/de\/marken\/mayr\/#primaryimage"},"image":{"@id":"https:\/\/euromotion.lu\/de\/marken\/mayr\/#primaryimage"},"thumbnailUrl":"https:\/\/euromotion.lu\/wp-content\/uploads\/2026\/03\/Mayr.png","datePublished":"2026-03-04T08:45:25+00:00","dateModified":"2026-05-03T14:13:10+00:00","description":"Entdecken Sie die leistungsstarken Sicherheitsbremsen, Drehmomentbegrenzer und Antriebsl\u00f6sungen von Mayr, die speziell f\u00fcr die industrielle Sicherheit und Bewegungssteuerung entwickelt wurden. Lieferung durch Euromotion in ganz Europa.","breadcrumb":{"@id":"https:\/\/euromotion.lu\/de\/marken\/mayr\/#breadcrumb"},"inLanguage":"de","potentialAction":[{"@type":"ReadAction","target":["https:\/\/euromotion.lu\/de\/marken\/mayr\/"]}]},{"@type":"ImageObject","inLanguage":"de","@id":"https:\/\/euromotion.lu\/de\/marken\/mayr\/#primaryimage","url":"https:\/\/euromotion.lu\/wp-content\/uploads\/2026\/03\/Mayr.png","contentUrl":"https:\/\/euromotion.lu\/wp-content\/uploads\/2026\/03\/Mayr.png","width":396,"height":127},{"@type":"BreadcrumbList","@id":"https:\/\/euromotion.lu\/de\/marken\/mayr\/#breadcrumb","itemListElement":[{"@type":"ListItem","position":1,"name":"Home","item":"https:\/\/euromotion.lu\/de\/startseite\/"},{"@type":"ListItem","position":2,"name":"Marken","item":"https:\/\/euromotion.lu\/de\/marken\/"},{"@type":"ListItem","position":3,"name":"MAYR"}]},{"@type":"WebSite","@id":"https:\/\/euromotion.lu\/de\/#website","url":"https:\/\/euromotion.lu\/de\/","name":"Euromotion SARL","description":"Industrial Motion &amp; Power Transmission Solutions","publisher":{"@id":"https:\/\/euromotion.lu\/de\/#organization"},"potentialAction":[{"@type":"SearchAction","target":{"@type":"EntryPoint","urlTemplate":"https:\/\/euromotion.lu\/de\/?s={search_term_string}"},"query-input":{"@type":"PropertyValueSpecification","valueRequired":true,"valueName":"search_term_string"}}],"inLanguage":"de"},{"@type":"Organization","@id":"https:\/\/euromotion.lu\/de\/#organization","name":"Euromotion SARL","url":"https:\/\/euromotion.lu\/de\/","logo":{"@type":"ImageObject","inLanguage":"de","@id":"https:\/\/euromotion.lu\/de\/#\/schema\/logo\/image\/","url":"https:\/\/euromotion.lu\/wp-content\/uploads\/2025\/02\/Euromotion-Logo.png","contentUrl":"https:\/\/euromotion.lu\/wp-content\/uploads\/2025\/02\/Euromotion-Logo.png","width":1859,"height":365,"caption":"Euromotion SARL"},"image":{"@id":"https:\/\/euromotion.lu\/de\/#\/schema\/logo\/image\/"}}]}},"_links":{"self":[{"href":"https:\/\/euromotion.lu\/de\/wp-json\/wp\/v2\/pages\/35311","targetHints":{"allow":["GET"]}}],"collection":[{"href":"https:\/\/euromotion.lu\/de\/wp-json\/wp\/v2\/pages"}],"about":[{"href":"https:\/\/euromotion.lu\/de\/wp-json\/wp\/v2\/types\/page"}],"author":[{"embeddable":true,"href":"https:\/\/euromotion.lu\/de\/wp-json\/wp\/v2\/users\/1"}],"replies":[{"embeddable":true,"href":"https:\/\/euromotion.lu\/de\/wp-json\/wp\/v2\/comments?post=35311"}],"version-history":[{"count":1,"href":"https:\/\/euromotion.lu\/de\/wp-json\/wp\/v2\/pages\/35311\/revisions"}],"predecessor-version":[{"id":35312,"href":"https:\/\/euromotion.lu\/de\/wp-json\/wp\/v2\/pages\/35311\/revisions\/35312"}],"up":[{"embeddable":true,"href":"https:\/\/euromotion.lu\/de\/wp-json\/wp\/v2\/pages\/34689"}],"wp:featuredmedia":[{"embeddable":true,"href":"https:\/\/euromotion.lu\/de\/wp-json\/wp\/v2\/media\/31722"}],"wp:attachment":[{"href":"https:\/\/euromotion.lu\/de\/wp-json\/wp\/v2\/media?parent=35311"}],"curies":[{"name":"wp","href":"https:\/\/api.w.org\/{rel}","templated":true}]}}