{"id":35279,"date":"2026-03-02T13:14:33","date_gmt":"2026-03-02T13:14:33","guid":{"rendered":"https:\/\/euromotion.lu\/marken\/zen\/"},"modified":"2026-05-02T19:32:59","modified_gmt":"2026-05-02T19:32:59","slug":"zen","status":"publish","type":"page","link":"https:\/\/euromotion.lu\/de\/marken\/zen\/","title":{"rendered":"ZEN"},"content":{"rendered":"\t\t<div data-elementor-type=\"wp-page\" data-elementor-id=\"35279\" class=\"elementor elementor-35279 elementor-31420\">\n\t\t\t\t\r\n\t\t<div class=\"default no-position show_shadow rs-sticky-default elementor-element elementor-element-cd807e6 e-flex e-con-boxed e-con e-parent\" data-id=\"cd807e6\" data-element_type=\"container\" data-e-type=\"container\">\n\t\t\t\t\t<div class=\"e-con-inner\">\n\t\t\r\n\t\t<div class=\"default no-position show_shadow rs-sticky-default elementor-element elementor-element-7d93e59 e-con-full e-flex e-con e-child\" data-id=\"7d93e59\" data-element_type=\"container\" data-e-type=\"container\">\n\t\t\r\n\t\t\t\t<div class=\"elementor-element elementor-element-851b9da elementor-widget elementor-widget-image\" data-id=\"851b9da\" data-element_type=\"widget\" data-e-type=\"widget\" data-widget_type=\"image.default\">\n\t\t\t\t<div class=\"elementor-widget-container\">\n\t\t\t\t\t\t\t\t\t\t\t\t\t\t\t<img decoding=\"async\" width=\"336\" height=\"107\" src=\"https:\/\/euromotion.lu\/wp-content\/uploads\/2026\/03\/zen_v9_logo.png\" class=\"attachment-medium_large size-medium_large wp-image-34389\" alt=\"\" srcset=\"https:\/\/euromotion.lu\/wp-content\/uploads\/2026\/03\/zen_v9_logo.png 336w, https:\/\/euromotion.lu\/wp-content\/uploads\/2026\/03\/zen_v9_logo-300x96.png 300w\" sizes=\"(max-width: 336px) 100vw, 336px\" \/>\t\t\t\t\t\t\t\t\t\t\t\t\t\t\t<\/div>\n\t\t\t\t<\/div>\n\t\t\r\n\t\t\t\t<div class=\"elementor-element elementor-element-41d3a92 elementor-widget elementor-widget-text-editor\" data-id=\"41d3a92\" data-element_type=\"widget\" data-e-type=\"widget\" data-widget_type=\"text-editor.default\">\n\t\t\t\t<div class=\"elementor-widget-container\">\n\t\t\t\t\t\t\t\t\t<p style=\"font-weight: 400;\">ZEN Bearings ist eine deutsche Marke, die sich auf die Herstellung hochwertiger Kugellager spezialisiert hat. Das vor \u00fcber 40 Jahren gegr\u00fcndete Unternehmen ZEN hat sich in der W\u00e4lzlagerindustrie einen Namen f\u00fcr Pr\u00e4zision und Zuverl\u00e4ssigkeit gemacht. Die Produktpalette umfasst Miniaturrillenkugellager, Rostfreie rillenkugellager, die auf die spezifischen Anforderungen verschiedener industrieller Anwendungen zugeschnitten sind.  <\/p><p style=\"font-weight: 400;\">ZEN Bearings hat sich der Einhaltung hoher Qualit\u00e4tsstandards verschrieben, was durch die Zertifizierung des T\u00dcV Rheinland belegt wird. Mit Niederlassungen in Deutschland, Gro\u00dfbritannien, Spanien und Frankreich vertreibt ZEN seine Produkte weltweit und stellt sicher, dass die Kunden eine gleichbleibende und zuverl\u00e4ssige Leistung erhalten. Das Unternehmen kombiniert Kreativit\u00e4t, Innovation und technisches Know-how, um Lager zu liefern, die sich in anspruchsvollen Umgebungen auszeichnen.  <\/p><p style=\"font-weight: 400;\">Euromotion vertreibt die folgenden ZEN-Produkte:<\/p><ul><li style=\"font-weight: 400;\">Kugellager<\/li><li style=\"font-weight: 400;\">Rostfreie W\u00e4lzlager<\/li><li style=\"font-weight: 400;\">Hybrid Lager<\/li><li style=\"font-weight: 400;\">Metrische Miniaturrillenkugellager<\/li><li style=\"font-weight: 400;\">Kunststofflager<\/li><\/ul>\t\t\t\t\t\t\t\t<\/div>\n\t\t\t\t<\/div>\n\t\t\r\n\t\t\t\t<div class=\"elementor-element elementor-element-847cc44 elementor-arrows-position-inside elementor-pagination-position-outside elementor-widget elementor-widget-image-carousel\" data-id=\"847cc44\" data-element_type=\"widget\" data-e-type=\"widget\" data-settings=\"{&quot;slides_to_show&quot;:&quot;3&quot;,&quot;navigation&quot;:&quot;both&quot;,&quot;autoplay&quot;:&quot;yes&quot;,&quot;pause_on_hover&quot;:&quot;yes&quot;,&quot;pause_on_interaction&quot;:&quot;yes&quot;,&quot;autoplay_speed&quot;:5000,&quot;infinite&quot;:&quot;yes&quot;,&quot;speed&quot;:500,&quot;image_spacing_custom&quot;:{&quot;unit&quot;:&quot;px&quot;,&quot;size&quot;:20,&quot;sizes&quot;:[]},&quot;image_spacing_custom_laptop&quot;:{&quot;unit&quot;:&quot;px&quot;,&quot;size&quot;:&quot;&quot;,&quot;sizes&quot;:[]},&quot;image_spacing_custom_tablet&quot;:{&quot;unit&quot;:&quot;px&quot;,&quot;size&quot;:&quot;&quot;,&quot;sizes&quot;:[]},&quot;image_spacing_custom_mobile&quot;:{&quot;unit&quot;:&quot;px&quot;,&quot;size&quot;:&quot;&quot;,&quot;sizes&quot;:[]}}\" data-widget_type=\"image-carousel.default\">\n\t\t\t\t<div class=\"elementor-widget-container\">\n\t\t\t\t\t\t\t<div class=\"elementor-image-carousel-wrapper swiper\" role=\"region\" aria-roledescription=\"carousel\" aria-label=\"Image Carousel\" dir=\"ltr\">\n\t\t\t<div class=\"elementor-image-carousel swiper-wrapper swiper-image-stretch\" aria-live=\"off\">\n\t\t\t\t\t\t\t\t<div class=\"swiper-slide\" role=\"group\" aria-roledescription=\"slide\" aria-label=\"1 von 5\"><figure class=\"swiper-slide-inner\"><img decoding=\"async\" class=\"swiper-slide-image\" src=\"https:\/\/euromotion.lu\/wp-content\/uploads\/2026\/03\/196-1-3-9-17-26-47-49-87-1-300x300.jpg\" alt=\"196-1-3-9-17-26-47-49-87-1\" \/><\/figure><\/div><div class=\"swiper-slide\" role=\"group\" aria-roledescription=\"slide\" aria-label=\"2 von 5\"><figure class=\"swiper-slide-inner\"><img decoding=\"async\" class=\"swiper-slide-image\" src=\"https:\/\/euromotion.lu\/wp-content\/uploads\/2026\/03\/H3a6e78eca5084056b4af678ec23b799cu-300x300.jpg\" alt=\"H3a6e78eca5084056b4af678ec23b799cu\" \/><\/figure><\/div><div class=\"swiper-slide\" role=\"group\" aria-roledescription=\"slide\" aria-label=\"3 von 5\"><figure class=\"swiper-slide-inner\"><img decoding=\"async\" class=\"swiper-slide-image\" src=\"https:\/\/euromotion.lu\/wp-content\/uploads\/2026\/03\/housing-img-300x225.jpg\" alt=\"housing-img\" \/><\/figure><\/div><div class=\"swiper-slide\" role=\"group\" aria-roledescription=\"slide\" aria-label=\"4 von 5\"><figure class=\"swiper-slide-inner\"><img decoding=\"async\" class=\"swiper-slide-image\" src=\"https:\/\/euromotion.lu\/wp-content\/uploads\/2026\/03\/s-l400.jpg\" alt=\"s-l400\" \/><\/figure><\/div><div class=\"swiper-slide\" role=\"group\" aria-roledescription=\"slide\" aria-label=\"5 von 5\"><figure class=\"swiper-slide-inner\"><img decoding=\"async\" class=\"swiper-slide-image\" src=\"https:\/\/euromotion.lu\/wp-content\/uploads\/2026\/03\/s-l1200-300x300.jpg\" alt=\"s-l1200\" \/><\/figure><\/div>\t\t\t<\/div>\n\t\t\t\t\t\t\t\t\t\t\t\t<div class=\"elementor-swiper-button elementor-swiper-button-prev\" role=\"button\" tabindex=\"0\">\n\t\t\t\t\t\t<svg aria-hidden=\"true\" class=\"e-font-icon-svg e-eicon-chevron-left\" viewBox=\"0 0 1000 1000\" xmlns=\"http:\/\/www.w3.org\/2000\/svg\"><path d=\"M646 125C629 125 613 133 604 142L308 442C296 454 292 471 292 487 292 504 296 521 308 533L604 854C617 867 629 875 646 875 663 875 679 871 692 858 704 846 713 829 713 812 713 796 708 779 692 767L438 487 692 225C700 217 708 204 708 187 708 171 704 154 692 142 675 129 663 125 646 125Z\"><\/path><\/svg>\t\t\t\t\t<\/div>\n\t\t\t\t\t<div class=\"elementor-swiper-button elementor-swiper-button-next\" role=\"button\" tabindex=\"0\">\n\t\t\t\t\t\t<svg aria-hidden=\"true\" class=\"e-font-icon-svg e-eicon-chevron-right\" viewBox=\"0 0 1000 1000\" xmlns=\"http:\/\/www.w3.org\/2000\/svg\"><path d=\"M696 533C708 521 713 504 713 487 713 471 708 454 696 446L400 146C388 133 375 125 354 125 338 125 325 129 313 142 300 154 292 171 292 187 292 204 296 221 308 233L563 492 304 771C292 783 288 800 288 817 288 833 296 850 308 863 321 871 338 875 354 875 371 875 388 867 400 854L696 533Z\"><\/path><\/svg>\t\t\t\t\t<\/div>\n\t\t\t\t\n\t\t\t\t\t\t\t\t\t<div class=\"swiper-pagination\"><\/div>\n\t\t\t\t\t\t\t\t\t<\/div>\n\t\t\t\t\t\t<\/div>\n\t\t\t\t<\/div>\n\t\t\r\n\t\t\t\t<div class=\"elementor-element elementor-element-66b59ed elementor-widget-divider--view-line elementor-widget elementor-widget-divider\" data-id=\"66b59ed\" data-element_type=\"widget\" data-e-type=\"widget\" data-widget_type=\"divider.default\">\n\t\t\t\t<div class=\"elementor-widget-container\">\n\t\t\t\t\t\t\t<div class=\"elementor-divider\">\n\t\t\t<span class=\"elementor-divider-separator\">\n\t\t\t\t\t\t<\/span>\n\t\t<\/div>\n\t\t\t\t\t\t<\/div>\n\t\t\t\t<\/div>\n\t\t\r\n\t\t\t\t<div class=\"elementor-element elementor-element-b96ab7e elementor-widget elementor-widget-text-editor\" data-id=\"b96ab7e\" data-element_type=\"widget\" data-e-type=\"widget\" data-widget_type=\"text-editor.default\">\n\t\t\t\t<div class=\"elementor-widget-container\">\n\t\t\t\t\t\t\t\t\t<p>Euromotion S.\u00e0.r.l. ist kein autorisierter Vertriebspartner, keine Tochtergesellschaft und kein offizieller Vertreter der genannten Hersteller, es sei denn, dies wird ausdr\u00fccklich anders angegeben. Die in diesem Dokument aufgef\u00fchrten Marken, Handelsnamen und Firmennamen sind Eigentum ihrer jeweiligen Inhaber. Euromotion S.\u00e0.r.l. agiert als unabh\u00e4ngiger Distributor und bietet wettbewerbsf\u00e4hige Preise sowie kurze Lieferzeiten. Unsere technische Expertise und unser Engagement f\u00fcr logistische Effizienz machen uns zu einer attraktiven und zuverl\u00e4ssigen Option f\u00fcr den Erwerb von Produkten der Marke ZEN. Weitere Informationen zu unseren Verkaufsrichtlinien, R\u00fcckgaben und Verbraucherrechten finden Sie in den entsprechenden Abschnitten unserer Website.<\/p>\t\t\t\t\t\t\t\t<\/div>\n\t\t\t\t<\/div>\n\t\t\t\t<\/div>\n\t\t\r\n\t\t<div class=\"default no-position show_shadow rs-sticky-default elementor-element elementor-element-16c02c7 e-con-full e-flex e-con e-child\" data-id=\"16c02c7\" data-element_type=\"container\" data-e-type=\"container\">\n\t\t\r\n\t\t<div class=\"default no-position show_shadow rs-sticky-default elementor-element elementor-element-3a12b79 e-con-full e-flex e-con e-child\" data-id=\"3a12b79\" data-element_type=\"container\" data-e-type=\"container\" data-settings=\"{&quot;background_background&quot;:&quot;classic&quot;}\">\n\t\t\r\n\t\t\t\t<div class=\"elementor-element elementor-element-4608d3a elementor-widget elementor-widget-heading\" data-id=\"4608d3a\" data-element_type=\"widget\" data-e-type=\"widget\" data-widget_type=\"heading.default\">\n\t\t\t\t<div class=\"elementor-widget-container\">\n\t\t\t\t\t<h3 class=\"elementor-heading-title elementor-size-default\">Produktkataloge<\/h3>\t\t\t\t<\/div>\n\t\t\t\t<\/div>\n\t\t\r\n\t\t\t\t<div class=\"elementor-element elementor-element-acbe9ca elementor-widget elementor-widget-rsbrochures\" data-id=\"acbe9ca\" data-element_type=\"widget\" data-e-type=\"widget\" data-widget_type=\"rsbrochures.default\">\n\t\t\t\t<div class=\"elementor-widget-container\">\n\t\t\t\t\t \n\n        <div class=\"rs-brochures\">\n\n            <div class=\"brochures-content\">\n                                    <ul class=\"rs-features-list\">\n                                                    <li class=\"elementor-repeater-item-39afd83\">\n                                \n                                <a href=\"https:\/\/euromotion.lu\/wp-content\/uploads\/2026\/03\/ZEN-bearings-catalogue-1.pdf\" >\n                                    <div class=\"brochures-left\">\n                                                                                    <div class=\"list-brochures-img\">\n                                                <img decoding=\"async\" src=\"https:\/\/industrie.rstheme.com\/manufacturing\/wp-content\/uploads\/2024\/02\/pdf.svg\" alt=\"image\">\n                                            <\/div>\n                                        \n                                        <div class=\"list-feature-content\">\n                                            <span class=\"rs-feature-text\">ZEN-bearings-catalogue<\/span>\n                                        <\/div>\n\n                                    <\/div>\n\n                                    <div class=\"brochures-right\">\n                                                                                    <div class=\"list-brochures-img\">\n                                                <img decoding=\"async\" src=\"https:\/\/industrie.rstheme.com\/manufacturing\/wp-content\/uploads\/2024\/02\/down_pdf.svg\" alt=\"image\">\n                                            <\/div>\n                                                                            <\/div>\n                                <\/a>\n                            <\/li>\n                                            <\/ul>\n                            <\/div>  \n\n        <\/div>\n        \t\t\t\t<\/div>\n\t\t\t\t<\/div>\n\t\t\t\t<\/div>\n\t\t\r\n\t\t<div class=\"default no-position show_shadow rs-sticky-default elementor-element elementor-element-709488b e-con-full e-flex e-con e-child\" data-id=\"709488b\" data-element_type=\"container\" data-e-type=\"container\" data-settings=\"{&quot;background_background&quot;:&quot;classic&quot;}\">\n\t\t\r\n\t\t\t\t<div class=\"elementor-element elementor-element-8d61bd8 elementor-widget elementor-widget-rs-heading\" data-id=\"8d61bd8\" data-element_type=\"widget\" data-e-type=\"widget\" data-widget_type=\"rs-heading.default\">\n\t\t\t\t<div class=\"elementor-widget-container\">\n\t\t\t\t\t\n\t\t<div class=\"prelements-heading default  \">\n\t\t\t<div class=\"title-inner\">\n\t\t\t\t<h3 class=\"title rs-split-text-disable \">Haben Sie ein<br>Projekt im<br>Kopf?<\/h3>\n\t\t\t<\/div>\n\t\t\t\t\t<\/div>\n\t\t\t\t<\/div>\n\t\t\t\t<\/div>\n\t\t\r\n\t\t\t\t<div class=\"elementor-element elementor-element-414a469 elementor-widget elementor-widget-rs-button\" data-id=\"414a469\" data-element_type=\"widget\" data-e-type=\"widget\" data-widget_type=\"rs-button.default\">\n\t\t\t\t<div class=\"elementor-widget-container\">\n\t\t\t\t\t\t\t<div class=\"rs-button style1\">\r\n\t\t\t\t\t\t<a class=\"rs-btn\" href=\"https:\/\/euromotion.lu\/de\/kontakt\/\" >\t\r\n\t\t\t\t<span>Kontakt \r\n\t\t\t\t\t\t\t\t\t<em>\r\n\t\t\t\t\t\t<svg xmlns=\"http:\/\/www.w3.org\/2000\/svg\" width=\"18\" height=\"12\" viewBox=\"0 0 18 12\" fill=\"none\"><path fill-rule=\"evenodd\" clip-rule=\"evenodd\" d=\"M0 6C0 5.66249 0.273604 5.38889 0.611111 5.38889L15.0246 5.38889L11.179 1.54323C10.9403 1.30458 10.9403 0.917644 11.179 0.67899C11.4176 0.440336 11.8046 0.440336 12.0432 0.67899L16.9321 5.56788C17.1708 5.80653 17.1708 6.19347 16.9321 6.43212L12.0432 11.321C11.8046 11.5597 11.4176 11.5597 11.179 11.321C10.9403 11.0824 10.9403 10.6954 11.179 10.4568L15.0246 6.61111L0.611111 6.61111C0.273604 6.61111 0 6.33751 0 6Z\" fill=\"white\"><\/path><\/svg>\t\t\t\t\t\t<svg xmlns=\"http:\/\/www.w3.org\/2000\/svg\" width=\"18\" height=\"12\" viewBox=\"0 0 18 12\" fill=\"none\"><path fill-rule=\"evenodd\" clip-rule=\"evenodd\" d=\"M0 6C0 5.66249 0.273604 5.38889 0.611111 5.38889L15.0246 5.38889L11.179 1.54323C10.9403 1.30458 10.9403 0.917644 11.179 0.67899C11.4176 0.440336 11.8046 0.440336 12.0432 0.67899L16.9321 5.56788C17.1708 5.80653 17.1708 6.19347 16.9321 6.43212L12.0432 11.321C11.8046 11.5597 11.4176 11.5597 11.179 11.321C10.9403 11.0824 10.9403 10.6954 11.179 10.4568L15.0246 6.61111L0.611111 6.61111C0.273604 6.61111 0 6.33751 0 6Z\" fill=\"white\"><\/path><\/svg>\t\t\t\t\t<\/em>\t\r\n\t\t\t\t\t\t\t\t<\/span>\r\n\t\t\t<\/a>\r\n\t\t<\/div>\r\n\t\t\t\t<\/div>\n\t\t\t\t<\/div>\n\t\t\t\t<\/div>\n\t\t\t\t<\/div>\n\t\t\t\t\t<\/div>\n\t\t\t\t<\/div>\n\t\t\t\t<\/div>\n\t\t","protected":false},"excerpt":{"rendered":"<p>ZEN Bearings ist eine deutsche Marke, die sich auf die Herstellung hochwertiger Kugellager spezialisiert hat. Das vor \u00fcber 40 Jahren gegr\u00fcndete Unternehmen ZEN hat sich in der W\u00e4lzlagerindustrie einen Namen f\u00fcr Pr\u00e4zision und Zuverl\u00e4ssigkeit gemacht. Die Produktpalette umfasst Miniaturrillenkugellager, Rostfreie rillenkugellager, die auf die spezifischen Anforderungen verschiedener industrieller Anwendungen zugeschnitten sind. ZEN Bearings hat sich&#8230;<\/p>\n","protected":false},"author":1,"featured_media":31422,"parent":34689,"menu_order":0,"comment_status":"closed","ping_status":"closed","template":"elementor_header_footer","meta":{"footnotes":""},"class_list":["post-35279","page","type-page","status-publish","has-post-thumbnail","hentry"],"yoast_head":"<!-- This site is optimized with the Yoast SEO plugin v27.5 - https:\/\/yoast.com\/product\/yoast-seo-wordpress\/ -->\n<title>ZEN-Kugellager und pr\u00e4zise industrielle Lagerl\u00f6sungen | Euromotion<\/title>\n<meta name=\"description\" content=\"Entdecken Sie die hochwertigen Kugellager und Pr\u00e4zisionsw\u00e4lzlagerl\u00f6sungen von ZEN f\u00fcr industrielle und mechanische Anwendungen. Supplied by Euromotion across Europe.\" \/>\n<meta name=\"robots\" content=\"index, follow, max-snippet:-1, max-image-preview:large, max-video-preview:-1\" \/>\n<link rel=\"canonical\" href=\"https:\/\/euromotion.lu\/de\/marken\/zen\/\" \/>\n<meta property=\"og:locale\" content=\"de_DE\" \/>\n<meta property=\"og:type\" content=\"article\" \/>\n<meta property=\"og:title\" content=\"ZEN-Kugellager und pr\u00e4zise industrielle Lagerl\u00f6sungen | Euromotion\" \/>\n<meta property=\"og:description\" content=\"Entdecken Sie die hochwertigen Kugellager und Pr\u00e4zisionsw\u00e4lzlagerl\u00f6sungen von ZEN f\u00fcr industrielle und mechanische Anwendungen. Supplied by Euromotion across Europe.\" \/>\n<meta property=\"og:url\" content=\"https:\/\/euromotion.lu\/de\/marken\/zen\/\" \/>\n<meta property=\"og:site_name\" content=\"EUROMOTION\" \/>\n<meta property=\"article:modified_time\" content=\"2026-05-02T19:32:59+00:00\" \/>\n<meta property=\"og:image\" content=\"https:\/\/euromotion.lu\/wp-content\/uploads\/2026\/03\/zen_v9_logo.png\" \/>\n\t<meta property=\"og:image:width\" content=\"336\" \/>\n\t<meta property=\"og:image:height\" content=\"107\" \/>\n\t<meta property=\"og:image:type\" content=\"image\/png\" \/>\n<meta name=\"twitter:card\" content=\"summary_large_image\" \/>\n<meta name=\"twitter:label1\" content=\"Gesch\u00e4tzte Lesezeit\" \/>\n\t<meta name=\"twitter:data1\" content=\"1\u00a0Minute\" \/>\n<script type=\"application\/ld+json\" class=\"yoast-schema-graph\">{\"@context\":\"https:\\\/\\\/schema.org\",\"@graph\":[{\"@type\":\"WebPage\",\"@id\":\"https:\\\/\\\/euromotion.lu\\\/de\\\/marken\\\/zen\\\/\",\"url\":\"https:\\\/\\\/euromotion.lu\\\/de\\\/marken\\\/zen\\\/\",\"name\":\"ZEN-Kugellager und pr\u00e4zise industrielle Lagerl\u00f6sungen | Euromotion\",\"isPartOf\":{\"@id\":\"https:\\\/\\\/euromotion.lu\\\/de\\\/#website\"},\"primaryImageOfPage\":{\"@id\":\"https:\\\/\\\/euromotion.lu\\\/de\\\/marken\\\/zen\\\/#primaryimage\"},\"image\":{\"@id\":\"https:\\\/\\\/euromotion.lu\\\/de\\\/marken\\\/zen\\\/#primaryimage\"},\"thumbnailUrl\":\"https:\\\/\\\/euromotion.lu\\\/wp-content\\\/uploads\\\/2026\\\/03\\\/zen_v9_logo.png\",\"datePublished\":\"2026-03-02T13:14:33+00:00\",\"dateModified\":\"2026-05-02T19:32:59+00:00\",\"description\":\"Entdecken Sie die hochwertigen Kugellager und Pr\u00e4zisionsw\u00e4lzlagerl\u00f6sungen von ZEN f\u00fcr industrielle und mechanische Anwendungen. Supplied by Euromotion across Europe.\",\"breadcrumb\":{\"@id\":\"https:\\\/\\\/euromotion.lu\\\/de\\\/marken\\\/zen\\\/#breadcrumb\"},\"inLanguage\":\"de\",\"potentialAction\":[{\"@type\":\"ReadAction\",\"target\":[\"https:\\\/\\\/euromotion.lu\\\/de\\\/marken\\\/zen\\\/\"]}]},{\"@type\":\"ImageObject\",\"inLanguage\":\"de\",\"@id\":\"https:\\\/\\\/euromotion.lu\\\/de\\\/marken\\\/zen\\\/#primaryimage\",\"url\":\"https:\\\/\\\/euromotion.lu\\\/wp-content\\\/uploads\\\/2026\\\/03\\\/zen_v9_logo.png\",\"contentUrl\":\"https:\\\/\\\/euromotion.lu\\\/wp-content\\\/uploads\\\/2026\\\/03\\\/zen_v9_logo.png\",\"width\":336,\"height\":107},{\"@type\":\"BreadcrumbList\",\"@id\":\"https:\\\/\\\/euromotion.lu\\\/de\\\/marken\\\/zen\\\/#breadcrumb\",\"itemListElement\":[{\"@type\":\"ListItem\",\"position\":1,\"name\":\"Home\",\"item\":\"https:\\\/\\\/euromotion.lu\\\/de\\\/startseite\\\/\"},{\"@type\":\"ListItem\",\"position\":2,\"name\":\"Marken\",\"item\":\"https:\\\/\\\/euromotion.lu\\\/de\\\/marken\\\/\"},{\"@type\":\"ListItem\",\"position\":3,\"name\":\"ZEN\"}]},{\"@type\":\"WebSite\",\"@id\":\"https:\\\/\\\/euromotion.lu\\\/de\\\/#website\",\"url\":\"https:\\\/\\\/euromotion.lu\\\/de\\\/\",\"name\":\"Euromotion SARL\",\"description\":\"Industrial Motion &amp; Power Transmission Solutions\",\"publisher\":{\"@id\":\"https:\\\/\\\/euromotion.lu\\\/de\\\/#organization\"},\"potentialAction\":[{\"@type\":\"SearchAction\",\"target\":{\"@type\":\"EntryPoint\",\"urlTemplate\":\"https:\\\/\\\/euromotion.lu\\\/de\\\/?s={search_term_string}\"},\"query-input\":{\"@type\":\"PropertyValueSpecification\",\"valueRequired\":true,\"valueName\":\"search_term_string\"}}],\"inLanguage\":\"de\"},{\"@type\":\"Organization\",\"@id\":\"https:\\\/\\\/euromotion.lu\\\/de\\\/#organization\",\"name\":\"Euromotion SARL\",\"url\":\"https:\\\/\\\/euromotion.lu\\\/de\\\/\",\"logo\":{\"@type\":\"ImageObject\",\"inLanguage\":\"de\",\"@id\":\"https:\\\/\\\/euromotion.lu\\\/de\\\/#\\\/schema\\\/logo\\\/image\\\/\",\"url\":\"https:\\\/\\\/euromotion.lu\\\/wp-content\\\/uploads\\\/2025\\\/02\\\/Euromotion-Logo.png\",\"contentUrl\":\"https:\\\/\\\/euromotion.lu\\\/wp-content\\\/uploads\\\/2025\\\/02\\\/Euromotion-Logo.png\",\"width\":1859,\"height\":365,\"caption\":\"Euromotion SARL\"},\"image\":{\"@id\":\"https:\\\/\\\/euromotion.lu\\\/de\\\/#\\\/schema\\\/logo\\\/image\\\/\"}}]}<\/script>\n<!-- \/ Yoast SEO plugin. -->","yoast_head_json":{"title":"ZEN-Kugellager und pr\u00e4zise industrielle Lagerl\u00f6sungen | Euromotion","description":"Entdecken Sie die hochwertigen Kugellager und Pr\u00e4zisionsw\u00e4lzlagerl\u00f6sungen von ZEN f\u00fcr industrielle und mechanische Anwendungen. Supplied by Euromotion across Europe.","robots":{"index":"index","follow":"follow","max-snippet":"max-snippet:-1","max-image-preview":"max-image-preview:large","max-video-preview":"max-video-preview:-1"},"canonical":"https:\/\/euromotion.lu\/de\/marken\/zen\/","og_locale":"de_DE","og_type":"article","og_title":"ZEN-Kugellager und pr\u00e4zise industrielle Lagerl\u00f6sungen | Euromotion","og_description":"Entdecken Sie die hochwertigen Kugellager und Pr\u00e4zisionsw\u00e4lzlagerl\u00f6sungen von ZEN f\u00fcr industrielle und mechanische Anwendungen. Supplied by Euromotion across Europe.","og_url":"https:\/\/euromotion.lu\/de\/marken\/zen\/","og_site_name":"EUROMOTION","article_modified_time":"2026-05-02T19:32:59+00:00","og_image":[{"width":336,"height":107,"url":"https:\/\/euromotion.lu\/wp-content\/uploads\/2026\/03\/zen_v9_logo.png","type":"image\/png"}],"twitter_card":"summary_large_image","twitter_misc":{"Gesch\u00e4tzte Lesezeit":"1\u00a0Minute"},"schema":{"@context":"https:\/\/schema.org","@graph":[{"@type":"WebPage","@id":"https:\/\/euromotion.lu\/de\/marken\/zen\/","url":"https:\/\/euromotion.lu\/de\/marken\/zen\/","name":"ZEN-Kugellager und pr\u00e4zise industrielle Lagerl\u00f6sungen | Euromotion","isPartOf":{"@id":"https:\/\/euromotion.lu\/de\/#website"},"primaryImageOfPage":{"@id":"https:\/\/euromotion.lu\/de\/marken\/zen\/#primaryimage"},"image":{"@id":"https:\/\/euromotion.lu\/de\/marken\/zen\/#primaryimage"},"thumbnailUrl":"https:\/\/euromotion.lu\/wp-content\/uploads\/2026\/03\/zen_v9_logo.png","datePublished":"2026-03-02T13:14:33+00:00","dateModified":"2026-05-02T19:32:59+00:00","description":"Entdecken Sie die hochwertigen Kugellager und Pr\u00e4zisionsw\u00e4lzlagerl\u00f6sungen von ZEN f\u00fcr industrielle und mechanische Anwendungen. Supplied by Euromotion across Europe.","breadcrumb":{"@id":"https:\/\/euromotion.lu\/de\/marken\/zen\/#breadcrumb"},"inLanguage":"de","potentialAction":[{"@type":"ReadAction","target":["https:\/\/euromotion.lu\/de\/marken\/zen\/"]}]},{"@type":"ImageObject","inLanguage":"de","@id":"https:\/\/euromotion.lu\/de\/marken\/zen\/#primaryimage","url":"https:\/\/euromotion.lu\/wp-content\/uploads\/2026\/03\/zen_v9_logo.png","contentUrl":"https:\/\/euromotion.lu\/wp-content\/uploads\/2026\/03\/zen_v9_logo.png","width":336,"height":107},{"@type":"BreadcrumbList","@id":"https:\/\/euromotion.lu\/de\/marken\/zen\/#breadcrumb","itemListElement":[{"@type":"ListItem","position":1,"name":"Home","item":"https:\/\/euromotion.lu\/de\/startseite\/"},{"@type":"ListItem","position":2,"name":"Marken","item":"https:\/\/euromotion.lu\/de\/marken\/"},{"@type":"ListItem","position":3,"name":"ZEN"}]},{"@type":"WebSite","@id":"https:\/\/euromotion.lu\/de\/#website","url":"https:\/\/euromotion.lu\/de\/","name":"Euromotion SARL","description":"Industrial Motion &amp; Power Transmission Solutions","publisher":{"@id":"https:\/\/euromotion.lu\/de\/#organization"},"potentialAction":[{"@type":"SearchAction","target":{"@type":"EntryPoint","urlTemplate":"https:\/\/euromotion.lu\/de\/?s={search_term_string}"},"query-input":{"@type":"PropertyValueSpecification","valueRequired":true,"valueName":"search_term_string"}}],"inLanguage":"de"},{"@type":"Organization","@id":"https:\/\/euromotion.lu\/de\/#organization","name":"Euromotion SARL","url":"https:\/\/euromotion.lu\/de\/","logo":{"@type":"ImageObject","inLanguage":"de","@id":"https:\/\/euromotion.lu\/de\/#\/schema\/logo\/image\/","url":"https:\/\/euromotion.lu\/wp-content\/uploads\/2025\/02\/Euromotion-Logo.png","contentUrl":"https:\/\/euromotion.lu\/wp-content\/uploads\/2025\/02\/Euromotion-Logo.png","width":1859,"height":365,"caption":"Euromotion SARL"},"image":{"@id":"https:\/\/euromotion.lu\/de\/#\/schema\/logo\/image\/"}}]}},"_links":{"self":[{"href":"https:\/\/euromotion.lu\/de\/wp-json\/wp\/v2\/pages\/35279","targetHints":{"allow":["GET"]}}],"collection":[{"href":"https:\/\/euromotion.lu\/de\/wp-json\/wp\/v2\/pages"}],"about":[{"href":"https:\/\/euromotion.lu\/de\/wp-json\/wp\/v2\/types\/page"}],"author":[{"embeddable":true,"href":"https:\/\/euromotion.lu\/de\/wp-json\/wp\/v2\/users\/1"}],"replies":[{"embeddable":true,"href":"https:\/\/euromotion.lu\/de\/wp-json\/wp\/v2\/comments?post=35279"}],"version-history":[{"count":1,"href":"https:\/\/euromotion.lu\/de\/wp-json\/wp\/v2\/pages\/35279\/revisions"}],"predecessor-version":[{"id":35280,"href":"https:\/\/euromotion.lu\/de\/wp-json\/wp\/v2\/pages\/35279\/revisions\/35280"}],"up":[{"embeddable":true,"href":"https:\/\/euromotion.lu\/de\/wp-json\/wp\/v2\/pages\/34689"}],"wp:featuredmedia":[{"embeddable":true,"href":"https:\/\/euromotion.lu\/de\/wp-json\/wp\/v2\/media\/31422"}],"wp:attachment":[{"href":"https:\/\/euromotion.lu\/de\/wp-json\/wp\/v2\/media?parent=35279"}],"curies":[{"name":"wp","href":"https:\/\/api.w.org\/{rel}","templated":true}]}}