{"id":35191,"date":"2025-11-18T14:30:02","date_gmt":"2025-11-18T14:30:02","guid":{"rendered":"https:\/\/euromotion.lu\/marken\/durbal\/"},"modified":"2026-05-01T20:42:08","modified_gmt":"2026-05-01T20:42:08","slug":"durbal","status":"publish","type":"page","link":"https:\/\/euromotion.lu\/de\/marken\/durbal\/","title":{"rendered":"Durbal"},"content":{"rendered":"\t\t<div data-elementor-type=\"wp-page\" data-elementor-id=\"35191\" class=\"elementor elementor-35191 elementor-30433\">\n\t\t\t\t\r\n\t\t<div class=\"default no-position show_shadow rs-sticky-default elementor-element elementor-element-cd807e6 e-flex e-con-boxed e-con e-parent\" data-id=\"cd807e6\" data-element_type=\"container\" data-e-type=\"container\">\n\t\t\t\t\t<div class=\"e-con-inner\">\n\t\t\r\n\t\t<div class=\"default no-position show_shadow rs-sticky-default elementor-element elementor-element-7d93e59 e-con-full e-flex e-con e-child\" data-id=\"7d93e59\" data-element_type=\"container\" data-e-type=\"container\">\n\t\t\r\n\t\t\t\t<div class=\"elementor-element elementor-element-851b9da elementor-widget elementor-widget-image\" data-id=\"851b9da\" data-element_type=\"widget\" data-e-type=\"widget\" data-widget_type=\"image.default\">\n\t\t\t\t<div class=\"elementor-widget-container\">\n\t\t\t\t\t\t\t\t\t\t\t\t\t\t\t<img decoding=\"async\" width=\"300\" height=\"114\" src=\"https:\/\/euromotion.lu\/wp-content\/uploads\/2025\/11\/durbal_logo_final_cmyk-e1763476252709-300x114.jpg\" class=\"attachment-medium size-medium wp-image-33495\" alt=\"\" srcset=\"https:\/\/euromotion.lu\/wp-content\/uploads\/2025\/11\/durbal_logo_final_cmyk-e1763476252709-300x114.jpg 300w, https:\/\/euromotion.lu\/wp-content\/uploads\/2025\/11\/durbal_logo_final_cmyk-e1763476252709.jpg 382w\" sizes=\"(max-width: 300px) 100vw, 300px\" \/>\t\t\t\t\t\t\t\t\t\t\t\t\t\t\t<\/div>\n\t\t\t\t<\/div>\n\t\t\r\n\t\t\t\t<div class=\"elementor-element elementor-element-41d3a92 elementor-widget elementor-widget-text-editor\" data-id=\"41d3a92\" data-element_type=\"widget\" data-e-type=\"widget\" data-widget_type=\"text-editor.default\">\n\t\t\t\t<div class=\"elementor-widget-container\">\n\t\t\t\t\t\t\t\t\t<p>Durbal GmbH, ein deutsches Unternehmen mit Sitz in \u00d6hringen, ist spezialisiert auf die Herstellung hochwertiger Linear- und Rotationsbewegungskomponenten. Gegr\u00fcndet im Jahr 1959, ist Durbal bekannt f\u00fcr seine Innovation und Pr\u00e4zision in der Produktion von Gelenkk\u00f6pfen, Gelenklagern und Gleitlagern. Deren Produkte finden Anwendung in einer Vielzahl von Branchen, darunter Automobilindustrie, Luft- und Raumfahrt sowie industrielle Maschinen. Mit einem starken Fokus auf Ingenieurwesen und Kundenzufriedenheit hat sich Durbal als Marktf\u00fchrer im Bereich Bewegungsl\u00f6sungen etabliert und bietet langlebige und zuverl\u00e4ssige Produkte, die h\u00f6chsten Qualit\u00e4tsstandards entsprechen.<\/p><p>Die Hauptprodukte von Durbal sind:<\/p><ol><li>Gelenkk\u00f6pfe: Komponenten, die Winkelbewegungen zwischen verbundenen Teilen erm\u00f6glichen, in wartungsfreien und wartungsf\u00e4higen Versionen erh\u00e4ltlich.<\/li><li>Gelenklager mit Rollen oder Kugellagerung: Ideal f\u00fcr Anwendungen, die hohe Festigkeit erfordern. Sie bestehen aus einem Geh\u00e4use und einem Innenring mit dem Lager und werden f\u00fcr die \u00dcbertragung statischer und dynamischer Kr\u00e4fte in Kombination mit drehenden, kippenden und schwenkenden Bewegungen verwendet.<\/li><li>Hydraulische Gelenkk\u00f6pfe: Standardisierte Maschinenelemente, die fertig zur Montage sind und f\u00fcr die \u00dcbertragung statischer und dynamischer Kr\u00e4fte in Kombination mit drehenden, kippenden und schwenkenden Bewegungen verwendet werden.<\/li><li>Gelenklager: Baugruppen, die flexible Verbindungen erm\u00f6glichen und sowohl rotatorische als auch winklige Bewegungen zulassen, sind unverzichtbar in der Maschinenherstellung.<\/li><\/ol><p>Diese Produkte sind grundlegend f\u00fcr verschiedene Branchen, einschlie\u00dflich Automobilindustrie, Luft- und Raumfahrt sowie industrielle Maschinen.<\/p>\t\t\t\t\t\t\t\t<\/div>\n\t\t\t\t<\/div>\n\t\t\r\n\t\t\t\t<div class=\"elementor-element elementor-element-58cc796 elementor-arrows-position-inside elementor-pagination-position-outside elementor-widget elementor-widget-image-carousel\" data-id=\"58cc796\" data-element_type=\"widget\" data-e-type=\"widget\" data-settings=\"{&quot;slides_to_show&quot;:&quot;2&quot;,&quot;navigation&quot;:&quot;both&quot;,&quot;autoplay&quot;:&quot;yes&quot;,&quot;pause_on_hover&quot;:&quot;yes&quot;,&quot;pause_on_interaction&quot;:&quot;yes&quot;,&quot;autoplay_speed&quot;:5000,&quot;infinite&quot;:&quot;yes&quot;,&quot;speed&quot;:500}\" data-widget_type=\"image-carousel.default\">\n\t\t\t\t<div class=\"elementor-widget-container\">\n\t\t\t\t\t\t\t<div class=\"elementor-image-carousel-wrapper swiper\" role=\"region\" aria-roledescription=\"carousel\" aria-label=\"Image Carousel\" dir=\"ltr\">\n\t\t\t<div class=\"elementor-image-carousel swiper-wrapper\" aria-live=\"off\">\n\t\t\t\t\t\t\t\t<div class=\"swiper-slide\" role=\"group\" aria-roledescription=\"slide\" aria-label=\"1 von 5\"><figure class=\"swiper-slide-inner\"><img decoding=\"async\" class=\"swiper-slide-image\" src=\"https:\/\/euromotion.lu\/wp-content\/uploads\/2025\/11\/IMG_0132-300x169.jpg\" alt=\"IMG_0132\" \/><\/figure><\/div><div class=\"swiper-slide\" role=\"group\" aria-roledescription=\"slide\" aria-label=\"2 von 5\"><figure class=\"swiper-slide-inner\"><img decoding=\"async\" class=\"swiper-slide-image\" src=\"https:\/\/euromotion.lu\/wp-content\/uploads\/2025\/11\/IMG_0133-e1763476374606-300x188.jpg\" alt=\"IMG_0133\" \/><\/figure><\/div><div class=\"swiper-slide\" role=\"group\" aria-roledescription=\"slide\" aria-label=\"3 von 5\"><figure class=\"swiper-slide-inner\"><img decoding=\"async\" class=\"swiper-slide-image\" src=\"https:\/\/euromotion.lu\/wp-content\/uploads\/2025\/11\/IMG_0134-300x169.jpg\" alt=\"IMG_0134\" \/><\/figure><\/div><div class=\"swiper-slide\" role=\"group\" aria-roledescription=\"slide\" aria-label=\"4 von 5\"><figure class=\"swiper-slide-inner\"><img decoding=\"async\" class=\"swiper-slide-image\" src=\"https:\/\/euromotion.lu\/wp-content\/uploads\/2025\/11\/IMG_0135-300x295.jpg\" alt=\"IMG_0135\" \/><\/figure><\/div><div class=\"swiper-slide\" role=\"group\" aria-roledescription=\"slide\" aria-label=\"5 von 5\"><figure class=\"swiper-slide-inner\"><img decoding=\"async\" class=\"swiper-slide-image\" src=\"https:\/\/euromotion.lu\/wp-content\/uploads\/2025\/11\/IMG_0136-e1763476473588-300x178.jpg\" alt=\"IMG_0136\" \/><\/figure><\/div>\t\t\t<\/div>\n\t\t\t\t\t\t\t\t\t\t\t\t<div class=\"elementor-swiper-button elementor-swiper-button-prev\" role=\"button\" tabindex=\"0\">\n\t\t\t\t\t\t<svg aria-hidden=\"true\" class=\"e-font-icon-svg e-eicon-chevron-left\" viewBox=\"0 0 1000 1000\" xmlns=\"http:\/\/www.w3.org\/2000\/svg\"><path d=\"M646 125C629 125 613 133 604 142L308 442C296 454 292 471 292 487 292 504 296 521 308 533L604 854C617 867 629 875 646 875 663 875 679 871 692 858 704 846 713 829 713 812 713 796 708 779 692 767L438 487 692 225C700 217 708 204 708 187 708 171 704 154 692 142 675 129 663 125 646 125Z\"><\/path><\/svg>\t\t\t\t\t<\/div>\n\t\t\t\t\t<div class=\"elementor-swiper-button elementor-swiper-button-next\" role=\"button\" tabindex=\"0\">\n\t\t\t\t\t\t<svg aria-hidden=\"true\" class=\"e-font-icon-svg e-eicon-chevron-right\" viewBox=\"0 0 1000 1000\" xmlns=\"http:\/\/www.w3.org\/2000\/svg\"><path d=\"M696 533C708 521 713 504 713 487 713 471 708 454 696 446L400 146C388 133 375 125 354 125 338 125 325 129 313 142 300 154 292 171 292 187 292 204 296 221 308 233L563 492 304 771C292 783 288 800 288 817 288 833 296 850 308 863 321 871 338 875 354 875 371 875 388 867 400 854L696 533Z\"><\/path><\/svg>\t\t\t\t\t<\/div>\n\t\t\t\t\n\t\t\t\t\t\t\t\t\t<div class=\"swiper-pagination\"><\/div>\n\t\t\t\t\t\t\t\t\t<\/div>\n\t\t\t\t\t\t<\/div>\n\t\t\t\t<\/div>\n\t\t\r\n\t\t\t\t<div class=\"elementor-element elementor-element-66b59ed elementor-widget-divider--view-line elementor-widget elementor-widget-divider\" data-id=\"66b59ed\" data-element_type=\"widget\" data-e-type=\"widget\" data-widget_type=\"divider.default\">\n\t\t\t\t<div class=\"elementor-widget-container\">\n\t\t\t\t\t\t\t<div class=\"elementor-divider\">\n\t\t\t<span class=\"elementor-divider-separator\">\n\t\t\t\t\t\t<\/span>\n\t\t<\/div>\n\t\t\t\t\t\t<\/div>\n\t\t\t\t<\/div>\n\t\t\r\n\t\t\t\t<div class=\"elementor-element elementor-element-b96ab7e elementor-widget elementor-widget-text-editor\" data-id=\"b96ab7e\" data-element_type=\"widget\" data-e-type=\"widget\" data-widget_type=\"text-editor.default\">\n\t\t\t\t<div class=\"elementor-widget-container\">\n\t\t\t\t\t\t\t\t\t<p>EUROMOTION ist kein autorisierter Distributor, Partner oder offizieller Vertreter der genannten Hersteller, sofern nicht ausdr\u00fccklich anders angegeben. Die hier genannten Marken, Handelsnamen und Kennzeichen sind Eigentum ihrer jeweiligen Inhaber. EUROMOTION agiert als unabh\u00e4ngiger Distributor, bietet sehr wettbewerbsf\u00e4hige Preise und kurze Lieferzeiten an. Unser Fokus auf logistische Effizienz und technisches Know-how macht uns zu einer sehr attraktiven und zuverl\u00e4ssigen Option f\u00fcr den Kauf von DURBAL Markenprodukten.<\/p>\t\t\t\t\t\t\t\t<\/div>\n\t\t\t\t<\/div>\n\t\t\t\t<\/div>\n\t\t\r\n\t\t<div class=\"default no-position show_shadow rs-sticky-default elementor-element elementor-element-16c02c7 e-con-full e-flex e-con e-child\" data-id=\"16c02c7\" data-element_type=\"container\" data-e-type=\"container\">\n\t\t\r\n\t\t<div class=\"default no-position show_shadow rs-sticky-default elementor-element elementor-element-3a12b79 e-con-full e-flex e-con e-child\" data-id=\"3a12b79\" data-element_type=\"container\" data-e-type=\"container\" data-settings=\"{&quot;background_background&quot;:&quot;classic&quot;}\">\n\t\t\r\n\t\t\t\t<div class=\"elementor-element elementor-element-4608d3a elementor-widget elementor-widget-heading\" data-id=\"4608d3a\" data-element_type=\"widget\" data-e-type=\"widget\" data-widget_type=\"heading.default\">\n\t\t\t\t<div class=\"elementor-widget-container\">\n\t\t\t\t\t<h3 class=\"elementor-heading-title elementor-size-default\">Produktkataloge<\/h3>\t\t\t\t<\/div>\n\t\t\t\t<\/div>\n\t\t\r\n\t\t\t\t<div class=\"elementor-element elementor-element-acbe9ca elementor-widget elementor-widget-rsbrochures\" data-id=\"acbe9ca\" data-element_type=\"widget\" data-e-type=\"widget\" data-widget_type=\"rsbrochures.default\">\n\t\t\t\t<div class=\"elementor-widget-container\">\n\t\t\t\t\t \n\n        <div class=\"rs-brochures\">\n\n            <div class=\"brochures-content\">\n                                    <ul class=\"rs-features-list\">\n                                                    <li class=\"elementor-repeater-item-96325cb\">\n                                \n                                <a href=\"https:\/\/euromotion.lu\/wp-content\/uploads\/2025\/11\/Durbal-product-catalog.pdf\" >\n                                    <div class=\"brochures-left\">\n                                                                                    <div class=\"list-brochures-img\">\n                                                <img decoding=\"async\" src=\"https:\/\/industrie.rstheme.com\/manufacturing\/wp-content\/uploads\/2024\/02\/pdf.svg\" alt=\"image\">\n                                            <\/div>\n                                        \n                                        <div class=\"list-feature-content\">\n                                            <span class=\"rs-feature-text\">Durbal product catalog<\/span>\n                                        <\/div>\n\n                                    <\/div>\n\n                                    <div class=\"brochures-right\">\n                                                                                    <div class=\"list-brochures-img\">\n                                                <img decoding=\"async\" src=\"https:\/\/industrie.rstheme.com\/manufacturing\/wp-content\/uploads\/2024\/02\/down_pdf.svg\" alt=\"image\">\n                                            <\/div>\n                                                                            <\/div>\n                                <\/a>\n                            <\/li>\n                                            <\/ul>\n                            <\/div>  \n\n        <\/div>\n        \t\t\t\t<\/div>\n\t\t\t\t<\/div>\n\t\t\t\t<\/div>\n\t\t\r\n\t\t<div class=\"default no-position show_shadow rs-sticky-default elementor-element elementor-element-709488b e-con-full e-flex e-con e-child\" data-id=\"709488b\" data-element_type=\"container\" data-e-type=\"container\" data-settings=\"{&quot;background_background&quot;:&quot;classic&quot;}\">\n\t\t\r\n\t\t\t\t<div class=\"elementor-element elementor-element-8d61bd8 elementor-widget elementor-widget-rs-heading\" data-id=\"8d61bd8\" data-element_type=\"widget\" data-e-type=\"widget\" data-widget_type=\"rs-heading.default\">\n\t\t\t\t<div class=\"elementor-widget-container\">\n\t\t\t\t\t\n\t\t<div class=\"prelements-heading default  \">\n\t\t\t<div class=\"title-inner\">\n\t\t\t\t<h3 class=\"title rs-split-text-disable \">Haben Sie ein<br>Projekt im<br>Kopf?<\/h3>\n\t\t\t<\/div>\n\t\t\t\t\t<\/div>\n\t\t\t\t<\/div>\n\t\t\t\t<\/div>\n\t\t\r\n\t\t\t\t<div class=\"elementor-element elementor-element-414a469 elementor-widget elementor-widget-rs-button\" data-id=\"414a469\" data-element_type=\"widget\" data-e-type=\"widget\" data-widget_type=\"rs-button.default\">\n\t\t\t\t<div class=\"elementor-widget-container\">\n\t\t\t\t\t\t\t<div class=\"rs-button style1\">\r\n\t\t\t\t\t\t<a class=\"rs-btn\" href=\"https:\/\/euromotion.lu\/de\/kontakt\/\" >\t\r\n\t\t\t\t<span>Kontakt \r\n\t\t\t\t\t\t\t\t\t<em>\r\n\t\t\t\t\t\t<svg xmlns=\"http:\/\/www.w3.org\/2000\/svg\" width=\"18\" height=\"12\" viewBox=\"0 0 18 12\" fill=\"none\"><path fill-rule=\"evenodd\" clip-rule=\"evenodd\" d=\"M0 6C0 5.66249 0.273604 5.38889 0.611111 5.38889L15.0246 5.38889L11.179 1.54323C10.9403 1.30458 10.9403 0.917644 11.179 0.67899C11.4176 0.440336 11.8046 0.440336 12.0432 0.67899L16.9321 5.56788C17.1708 5.80653 17.1708 6.19347 16.9321 6.43212L12.0432 11.321C11.8046 11.5597 11.4176 11.5597 11.179 11.321C10.9403 11.0824 10.9403 10.6954 11.179 10.4568L15.0246 6.61111L0.611111 6.61111C0.273604 6.61111 0 6.33751 0 6Z\" fill=\"white\"><\/path><\/svg>\t\t\t\t\t\t<svg xmlns=\"http:\/\/www.w3.org\/2000\/svg\" width=\"18\" height=\"12\" viewBox=\"0 0 18 12\" fill=\"none\"><path fill-rule=\"evenodd\" clip-rule=\"evenodd\" d=\"M0 6C0 5.66249 0.273604 5.38889 0.611111 5.38889L15.0246 5.38889L11.179 1.54323C10.9403 1.30458 10.9403 0.917644 11.179 0.67899C11.4176 0.440336 11.8046 0.440336 12.0432 0.67899L16.9321 5.56788C17.1708 5.80653 17.1708 6.19347 16.9321 6.43212L12.0432 11.321C11.8046 11.5597 11.4176 11.5597 11.179 11.321C10.9403 11.0824 10.9403 10.6954 11.179 10.4568L15.0246 6.61111L0.611111 6.61111C0.273604 6.61111 0 6.33751 0 6Z\" fill=\"white\"><\/path><\/svg>\t\t\t\t\t<\/em>\t\r\n\t\t\t\t\t\t\t\t<\/span>\r\n\t\t\t<\/a>\r\n\t\t<\/div>\r\n\t\t\t\t<\/div>\n\t\t\t\t<\/div>\n\t\t\t\t<\/div>\n\t\t\t\t<\/div>\n\t\t\t\t\t<\/div>\n\t\t\t\t<\/div>\n\t\t\t\t<\/div>\n\t\t","protected":false},"excerpt":{"rendered":"<p>Durbal GmbH, ein deutsches Unternehmen mit Sitz in \u00d6hringen, ist spezialisiert auf die Herstellung hochwertiger Linear- und Rotationsbewegungskomponenten. Gegr\u00fcndet im Jahr 1959, ist Durbal bekannt f\u00fcr seine Innovation und Pr\u00e4zision in der Produktion von Gelenkk\u00f6pfen, Gelenklagern und Gleitlagern. Deren Produkte finden Anwendung in einer Vielzahl von Branchen, darunter Automobilindustrie, Luft- und Raumfahrt sowie industrielle Maschinen&#8230;.<\/p>\n","protected":false},"author":1,"featured_media":30426,"parent":34689,"menu_order":0,"comment_status":"closed","ping_status":"closed","template":"elementor_header_footer","meta":{"footnotes":""},"class_list":["post-35191","page","type-page","status-publish","has-post-thumbnail","hentry"],"yoast_head":"<!-- This site is optimized with the Yoast SEO plugin v27.5 - https:\/\/yoast.com\/product\/yoast-seo-wordpress\/ -->\n<title>DURBAL Gelenkk\u00f6pfe und Gelenklager | Hochleistungsl\u00f6sungen | Euromotion<\/title>\n<meta name=\"description\" content=\"Entdecken Sie die hochwertigen, hochbelastbaren Gelenkk\u00f6pfe und Gelenklager von DURBAL, die f\u00fcr anspruchsvolle industrielle Anwendungen entwickelt wurden. Lieferung durch Euromotion in ganz Europa.\" \/>\n<meta name=\"robots\" content=\"index, follow, max-snippet:-1, max-image-preview:large, max-video-preview:-1\" \/>\n<link rel=\"canonical\" href=\"https:\/\/euromotion.lu\/de\/marken\/durbal\/\" \/>\n<meta property=\"og:locale\" content=\"de_DE\" \/>\n<meta property=\"og:type\" content=\"article\" \/>\n<meta property=\"og:title\" content=\"DURBAL Gelenkk\u00f6pfe und Gelenklager | Hochleistungsl\u00f6sungen | Euromotion\" \/>\n<meta property=\"og:description\" content=\"Entdecken Sie die hochwertigen, hochbelastbaren Gelenkk\u00f6pfe und Gelenklager von DURBAL, die f\u00fcr anspruchsvolle industrielle Anwendungen entwickelt wurden. Lieferung durch Euromotion in ganz Europa.\" \/>\n<meta property=\"og:url\" content=\"https:\/\/euromotion.lu\/de\/marken\/durbal\/\" \/>\n<meta property=\"og:site_name\" content=\"EUROMOTION\" \/>\n<meta property=\"article:modified_time\" content=\"2026-05-01T20:42:08+00:00\" \/>\n<meta property=\"og:image\" content=\"https:\/\/euromotion.lu\/wp-content\/uploads\/2025\/11\/durbal_logo_final_cmyk-e1763476252709.jpg\" \/>\n\t<meta property=\"og:image:width\" content=\"382\" \/>\n\t<meta property=\"og:image:height\" content=\"145\" \/>\n\t<meta property=\"og:image:type\" content=\"image\/jpeg\" \/>\n<meta name=\"twitter:card\" content=\"summary_large_image\" \/>\n<meta name=\"twitter:label1\" content=\"Gesch\u00e4tzte Lesezeit\" \/>\n\t<meta name=\"twitter:data1\" content=\"2\u00a0Minuten\" \/>\n<script type=\"application\/ld+json\" class=\"yoast-schema-graph\">{\"@context\":\"https:\\\/\\\/schema.org\",\"@graph\":[{\"@type\":\"WebPage\",\"@id\":\"https:\\\/\\\/euromotion.lu\\\/de\\\/marken\\\/durbal\\\/\",\"url\":\"https:\\\/\\\/euromotion.lu\\\/de\\\/marken\\\/durbal\\\/\",\"name\":\"DURBAL Gelenkk\u00f6pfe und Gelenklager | Hochleistungsl\u00f6sungen | Euromotion\",\"isPartOf\":{\"@id\":\"https:\\\/\\\/euromotion.lu\\\/de\\\/#website\"},\"primaryImageOfPage\":{\"@id\":\"https:\\\/\\\/euromotion.lu\\\/de\\\/marken\\\/durbal\\\/#primaryimage\"},\"image\":{\"@id\":\"https:\\\/\\\/euromotion.lu\\\/de\\\/marken\\\/durbal\\\/#primaryimage\"},\"thumbnailUrl\":\"https:\\\/\\\/euromotion.lu\\\/wp-content\\\/uploads\\\/2025\\\/11\\\/durbal_logo_final_cmyk-e1763476252709.jpg\",\"datePublished\":\"2025-11-18T14:30:02+00:00\",\"dateModified\":\"2026-05-01T20:42:08+00:00\",\"description\":\"Entdecken Sie die hochwertigen, hochbelastbaren Gelenkk\u00f6pfe und Gelenklager von DURBAL, die f\u00fcr anspruchsvolle industrielle Anwendungen entwickelt wurden. Lieferung durch Euromotion in ganz Europa.\",\"breadcrumb\":{\"@id\":\"https:\\\/\\\/euromotion.lu\\\/de\\\/marken\\\/durbal\\\/#breadcrumb\"},\"inLanguage\":\"de\",\"potentialAction\":[{\"@type\":\"ReadAction\",\"target\":[\"https:\\\/\\\/euromotion.lu\\\/de\\\/marken\\\/durbal\\\/\"]}]},{\"@type\":\"ImageObject\",\"inLanguage\":\"de\",\"@id\":\"https:\\\/\\\/euromotion.lu\\\/de\\\/marken\\\/durbal\\\/#primaryimage\",\"url\":\"https:\\\/\\\/euromotion.lu\\\/wp-content\\\/uploads\\\/2025\\\/11\\\/durbal_logo_final_cmyk-e1763476252709.jpg\",\"contentUrl\":\"https:\\\/\\\/euromotion.lu\\\/wp-content\\\/uploads\\\/2025\\\/11\\\/durbal_logo_final_cmyk-e1763476252709.jpg\",\"width\":382,\"height\":145},{\"@type\":\"BreadcrumbList\",\"@id\":\"https:\\\/\\\/euromotion.lu\\\/de\\\/marken\\\/durbal\\\/#breadcrumb\",\"itemListElement\":[{\"@type\":\"ListItem\",\"position\":1,\"name\":\"Home\",\"item\":\"https:\\\/\\\/euromotion.lu\\\/de\\\/startseite\\\/\"},{\"@type\":\"ListItem\",\"position\":2,\"name\":\"Marken\",\"item\":\"https:\\\/\\\/euromotion.lu\\\/de\\\/marken\\\/\"},{\"@type\":\"ListItem\",\"position\":3,\"name\":\"Durbal\"}]},{\"@type\":\"WebSite\",\"@id\":\"https:\\\/\\\/euromotion.lu\\\/de\\\/#website\",\"url\":\"https:\\\/\\\/euromotion.lu\\\/de\\\/\",\"name\":\"Euromotion SARL\",\"description\":\"Industrial Motion &amp; Power Transmission Solutions\",\"publisher\":{\"@id\":\"https:\\\/\\\/euromotion.lu\\\/de\\\/#organization\"},\"potentialAction\":[{\"@type\":\"SearchAction\",\"target\":{\"@type\":\"EntryPoint\",\"urlTemplate\":\"https:\\\/\\\/euromotion.lu\\\/de\\\/?s={search_term_string}\"},\"query-input\":{\"@type\":\"PropertyValueSpecification\",\"valueRequired\":true,\"valueName\":\"search_term_string\"}}],\"inLanguage\":\"de\"},{\"@type\":\"Organization\",\"@id\":\"https:\\\/\\\/euromotion.lu\\\/de\\\/#organization\",\"name\":\"Euromotion SARL\",\"url\":\"https:\\\/\\\/euromotion.lu\\\/de\\\/\",\"logo\":{\"@type\":\"ImageObject\",\"inLanguage\":\"de\",\"@id\":\"https:\\\/\\\/euromotion.lu\\\/de\\\/#\\\/schema\\\/logo\\\/image\\\/\",\"url\":\"https:\\\/\\\/euromotion.lu\\\/wp-content\\\/uploads\\\/2025\\\/02\\\/Euromotion-Logo.png\",\"contentUrl\":\"https:\\\/\\\/euromotion.lu\\\/wp-content\\\/uploads\\\/2025\\\/02\\\/Euromotion-Logo.png\",\"width\":1859,\"height\":365,\"caption\":\"Euromotion SARL\"},\"image\":{\"@id\":\"https:\\\/\\\/euromotion.lu\\\/de\\\/#\\\/schema\\\/logo\\\/image\\\/\"}}]}<\/script>\n<!-- \/ Yoast SEO plugin. -->","yoast_head_json":{"title":"DURBAL Gelenkk\u00f6pfe und Gelenklager | Hochleistungsl\u00f6sungen | Euromotion","description":"Entdecken Sie die hochwertigen, hochbelastbaren Gelenkk\u00f6pfe und Gelenklager von DURBAL, die f\u00fcr anspruchsvolle industrielle Anwendungen entwickelt wurden. Lieferung durch Euromotion in ganz Europa.","robots":{"index":"index","follow":"follow","max-snippet":"max-snippet:-1","max-image-preview":"max-image-preview:large","max-video-preview":"max-video-preview:-1"},"canonical":"https:\/\/euromotion.lu\/de\/marken\/durbal\/","og_locale":"de_DE","og_type":"article","og_title":"DURBAL Gelenkk\u00f6pfe und Gelenklager | Hochleistungsl\u00f6sungen | Euromotion","og_description":"Entdecken Sie die hochwertigen, hochbelastbaren Gelenkk\u00f6pfe und Gelenklager von DURBAL, die f\u00fcr anspruchsvolle industrielle Anwendungen entwickelt wurden. Lieferung durch Euromotion in ganz Europa.","og_url":"https:\/\/euromotion.lu\/de\/marken\/durbal\/","og_site_name":"EUROMOTION","article_modified_time":"2026-05-01T20:42:08+00:00","og_image":[{"width":382,"height":145,"url":"https:\/\/euromotion.lu\/wp-content\/uploads\/2025\/11\/durbal_logo_final_cmyk-e1763476252709.jpg","type":"image\/jpeg"}],"twitter_card":"summary_large_image","twitter_misc":{"Gesch\u00e4tzte Lesezeit":"2\u00a0Minuten"},"schema":{"@context":"https:\/\/schema.org","@graph":[{"@type":"WebPage","@id":"https:\/\/euromotion.lu\/de\/marken\/durbal\/","url":"https:\/\/euromotion.lu\/de\/marken\/durbal\/","name":"DURBAL Gelenkk\u00f6pfe und Gelenklager | Hochleistungsl\u00f6sungen | Euromotion","isPartOf":{"@id":"https:\/\/euromotion.lu\/de\/#website"},"primaryImageOfPage":{"@id":"https:\/\/euromotion.lu\/de\/marken\/durbal\/#primaryimage"},"image":{"@id":"https:\/\/euromotion.lu\/de\/marken\/durbal\/#primaryimage"},"thumbnailUrl":"https:\/\/euromotion.lu\/wp-content\/uploads\/2025\/11\/durbal_logo_final_cmyk-e1763476252709.jpg","datePublished":"2025-11-18T14:30:02+00:00","dateModified":"2026-05-01T20:42:08+00:00","description":"Entdecken Sie die hochwertigen, hochbelastbaren Gelenkk\u00f6pfe und Gelenklager von DURBAL, die f\u00fcr anspruchsvolle industrielle Anwendungen entwickelt wurden. Lieferung durch Euromotion in ganz Europa.","breadcrumb":{"@id":"https:\/\/euromotion.lu\/de\/marken\/durbal\/#breadcrumb"},"inLanguage":"de","potentialAction":[{"@type":"ReadAction","target":["https:\/\/euromotion.lu\/de\/marken\/durbal\/"]}]},{"@type":"ImageObject","inLanguage":"de","@id":"https:\/\/euromotion.lu\/de\/marken\/durbal\/#primaryimage","url":"https:\/\/euromotion.lu\/wp-content\/uploads\/2025\/11\/durbal_logo_final_cmyk-e1763476252709.jpg","contentUrl":"https:\/\/euromotion.lu\/wp-content\/uploads\/2025\/11\/durbal_logo_final_cmyk-e1763476252709.jpg","width":382,"height":145},{"@type":"BreadcrumbList","@id":"https:\/\/euromotion.lu\/de\/marken\/durbal\/#breadcrumb","itemListElement":[{"@type":"ListItem","position":1,"name":"Home","item":"https:\/\/euromotion.lu\/de\/startseite\/"},{"@type":"ListItem","position":2,"name":"Marken","item":"https:\/\/euromotion.lu\/de\/marken\/"},{"@type":"ListItem","position":3,"name":"Durbal"}]},{"@type":"WebSite","@id":"https:\/\/euromotion.lu\/de\/#website","url":"https:\/\/euromotion.lu\/de\/","name":"Euromotion SARL","description":"Industrial Motion &amp; Power Transmission Solutions","publisher":{"@id":"https:\/\/euromotion.lu\/de\/#organization"},"potentialAction":[{"@type":"SearchAction","target":{"@type":"EntryPoint","urlTemplate":"https:\/\/euromotion.lu\/de\/?s={search_term_string}"},"query-input":{"@type":"PropertyValueSpecification","valueRequired":true,"valueName":"search_term_string"}}],"inLanguage":"de"},{"@type":"Organization","@id":"https:\/\/euromotion.lu\/de\/#organization","name":"Euromotion SARL","url":"https:\/\/euromotion.lu\/de\/","logo":{"@type":"ImageObject","inLanguage":"de","@id":"https:\/\/euromotion.lu\/de\/#\/schema\/logo\/image\/","url":"https:\/\/euromotion.lu\/wp-content\/uploads\/2025\/02\/Euromotion-Logo.png","contentUrl":"https:\/\/euromotion.lu\/wp-content\/uploads\/2025\/02\/Euromotion-Logo.png","width":1859,"height":365,"caption":"Euromotion SARL"},"image":{"@id":"https:\/\/euromotion.lu\/de\/#\/schema\/logo\/image\/"}}]}},"_links":{"self":[{"href":"https:\/\/euromotion.lu\/de\/wp-json\/wp\/v2\/pages\/35191","targetHints":{"allow":["GET"]}}],"collection":[{"href":"https:\/\/euromotion.lu\/de\/wp-json\/wp\/v2\/pages"}],"about":[{"href":"https:\/\/euromotion.lu\/de\/wp-json\/wp\/v2\/types\/page"}],"author":[{"embeddable":true,"href":"https:\/\/euromotion.lu\/de\/wp-json\/wp\/v2\/users\/1"}],"replies":[{"embeddable":true,"href":"https:\/\/euromotion.lu\/de\/wp-json\/wp\/v2\/comments?post=35191"}],"version-history":[{"count":1,"href":"https:\/\/euromotion.lu\/de\/wp-json\/wp\/v2\/pages\/35191\/revisions"}],"predecessor-version":[{"id":35192,"href":"https:\/\/euromotion.lu\/de\/wp-json\/wp\/v2\/pages\/35191\/revisions\/35192"}],"up":[{"embeddable":true,"href":"https:\/\/euromotion.lu\/de\/wp-json\/wp\/v2\/pages\/34689"}],"wp:featuredmedia":[{"embeddable":true,"href":"https:\/\/euromotion.lu\/de\/wp-json\/wp\/v2\/media\/30426"}],"wp:attachment":[{"href":"https:\/\/euromotion.lu\/de\/wp-json\/wp\/v2\/media?parent=35191"}],"curies":[{"name":"wp","href":"https:\/\/api.w.org\/{rel}","templated":true}]}}